{"id":1019,"date":"2013-06-27T23:44:10","date_gmt":"2013-06-27T21:44:10","guid":{"rendered":"http:\/\/sebka.pl\/?page_id=1019"},"modified":"2013-06-27T23:51:45","modified_gmt":"2013-06-27T21:51:45","slug":"larache","status":"publish","type":"page","link":"https:\/\/nieczekaj.blog\/index.php\/nasze-przewodniki\/afryka\/maroko\/larache\/","title":{"rendered":"Larache"},"content":{"rendered":"<h3>Larache &#8211; najwi\u0119ksza spo\u015br\u00f3d naszych pla\u017c\u00f3wkowych miejsc\u00f3wek. Pojechali\u015bmy tam z my\u015bl\u0105 o wygrzewaniu si\u0119 na pla\u017cy a trafili\u015bmy do g\u0142o\u015bnego, ruchliwego miasta portowego.<\/h3>\n<h3>Nasz wpis na bie\u017c\u0105co z podr\u00f3\u017cy: <a title=\"Larache - blog\" href=\"http:\/\/sebka.travellerspoint.com\/90\/\">BLOG<\/a>.<\/h3>\n<address>ngg_shortcode_0_placeholder<\/address>\n<h2 style=\"text-align: center;\">Og\u00f3lnie<\/h2>\n<p><strong>Larache nie cieszy si\u0119 wielk\u0105 popularno\u015bci\u0105 w\u015br\u00f3d turyst\u00f3w zagranicznych (plus po Fezie!). Za to w okresie wakacyjnym prze\u017cywa prawdziwe obl\u0119\u017cenie turyst\u00f3w maroka\u0144skich!<\/strong> Nie ma si\u0119 czemu dziwi\u0107, bowiem miasto jest bardzo urokliwe. Pla\u017ca do k\u0105pieli jest niestety oddalona od centrum i to znacznie.\u00a0 Jednak mo\u017cna tu spokojnie sp\u0119dzi\u0107 kilka dni spaceruj\u0105c, podziwiaj\u0105c star\u00f3wk\u0119 i ch\u0142on\u0105c atmosfer\u0119 &#8220;Sopotu&#8221;. Nas po kilku dniach zacz\u0119\u0142y dra\u017cni\u0107 \u015bmieci walaj\u0105ce si\u0119 tu\u017c obok pi\u0119knego deptaku, spontaniczna zabudowa typu &#8220;metal\/szk\u0142o&#8221; s\u0105siaduj\u0105ca z pere\u0142kami architektury dawnej i ha\u0142as nocny ale mimo to uwa\u017cam, \u017ce miasto jest jak najbardziej do polecenia:)<\/p>\n<h2 style=\"text-align: center;\">Transport do i po mie\u015bcie<\/h2>\n<p><strong>Larache le\u017cy na trasie Tanger &#8211; Rabat<\/strong>, cho\u0107 autostrada omija je o kilkana\u015bcie kilometr\u00f3w. Autobusy odje\u017cd\u017caj\u0105 z tutejszego dworca autobusowego (gromadz\u0105cego jak zawsze wielu przewo\u017anik\u00f3w). Kolej niestety tu nie dociera. Post\u00f3j taks\u00f3wek znajduje si\u0119 przed wej\u015bciem na dworzec.<\/p>\n<p><strong>Miasto jest na tyle niedu\u017ce, \u017ce spokojnie mo\u017cna je zwiedzi\u0107 na piechot\u0119.<\/strong> Do atrakcji, tzn. ruin i pla\u017cy, doje\u017cd\u017caj\u0105 autobusy miejskie (bilet ok. 1,2z\u0142).<\/p>\n<p><strong>My przyjechali\u015bmy tu autobusem z Fezu<\/strong> (<em>24z\u0142 \/ 1 os.<\/em>) a wyjechali\u015bmy taks\u00f3wkami colective do Moulay Bousselham (<em>18z\u0142\u00a0 \/1 os.<\/em>).<\/p>\n<h2 style=\"text-align: center;\">Gdzie spa\u0107 i zje\u015b\u0107?<\/h2>\n<p><strong>Jest to miasto bardzo nastawione na turyst\u00f3w wi\u0119c opcji noclegowych jest du\u017co i s\u0105 one bardzo zr\u00f3\u017cnicowane:\u00a0<\/strong>od hoteli bardzo bardzo eleganckich po hoteliki bardzo bardzo liche. My zdecydowali\u015bmy si\u0119 na hotelik raczej lichy ale czysty (<em>dw\u00f3jka bez \u0142azienki 24z\u0142<\/em>) przy jednej z ulic odchodz\u0105cych od Placu Wolno\u015bci. W tych okolicach mo\u017cna znale\u017a\u0107 najwi\u0119cej miejsc noclegowych.<\/p>\n<p><strong>Uwaga na wyb\u00f3r pokoju! Je\u015bli okna wychodz\u0105 na ulic\u0119 to w sezonie mo\u017ce by\u0107 BARDZO g\u0142o\u015bno!<\/strong><\/p>\n<p><strong>Restauracji, kawiarni, bar\u00f3w i stragan\u00f3w z jedzeniem jest tu bez liku! <\/strong>My byli\u015bmy tu w czasie Ramadanu wi\u0119c mniej wi\u0119cej od po\u0142udnia na ulicach by\u0142o rozstawionych mn\u00f3stwo stoisk z wypiekami s\u0142odkimi i s\u0142onymi (mniam!). Po zmroku oczywi\u015bcie wszystkie restauracje podawa\u0142y harir\u0119 w wersji full tzn. z jajkiem, bu\u0142k\u0105, ciastkami i daktylami (Uwaga! Dopytajcie zawsze czy dodatki s\u0105 gratis czy nie podnosz\u0105 ceny dwukrotnie!).<\/p>\n<p>Warto jest si\u0119 wybra\u0107 do portu i spr\u00f3bowa\u0107 owoc\u00f3w morza w jednej z restauracji!<\/p>\n<address><a href=\"http:\/\/sebka.pl\/wp-content\/uploads\/2013\/06\/Larache.jpg\"><img loading=\"lazy\" decoding=\"async\" class=\"size-full wp-image-1022 aligncenter\" style=\"border: 1px solid black; margin-top: 1px; margin-bottom: 1px;\" title=\"Larache\" src=\"http:\/\/sebka.pl\/wp-content\/uploads\/2013\/06\/Larache.jpg\" alt=\"\" width=\"400\" height=\"266\" srcset=\"https:\/\/nieczekaj.blog\/wp-content\/uploads\/2013\/06\/Larache.jpg 400w, https:\/\/nieczekaj.blog\/wp-content\/uploads\/2013\/06\/Larache-300x199.jpg 300w\" sizes=\"auto, (max-width: 400px) 100vw, 400px\" \/><\/a><\/address>\n<address style=\"text-align: center;\">Stoisko z wypiekami<\/address>\n<h2 style=\"text-align: center;\">Atrakcje<\/h2>\n<p><strong>G\u0142\u00f3wn\u0105 atrakcj\u0105 jest samo miasto!<\/strong> &#8211; wiele razy ju\u017c to pisa\u0142am ale tak w\u0142a\u015bnie jest! Centralna cz\u0119\u015b\u0107 miasta, Plac Wolno\u015bci i ulice od niego odchodz\u0105ce, ruiny zamku, targ &#8211; mo\u017cna spacerowa\u0107 i spacerowa\u0107!<\/p>\n<p>Kilka kilometr\u00f3w pod miastem znajduj\u0105 si\u0119 <strong>ruiny (raczej zapuszczone) Lixus<\/strong>.<br \/>\nKilkana\u015bcie kilometr\u00f3w od miasta jest <strong>podobno pi\u0119kna pla\u017ca<\/strong> &#8211; nie wybrali\u015bmy si\u0119 tam. Do obydwu atrakcji podmiejskich mo\u017cna dosta\u0107 si\u0119 autobusem miejskim!<\/p>\n<p style=\"text-align: center;\">\u00a0<a href=\"http:\/\/sebka.pl\/wp-content\/uploads\/2013\/06\/Ruiny-Lixus.jpg\"><img loading=\"lazy\" decoding=\"async\" class=\"size-full wp-image-1023 aligncenter\" style=\"border: 1px solid black; margin-top: 1px; margin-bottom: 1px;\" title=\"Ruiny Lixus\" src=\"http:\/\/sebka.pl\/wp-content\/uploads\/2013\/06\/Ruiny-Lixus.jpg\" alt=\"\" width=\"400\" height=\"266\" srcset=\"https:\/\/nieczekaj.blog\/wp-content\/uploads\/2013\/06\/Ruiny-Lixus.jpg 400w, https:\/\/nieczekaj.blog\/wp-content\/uploads\/2013\/06\/Ruiny-Lixus-300x199.jpg 300w\" sizes=\"auto, (max-width: 400px) 100vw, 400px\" \/><\/a><em>Ruiny Lixus<\/em><\/p>\n<h3>Nasz przewodnik po kraju: <a title=\"Przewodnik po Maroku\" href=\"https:\/\/nieczekaj.blog\/index.php\/nasze-przewodniki\/maroko\/\">MAROKO<\/a>.<\/h3>\n<h3>Larache na mapie:<\/h3>\n<p><iframe loading=\"lazy\" src=\"https:\/\/maps.google.pl\/maps\/ms?msa=0&amp;msid=202631043285604182245.0004de9191b20697427bf&amp;ie=UTF8&amp;t=p&amp;ll=35.1884,-6.131744&amp;spn=0.448935,0.911865&amp;z=10&amp;output=embed\" frameborder=\"0\" marginwidth=\"0\" marginheight=\"0\" scrolling=\"no\" width=\"665\" height=\"400\"><\/iframe><br \/>\n<small>Poka\u017c <a style=\"color: #0000ff; text-align: left;\" href=\"https:\/\/maps.google.pl\/maps\/ms?msa=0&amp;msid=202631043285604182245.0004de9191b20697427bf&amp;ie=UTF8&amp;t=p&amp;ll=35.1884,-6.131744&amp;spn=0.448935,0.911865&amp;z=10&amp;source=embed\">Maroko &#8211; 2012<\/a> na wi\u0119kszej mapie<\/small><\/p>\n<h3><\/h3>\n<h3>Uwagi i pytania kierujcie na maila: NieCzekaj.eu(malpa)gmail.com lub komentujcie stron\u0119.<\/h3>\n<h3>Pozdrawiam,<br \/>\nKasia<\/h3>\n","protected":false},"excerpt":{"rendered":"<p>Larache &#8211; najwi\u0119ksza spo\u015br\u00f3d naszych pla\u017c\u00f3wkowych miejsc\u00f3wek. Pojechali\u015bmy tam z my\u015bl\u0105 o wygrzewaniu si\u0119 na pla\u017cy a trafili\u015bmy do g\u0142o\u015bnego, ruchliwego miasta portowego. Nasz wpis na bie\u017c\u0105co z podr\u00f3\u017cy: BLOG. [&hellip;]<\/p>\n","protected":false},"author":1,"featured_media":0,"parent":530,"menu_order":0,"comment_status":"open","ping_status":"open","template":"","meta":{"om_disable_all_campaigns":false,"_monsterinsights_skip_tracking":false,"_monsterinsights_sitenote_active":false,"_monsterinsights_sitenote_note":"","_monsterinsights_sitenote_category":0,"_s2mail":"yes","ngg_post_thumbnail":0,"footnotes":""},"class_list":["post-1019","page","type-page","status-publish","hentry"],"_links":{"self":[{"href":"https:\/\/nieczekaj.blog\/index.php\/wp-json\/wp\/v2\/pages\/1019","targetHints":{"allow":["GET"]}}],"collection":[{"href":"https:\/\/nieczekaj.blog\/index.php\/wp-json\/wp\/v2\/pages"}],"about":[{"href":"https:\/\/nieczekaj.blog\/index.php\/wp-json\/wp\/v2\/types\/page"}],"author":[{"embeddable":true,"href":"https:\/\/nieczekaj.blog\/index.php\/wp-json\/wp\/v2\/users\/1"}],"replies":[{"embeddable":true,"href":"https:\/\/nieczekaj.blog\/index.php\/wp-json\/wp\/v2\/comments?post=1019"}],"version-history":[{"count":4,"href":"https:\/\/nieczekaj.blog\/index.php\/wp-json\/wp\/v2\/pages\/1019\/revisions"}],"predecessor-version":[{"id":1029,"href":"https:\/\/nieczekaj.blog\/index.php\/wp-json\/wp\/v2\/pages\/1019\/revisions\/1029"}],"up":[{"embeddable":true,"href":"https:\/\/nieczekaj.blog\/index.php\/wp-json\/wp\/v2\/pages\/530"}],"wp:attachment":[{"href":"https:\/\/nieczekaj.blog\/index.php\/wp-json\/wp\/v2\/media?parent=1019"}],"curies":[{"name":"wp","href":"https:\/\/api.w.org\/{rel}","templated":true}]}}