{"id":1030,"date":"2013-06-28T13:27:26","date_gmt":"2013-06-28T11:27:26","guid":{"rendered":"http:\/\/sebka.pl\/?page_id=1030"},"modified":"2013-06-28T13:28:43","modified_gmt":"2013-06-28T11:28:43","slug":"moulay-bousselham","status":"publish","type":"page","link":"https:\/\/nieczekaj.blog\/index.php\/nasze-przewodniki\/afryka\/maroko\/moulay-bousselham\/","title":{"rendered":"Moulay Bousselham"},"content":{"rendered":"<h3>Moulay Bousselham &#8211; nasz ostatni przystanek w Maroku. Cisza, spok\u00f3j i pi\u0119kna pla\u017ca!<\/h3>\n<h3>Nasz wpis na bie\u017c\u0105co z podr\u00f3\u017cy: <a title=\"Moulay Bousselham - blog\" href=\"http:\/\/sebka.travellerspoint.com\/91\/\">BLOG<\/a>.<\/h3>\n<address>ngg_shortcode_0_placeholder<\/address>\n<h2 style=\"text-align: center;\">Og\u00f3lnie<\/h2>\n<p><strong>Moulay Bousselham jest niewielk\u0105 miejscowo\u015bci\u0105, w\u0142a\u015bciwie wiosk\u0105 ryback\u0105. <\/strong>Podobno zim\u0105 przyje\u017cd\u017ca tu mn\u00f3stwo turyst\u00f3w z Europy, latem nie by\u0142o ich a\u017c tak wielu \ud83d\ude42 Tym, co przyci\u0105ga przyjezdnych, jest spok\u00f3j, cisza zak\u0142\u00f3cana g\u0142\u00f3wnie przez szum fal (i od czasu do czasu wieczorn\u0105 muzyk\u0119 z dyskoteki). Wielu turyst\u00f3w wynajmuje tu domy i sp\u0119dza ca\u0142e wakacje.<\/p>\n<h2 style=\"text-align: center;\">Transport do i po mie\u015bcie<\/h2>\n<p><strong>G\u0142\u00f3wnym \u015brodkiem transportu do i z miasteczka s\u0105 taks\u00f3wki colective.<\/strong> Zatrzymuj\u0105 si\u0119 one w centrum i tam te\u017c, na niewielkim parkingu oczekuje si\u0119 na ich odjazd.<\/p>\n<p>My przyjechali\u015bmy tu taks\u00f3wkami z Larache (z przesiadk\u0105 &#8211; \u0142\u0105cznie <em>18z\u0142 \/ 1os.<\/em>) a wyjechali\u015bmy te\u017c taks\u00f3wk\u0105 do Kenitry (<em>16-20z\u0142 \/ 1os.<\/em>).<\/p>\n<h2 style=\"text-align: center;\">Gdzie spa\u0107 i zje\u015b\u0107?<\/h2>\n<p><strong>Moulay jest nastawione raczej na turyst\u00f3w d\u0142ugoterminowych, dlatego \u0142atwiej jest znale\u017a\u0107 mieszkanie\/dom na miesi\u0105c ni\u017c na tydzie\u0144.<\/strong> Jest tu kilka hoteli o standardzie wy\u017cszym &#8211; znajduj\u0105 si\u0119 one w szeroko poj\u0119tym centrum, tzn. przy g\u0142\u00f3wnej drodze wjazdowej do miasteczka. Kilka kilometr\u00f3w od centrum znajduje si\u0119 te\u017c kemping, na kt\u00f3rym my spali\u015bmy. Kemping jest fajny, ma du\u017co przestrzeni, czyste \u0142azienki (ciep\u0142y prysznic dodatkowo p\u0142atny) i sympatyczn\u0105 obs\u0142ug\u0119.\u00a0 Nocleg dla dw\u00f3ch os\u00f3b kosztowa\u0142 nas 24z\u0142.<\/p>\n<p><strong>Stoiska jedzeniowe otwiera\u0142y si\u0119 tu po zmroku<\/strong> (prawdopodobnie ze wzgl\u0119du na Ramadan). Mo\u017cna tu kupi\u0107 typow\u0105 maroka\u0144sk\u0105 kanapk\u0119 ze wszystkim, roti na s\u0142ono itp. <strong>Nam bardzo smakowa\u0142y dania postne (w szczeg\u00f3lno\u015bci harira &#8211; najlepsze harira wyjazdu!) w barach w centrum targu<\/strong> &#8211; nietrudno tam dotrze\u0107, mn\u00f3stwo ludzi tam je. Bardzo polecamy!<br \/>\n<strong>Oczywi\u015bcie selfcatering jest te\u017c \u015bwietnym rozwi\u0105zaniem<\/strong> &#8211; w dzie\u0144 mo\u017cna kupi\u0107 na targu warzywa, owoce i pieczywo; w sklepach puszki. Nie ma tu supermarketu ale jest kilka nie\u017ale zaopatrzonych sklep\u00f3w ze wszystkim (przy g\u0142\u00f3wnej ulicy).<\/p>\n<p>&nbsp;<\/p>\n<h2 style=\"text-align: center;\">Atrakcje<\/h2>\n<p><strong>Cisza, spok\u00f3j, ocean, s\u0142o\u0144ce &#8211; to g\u0142\u00f3wne atrakcje! <\/strong>Na pla\u017cy zdecydowanie wi\u0119cej jest w\u0119dkuj\u0105cych i opalaj\u0105cych si\u0119 ni\u017c k\u0105pi\u0105cych. Przy wej\u015bciu na pla\u017c\u0119 mo\u017cna wypo\u017cyczy\u0107 parasol &#8211; przy letnim s\u0142o\u0144cu bardzo si\u0119 przydaje!<\/p>\n<p><strong>Niedaleko miasteczka znajduje si\u0119 laguna, w kt\u00f3rej mo\u017cna podziwia\u0107 ptaki.<\/strong> Aby tam si\u0119 dosta\u0107 trzeba wynaj\u0105\u0107 \u0142\u00f3dk\u0119 (ma\u0142a przysta\u0144 znajduje si\u0119 zaraz obok kempingu) &#8211; nie korzystali\u015bmy z tego wi\u0119c nie mamy orientacji w cenach.<\/p>\n<p style=\"text-align: center;\"><a href=\"http:\/\/sebka.pl\/wp-content\/uploads\/2013\/06\/MOulay.jpg\"><img loading=\"lazy\" decoding=\"async\" class=\"size-full wp-image-1031 aligncenter\" style=\"border: 1px solid black; margin-top: 1px; margin-bottom: 1px;\" title=\"MOulay\" src=\"http:\/\/sebka.pl\/wp-content\/uploads\/2013\/06\/MOulay.jpg\" alt=\"\" width=\"400\" height=\"266\" srcset=\"https:\/\/nieczekaj.blog\/wp-content\/uploads\/2013\/06\/MOulay.jpg 400w, https:\/\/nieczekaj.blog\/wp-content\/uploads\/2013\/06\/MOulay-300x199.jpg 300w\" sizes=\"auto, (max-width: 400px) 100vw, 400px\" \/><\/a><em>Widok na miasteczko<\/em><\/p>\n<h3>Nasz przewodnik po kraju: <a title=\"Przewodnik po Maroku\" href=\"https:\/\/nieczekaj.blog\/index.php\/nasze-przewodniki\/maroko\/\">MAROKO<\/a>.<\/h3>\n<h3>Moulay Bousselham na mapie:<\/h3>\n<p><iframe loading=\"lazy\" src=\"https:\/\/maps.google.pl\/maps\/ms?msa=0&amp;msid=202631043285604182245.0004de9191b20697427bf&amp;ie=UTF8&amp;t=p&amp;ll=34.868468,-6.292419&amp;spn=0.225348,0.455933&amp;z=11&amp;output=embed\" frameborder=\"0\" marginwidth=\"0\" marginheight=\"0\" scrolling=\"no\" width=\"665\" height=\"400\"><\/iframe><br \/>\n<small>Poka\u017c <a style=\"color: #0000ff; text-align: left;\" href=\"https:\/\/maps.google.pl\/maps\/ms?msa=0&amp;msid=202631043285604182245.0004de9191b20697427bf&amp;ie=UTF8&amp;t=p&amp;ll=34.868468,-6.292419&amp;spn=0.225348,0.455933&amp;z=11&amp;source=embed\">Maroko &#8211; 2012<\/a> na wi\u0119kszej mapie<\/small><\/p>\n<h3><\/h3>\n<h3>Uwagi i pytania kierujcie na maila: NieCzekaj.eu(malpa)gmail.com lub komentujcie stron\u0119.<\/h3>\n<h3>Pozdrawiam,<br \/>\nKasia<\/h3>\n","protected":false},"excerpt":{"rendered":"<p>Moulay Bousselham &#8211; nasz ostatni przystanek w Maroku. Cisza, spok\u00f3j i pi\u0119kna pla\u017ca! Nasz wpis na bie\u017c\u0105co z podr\u00f3\u017cy: BLOG. Og\u00f3lnie Moulay Bousselham jest niewielk\u0105 miejscowo\u015bci\u0105, w\u0142a\u015bciwie wiosk\u0105 ryback\u0105. Podobno [&hellip;]<\/p>\n","protected":false},"author":1,"featured_media":0,"parent":530,"menu_order":0,"comment_status":"open","ping_status":"open","template":"","meta":{"om_disable_all_campaigns":false,"_monsterinsights_skip_tracking":false,"_monsterinsights_sitenote_active":false,"_monsterinsights_sitenote_note":"","_monsterinsights_sitenote_category":0,"_s2mail":"yes","ngg_post_thumbnail":0,"footnotes":""},"class_list":["post-1030","page","type-page","status-publish","hentry"],"_links":{"self":[{"href":"https:\/\/nieczekaj.blog\/index.php\/wp-json\/wp\/v2\/pages\/1030","targetHints":{"allow":["GET"]}}],"collection":[{"href":"https:\/\/nieczekaj.blog\/index.php\/wp-json\/wp\/v2\/pages"}],"about":[{"href":"https:\/\/nieczekaj.blog\/index.php\/wp-json\/wp\/v2\/types\/page"}],"author":[{"embeddable":true,"href":"https:\/\/nieczekaj.blog\/index.php\/wp-json\/wp\/v2\/users\/1"}],"replies":[{"embeddable":true,"href":"https:\/\/nieczekaj.blog\/index.php\/wp-json\/wp\/v2\/comments?post=1030"}],"version-history":[{"count":3,"href":"https:\/\/nieczekaj.blog\/index.php\/wp-json\/wp\/v2\/pages\/1030\/revisions"}],"predecessor-version":[{"id":1033,"href":"https:\/\/nieczekaj.blog\/index.php\/wp-json\/wp\/v2\/pages\/1030\/revisions\/1033"}],"up":[{"embeddable":true,"href":"https:\/\/nieczekaj.blog\/index.php\/wp-json\/wp\/v2\/pages\/530"}],"wp:attachment":[{"href":"https:\/\/nieczekaj.blog\/index.php\/wp-json\/wp\/v2\/media?parent=1030"}],"curies":[{"name":"wp","href":"https:\/\/api.w.org\/{rel}","templated":true}]}}