{"id":1105,"date":"2013-11-10T21:04:46","date_gmt":"2013-11-10T20:04:46","guid":{"rendered":"http:\/\/sebka.pl\/?page_id=1105"},"modified":"2014-05-16T16:59:50","modified_gmt":"2014-05-16T14:59:50","slug":"meksyk","status":"publish","type":"page","link":"https:\/\/nieczekaj.blog\/index.php\/nasze-przewodniki\/ameryka\/meksyk\/","title":{"rendered":"MEKSYK"},"content":{"rendered":"<h3>Witajcie po d\u0142ugiej przerwie! Ju\u017c \u0142adnych kilka miesi\u0119cy min\u0119\u0142o od naszej podr\u00f3\u017cy ameryka\u0144skiej ale z pomoc\u0105 naszego kalendarzyka od\u015bwie\u017cymy wspomnienia! Wypowiadamy si\u0119 tylko na temat po\u0142udniowej cz\u0119\u015bci Meksyku, tzn. Jukatanu, Oaxaci i miasta Meksyk.<\/h3>\n<p style=\"text-align: center;\"><img loading=\"lazy\" decoding=\"async\" class=\"ngg-singlepic ngg-none aligncenter\" style=\"border: 1px solid black;\" src=\"http:\/\/sebka.pl\/wp-content\/gallery\/meksyk\/mex4639-43.jpg\" alt=\"mex4639-43\" width=\"480\" height=\"319\" \/><\/p>\n<h2 style=\"text-align: center;\">Kiedy jecha\u0107<\/h2>\n<p><strong>Jak zawsze poza sezonem turystycznym<\/strong> tzn. na wiosn\u0119 lub jesieni\u0105. My byli\u015bmy tam od stycznia do marca i zdecydowanie polecamy ten czas! Temperatura ok 25-35stopni, pi\u0119kne s\u0142o\u0144ce, deszczyk od czasu do czasu!<\/p>\n<h2 style=\"text-align: center;\">Przej\u015bcia graniczne\/Wizy<\/h2>\n<p><strong>Do i z Meksyku dostali\u015bmy si\u0119 samolotem<\/strong> linii AirFrance. L\u0105dowali\u015bmy w Cancun, wracali\u015bmy z Mexico City. <strong><br \/>\n<\/strong>Wiza nie jest wymagana przy pobytach nie przekraczaj\u0105cych 180 dni. Opuszczaj\u0105c Meksyk musieli\u015bmy jednak zap\u0142aci\u0107 op\u0142at\u0119 wylotow\u0105!<strong><br \/>\n<\/strong><\/p>\n<p><strong>Informacje na temat wizy<\/strong> znajdziecie na stronie internetowej <a title=\"Informacje na temat wizy do Meksyku\" href=\"http:\/\/embamex.sre.gob.mx\/polonia\/index.php\/pasaportes\/81\">Ambasady Meksyku<\/a>.<\/p>\n<h2 style=\"text-align: center;\">Zdrowie<\/h2>\n<p><strong>Meksyk nie jest gro\u017any<\/strong> &#8211; osobom wybieraj\u0105cym si\u0119 do Meksyku zaleca si\u0119 standardowe szczepionki, tzn. WZW A i B, t\u0119\u017cec, b\u0142onnica, dur brzuszny. Malaria wyst\u0119puje tylko w niekt\u00f3rych regionach Meksyku (np. w Chiapas). O list\u0119 przydatnych szczepionek mo\u017cna zapyta\u0107 w centrach szczepie\u0144. W Warszawie polecamy <a title=\"Szpital Zaka\u017any\" href=\"http:\/\/www.zakazny.pl\">Centrum chor\u00f3b zaka\u017anych<\/a> lub dro\u017csze <a title=\"Centrum Szczepie\u0144\" href=\"http:\/\/www.wsse.webserwer.pl\/\">centrum szczepie\u0144<\/a> . Polecamy tak\u017ce stron\u0119 <a title=\"Wojskowy Insytut Medyczny\" href=\"http:\/\/www.medycynatropikalna.pl\/kraj\/meksyk\/180\">Wojskowego Instytutu Medycznego<\/a>.<\/p>\n<p><strong>Oczywi\u015bcie \u015brodki antykomarne si\u0119 przydadz\u0105 bardzo!<\/strong> My korzystali\u015bmy z Muggi zakupionej w Polsce &#8211; sprawdzi\u0142a si\u0119!<\/p>\n<h2 style=\"text-align: center;\">Ceny i waluta<\/h2>\n<p><strong>Walut\u0105 Meksyku jest peso meksyka\u0144skie (MXN).<\/strong> Podczas naszego pobytu przelicznik by\u0142 z grubsza taki: 1MXN = 0,24 z\u0142. Waluta jest stosowana w ca\u0142ym kraju a p\u0142acenie w innej walucie (np. dolar czy euro) nie jest rozpowszechnione. Nie ma problemu z wymian\u0105 pieni\u0119dzy czy wyp\u0142at\u0105 z bankomat\u00f3w.<\/p>\n<p><strong>Przyk\u0142adowe ceny (\u015brednio):<\/strong><\/p>\n<p>* <strong>nocleg<\/strong> dla dw\u00f3ch os\u00f3b (tani i zdecydowanie nie-gwiazdkowy) &#8211; 48-60 z\u0142<br \/>\n* <strong>kemping<\/strong> dla dw\u00f3ch os\u00f3b z w\u0142asnym namiotem &#8211; 12-24 z\u0142<br \/>\n* <strong>przek\u0105ska uliczna<\/strong> &#8211; 2-3 z\u0142<br \/>\n* <strong>taco<\/strong> &#8211; 1.5-3 z\u0142<br \/>\n* <strong>obiad w barze<\/strong> du\u017ca porcja &#8211; 24 z\u0142<br \/>\n* <strong>bu\u0142ka z kurczakiem lub wieprzowin\u0105<\/strong> &#8211; 5-6 z\u0142<br \/>\n*<strong> woda<\/strong> &#8211; ~2,5z\u0142 \/ 1,5l<\/p>\n<p>* <strong>internet<\/strong> (1 godz) &#8211; 2-3 z\u0142<\/p>\n<p>* <strong>autobus<\/strong> &#8211; ceny zale\u017c\u0105 od standardu autobusu, tzn. jest klasa 1 i 2 i super lux i r\u00f3\u017cnice s\u0105 widoczne w cenie bilety, czasie przejazdu i standardzie podr\u00f3\u017cy. Dworce autobusowe zrobi\u0142y na nas bardzo dobre wra\u017cenie, nawet w ma\u0142ych miejscowo\u015bciach s\u0105 rozk\u0142ady (aktualne) i nie ma problemu z zakupem biletu (dodam, \u017ce nie m\u00f3wimy po hiszpa\u0144sku). Przewo\u017anik og\u00f3lnokrajowy ma swoj\u0105 internetow\u0105 <a title=\"ADO BUS\" href=\"http:\/\/www.ado.com.mx\/ado\/index.jsp\">ADO<\/a>. Przyk\u0142adowe ceny za przejazdy:<\/p>\n<p>&#8211; <strong>Cancun &#8211; Tulum<\/strong>: 24z\u0142<br \/>\n&#8211; <strong>Campeche &#8211; Chetumal:<\/strong> 57z\u0142<br \/>\n&#8211; <strong>Oaxaca &#8211; Mexico City:<\/strong> 123z\u0142<\/p>\n<p>Og\u00f3lnie ceny w Meksyku s\u0105 por\u00f3wnywalne do polskich. Noclegi s\u0105 (w por\u00f3wnaniu do azjatyckich) dro\u017csze i ich jako\u015b\u0107 niestety pozostawia cz\u0119sto wiele do \u017cyczenia (w granicach 50z\u0142 mo\u017cna znale\u017a\u0107 kiepski pok\u00f3j dla 2 os\u00f3b). Jedzenie uliczne jest pyszne i do\u015b\u0107 tanie!<\/p>\n<p style=\"text-align: center;\"><img loading=\"lazy\" decoding=\"async\" class=\"ngg-singlepic ngg-center aligncenter\" style=\"border: 1px solid black;\" src=\"http:\/\/sebka.pl\/wp-content\/gallery\/meksyk-wpisy\/mex9633-3.jpg\" alt=\"mex9633-3\" width=\"480\" height=\"319\" \/><\/p>\n<h2 style=\"text-align: center;\">Telekomunikacja<\/h2>\n<p><strong>Kafejki internetowe s\u0105 dost\u0119pne niemal w ka\u017cdym mie\u015bcie i mie\u015bcinie.<\/strong> Je\u015bli nie w oddzielnej kafejce to przyczepione do kawiarni. Na terenie Meksyku korzystali\u015bmy z kom\u00f3rki na karcie meksyka\u0144skiej i telefonie zakupionym tam (zabrali\u015bmy ze sob\u0105 z\u0142odziejoodporne aparaty i niestety okaza\u0142o si\u0119, \u017ce nie obs\u0142uguj\u0105 one sieci meksyka\u0144skich. Z tego co wiemy nowe telefony nie maj\u0105 takich problem\u00f3w ale to ryzyko bierzcie pod uwag\u0119).<\/p>\n<h2 style=\"text-align: center;\">Transport<\/h2>\n<p><strong>Autobusy<\/strong> &#8211; jedyny spos\u00f3b transportu blisko- i dalekobie\u017cnego. Bardzo dobrze zorganizowane, nie ma problemu z zakupem bilet\u00f3w, wszystko jasne i klarowne! Je\u015bli chcecie zaoszcz\u0119dzi\u0107 na biletach zawsze pytajcie w kasie o najta\u0144sze autobusy (turystom z automatu sprzedaje si\u0119 bilety na najlepsze autobusy).<\/p>\n<h2 style=\"text-align: center;\">Kr\u00f3tkie rady praktyczne<\/h2>\n<p><strong>Zn\u00f3w raczej nic nowego, wi\u0119cej tu zdrowego rozs\u0105dku ni\u017c z\u0142otych rad \ud83d\ude42<\/strong><\/p>\n<p><strong>* Namioty i hamaki s\u0105 \u015bwietn\u0105 opcj\u0105 na pla\u017cy! <\/strong><\/p>\n<p><strong>* Repelenty na komary i inne owady<\/strong> &#8211; przydaj\u0105 si\u0119 jak zawsze w ciep\u0142ych i wilgotnych klimatach, zw\u0142aszcza noc\u0105 na hamaku.<\/p>\n<p><strong>* Nie odwiedzajcie<\/strong> tylko tzw. TOPu. Pospacerujcie po okolicach i pojed\u017acie gdzie\u015b wg\u0142\u0105b kraju.<\/p>\n<p><strong>* Uwaga na mr\u00f3wki!<\/strong> Meksyka\u0144skie mr\u00f3wki (przynajmniej niekt\u00f3re) s\u0105 naprawd\u0119 \u017car\u0142oczne, nam zrobi\u0142y tylko symboliczn\u0105 dziurk\u0119 w pod\u0142odze namiotu ale kolega mia\u0142 mniej szcz\u0119\u015bcia i z\u017car\u0142y mu kawa\u0142ek maty samopompujacej. Wszelkie jedzenie trzymajcie zawieszone i szczelnie zamkni\u0119te!<\/p>\n<h2 style=\"text-align: center;\">Polecane miejsca z informacjami praktycznymi<\/h2>\n<ul>\n<li><strong><a title=\"Przewonik po Cancun\" href=\"https:\/\/nieczekaj.blog\/index.php\/nasze-przewodniki\/ameryka\/meksyk\/cancun\/\">Cancun<\/a> &#8211; mo\u017ce nie &#8220;polecane miejsce&#8221;<\/strong> ale takie, do kt\u00f3rego i tak pewnie zawitamy (jedno z dw\u00f3ch najpopularniejszych lotnisk w Meksyku)<\/li>\n<li><span style=\"text-decoration: underline;\"><strong><a title=\"Przewodnik po Tulum\" href=\"https:\/\/nieczekaj.blog\/index.php\/nasze-przewodniki\/ameryka\/meksyk\/tulum\/\">Tulum<\/a><\/strong><\/span> &#8211; przepi\u0119kne ruiny nad brzegiem b\u0142\u0119kitnego morza! Obowi\u0105zkowa wizyta &#8211; koniecznie jak najwcze\u015bniej by unikn\u0105\u0107 t\u0142um\u00f3w turyst\u00f3w zje\u017cd\u017caj\u0105cych autokarami z Cancun \ud83d\ude42<\/li>\n<li><a title=\"Przewonik po Valladolid\" href=\"https:\/\/nieczekaj.blog\/index.php\/nasze-przewodniki\/ameryka\/meksyk\/valladolid\/\"><strong>Valladolid<\/strong><\/a> &#8211; kolejne miejsce &#8220;przesiadkowe&#8221; ale z nieodpartym urokiem jukata\u0144skiego miasteczka z ma\u0142\u0105 ilo\u015bci\u0105 gringos<\/li>\n<li><strong><a title=\"Przewodnik po Rio Lagartos\" href=\"https:\/\/nieczekaj.blog\/index.php\/nasze-przewodniki\/ameryka\/meksyk\/rio-lagartos\/\">Rio Lagartos<\/a><\/strong> &#8211; cudowne miejsce, rezerwat wszelkiego rodzaju ptactwa z flamingami na czele! No i te krokodyle!<\/li>\n<li><strong><a title=\"Przewodnik po Chichen Itza\" href=\"https:\/\/nieczekaj.blog\/index.php\/nasze-przewodniki\/ameryka\/meksyk\/chichen-itza-piste\/\">Chichen Itza (Piste)<\/a><\/strong> &#8211; obowi\u0105zkowe ruiny&#8230; troch\u0119 przet\u0142oczone ale i tak warto \ud83d\ude00<\/li>\n<li><a title=\"Przewodnik po Mahahual\" href=\"https:\/\/nieczekaj.blog\/index.php\/nasze-przewodniki\/ameryka\/meksyk\/mahahual\/\"><strong>Mahahual<\/strong><\/a> &#8211; pla\u017c\u00f3wkowo ze \u015bwietnymi miejscami do nurkowania i snorkowania<\/li>\n<li><a title=\"Przewodnik po Zipolite\" href=\"https:\/\/nieczekaj.blog\/index.php\/nasze-przewodniki\/ameryka\/meksyk\/zipolite\/\"><strong>Zipolite<\/strong><\/a> &#8211; kolejne pla\u017c\u00f3wkowo, tym razem nad Oceanem Spokojnym &#8211; \u015bwietne miejsce do relaksu!<\/li>\n<li><strong><a title=\"Przewodnik po miescie Meksyk\" href=\"https:\/\/nieczekaj.blog\/index.php\/nasze-przewodniki\/ameryka\/meksyk\/mexico-city\/\">Miasto Meksyk<\/a><\/strong> &#8211; troch\u0119 straszne (przewodniki, ehh) ale pi\u0119kne! Gor\u0105co polecamy!<\/li>\n<\/ul>\n<h2 style=\"text-align: center;\">Byli\u015bmy tak\u017ce tu:<em><br \/>\n<\/em><\/h2>\n<ul>\n<li>\u00a0<strong>Merida<\/strong> &#8211; bez zachwyt\u00f3w; bardzo fajne,\u00a0interaktywne muzeum <strong>Mundo Maya<\/strong> , poza tym du\u017ce, nowoczesne miasto<\/li>\n<li><strong>Campeche<\/strong> &#8211; pi\u0119kna, kolorowa star\u00f3wka i nic wi\u0119cej, w sam raz na 1dniow\u0105 wycieczk\u0119<\/li>\n<li><strong>Laguna Bacalar<\/strong> &#8211; pi\u0119knie wygl\u0105da ale bardziej z lotu ptaka, w rzeczywisto\u015bci jest tak obudowana przez prywatne posiad\u0142o\u015bci, \u017ce ci\u0119\u017cko doceni\u0107 jej urod\u0119; mo\u017cna nocowa\u0107 na terenie k\u0105pieliska miejskiego, wieczorem rozk\u0142adaj\u0105 si\u0119 kramy z pieczywem!<\/li>\n<li><strong>San Cristobal de Las Casas<\/strong> &#8211; naszym zdaniem przereklamowane, bardzo turystyczne i tak naprawd\u0119 nie ma tu co ogl\u0105da\u0107<\/li>\n<li><strong>Oaxaca<\/strong> &#8211; \u0142adne, nienachalne turystycznie miasto, my byli\u015bmy tu tylko przejazdem<\/li>\n<\/ul>\n<p style=\"text-align: center;\"><img loading=\"lazy\" decoding=\"async\" class=\"ngg-singlepic ngg-none aligncenter\" style=\"border: 1px solid black; margin-top: 1px; margin-bottom: 1px;\" src=\"http:\/\/sebka.pl\/wp-content\/gallery\/meksyk-wpisy\/mexico_2.jpg\" alt=\"mexico_2\" width=\"480\" height=\"319\" \/><\/p>\n<p>&nbsp;<\/p>\n<h2 style=\"text-align: center;\">Co nas zadziwi\u0142o<\/h2>\n<p><strong>Oto lista zdziwie\u0144:<\/strong><\/p>\n<p>* <strong>cywilizacja wsz\u0119dzie<\/strong> &#8211; zabrzmi to mo\u017ce do\u015b\u0107 arogancko \ud83d\ude42 ale spodziewali\u015bmy si\u0119 kraju zdecydowanie bardziej &#8220;innego&#8221; od tego do czego przywykli\u015bmy w Europie, a jednak\u00a0 spotkali\u015bmy si\u0119 z kultur\u0105 bardzo zbli\u017con\u0105 do \u015br\u00f3dziemnomorskiej. St\u0105d bardzo kr\u00f3tka lista zdziwie\u0144.<br \/>\n* <strong>jedzenie<\/strong> &#8211; nigdy nie mo\u017ce by\u0107 tak ostro, \u017ceby nie da\u0142o si\u0119 ostrzej! Wi\u0119c radz\u0119 daleko posuni\u0119t\u0105 ostro\u017cno\u015b\u0107 przy dodawaniu sosu!<br \/>\n* <strong>pies na lotnisku<\/strong> &#8211; obw\u0105chuj\u0105cy nas i nasz baga\u017c podr\u0119czny na chwil\u0119 przed wej\u015bciem na pok\u0142ad samolotu &#8211; zabezpieczenie antynarkotykowe, z kt\u00f3rym spotkali\u015bmy si\u0119 po raz pierwszy i byli\u015bmy zdziwieni \ud83d\ude42<\/p>\n<p style=\"text-align: center;\"><img loading=\"lazy\" decoding=\"async\" class=\"ngg-singlepic ngg-center aligncenter\" style=\"border: 1px solid black;\" src=\"http:\/\/sebka.pl\/wp-content\/gallery\/meksyk\/mex9995-131.jpg\" alt=\"mex9995-131\" width=\"480\" height=\"319\" \/><\/p>\n<h3 style=\"text-align: center;\">Nasza podr\u00f3\u017c na mapie:<\/h3>\n<p><iframe loading=\"lazy\" src=\"https:\/\/maps.google.pl\/maps\/ms?msa=0&amp;msid=214897184821061664598.0004ac7d5a41946ab63ad&amp;ie=UTF8&amp;t=p&amp;ll=18.145852,-92.48291&amp;spn=8.34536,14.589844&amp;z=6&amp;output=embed\" frameborder=\"0\" marginwidth=\"0\" marginheight=\"0\" scrolling=\"no\" width=\"665\" height=\"400\"><\/iframe><br \/>\n<small>Poka\u017c <a style=\"color: #0000ff; text-align: left;\" href=\"https:\/\/maps.google.pl\/maps\/ms?msa=0&amp;msid=214897184821061664598.0004ac7d5a41946ab63ad&amp;ie=UTF8&amp;t=p&amp;ll=18.145852,-92.48291&amp;spn=8.34536,14.589844&amp;z=6&amp;source=embed\">Meksyk<\/a> na wi\u0119kszej mapie<\/small><\/p>\n<h3>Je\u015bli macie jakie\u015b pytania piszcie na NieCzekaj.eu(malpa)gmail.com. Postaramy si\u0119 uzupe\u0142nia\u0107 zawarte w po\u015bcie informacje.<\/h3>\n<p>Pozdrawiam,<br \/>\nKasia<\/p>\n<h3>Przygotowanie tej strony i przewodnik\u00f3w zaj\u0119\u0142o nam troch\u0119 czasu i wymaga\u0142o litr\u00f3w kawy \ud83d\ude42<br \/>\nJe\u015bli uznasz, \u017ce wart by\u0142o nie wahaj si\u0119 postawi\u0107 nam kaw\u0119 przez PAYPAL-a<br \/>\n<code><code>[paypal-donation]<\/code><\/code><\/h3>\n","protected":false},"excerpt":{"rendered":"<p>Witajcie po d\u0142ugiej przerwie! Ju\u017c \u0142adnych kilka miesi\u0119cy min\u0119\u0142o od naszej podr\u00f3\u017cy ameryka\u0144skiej ale z pomoc\u0105 naszego kalendarzyka od\u015bwie\u017cymy wspomnienia! Wypowiadamy si\u0119 tylko na temat po\u0142udniowej cz\u0119\u015bci Meksyku, tzn. Jukatanu, [&hellip;]<\/p>\n","protected":false},"author":1,"featured_media":0,"parent":1336,"menu_order":0,"comment_status":"open","ping_status":"open","template":"","meta":{"om_disable_all_campaigns":false,"_monsterinsights_skip_tracking":false,"_monsterinsights_sitenote_active":false,"_monsterinsights_sitenote_note":"","_monsterinsights_sitenote_category":0,"_s2mail":"yes","ngg_post_thumbnail":0,"footnotes":""},"class_list":["post-1105","page","type-page","status-publish","hentry"],"_links":{"self":[{"href":"https:\/\/nieczekaj.blog\/index.php\/wp-json\/wp\/v2\/pages\/1105","targetHints":{"allow":["GET"]}}],"collection":[{"href":"https:\/\/nieczekaj.blog\/index.php\/wp-json\/wp\/v2\/pages"}],"about":[{"href":"https:\/\/nieczekaj.blog\/index.php\/wp-json\/wp\/v2\/types\/page"}],"author":[{"embeddable":true,"href":"https:\/\/nieczekaj.blog\/index.php\/wp-json\/wp\/v2\/users\/1"}],"replies":[{"embeddable":true,"href":"https:\/\/nieczekaj.blog\/index.php\/wp-json\/wp\/v2\/comments?post=1105"}],"version-history":[{"count":29,"href":"https:\/\/nieczekaj.blog\/index.php\/wp-json\/wp\/v2\/pages\/1105\/revisions"}],"predecessor-version":[{"id":1144,"href":"https:\/\/nieczekaj.blog\/index.php\/wp-json\/wp\/v2\/pages\/1105\/revisions\/1144"}],"up":[{"embeddable":true,"href":"https:\/\/nieczekaj.blog\/index.php\/wp-json\/wp\/v2\/pages\/1336"}],"wp:attachment":[{"href":"https:\/\/nieczekaj.blog\/index.php\/wp-json\/wp\/v2\/media?parent=1105"}],"curies":[{"name":"wp","href":"https:\/\/api.w.org\/{rel}","templated":true}]}}