{"id":1130,"date":"2013-11-10T21:21:16","date_gmt":"2013-11-10T20:21:16","guid":{"rendered":"http:\/\/sebka.pl\/?page_id=1130"},"modified":"2013-12-01T15:56:56","modified_gmt":"2013-12-01T14:56:56","slug":"cancun","status":"publish","type":"page","link":"https:\/\/nieczekaj.blog\/index.php\/nasze-przewodniki\/ameryka\/meksyk\/cancun\/","title":{"rendered":"Cancun"},"content":{"rendered":"<p><strong>Cancun &#8211; jedno z najm\u0142odszych miast meksyka\u0144skich, stworzone tylko dla turyst\u00f3w typu foczki pla\u017cowe, nie maj\u0105ce nic wsp\u00f3lnego z tak zwanym &#8220;prawdziwym Meksykiem&#8221;. Takie opinie do nas dotar\u0142y przed wyjazdem. My byli\u015bmy na nie skazani przez 2 dni i opinie mamy ca\u0142kiem pozytywne! Cancun nie jest &#8211; i nie pr\u00f3buje by\u0107 &#8211; tradycyjn\u0105 majsk\u0105 wiosk\u0105! Jest to &#8220;tylko&#8221; kurort pla\u017cowy i na to trzeba si\u0119 nastawi\u0107! Co do autentycznej meksyka\u0144sko\u015bci, c\u00f3\u017c&#8230;.jest tak samo autentyczny jak nasz Sopot latem \ud83d\ude42<\/strong><\/p>\n<p style=\"text-align: center;\"><strong><img loading=\"lazy\" decoding=\"async\" class=\"ngg-singlepic ngg-center aligncenter\" style=\"border: 1px solid black;\" src=\"http:\/\/sebka.pl\/wp-content\/gallery\/meksyk-wpisy\/mex9637-7.jpg\" alt=\"mex9637-7\" width=\"480\" height=\"319\" \/><\/strong><\/p>\n<p><strong>Z naszej strony polecamy te\u017c\u00a0 nasze <a title=\"MEKSYK\" href=\"https:\/\/nieczekaj.blog\/index.php\/nasze-przewodniki\/meksyk\/\">INFORMACJE OG\u00d3LNE\u00a0 o Meksyku<\/a> oraz wpisy umieszczane na bie\u017c\u0105co: <a title=\"Cancun - blog\" href=\"http:\/\/sebka.travellerspoint.com\/104\/\">Pierwsze wra\u017cenia czyli Cancun.<\/a><\/strong><\/p>\n<p style=\"text-align: center;\"><strong>Transport<\/strong><\/p>\n<p><strong>Cancun jest bardzo dobrze skomunikowane z reszt\u0105 kraju i ze \u015bwiatem \ud83d\ude42 Niedaleko od centrum miasta znajduje si\u0119 du\u017ce lotnisko, z kt\u00f3rego co 20 minut odje\u017cd\u017caj\u0105 autobusy do Cancun (ok 15z\u0142) lub Playa del Carmen (ok. 30z\u0142). W centrum, przy ulicy Av. Tulum znajduje si\u0119 g\u0142\u00f3wny dworzec autobusowy, z kt\u00f3rego mo\u017cna dosta\u0107 si\u0119 do wielu meksyka\u0144skich miast (nie wy\u0142\u0105czaj\u0105c odleg\u0142ej stolicy).<\/strong><\/p>\n<p><strong>Miasto jest do\u015b\u0107 rozleg\u0142e &#8211; ale do przej\u015bcia! Taks\u00f3wki oczywi\u015bcie s\u0105 i my oczywi\u015bcie z nich nie korzystali\u015bmy wi\u0119c o cenach nie wiemy \ud83d\ude42<\/strong><\/p>\n<p style=\"text-align: center;\"><strong>Gdzie spa\u0107<\/strong><\/p>\n<p><strong>Przekr\u00f3j jako\u015bciowy nocleg\u00f3w w Cancun jest oczywi\u015bcie ogromny &#8211; ka\u017cdy znajdzie co\u015b dla siebie. My wybrali\u015bmy hostel najta\u0144szy (35z\u0142 \/ dw\u00f3jk\u0119 a w\u0142a\u015bciwie tr\u00f3jk\u0119 bez \u0142azienki)<a title=\"Hostel Kankun\" href=\"http:\/\/www.hostelworld.com\/hosteldetails.php\/Hostel-Kankun\/Cancun\/10634?dateFrom=2013-11-07&amp;dateTo=2013-11-10&amp;sc_sau=prfs&amp;sc_pos=1\"> Hostel Kankun<\/a> &#8211; szalu nie by\u0142o ale nie przylepili\u015bmy si\u0119 te\u017c do \u015bciany wi\u0119c nie by\u0142o a\u017c tak \u017ale \ud83d\ude42 W okolicy dworca autobusowego jest sporo hosteli \/ hoteli cho\u0107 ci\u0119\u017cko to nazwa\u0107 zwart\u0105 zabudow\u0105 hotelarsk\u0105 &#8211; radzimy wi\u0119c wyszuka\u0107 sobie zawczasu miejsc\u00f3wki.<\/strong><br \/>\n<strong> Hotele luksusowe znajduj\u0105 si\u0119 przy pla\u017cy (tak zwana<em> Zona Hotelera<\/em>)!<\/strong><\/p>\n<p style=\"text-align: center;\"><strong>Gdzie zje\u015b\u0107<\/strong><\/p>\n<p><strong>Tak jak w przypadku nocleg\u00f3w opcje s\u0105 dwie: okolice dworca autobusowego lub pla\u017ca. Niedaleko Parku De Las Palapas znajduje si\u0119 ko\u0142o tanich przek\u0105sek czyli tacosowo! Bardzo tanio (3 taco za 1,5z\u0142) i bardzo smacznie! Z kolei Zona Hotelera oferuje mnogo\u015b\u0107 restauracji kuchni wszelakiej &#8211; nie pr\u00f3bowali\u015bmy.<\/strong><\/p>\n<p style=\"text-align: center;\"><strong><img loading=\"lazy\" decoding=\"async\" class=\"ngg-singlepic ngg-center aligncenter\" style=\"border: 1px solid black;\" src=\"http:\/\/sebka.pl\/wp-content\/gallery\/meksyk-wpisy\/mex9634-4.jpg\" alt=\"mex9634-4\" width=\"480\" height=\"319\" \/><\/strong><\/p>\n<p style=\"text-align: center;\"><strong>Atrakcje<\/strong><\/p>\n<p><strong>Przychylamy si\u0119 do zdania z\u0142o\u015bliwc\u00f3w, \u017ce najwi\u0119ksz\u0105 atrakcj\u0105 Cancun jest lotnisko \ud83d\ude42 Je\u015bli macie czas i ch\u0119\u0107, mo\u017cecie si\u0119 te\u017c przespacerowa\u0107 na pla\u017c\u0119 (naprawd\u0119 \u0142adna cho\u0107 d\u0142uga trasa). Sama pla\u017ca nie jest specjalnie godna polecenia &#8211; piasek i morze pi\u0119kne ale bardzo obudowane hotelami&#8230;<\/strong><\/p>\n<p><strong>Cancun na mapie:<br \/>\n<\/strong><br \/>\n<iframe loading=\"lazy\" src=\"https:\/\/maps.google.pl\/maps\/ms?msa=0&amp;msid=214897184821061664598.0004ac7d5a41946ab63ad&amp;ie=UTF8&amp;t=p&amp;ll=21.025546,-87.357788&amp;spn=1.025475,1.826477&amp;z=9&amp;output=embed\" frameborder=\"0\" marginwidth=\"0\" marginheight=\"0\" scrolling=\"no\" width=\"665\" height=\"400\"><\/iframe><br \/>\n<small>Poka\u017c <a style=\"color: #0000ff; text-align: left;\" href=\"https:\/\/maps.google.pl\/maps\/ms?msa=0&amp;msid=214897184821061664598.0004ac7d5a41946ab63ad&amp;ie=UTF8&amp;t=p&amp;ll=21.025546,-87.357788&amp;spn=1.025475,1.826477&amp;z=9&amp;source=embed\">Meksyk<\/a> na wi\u0119kszej mapie<\/small><\/p>\n<p><strong>Uwagi i pytania kierujcie na maila NieCzekaj.eu(malpa)gmail.com<\/strong><\/p>\n<p><strong>Pozdrawiam,<\/strong><br \/>\n<strong> Kasia<\/strong><\/p>\n","protected":false},"excerpt":{"rendered":"<p>Cancun &#8211; jedno z najm\u0142odszych miast meksyka\u0144skich, stworzone tylko dla turyst\u00f3w typu foczki pla\u017cowe, nie maj\u0105ce nic wsp\u00f3lnego z tak zwanym &#8220;prawdziwym Meksykiem&#8221;. Takie opinie do nas dotar\u0142y przed wyjazdem. [&hellip;]<\/p>\n","protected":false},"author":1,"featured_media":0,"parent":1105,"menu_order":0,"comment_status":"open","ping_status":"open","template":"","meta":{"om_disable_all_campaigns":false,"_monsterinsights_skip_tracking":false,"_monsterinsights_sitenote_active":false,"_monsterinsights_sitenote_note":"","_monsterinsights_sitenote_category":0,"_s2mail":"yes","ngg_post_thumbnail":0,"footnotes":""},"class_list":["post-1130","page","type-page","status-publish","hentry"],"_links":{"self":[{"href":"https:\/\/nieczekaj.blog\/index.php\/wp-json\/wp\/v2\/pages\/1130","targetHints":{"allow":["GET"]}}],"collection":[{"href":"https:\/\/nieczekaj.blog\/index.php\/wp-json\/wp\/v2\/pages"}],"about":[{"href":"https:\/\/nieczekaj.blog\/index.php\/wp-json\/wp\/v2\/types\/page"}],"author":[{"embeddable":true,"href":"https:\/\/nieczekaj.blog\/index.php\/wp-json\/wp\/v2\/users\/1"}],"replies":[{"embeddable":true,"href":"https:\/\/nieczekaj.blog\/index.php\/wp-json\/wp\/v2\/comments?post=1130"}],"version-history":[{"count":10,"href":"https:\/\/nieczekaj.blog\/index.php\/wp-json\/wp\/v2\/pages\/1130\/revisions"}],"predecessor-version":[{"id":3165,"href":"https:\/\/nieczekaj.blog\/index.php\/wp-json\/wp\/v2\/pages\/1130\/revisions\/3165"}],"up":[{"embeddable":true,"href":"https:\/\/nieczekaj.blog\/index.php\/wp-json\/wp\/v2\/pages\/1105"}],"wp:attachment":[{"href":"https:\/\/nieczekaj.blog\/index.php\/wp-json\/wp\/v2\/media?parent=1130"}],"curies":[{"name":"wp","href":"https:\/\/api.w.org\/{rel}","templated":true}]}}