{"id":1160,"date":"2013-11-12T22:27:13","date_gmt":"2013-11-12T21:27:13","guid":{"rendered":"http:\/\/sebka.pl\/?page_id=1160"},"modified":"2013-11-14T10:40:32","modified_gmt":"2013-11-14T09:40:32","slug":"valladolid","status":"publish","type":"page","link":"https:\/\/nieczekaj.blog\/index.php\/nasze-przewodniki\/ameryka\/meksyk\/valladolid\/","title":{"rendered":"Valladolid"},"content":{"rendered":"<p><strong>Valladolid &#8211; to trzecie co do wielko\u015bci miasto na Jukatanie zdecydowanie nie nale\u017cy do tzw. Top10 cho\u0107 z drugiej strony nie le\u017cy te\u017c ca\u0142kiem poza szlakami turystycznymi. Ma dwie podstawowe zalety: po\u0142o\u017cenie &#8211; nadaje si\u0119 \u015bwietnie na baz\u0119 jednodniowych wycieczek m.in. do Rio Lagartos czy Chichen Itzy; i spokojny, nienachalny klimat <em>prawdziwego meksyka\u0144skiego miasta<\/em>. Sp\u0119dzili\u015bmy tam \u0142\u0105cznie dwa dni i polecamy! \ud83d\ude42<\/strong><\/p>\n<p style=\"text-align: center;\">\u00a0<img loading=\"lazy\" decoding=\"async\" class=\"ngg-singlepic ngg-center aligncenter\" style=\"border: 1px solid black;\" src=\"http:\/\/sebka.pl\/wp-content\/gallery\/meksyk\/mex0046-135.jpg\" alt=\"mex0046-135\" width=\"480\" height=\"319\" \/><\/p>\n<p>Z naszej strony polecamy te\u017c\u00a0 nasze<strong> <a title=\"MEKSYK\" href=\"https:\/\/nieczekaj.blog\/index.php\/nasze-przewodniki\/meksyk\/\">INFORMACJE OG\u00d3LNE\u00a0 o Meksyku<\/a><\/strong> (gdzie te\u017c znajdziecie linki do innych ciekawych miejsc w Meksyku) oraz wpisy umieszczane na bie\u017c\u0105co z podr\u00f3\u017cy: <a title=\"Valladolid - blog\" href=\"http:\/\/sebka.travellerspoint.com\/106\/\">Jukatan ci\u0105g dalszy.<\/a><\/p>\n<h2 style=\"text-align: center;\">Transport<\/h2>\n<p><strong>Valladolid stanowi \u015bwietn\u0105 baz\u0119 wypadow\u0105, bowiem znajduje si\u0119 niedaleko i jest bardzo dobrze skomunikowane z wieloma atrakcjami znajduj\u0105cymi si\u0119 na Jukatanie.\u00a0 <\/strong>W centrum jest dworzec, z kt\u00f3rego kilka (lub kilkana\u015bcie) razy dziennie odje\u017cd\u017caj\u0105 autobusy do Chichen Itzy, Tulum, Cancun, Meridy, Tizimin (punkt przesiadkowy w drodze do Rio Lagartos).<\/p>\n<p><strong>Miasto jest do\u015b\u0107 rozleg\u0142e &#8211; ale zn\u00f3w najbardziej interesuj\u0105ce obiekty znajduj\u0105 si\u0119 w centrum!<\/strong><\/p>\n<h2 style=\"text-align: center;\">Gdzie spa\u0107<\/h2>\n<p><strong><em>Zony Hotolery<\/em> jako takiej brak, natomiast kilka hoteli i hosteli w okolicach centrum si\u0119 znajdzie \ud83d\ude42\u00a0<\/strong>Przyk\u0142adowo dok\u0142adnie naprzeciwko dworca, na ulicy 39. m.in. hotel Terminal (cena za 2. bez \u0142azienki to ~60z\u0142)<\/p>\n<h2 style=\"text-align: center;\">Gdzie zje\u015b\u0107<\/h2>\n<p><strong>Przyznam szczerze, \u017ce za restauracjami w Valladolid si\u0119 nie rozgl\u0105dali\u015bmy i nasze wy\u017cywienie oparli\u015bmy o pyszne hot-dogi z OXXO \ud83d\ude42 <\/strong>Natomiast mo\u017cemy \u015bmia\u0142o poleci\u0107 stoiska tacosowe uliczne zw\u0142aszcza znajduj\u0105ce si\u0119 przy punktach produkcji tacos\u00f3w (s\u0105 zaraz przy g\u0142\u00f3wnej ulicy prowadz\u0105cej na dworzec) &#8211; polecamy taco z kurczakiem marynowanym w soku pomara\u0144czowym (przynajmniej tak zrozumieli\u015bmy)! Cena taco 1-2z\u0142.<\/p>\n<p>Stoiska na Bazarze Miejskim (Bazar Municipal) nas zdecydowanie nie zachwyci\u0142y &#8211; \u015brednio smacznie i \u015brednio tanio.<\/p>\n<p>&nbsp;<\/p>\n<h2 style=\"text-align: center;\">Atrakcje<\/h2>\n<p><strong>Valladolid jest atrakcj\u0105 sam\u0105 w sobie<\/strong>. Zwykle jest to punkt przesiadkowy, sk\u0105d mo\u017cna ruszy\u0107 na p\u00f3\u0142noc podziwia\u0107 flamingi nad <em>Rio Lagartos<\/em> (ale o tym w innym wpisie). Mo\u017cna tu spokojnie sp\u0119dzi\u0107 jeden dzie\u0144 spaceruj\u0105c i ch\u0142on\u0105c atmosfer\u0119. Do odwiedzenia \/ zobaczenia jest malowniczy <strong>Ko\u015bci\u00f3\u0142 \u015awi\u0119tego Bernarda i po\u0142o\u017cony obok Klasztor De Sisal<\/strong> (wej\u015bcie do Klasztoru ok. 7z\u0142\/os.). Niedaleko od centrum znajduje si\u0119 pi\u0119kna <strong>cenota Zaci<\/strong> (wej\u015bcie 4z\u0142\/os) &#8211; pi\u0119kna, w po\u0142owie zas\u0142oni\u0119ta, z linami wspomagaj\u0105cymi niewprawnych p\u0142ywak\u00f3w &#8211; absolutnie obowi\u0105zkowe miejsce na relaks i k\u0105piel!<\/p>\n<p style=\"text-align: center;\">\u00a0<img loading=\"lazy\" decoding=\"async\" class=\"ngg-singlepic ngg-center aligncenter\" style=\"border: 1px solid black;\" src=\"http:\/\/sebka.pl\/wp-content\/gallery\/meksyk\/cenota.jpg\" alt=\"cenota\" width=\"480\" height=\"319\" \/><\/p>\n<h3 style=\"text-align: center;\">Valladolid na mapie:<\/h3>\n<p><iframe loading=\"lazy\" width=\"665\" height=\"400\" frameborder=\"0\" scrolling=\"no\" marginheight=\"0\" marginwidth=\"0\" src=\"https:\/\/maps.google.pl\/maps\/ms?msa=0&amp;msid=214897184821061664598.0004ac7d5a41946ab63ad&amp;ie=UTF8&amp;t=p&amp;ll=20.72786,-88.154297&amp;spn=1.027509,1.82373&amp;z=9&amp;output=embed\"><\/iframe><br \/><small>Poka\u017c <a href=\"https:\/\/maps.google.pl\/maps\/ms?msa=0&amp;msid=214897184821061664598.0004ac7d5a41946ab63ad&amp;ie=UTF8&amp;t=p&amp;ll=20.72786,-88.154297&amp;spn=1.027509,1.82373&amp;z=9&amp;source=embed\" style=\"color:#0000FF;text-align:left\">Meksyk<\/a> na wi\u0119kszej mapie<\/small><\/p>\n<h3>Uwagi i pytania kierujcie na maila NieCzekaj.eu(malpa)gmail.com<\/h3>\n<h3>Pozdrawiam,<br \/>\nKasia<\/h3>\n","protected":false},"excerpt":{"rendered":"<p>Valladolid &#8211; to trzecie co do wielko\u015bci miasto na Jukatanie zdecydowanie nie nale\u017cy do tzw. Top10 cho\u0107 z drugiej strony nie le\u017cy te\u017c ca\u0142kiem poza szlakami turystycznymi. Ma dwie podstawowe [&hellip;]<\/p>\n","protected":false},"author":1,"featured_media":0,"parent":1105,"menu_order":0,"comment_status":"open","ping_status":"open","template":"","meta":{"om_disable_all_campaigns":false,"_monsterinsights_skip_tracking":false,"_monsterinsights_sitenote_active":false,"_monsterinsights_sitenote_note":"","_monsterinsights_sitenote_category":0,"_s2mail":"yes","ngg_post_thumbnail":0,"footnotes":""},"class_list":["post-1160","page","type-page","status-publish","hentry"],"_links":{"self":[{"href":"https:\/\/nieczekaj.blog\/index.php\/wp-json\/wp\/v2\/pages\/1160","targetHints":{"allow":["GET"]}}],"collection":[{"href":"https:\/\/nieczekaj.blog\/index.php\/wp-json\/wp\/v2\/pages"}],"about":[{"href":"https:\/\/nieczekaj.blog\/index.php\/wp-json\/wp\/v2\/types\/page"}],"author":[{"embeddable":true,"href":"https:\/\/nieczekaj.blog\/index.php\/wp-json\/wp\/v2\/users\/1"}],"replies":[{"embeddable":true,"href":"https:\/\/nieczekaj.blog\/index.php\/wp-json\/wp\/v2\/comments?post=1160"}],"version-history":[{"count":4,"href":"https:\/\/nieczekaj.blog\/index.php\/wp-json\/wp\/v2\/pages\/1160\/revisions"}],"predecessor-version":[{"id":1221,"href":"https:\/\/nieczekaj.blog\/index.php\/wp-json\/wp\/v2\/pages\/1160\/revisions\/1221"}],"up":[{"embeddable":true,"href":"https:\/\/nieczekaj.blog\/index.php\/wp-json\/wp\/v2\/pages\/1105"}],"wp:attachment":[{"href":"https:\/\/nieczekaj.blog\/index.php\/wp-json\/wp\/v2\/media?parent=1160"}],"curies":[{"name":"wp","href":"https:\/\/api.w.org\/{rel}","templated":true}]}}