{"id":1186,"date":"2013-12-01T12:35:43","date_gmt":"2013-12-01T11:35:43","guid":{"rendered":"http:\/\/sebka.pl\/?page_id=1186"},"modified":"2013-12-01T12:59:43","modified_gmt":"2013-12-01T11:59:43","slug":"rio-lagartos","status":"publish","type":"page","link":"https:\/\/nieczekaj.blog\/index.php\/nasze-przewodniki\/ameryka\/meksyk\/rio-lagartos\/","title":{"rendered":"Rio Lagartos"},"content":{"rendered":"<p><strong>Rio Lagartos &#8211; to niewielka wioska rybacka przyci\u0105gaj\u0105ca rzesze turyst\u00f3w jedn\u0105 z najwi\u0119kszych <\/strong><strong>w Meksyku <\/strong><strong>koloni\u0105 flaming\u00f3w . Ptaki, nie tylko flamingi, zaiste s\u0105 w ilo\u015bciach du\u017cych. S\u0105 tak\u017ce krokodyle poukrywane w chaszczach. Naprawd\u0119 warto!<\/strong><\/p>\n<p style=\"text-align: center;\"><img loading=\"lazy\" decoding=\"async\" class=\"ngg-singlepic ngg-none aligncenter\" style=\"border: 1px solid black; margin-top: 1px; margin-bottom: 1px;\" src=\"http:\/\/sebka.pl\/wp-content\/gallery\/meksyk\/mex0124-141.jpg\" alt=\"mex0124-141\" width=\"480\" height=\"319\" \/><\/p>\n<p>Polecamy te\u017c\u00a0 nasze<strong> <a title=\"MEKSYK\" href=\"https:\/\/nieczekaj.blog\/index.php\/nasze-przewodniki\/meksyk\/\">INFORMACJE OG\u00d3LNE\u00a0 o Meksyku<\/a><\/strong> (gdzie te\u017c znajdziecie linki do innych ciekawych miejsc w Meksyku) oraz wpisy umieszczane na bie\u017c\u0105co z podr\u00f3\u017cy: <a title=\"Valladolid - blog\" href=\"http:\/\/sebka.travellerspoint.com\/106\/\">Jukatan ci\u0105g dalszy.<\/a><\/p>\n<h2 style=\"text-align: center;\">Transport<\/h2>\n<p><strong>Z i do Rio Lagartos je\u017cd\u017c\u0105 codziennie autobusy z:<br \/>\n1) Tizimin &#8211; <\/strong>g\u0142\u00f3wna miejscowo\u015b\u0107 przesiadkowa na trasie do RL, po\u0142o\u017cony mniej wi\u0119cej w po\u0142owie drogi z Valladolid, kilka autobus\u00f3w dziennie, 1h drogi, ok 8z\u0142<br \/>\n<strong>2) San Felipe<\/strong> &#8211; male\u0144ka wioska po\u0142o\u017cona jeszcze dalej za Rio Lagartos &#8211; nie byli\u015bmy<br \/>\n<strong>3) podobno istniej\u0105 po\u0142\u0105czenia bezpo\u015brednie z Merid\u0105 i Cancun<\/strong> ale nie sprawdzali\u015bmy<strong><\/strong><\/p>\n<p><strong>W centrum wioski, czyli przy g\u0142\u00f3wnej ulicy czyli mniej wi\u0119cej tam gdzie si\u0119 wysiada z autobusu, jest male\u0144ki dworzec.<\/strong> Za naszych czas\u00f3w by\u0142 zamkni\u0119ty (mo\u017ce dlatego, \u017ce by\u0142a sobota). Ale na szcz\u0119\u015bcie nie tylko my czekali\u015bmy na autobus wi\u0119c dobrzy ludzie nam pomogli \ud83d\ude42<\/p>\n<p><strong>Do Rio Lagartos dostali\u015bmy si\u0119 autobusem z Valladolid<\/strong> z przesiadk\u0105 w Tizimin i w ten sam spos\u00f3b stamt\u0105d wyjechali\u015bmy.<strong><br \/>\n<\/strong><\/p>\n<h2 style=\"text-align: center;\">Gdzie spa\u0107<\/h2>\n<p><strong><em>Zony Hotolery<\/em> jako takiej brak, natomiast jest kilka hoteli na nabrze\u017cu. <\/strong>Nie spali\u015bmy tam i nie wchodzili\u015bmy wi\u0119c o cenach i warunkach si\u0119 nie wypowiadamy. Natomiast podr\u00f3\u017cnik\u00f3w bud\u017cetowych mo\u017ce zainteresowa\u0107 miejsce, kt\u00f3re my wybrali\u015bmy na nocleg. Ot\u00f3\u017c 1-2 km za centrum wioski, wzd\u0142u\u017c brzegu rzeki, znajduje si\u0119 do\u015b\u0107 rozleg\u0142y &#8220;zajazd&#8221; &#8211; miejsce na pikniki, wiata z \u0142azienkami, prawdopodobnie barem (w czasie sezonu) . Miejsce to pokaza\u0142 nam przewodnik \u0142\u00f3dkowy. Gdy my tam byli\u015bmy (koniec stycznia) by\u0142o to opuszczone ale zadbane. Rozbili\u015bmy namiot w du\u017cej podmurowanej wiacie, nawet dostali\u015bmy dost\u0119p do \u0142azienki (przyby\u0142 str\u00f3\u017c i zostawi\u0142 nam j\u0105 otwart\u0105).<\/p>\n<p><strong>Widoki pi\u0119kne, podmur\u00f3wka, ochrona od wiatru &#8211; same zalety. ALE<\/strong> noc\u0105 okaza\u0142o si\u0119, \u017ce jest to miejsce schadzek, wy\u015bcig\u00f3w motorowych i nie wiem czego jeszcze. W mi\u0119dzy czasie 3 razy pojawiali si\u0119 policjanci, kt\u00f3rzy \u015bwiec\u0105c nam w oczy latark\u0105 gorliwie zapewniali, \u017ce nas b\u0119d\u0105 chroni\u0107 (jak si\u0119 rano okaza\u0142o nie do ko\u0144ca za darmo :)). Generalnie okre\u015blenie &#8220;spokojne i ciche&#8221; mi si\u0119 z tym miejscem nie kojarzy \ud83d\ude42 Ale fakt, \u017ce nikt nie pobiera\u0142 \u017cadnej op\u0142aty za nocleg i opr\u00f3cz niewyg\u00f3d wynikaj\u0105cych bardziej z mojej nerwowo\u015bci &#8211; by\u0142o \u0142adnie! Ach! Jest tam te\u017c wie\u017ca do obserwacji ptak\u00f3w&#8230; i gwiazd!<\/p>\n<p style=\"text-align: center;\"><img loading=\"lazy\" decoding=\"async\" class=\"ngg-singlepic ngg-center aligncenter\" style=\"border: 1px solid black;\" src=\"http:\/\/sebka.pl\/wp-content\/gallery\/meksyk-wpisy\/mex0153-145.jpg\" alt=\"mex0153-145\" width=\"480\" height=\"319\" \/><\/p>\n<h2 style=\"text-align: center;\">Gdzie zje\u015b\u0107<\/h2>\n<p><strong>Oj! Z jedzeniem te\u017c by\u0142y przygody \ud83d\ude42 <\/strong>Oczywi\u015bcie w okolicach hoteli s\u0105 restauracje. Natomiast takiego zwyk\u0142ego, lokalnego baru (sklepu!) na pierwszy rzut oka nie by\u0142o. Pokr\u0119cili\u015bmy si\u0119 po uliczkach i trafili\u015bmy na dom\u00a0 z czym\u015b, co skojarzy\u0142o nam si\u0119 z kart\u0105 da\u0144 &#8211; weszli\u015bmy i tak! to jest miejsce, w kt\u00f3rym mo\u017cna zje\u015b\u0107! Co prawda wszyscy zamawiaj\u0105 na wynos ale mi\u0142a Pani usadzi\u0142a nas przy stole \ud83d\ude42 Co do cen: za 21z\u0142 zjedli\u015bmy obydwoje po zupie z nachosami w \u015brodku i po 2 panuchos i oczywi\u015bcie z col\u0105 \ud83d\ude42 &#8211; pysznie i syc\u0105co! A tak wygl\u0105da\u0142 nasz &#8220;bar&#8221; z zewn\u0105trz&#8230;:<\/p>\n<p style=\"text-align: center;\"><img loading=\"lazy\" decoding=\"async\" class=\"ngg-singlepic ngg-center aligncenter\" style=\"border: 1px solid black;\" src=\"http:\/\/sebka.pl\/wp-content\/gallery\/meksyk-wpisy\/mex0453-164.jpg\" alt=\"mex0453-164\" width=\"480\" height=\"319\" \/><\/p>\n<h2 style=\"text-align: center;\">Atrakcje<\/h2>\n<p><strong>G\u0142\u00f3wn\u0105 atrakcj\u0105 Rio Lagartos jest Rezerwat Biosfery! <\/strong>Mo\u017cna si\u0119 do niego dosta\u0107 jedynie \u0142\u00f3dk\u0105, kt\u00f3rej wynaj\u0119cie nie nastr\u0119cza wi\u0119kszych trudno\u015bci. Nas kosztowa\u0142o to 90z\u0142 (za \u0142\u00f3dk\u0119 do 6 oos.) i nie \u017ca\u0142ujemy ani z\u0142ot\u00f3wki! Wycieczka by\u0142a naprawd\u0119 pi\u0119kna &#8211; uda\u0142o nam si\u0119 podp\u0142yn\u0105\u0107 na 20 metr\u00f3w do flaming\u00f3w &#8211; s\u0105 naprawd\u0119 takie r\u00f3\u017cowe!!! Zreszt\u0105 nie tylko ptaki zachwycaj\u0105, ca\u0142y rezerwat, ro\u015blinno\u015b\u0107, kolorowa woda &#8211; wszystko jest pi\u0119kne! Gor\u0105co polecamy!!! Mieli\u015bmy te\u017c szcz\u0119\u015bcie, bo min\u0119li\u015bmy si\u0119 tylko z 1 \u0142\u00f3dk\u0105 tzn. t\u0142oku na wodzie nie by\u0142o \ud83d\ude42<strong><br \/>\n<\/strong><\/p>\n<p style=\"text-align: center;\">\u00a0<img loading=\"lazy\" decoding=\"async\" class=\"ngg-singlepic ngg-center aligncenter\" style=\"border: 1px solid black;\" src=\"http:\/\/sebka.pl\/wp-content\/gallery\/meksyk\/mex0310-103.jpg\" alt=\"mex0310-103\" width=\"480\" height=\"320\" \/><\/p>\n<p>&nbsp;<\/p>\n<h3>Rio Lagartos na mapie:<\/h3>\n<p><iframe loading=\"lazy\" src=\"https:\/\/maps.google.pl\/maps\/ms?msa=0&amp;msid=214897184821061664598.0004ac7d5a41946ab63ad&amp;ie=UTF8&amp;t=p&amp;ll=21.555284,-88.213348&amp;spn=0.510898,0.911865&amp;z=10&amp;output=embed\" frameborder=\"0\" marginwidth=\"0\" marginheight=\"0\" scrolling=\"no\" width=\"665\" height=\"400\"><\/iframe><br \/>\n<small>Poka\u017c <a style=\"color: #0000ff; text-align: left;\" href=\"https:\/\/maps.google.pl\/maps\/ms?msa=0&amp;msid=214897184821061664598.0004ac7d5a41946ab63ad&amp;ie=UTF8&amp;t=p&amp;ll=21.555284,-88.213348&amp;spn=0.510898,0.911865&amp;z=10&amp;source=embed\">Meksyk<\/a> na wi\u0119kszej mapie<\/small><\/p>\n<h3>Uwagi i pytania kierujcie na maila NieCzekaj.eu(malpa)gmail.com<\/h3>\n<h3>Pozdrawiam,<br \/>\nKasia<\/h3>\n","protected":false},"excerpt":{"rendered":"<p>Rio Lagartos &#8211; to niewielka wioska rybacka przyci\u0105gaj\u0105ca rzesze turyst\u00f3w jedn\u0105 z najwi\u0119kszych w Meksyku koloni\u0105 flaming\u00f3w . Ptaki, nie tylko flamingi, zaiste s\u0105 w ilo\u015bciach du\u017cych. S\u0105 tak\u017ce krokodyle [&hellip;]<\/p>\n","protected":false},"author":1,"featured_media":0,"parent":1105,"menu_order":0,"comment_status":"open","ping_status":"open","template":"","meta":{"om_disable_all_campaigns":false,"_monsterinsights_skip_tracking":false,"_monsterinsights_sitenote_active":false,"_monsterinsights_sitenote_note":"","_monsterinsights_sitenote_category":0,"_s2mail":"yes","ngg_post_thumbnail":0,"footnotes":""},"class_list":["post-1186","page","type-page","status-publish","hentry"],"_links":{"self":[{"href":"https:\/\/nieczekaj.blog\/index.php\/wp-json\/wp\/v2\/pages\/1186","targetHints":{"allow":["GET"]}}],"collection":[{"href":"https:\/\/nieczekaj.blog\/index.php\/wp-json\/wp\/v2\/pages"}],"about":[{"href":"https:\/\/nieczekaj.blog\/index.php\/wp-json\/wp\/v2\/types\/page"}],"author":[{"embeddable":true,"href":"https:\/\/nieczekaj.blog\/index.php\/wp-json\/wp\/v2\/users\/1"}],"replies":[{"embeddable":true,"href":"https:\/\/nieczekaj.blog\/index.php\/wp-json\/wp\/v2\/comments?post=1186"}],"version-history":[{"count":7,"href":"https:\/\/nieczekaj.blog\/index.php\/wp-json\/wp\/v2\/pages\/1186\/revisions"}],"predecessor-version":[{"id":1205,"href":"https:\/\/nieczekaj.blog\/index.php\/wp-json\/wp\/v2\/pages\/1186\/revisions\/1205"}],"up":[{"embeddable":true,"href":"https:\/\/nieczekaj.blog\/index.php\/wp-json\/wp\/v2\/pages\/1105"}],"wp:attachment":[{"href":"https:\/\/nieczekaj.blog\/index.php\/wp-json\/wp\/v2\/media?parent=1186"}],"curies":[{"name":"wp","href":"https:\/\/api.w.org\/{rel}","templated":true}]}}