{"id":1195,"date":"2013-12-01T12:51:40","date_gmt":"2013-12-01T11:51:40","guid":{"rendered":"http:\/\/sebka.pl\/?page_id=1195"},"modified":"2013-12-01T21:35:50","modified_gmt":"2013-12-01T20:35:50","slug":"chichen-itza-piste","status":"publish","type":"page","link":"https:\/\/nieczekaj.blog\/index.php\/nasze-przewodniki\/ameryka\/meksyk\/chichen-itza-piste\/","title":{"rendered":"Chichen Itza \/ Piste"},"content":{"rendered":"<p><strong>Chichen Itza &#8211; absolutny top meksyka\u0144skich top\u00f3w (no, przynajmniej jukata\u0144skich). Ogromne, rozleg\u0142e, sterylne, zat\u0142oczone ruiny i ma\u0142e miasteczko z dworcem. Bez wzgl\u0119du na to, co tu napiszemy, i tak b\u0119dziecie chcieli tam pojecha\u0107 &#8211; przecie\u017c to Chichen Itza!<\/strong><strong><\/strong><br \/>\nPolecamy te\u017c\u00a0 nasze<strong> <a title=\"MEKSYK\" href=\"https:\/\/nieczekaj.blog\/index.php\/nasze-przewodniki\/meksyk\/\">INFORMACJE OG\u00d3LNE\u00a0 o Meksyku<\/a><\/strong> (gdzie te\u017c znajdziecie linki do innych ciekawych miejsc w Meksyku) oraz wpisy umieszczane na bie\u017c\u0105co z podr\u00f3\u017cy: <a title=\"Valladolid - blog\" href=\"http:\/\/sebka.travellerspoint.com\/106\/\">Jukatan ci\u0105g dalszy.<\/a><\/p>\n<p style=\"text-align: center;\"><img loading=\"lazy\" decoding=\"async\" class=\"ngg-singlepic ngg-center aligncenter\" style=\"border: 1px solid black;\" src=\"http:\/\/sebka.pl\/wp-content\/gallery\/meksyk-wpisy\/mex0723-144.jpg\" alt=\"mex0723-144\" width=\"480\" height=\"319\" \/><\/p>\n<h2 style=\"text-align: center;\">Transport<\/h2>\n<p><strong>Piste czyli miejscowo\u015b\u0107 obok kt\u00f3rej znajduj\u0105 si\u0119 ruiny Chichen Itza le\u017cy pomi\u0119dzy Valladolid a Merid\u0105. <\/strong>Z obydwu tych miast codziennie je\u017adzi kilkana\u015bcie autobus\u00f3w (o r\u00f3\u017cnym standardzie i cenie), kt\u00f3re zatrzymuj\u0105 si\u0119 przy wej\u015bciu do ruin i na dworcu w centrum miasteczka Piste.<strong> <\/strong><\/p>\n<p><strong><\/strong>My przyjechali\u015bmy tu z Valladolid (6z\u0142 \/os &#8211; dro\u017csze bilety oko\u0142o 10z\u0142), a wyjechali\u015bmy do Meridy (17z\u0142 \/os).<\/p>\n<p>Podobno ca\u0142kiem nie\u017ale si\u0119 tu te\u017c stopuje &#8211; nam si\u0119 co prawda nie powiod\u0142o ale cierpliwo\u015bci\u0105 nie grzeszyli\u015bmy \ud83d\ude42<\/p>\n<h2 style=\"text-align: center;\">Gdzie spa\u0107<\/h2>\n<p><strong><em>Hoteli jak mr\u00f3wk\u00f3w<\/em>! Czyli od diab\u0142a!\u00a0<\/strong>Jest w czym wybiera\u0107. My zdecydowali\u015bmy si\u0119 na hotel <strong>Piramide Inn<\/strong>, jest to jeden z pierwszych hoteli po\u0142o\u017cony zaraz przy g\u0142\u00f3wnej drodze id\u0105c od ruin do centrum Piste. Spodoba\u0142 nam si\u0119, bo: mo\u017cna si\u0119 by\u0142o rozbi\u0107 pod wiat\u0105 w\u0142asnym namiotem (13z\u0142\/os), \u0142azienki by\u0142y spoko, ksi\u0105\u017cki mo\u017cna by\u0142o wymienia\u0107 gratis, by\u0142 basen \/\u00a0 le\u017caki i by\u0142o wsz\u0119dzie blisko (do ruin i do centrum oko\u0142o 15minut spaceru).\u00a0 Zatem polecamy bardzo!<\/p>\n<p><strong>W czasie naszej bytno\u015bci tam nie odbywa\u0142y si\u0119 (ju\u017c od kilku miesi\u0119cy) wieczorne pokazy &#8220;\u015bwiat\u0142o i d\u017awi\u0119k&#8221;<\/strong> w Parku Archeologicznym. Dlatego wi\u0119kszo\u015b\u0107 turyst\u00f3w przyje\u017cd\u017ca\u0142a tu na jednodniow\u0105 wycieczk\u0119 i hotele \/ restauracje \u015bwieci\u0142y pustkami. Co z kolei spowodowa\u0142o rozpowszechnienie wszelkich rabat\u00f3w, promocji i zni\u017cek.<\/p>\n<p style=\"text-align: center;\"><img loading=\"lazy\" decoding=\"async\" class=\"ngg-singlepic ngg-center aligncenter\" style=\"border: 1px solid black;\" src=\"http:\/\/sebka.pl\/wp-content\/gallery\/meksyk-wpisy\/mex0940-176.jpg\" alt=\"mex0940-176\" width=\"505\" height=\"335\" \/><\/p>\n<h2 style=\"text-align: center;\">Gdzie zje\u015b\u0107<\/h2>\n<p><strong>Restauracji jest te\u017c wiele. <\/strong>Zazwyczaj nale\u017cy ich szuka\u0107 zaraz przy g\u0142\u00f3wnej drodze. W centrum miasteczka, jeszcze za dworcem, na niewielkim placu jest tak zwana &#8220;cucina economica&#8221; czyli stoiska z tanim jedzeniem (przynajmniej teoretycznie).<\/p>\n<p><strong>My nie korzystali\u015bmy z \u017cadnej z wy\u017cej wymienionych opcji. Przeszli\u015bmy na &#8220;self-catering&#8221;<\/strong> a to za spraw\u0105 sklep\u00f3w, kt\u00f3re tam odkryli\u015bmy. Zn\u00f3w przy g\u0142\u00f3wnej drodze s\u0105 przynajmniej dwa \u015bwietnie wyposa\u017cone warzywniaki, zaraz przed dworcem jest miejsce, w kt\u00f3rym mo\u017cna za bezcen kupi\u0107 tacosy (czyste, bez niczego) a ca\u0142kiem w centrum s\u0105 dwa supermarkety (czyli sklepy z konserwami i innymi towarami). Je\u015bli doda\u0107 do tego stoisko z grillowanym kurczakiem na wynos lub na miejscu (oczywi\u015bcie przy g\u0142\u00f3wnej drodze!) &#8211; spokojnie mo\u017cna sobie pogotowa\u0107 \ud83d\ude42<strong><\/strong><\/p>\n<p style=\"text-align: center;\"><strong><img loading=\"lazy\" decoding=\"async\" class=\"ngg-singlepic ngg-center aligncenter\" style=\"border: 1px solid black;\" src=\"http:\/\/sebka.pl\/wp-content\/gallery\/meksyk-wpisy\/mex0924-169.jpg\" alt=\"mex0924-169\" width=\"501\" height=\"333\" \/><em>La Victoria &#8211; dziura w \u015bcianie, w kt\u00f3rej produkuje si\u0119 tacosy<\/em><br \/>\n<\/strong><\/p>\n<h2 style=\"text-align: center;\">Atrakcje<\/h2>\n<p><strong>G\u0142\u00f3wn\u0105 atrakcj\u0105 jest Park Archeologiczny Chichen Itza! Nie b\u0119d\u0119 si\u0119 o nim rozpisywa\u0107, bo mi si\u0119 szczerze nie podoba\u0142. To, o czym warto pami\u0119ta\u0107, to:<\/strong><\/p>\n<p>1) <strong>zacznijcie zwiedzanie najwcze\u015bniej jak mo\u017cecie<\/strong> &#8211; w godzinach szczytu t\u0142umy s\u0105 tu naprawd\u0119 nieprzeci\u0119tne<br \/>\n2) <strong>nie mo\u017cna wnosi\u0107 (bez specjalnego zezwolenia) statywu do aparatu<\/strong>, trzeba go zostawi\u0107 w przechowalni<br \/>\n3) <strong>je\u015bli b\u0119dziecie chcieli kupi\u0107 jakie\u015b badziewne i drogie pami\u0105tki<\/strong> to tu spokojnie znajdziecie takie (b\u0119d\u0119 sprawiedliwa, niebadziewne te\u017c s\u0105), stoiska roz\u0142o\u017cone s\u0105 mi\u0119dzy ruinami<br \/>\n4) <strong>bilety kosztuj\u0105 45z\u0142 \/ os<\/strong> ale jest sporo r\u00f3\u017cnych zni\u017cek<strong><br \/>\n<\/strong>5) zaraz przy wej\u015bciu, w g\u0142\u0119bi sklepiku z pami\u0105tkami znajduje si\u0119 <strong>kilka komputer\u00f3w z dost\u0119pem do darmowego internetu <\/strong><\/p>\n<p><strong><img loading=\"lazy\" decoding=\"async\" class=\"ngg-singlepic ngg-center aligncenter\" src=\"http:\/\/sebka.pl\/wp-content\/gallery\/meksyk\/mex0740-146.jpg\" alt=\"mex0740-146\" width=\"480\" height=\"319\" \/><br \/>\n<\/strong><\/p>\n<h3>Piste na mapie:<\/h3>\n<p><iframe loading=\"lazy\" src=\"https:\/\/maps.google.pl\/maps\/ms?msa=0&amp;msid=214897184821061664598.0004ac7d5a41946ab63ad&amp;ie=UTF8&amp;t=p&amp;ll=20.704739,-88.460541&amp;spn=0.513837,0.899506&amp;z=10&amp;output=embed\" frameborder=\"0\" marginwidth=\"0\" marginheight=\"0\" scrolling=\"no\" width=\"655\" height=\"400\"><\/iframe><br \/>\n<small>Poka\u017c <a style=\"color: #0000ff; text-align: left;\" href=\"https:\/\/maps.google.pl\/maps\/ms?msa=0&amp;msid=214897184821061664598.0004ac7d5a41946ab63ad&amp;ie=UTF8&amp;t=p&amp;ll=20.704739,-88.460541&amp;spn=0.513837,0.899506&amp;z=10&amp;source=embed\">Meksyk<\/a> na wi\u0119kszej mapie<\/small><\/p>\n<h3>Uwagi i pytania kierujcie na maila NieCzekaj.eu(malpa)gmail.com<\/h3>\n<h3>Pozdrawiam,<br \/>\nKasia<\/h3>\n","protected":false},"excerpt":{"rendered":"<p>Chichen Itza &#8211; absolutny top meksyka\u0144skich top\u00f3w (no, przynajmniej jukata\u0144skich). Ogromne, rozleg\u0142e, sterylne, zat\u0142oczone ruiny i ma\u0142e miasteczko z dworcem. Bez wzgl\u0119du na to, co tu napiszemy, i tak b\u0119dziecie [&hellip;]<\/p>\n","protected":false},"author":1,"featured_media":0,"parent":1105,"menu_order":0,"comment_status":"open","ping_status":"open","template":"","meta":{"om_disable_all_campaigns":false,"_monsterinsights_skip_tracking":false,"_monsterinsights_sitenote_active":false,"_monsterinsights_sitenote_note":"","_monsterinsights_sitenote_category":0,"_s2mail":"yes","ngg_post_thumbnail":0,"footnotes":""},"class_list":["post-1195","page","type-page","status-publish","hentry"],"_links":{"self":[{"href":"https:\/\/nieczekaj.blog\/index.php\/wp-json\/wp\/v2\/pages\/1195","targetHints":{"allow":["GET"]}}],"collection":[{"href":"https:\/\/nieczekaj.blog\/index.php\/wp-json\/wp\/v2\/pages"}],"about":[{"href":"https:\/\/nieczekaj.blog\/index.php\/wp-json\/wp\/v2\/types\/page"}],"author":[{"embeddable":true,"href":"https:\/\/nieczekaj.blog\/index.php\/wp-json\/wp\/v2\/users\/1"}],"replies":[{"embeddable":true,"href":"https:\/\/nieczekaj.blog\/index.php\/wp-json\/wp\/v2\/comments?post=1195"}],"version-history":[{"count":6,"href":"https:\/\/nieczekaj.blog\/index.php\/wp-json\/wp\/v2\/pages\/1195\/revisions"}],"predecessor-version":[{"id":1204,"href":"https:\/\/nieczekaj.blog\/index.php\/wp-json\/wp\/v2\/pages\/1195\/revisions\/1204"}],"up":[{"embeddable":true,"href":"https:\/\/nieczekaj.blog\/index.php\/wp-json\/wp\/v2\/pages\/1105"}],"wp:attachment":[{"href":"https:\/\/nieczekaj.blog\/index.php\/wp-json\/wp\/v2\/media?parent=1195"}],"curies":[{"name":"wp","href":"https:\/\/api.w.org\/{rel}","templated":true}]}}