{"id":1228,"date":"2013-12-30T09:44:49","date_gmt":"2013-12-30T08:44:49","guid":{"rendered":"http:\/\/sebka.pl\/?page_id=1228"},"modified":"2013-12-30T09:44:49","modified_gmt":"2013-12-30T08:44:49","slug":"mahahual","status":"publish","type":"page","link":"https:\/\/nieczekaj.blog\/index.php\/nasze-przewodniki\/ameryka\/meksyk\/mahahual\/","title":{"rendered":"Mahahual"},"content":{"rendered":"<p><strong>Mahahual &#8211; to nie_do_ko\u0144ca zaplanowany przystanek w naszej podr\u00f3\u017cy. Chcieli\u015bmy si\u0119 dosta\u0107 do ma\u0142ej, cichej, nadmorskiej wioski jak najbli\u017cej rafy koralowej. Wyl\u0105dowali\u015bmy w Mahahual, kt\u00f3re jest \u015brednio ma\u0142e i \u015brednio ciche a z pewno\u015bci\u0105 jest bardzo turystyczne. Ale spodoba\u0142o nam si\u0119 bardzo, sp\u0119dzili\u015bmy tu kilka dni i mo\u017cemy \u015bmia\u0142o poleca\u0107!<br \/>\n<\/strong><\/p>\n<p>Polecamy te\u017c\u00a0 nasze<strong> <a title=\"MEKSYK\" href=\"https:\/\/nieczekaj.blog\/index.php\/nasze-przewodniki\/meksyk\/\">INFORMACJE OG\u00d3LNE\u00a0 o Meksyku<\/a><\/strong> (gdzie te\u017c znajdziecie linki do innych ciekawych miejsc w Meksyku) oraz wpisy umieszczane na bie\u017c\u0105co z podr\u00f3\u017cy: <a title=\"Mahahual - blog\" href=\"http:\/\/sebka.travellerspoint.com\/109\/\">Chill Out nad morzem<\/a>.<\/p>\n<p style=\"text-align: center;\"><img loading=\"lazy\" decoding=\"async\" class=\"ngg-singlepic ngg-none aligncenter\" style=\"border: 1px solid black; margin-top: 1px; margin-bottom: 1px;\" src=\"http:\/\/sebka.pl\/wp-content\/gallery\/meksyk\/mex1220-1.jpg\" alt=\"Mahahual\" width=\"480\" height=\"319\" \/><\/p>\n<h2 style=\"text-align: center;\">Transport<\/h2>\n<p><strong>Mahahual le\u017cy oko\u0142o 50km od drogi ekspresowej nr 308 (Chetumal &#8211; Cancun) i doje\u017cd\u017caj\u0105 tu autobusy (minibusy) z du\u017cych miejscowo\u015bci po\u0142o\u017conymi przy tej drodze.\u00a0 <\/strong>Dworzec autobusowy a w\u0142a\u015bciwie przystanek (nie ma tu kasy) znajduje si\u0119 w cz\u0119\u015bci hotelowej miasteczka, przy boisku.\u00a0 Autobus\u00f3w jest kilka dziennie dlatego lepiej si\u0119 upewni\u0107 zawczasu o godzinie odjazdu.<strong> <\/strong><\/p>\n<p><strong><\/strong><strong>My dostali\u015bmy si\u0119 tu z\u00a0Chetumal (20z\u0142\/os) autobusem. <\/strong> a wyjechali\u015bmy do Bacalar (17z\u0142 \/os).<\/p>\n<h2 style=\"text-align: center;\">Gdzie spa\u0107<\/h2>\n<p><strong>Hoteli, domk\u00f3w kempingowym i miejsc namiotowych jest sporo! <\/strong>R\u00f3\u017cna jako\u015b\u0107, r\u00f3\u017cna cena cho\u0107 dla najbardziej oszcz\u0119dnych znajd\u0105 si\u0119 te\u017c miejsca ca\u0142kiem bezp\u0142atne za to bez \u0142azienki \ud83d\ude42 My zdecydowanie polecamy <a title=\"Las Cabanas del Doctor\" href=\"http:\/\/www.lascabanasdeldoctor.com\/\"><strong>Las Cabanas del Doctor<\/strong><\/a> &#8211; czyste \u0142azienki, jest, gdzie posiedzie\u0107 i zrobi\u0107 sobie kanapki, ma\u0142e molo, wymiana ksi\u0105\u017cek gratis! Rozbili\u015bmy namiot na pla\u017cy na przeciwko domk\u00f3w i przez wi\u0119kszo\u015b\u0107 czasu mieli\u015bmy ca\u0142y teren (niezbyt du\u017cy) dla siebie \u0142\u0105cznie z pomostem i drewnianymi le\u017cakami!<\/p>\n<p style=\"text-align: center;\">\u00a0<img loading=\"lazy\" decoding=\"async\" class=\"ngg-singlepic ngg-none aligncenter\" style=\"border: 1px solid black; margin-top: 1px; margin-bottom: 1px;\" src=\"http:\/\/sebka.pl\/wp-content\/gallery\/meksyk-wpisy\/mahahual_2.jpg\" alt=\"Nocleg na pla\u017cy - Mahahual\" width=\"480\" height=\"319\" \/><\/p>\n<p>&nbsp;<\/p>\n<h2 style=\"text-align: center;\">Gdzie zje\u015b\u0107<\/h2>\n<p><strong>Restauracji i bar\u00f3w jest chyba jeszcze wi\u0119cej ni\u017c hoteli \ud83d\ude42 <\/strong>Zazwyczaj nale\u017cy ich szuka\u0107 zaraz przy g\u0142\u00f3wnej drodze w cz\u0119\u015bci turystycznej miasteczka.<\/p>\n<p>Bardzo polecamy bar <strong>Loncheria<\/strong> &#8211; znajduje si\u0119 przy boisku (po przek\u0105tnej do przystanku autobusowego) &#8211; jest to miejsce bardzo lokalne, dzieciaki graj\u0105 tu na automatach, mo\u017cna tu zje\u015b\u0107 pyszn\u0105 quesadille i taco a nawet popcorn \ud83d\ude42<\/p>\n<p>W porze \u015bniadaniowej przy odrobinie szcz\u0119\u015bcia mo\u017cna spotka\u0107 <strong>panie kanapkowo-przek\u0105skowe<\/strong> (g\u0142\u00f3wnie przy g\u0142\u00f3wnej drodze, w okolicy buduj\u0105cych si\u0119 hoteli) &#8211; kanapki dobre i w cenach standardowych (5z\u0142 \/ kanapka z kurczakiem).<\/p>\n<p><strong>Dla superoszcz\u0119dnych\u00a0 &#8220;self-catering&#8221;<\/strong> mo\u017cliwy! Sklep\u00f3w i sklepik\u00f3w ze wszystkim jest kilka, cho\u0107 zdecydowanie doradzamy spacer do cz\u0119\u015bci nieturystycznej miasteczka (trzeba si\u0119 cofn\u0105\u0107 z pla\u017cy w stron\u0119 drogi ekspresowej) &#8211; ceny ni\u017csze, wyb\u00f3r wi\u0119kszy!<strong><\/strong><\/p>\n<p><strong><br \/>\n<\/strong><\/p>\n<h2 style=\"text-align: center;\">Atrakcje<\/h2>\n<p><strong>Mahahual to pla\u017c\u00f3wkowo i jest to g\u0142\u00f3wna zaleta tego miejsca \ud83d\ude42 To w\u0142a\u015bciwe miejsce dla tych, kt\u00f3rzy lubi\u0105 pi\u0119kne pla\u017ce, nurkowanie, snorkowanie i popijanie trunk\u00f3w z palemk\u0105!<br \/>\n<\/strong><\/p>\n<p>1) <strong>pi\u0119kna pla\u017ca<\/strong> &#8211; piasek prawie tak samo bia\u0142y jak w okolicach Tulum, palemki &#8211; po prostu rajsko! Woda niestety nie jest zbyt zach\u0119caj\u0105ca do k\u0105pieli &#8211; p\u0142ytko i mula\u015bcie-ro\u015blinnia\u015bcie.<br \/>\n2) <strong>nurkowanie \/ snorkowanie<\/strong> &#8211; rafa znajduje si\u0119 kilkaset metr\u00f3w od brzegu wi\u0119c wystarczy odp\u0142yn\u0105\u0107 (cia\u0142em lub \u0142\u00f3dk\u0105) naprawd\u0119 niedaleko od brzegu i ju\u017c mo\u017cna ogl\u0105da\u0107 kolorowe rybki, je\u017cowce, \u017c\u00f3\u0142wie, koralowce itp. Dalej i g\u0142\u0119biej znajduj\u0105 si\u0119 podobno \u015bwietne miejsca do nurkowania &#8211; mo\u017cna nawet podejrze\u0107 zatopione statki! Wypo\u017cyczenie \u0142\u00f3dki \/ kajaku nie stanowi najmniejszego problemu &#8211; mo\u017cna to zrobi\u0107 w wi\u0119kszo\u015bci hoteli i bar\u00f3w. <strong>Bardzo polecamy!!!<\/strong><br \/>\n<strong><\/strong><\/p>\n<p style=\"text-align: center;\"><strong><img loading=\"lazy\" decoding=\"async\" class=\"ngg-singlepic ngg-none aligncenter\" style=\"border: 1px solid black; margin-top: 1px; margin-bottom: 1px;\" src=\"http:\/\/sebka.pl\/wp-content\/gallery\/meksyk-wpisy\/mahahual_1.jpg\" alt=\"Bar w Mahahual\" width=\"480\" height=\"319\" \/><br \/>\n<\/strong><\/p>\n<h3 style=\"text-align: center;\">Mahahual na mapie:<\/h3>\n<p style=\"text-align: center;\"><iframe loading=\"lazy\" src=\"https:\/\/maps.google.pl\/maps\/ms?msa=0&amp;msid=214897184821061664598.0004ac7d5a41946ab63ad&amp;ie=UTF8&amp;t=h&amp;ll=18.719097,-87.739563&amp;spn=0.520258,0.900879&amp;z=10&amp;output=embed\" frameborder=\"0\" marginwidth=\"0\" marginheight=\"0\" scrolling=\"no\" width=\"655\" height=\"400\"><\/iframe><br \/>\n<small>Poka\u017c <a style=\"color: #0000ff; text-align: left;\" href=\"https:\/\/maps.google.pl\/maps\/ms?msa=0&amp;msid=214897184821061664598.0004ac7d5a41946ab63ad&amp;ie=UTF8&amp;t=h&amp;ll=18.719097,-87.739563&amp;spn=0.520258,0.900879&amp;z=10&amp;source=embed\">Meksyk<\/a> na wi\u0119kszej mapie<\/small>\n<\/p>\n<p>&nbsp;<\/p>\n<h3>Uwagi i pytania kierujcie na maila NieCzekaj.eu(malpa)gmail.com<\/h3>\n<h3>Pozdrawiam,<br \/>\nKasia<\/h3>\n","protected":false},"excerpt":{"rendered":"<p>Mahahual &#8211; to nie_do_ko\u0144ca zaplanowany przystanek w naszej podr\u00f3\u017cy. Chcieli\u015bmy si\u0119 dosta\u0107 do ma\u0142ej, cichej, nadmorskiej wioski jak najbli\u017cej rafy koralowej. Wyl\u0105dowali\u015bmy w Mahahual, kt\u00f3re jest \u015brednio ma\u0142e i \u015brednio [&hellip;]<\/p>\n","protected":false},"author":1,"featured_media":0,"parent":1105,"menu_order":0,"comment_status":"open","ping_status":"open","template":"","meta":{"om_disable_all_campaigns":false,"_monsterinsights_skip_tracking":false,"_monsterinsights_sitenote_active":false,"_monsterinsights_sitenote_note":"","_monsterinsights_sitenote_category":0,"_s2mail":"yes","ngg_post_thumbnail":0,"footnotes":""},"class_list":["post-1228","page","type-page","status-publish","hentry"],"_links":{"self":[{"href":"https:\/\/nieczekaj.blog\/index.php\/wp-json\/wp\/v2\/pages\/1228","targetHints":{"allow":["GET"]}}],"collection":[{"href":"https:\/\/nieczekaj.blog\/index.php\/wp-json\/wp\/v2\/pages"}],"about":[{"href":"https:\/\/nieczekaj.blog\/index.php\/wp-json\/wp\/v2\/types\/page"}],"author":[{"embeddable":true,"href":"https:\/\/nieczekaj.blog\/index.php\/wp-json\/wp\/v2\/users\/1"}],"replies":[{"embeddable":true,"href":"https:\/\/nieczekaj.blog\/index.php\/wp-json\/wp\/v2\/comments?post=1228"}],"version-history":[{"count":2,"href":"https:\/\/nieczekaj.blog\/index.php\/wp-json\/wp\/v2\/pages\/1228\/revisions"}],"predecessor-version":[{"id":1230,"href":"https:\/\/nieczekaj.blog\/index.php\/wp-json\/wp\/v2\/pages\/1228\/revisions\/1230"}],"up":[{"embeddable":true,"href":"https:\/\/nieczekaj.blog\/index.php\/wp-json\/wp\/v2\/pages\/1105"}],"wp:attachment":[{"href":"https:\/\/nieczekaj.blog\/index.php\/wp-json\/wp\/v2\/media?parent=1228"}],"curies":[{"name":"wp","href":"https:\/\/api.w.org\/{rel}","templated":true}]}}