{"id":1234,"date":"2014-01-04T12:27:28","date_gmt":"2014-01-04T11:27:28","guid":{"rendered":"http:\/\/sebka.pl\/?page_id=1234"},"modified":"2014-01-04T12:27:28","modified_gmt":"2014-01-04T11:27:28","slug":"zipolite","status":"publish","type":"page","link":"https:\/\/nieczekaj.blog\/index.php\/nasze-przewodniki\/ameryka\/meksyk\/zipolite\/","title":{"rendered":"Zipolite"},"content":{"rendered":"<p><strong>Jest na Ziemi kilka takich miejsc &#8211; ani szczeg\u00f3lnie \u0142adnych ani atrakcyjnych, do kt\u00f3rych \u017cywimy ogromny sentyment i do kt\u00f3rych teleportowaliby\u015bmy si\u0119 bez chwili wahania (gdyby by\u0142a taka mo\u017cliwo\u015b\u0107, eh&#8230;.). Od marca 2013r. zaliczamy do nich r\u00f3wnie\u017c Zipolite!<br \/>\n<\/strong><\/p>\n<p>Przeczytajcie\u00a0 nasze<strong> <a title=\"MEKSYK\" href=\"https:\/\/nieczekaj.blog\/index.php\/nasze-przewodniki\/meksyk\/\">INFORMACJE OG\u00d3LNE\u00a0 o Meksyku<\/a><\/strong> (gdzie te\u017c znajdziecie linki do innych ciekawych miejsc w Meksyku) oraz wpisy umieszczane na bie\u017c\u0105co z podr\u00f3\u017cy: <a title=\"Zipolite - blog\" href=\"http:\/\/sebka.travellerspoint.com\/117\/\">San Cristobal i Zipolite<\/a>.<\/p>\n<p style=\"text-align: center;\"><img loading=\"lazy\" decoding=\"async\" class=\"ngg-singlepic ngg-center aligncenter\" style=\"border: 1px solid black; margin-top: 1px; margin-bottom: 1px;\" src=\"http:\/\/sebka.pl\/wp-content\/gallery\/meksyk-wpisy\/zipolite_1.jpg\" alt=\"zipolite_1\" width=\"480\" height=\"319\" \/><\/p>\n<h2 style=\"text-align: center;\">Og\u00f3lnie<\/h2>\n<p>Miasteczko Zipolite znajduje si\u0119 nad Oceanem Spokojnym i jest w\u0142a\u015bciwie d\u0142ug\u0105 pla\u017c\u0105 z przyleg\u0142o\u015bciami. Jest tu mn\u00f3stwo bar\u00f3w, restauracji i hoteli wychodz\u0105cych lub wr\u0119cz znajduj\u0105cych si\u0119 na pla\u017cy. Tym co przyci\u0105ga tu rzesze turyst\u00f3w, to specyficzna atmosfera tego miejsca &#8211; nieskr\u0119powanej wolno\u015b\u0107 i poczucia, \u017ce naprawd\u0119 ale to absolutnie nic nie musisz robi\u0107 :).<\/p>\n<h2 style=\"text-align: center;\">Transport<\/h2>\n<p><strong>Najbli\u017cszym wi\u0119kszym miastem jest Poczutla &#8211; bardziej przystanek przesiadkowy ni\u017c miejscowo\u015b\u0107 warta zobaczenia. <\/strong>St\u0105d je\u017cd\u017c\u0105 camionetas (czyli furgonetki z \u0142awkami) do Zipolite &#8211; oko\u0142o 2,5z\u0142 za przejazd. Camionetas zatrzymuj\u0105 si\u0119 w centrum Zipolite (kilkaset metr\u00f3w od pla\u017cy) i przy drodze do Puerto Angel. Je\u017cd\u017c\u0105 mniej wi\u0119cej co p\u00f3\u0142godziny ale trzeba nie\u017ale si\u0119 natrudzi\u0107, by znale\u017a\u0107 ich przystanek w Pochutli &#8211; znajduje si\u0119 kilkaset metr\u00f3w od dworc\u00f3w autobusowych, przy jeden z bocznych uliczek &#8211; pytajcie do skutku! Oczywi\u015bcie mo\u017cna te\u017c wynaj\u0105\u0107 taks\u00f3wk\u0119!<strong> <\/strong><\/p>\n<p><strong><\/strong><strong>My dostali\u015bmy si\u0119 tu (czyli do Pochutli) nocnym autobusem z San Cristobal de las Casas (120z\u0142\/os),\u00a0 <\/strong> a wyjechali\u015bmy busem do Oaxaci (ok 120z\u0142 \/os) bardzo bardzo bardzo kr\u0119t\u0105 drog\u0105, nad wyborem kt\u00f3rej trzeba si\u0119 zastanowi\u0107 przynajmniej 2 razy!<\/p>\n<h2 style=\"text-align: center;\">Gdzie spa\u0107<\/h2>\n<p><strong>Spa\u0107 tu mo\u017cna wsz\u0119dzie! <\/strong>Od \u0142adnych hoteli i cabanii, przez namioty rozbite tu\u017c przy tych cabanach (to nasza wersja) lub barach a\u017c po ordynarne spanie gratis na pla\u017cy \ud83d\ude42 Polecamy <strong>La Habana Cabanas<\/strong> (12z\u0142 \/ namiot) &#8211; spali\u015bmy we w\u0142asnym namiocie rozbitym pod domkami na palach (12z\u0142 \/ namiot) &#8211; mieli\u015bmy cie\u0144, plastikowe stoliki i krzes\u0142a, dost\u0119p do czystych \u0142azienek &#8211; za tak\u0105 kwot\u0119 naprawd\u0119 warto! Czuli\u015bmy si\u0119 te\u017c bezpiecznie, bo w nocy zawsze kto\u015b z pracownik\u00f3w spa\u0142 na hamaku niedaleko naszego namiotu. Gor\u0105co polecamy!!!!<br \/>\n<strong>Teraz antypolecenie czyli ca\u0142kiem nie nasz klimat!<\/strong> Pierwsz\u0105 noc sp\u0119dzili\u015bmy rozbijaj\u0105c namiot w Posada Kiko i towarzyszy\u0142o nam g\u0142o\u015bne techno i szeroko poj\u0119ta muzyka elektroniczna.<\/p>\n<p style=\"text-align: center;\"><img loading=\"lazy\" decoding=\"async\" class=\"ngg-singlepic ngg-none aligncenter\" style=\"border: 1px solid black; margin-top: 1px; margin-bottom: 1px;\" src=\"http:\/\/sebka.pl\/wp-content\/gallery\/meksyk-wpisy\/zipolite_3.jpg\" alt=\"zipolite_3\" width=\"480\" height=\"319\" \/><\/p>\n<h2 style=\"text-align: center;\">Gdzie zje\u015b\u0107<\/h2>\n<p><strong>Restauracji i bar\u00f3w jest bardzo du\u017co \ud83d\ude42 <\/strong>Wi\u0119kszo\u015bc z nich znajduje si\u0119 przy g\u0142\u00f3wnej ulicy r\u00f3wnoleg\u0142ej do pla\u017cy. Mo\u017cna zje\u015b\u0107 tu potrawy z ca\u0142ego \u015bwiata &#8211; du\u017co kuchni w\u0142oskiej!<br \/>\nPolecamy poni\u017csze miejsca:<\/p>\n<ul>\n<li>wieczorne stoisko z tacosami &#8211; dziura w \u015bcianie i kilka stolik\u00f3w wystawionych na zewn\u0105trz przy uliczce prowadz\u0105cej od g\u0142\u00f3wnej ulicy do Posada Kiko na pla\u017cy &#8211; trzeba si\u0119 spieszy\u0107, bo panie robi\u0105 naprawd\u0119 dobre taco ale do\u015b\u0107 szybko zamykaj\u0105<\/li>\n<li>Salt and Pepper &#8211; restauracja po\u0142o\u017cona na pla\u017cy zaraz obok La Habana Cabanas, \u015bwietne owoce morza i ryby, du\u017ce porcje, ogromne krewetki &#8211; polecamy gor\u0105co!!!!<\/li>\n<\/ul>\n<p><strong>Dla self-caterowc\u00f3w &#8211; <\/strong>Zipolite mo\u017ce okaza\u0107 si\u0119 frustruj\u0105ce dla tych, kt\u00f3rzy chc\u0105 przyoszcz\u0119dzi\u0107 na jedzeniu i gotowa\u0107 we w\u0142asnym zakresie. Sklep\u00f3w jest kilka przy g\u0142\u00f3wnej ulicy i jeszcze kilka przy drodze do Puerto Angel &#8211; wszystkie s\u0105 \u015brednio du\u017ce, \u015brednio wyposa\u017cone a ceny do\u015b\u0107 wyg\u00f3rowane. W centrum miasteczka (oczywi\u015bcie przy g\u0142\u00f3wnej ulicy) znajduje si\u0119 piekarnia &#8211; \u015bwietne ale drogie bu\u0142eczki!<strong><br \/>\n<\/strong><\/p>\n<h2 style=\"text-align: center;\">Atrakcje<\/h2>\n<p style=\"text-align: center;\"><strong>Powtarzam si\u0119 ale zn\u00f3w musz\u0119 napisa\u0107, \u017ce najwi\u0119ksz\u0105 atrakcj\u0105 jest specyficzna atmosfera miejsca! <\/strong>To idealne miejsce, by si\u0119 wyluzowa\u0107, pole\u017ce\u0107 na pla\u017cy, pomedytowa\u0107, pi\u0107 piwko &#8211; co kto lubi \ud83d\ude42 Ludzie sp\u0119dzaj\u0105 tu kilka miesi\u0119cy, my te\u017c dali\u015bmy si\u0119 wci\u0105gn\u0105\u0107 na d\u0142u\u017cej ni\u017c planowali\u015bmy. Pla\u017ca i woda s\u0105 tu zupe\u0142nie inne ni\u017c w Mahahual &#8211; ju\u017c nie tak bia\u0142o-turkusowo, ju\u017c nie nurkujemy ale jest pi\u0119knie i naprawd\u0119 warto tu przyjecha\u0107!<strong><\/p>\n<p><\/strong><img loading=\"lazy\" decoding=\"async\" class=\"ngg-singlepic ngg-none aligncenter\" style=\"border: 1px solid black; margin-top: 1px; margin-bottom: 1px;\" src=\"http:\/\/sebka.pl\/wp-content\/gallery\/meksyk-wpisy\/zipolite_2.jpg\" alt=\"zipolite_2\" width=\"480\" height=\"319\" \/><br \/>\n<strong><\/strong><\/p>\n<p><strong><br \/>\n<\/strong><\/p>\n<h3>Zipolite na mapie:<\/h3>\n<p><iframe loading=\"lazy\" width=\"655\" height=\"400\" frameborder=\"0\" scrolling=\"no\" marginheight=\"0\" marginwidth=\"0\" src=\"https:\/\/maps.google.pl\/maps\/ms?msa=0&amp;msid=214897184821061664598.0004ac7d5a41946ab63ad&amp;ie=UTF8&amp;t=h&amp;ll=15.677915,-96.521072&amp;spn=0.13222,0.224876&amp;z=12&amp;output=embed\"><\/iframe><br \/><small>Poka\u017c <a href=\"https:\/\/maps.google.pl\/maps\/ms?msa=0&amp;msid=214897184821061664598.0004ac7d5a41946ab63ad&amp;ie=UTF8&amp;t=h&amp;ll=15.677915,-96.521072&amp;spn=0.13222,0.224876&amp;z=12&amp;source=embed\" style=\"color:#0000FF;text-align:left\">Meksyk<\/a> na wi\u0119kszej mapie<\/small><\/p>\n<p>&nbsp;<\/p>\n<p>&nbsp;<\/p>\n<h3>Uwagi i pytania kierujcie na maila NieCzekaj.eu(malpa)gmail.com<\/h3>\n<h3>Pozdrawiam,<br \/>\nKasia<\/h3>\n","protected":false},"excerpt":{"rendered":"<p>Jest na Ziemi kilka takich miejsc &#8211; ani szczeg\u00f3lnie \u0142adnych ani atrakcyjnych, do kt\u00f3rych \u017cywimy ogromny sentyment i do kt\u00f3rych teleportowaliby\u015bmy si\u0119 bez chwili wahania (gdyby by\u0142a taka mo\u017cliwo\u015b\u0107, eh&#8230;.). [&hellip;]<\/p>\n","protected":false},"author":1,"featured_media":0,"parent":1105,"menu_order":0,"comment_status":"open","ping_status":"open","template":"","meta":{"om_disable_all_campaigns":false,"_monsterinsights_skip_tracking":false,"_monsterinsights_sitenote_active":false,"_monsterinsights_sitenote_note":"","_monsterinsights_sitenote_category":0,"_s2mail":"yes","ngg_post_thumbnail":0,"footnotes":""},"class_list":["post-1234","page","type-page","status-publish","hentry"],"_links":{"self":[{"href":"https:\/\/nieczekaj.blog\/index.php\/wp-json\/wp\/v2\/pages\/1234","targetHints":{"allow":["GET"]}}],"collection":[{"href":"https:\/\/nieczekaj.blog\/index.php\/wp-json\/wp\/v2\/pages"}],"about":[{"href":"https:\/\/nieczekaj.blog\/index.php\/wp-json\/wp\/v2\/types\/page"}],"author":[{"embeddable":true,"href":"https:\/\/nieczekaj.blog\/index.php\/wp-json\/wp\/v2\/users\/1"}],"replies":[{"embeddable":true,"href":"https:\/\/nieczekaj.blog\/index.php\/wp-json\/wp\/v2\/comments?post=1234"}],"version-history":[{"count":5,"href":"https:\/\/nieczekaj.blog\/index.php\/wp-json\/wp\/v2\/pages\/1234\/revisions"}],"predecessor-version":[{"id":1240,"href":"https:\/\/nieczekaj.blog\/index.php\/wp-json\/wp\/v2\/pages\/1234\/revisions\/1240"}],"up":[{"embeddable":true,"href":"https:\/\/nieczekaj.blog\/index.php\/wp-json\/wp\/v2\/pages\/1105"}],"wp:attachment":[{"href":"https:\/\/nieczekaj.blog\/index.php\/wp-json\/wp\/v2\/media?parent=1234"}],"curies":[{"name":"wp","href":"https:\/\/api.w.org\/{rel}","templated":true}]}}