{"id":1244,"date":"2014-01-08T22:08:21","date_gmt":"2014-01-08T21:08:21","guid":{"rendered":"http:\/\/sebka.pl\/?page_id=1244"},"modified":"2014-01-08T22:08:21","modified_gmt":"2014-01-08T21:08:21","slug":"mexico-city","status":"publish","type":"page","link":"https:\/\/nieczekaj.blog\/index.php\/nasze-przewodniki\/ameryka\/meksyk\/mexico-city\/","title":{"rendered":"Mexico City"},"content":{"rendered":"<h3>Mexico City &#8211; stolica kraju, miasto o bardo z\u0142ej s\u0142awie, naszym zdaniem przepi\u0119kne i zdecydowanie warte zwiedzenia!<\/h3>\n<p>Przeczytajcie te\u017c\u00a0 nasze <strong><a title=\"Przewodnik po Meksyku\" href=\"https:\/\/nieczekaj.blog\/index.php\/nasze-przewodniki\/meksyk\/\">INFORMACJE OG\u00d3LNE\u00a0 o Meksyku<\/a><\/strong> oraz wpisy umieszczane na bie\u017c\u0105co: <a title=\"Mexico City - blog\" href=\"http:\/\/sebka.travellerspoint.com\/118\/\">Oaxaca i miasto Meksyk<\/a>.<\/p>\n<p style=\"text-align: center;\"><img loading=\"lazy\" decoding=\"async\" class=\"ngg-singlepic ngg-none aligncenter\" style=\"border: 1px solid black; margin-top: 1px; margin-bottom: 1px;\" src=\"http:\/\/sebka.pl\/wp-content\/gallery\/meksyk-wpisy\/mexico_5.jpg\" alt=\"Mexico City\" width=\"480\" height=\"319\" \/><\/p>\n<h2 style=\"text-align: center;\">Og\u00f3lnie<\/h2>\n<p>Przystanek w mie\u015bcie Meksyk zaplanowali\u015bmy ju\u017c na pocz\u0105tku naszej podr\u00f3\u017cy &#8211; z tej prostej przyczyny, \u017ce mieli\u015bmy stamt\u0105d samolot do Polski. Jechali\u015bmy tam z niema\u0142ymi obawami (z ostrze\u017ceniami w przewodniku jest tak jak z ulotkami lek\u00f3w &#8211; niby dobrze wiedzie\u0107, co Ci grozi ale czy zawsze&#8230;). Jednak miasto nas zachwyci\u0142o! Pi\u0119kne, majestatyczne, pe\u0142ne przestrzeni, pi\u0119knych budowli, \u015bwietnie zorganizowane! Sami mieszka\u0144cy tego miasta nie podzielali naszych zachwyt\u00f3w \ud83d\ude42 Zdecydowanie warto tu przyjecha\u0107, by pozwiedza\u0107 (a jest co!), poogl\u0105da\u0107 i wyrobi\u0107 sobie w\u0142asn\u0105 opini\u0119!<\/p>\n<p>Jako, \u017ce by\u0142 to nasz ostatni przystanek przed powrotem, g\u0142owy mieli\u015bmy zaj\u0119te prezentami i pogod\u0105 w Polsce. Zarzucili\u015bmy wi\u0119c pisanie notatek praktycznych \ud83d\ude41 Zatem poni\u017cej przedstawiamy bardziej nasze wspomnienia i zachwyty ni\u017c gar\u015b\u0107 fakt\u00f3w.<\/p>\n<h2 style=\"text-align: center;\">Transport<\/h2>\n<p><strong>Do Mexico City mo\u017cna dojecha\u0107 z ka\u017cdego miejsca w kraju.\u00a0<\/strong> S\u0105 tu a\u017c 4 dworce autobusowe, zgodnie z kierunkami, w kt\u00f3rych odje\u017cd\u017caj\u0105 \/ przyje\u017cd\u017caj\u0105 autobusy. Dworce s\u0105 dobrze po\u0142\u0105czone z centrum miasta, du\u017ce i dobrze oznaczone. Nie_bardzo_daleko od centrum miasta znajduje si\u0119 te\u017c lotnisko mi\u0119dzynarodowe, jedno z najwi\u0119kszych w tej cz\u0119\u015bci \u015bwiata &#8211; mo\u017cna do niego \u0142atwo dojecha\u0107 metrem.<\/p>\n<p><strong>Miasto jest bardzo rozleg\u0142e ale komunikacja miejska jest bardzo dobrze zorganizowana!<\/strong> Nas oczywi\u015bcie zachwyci\u0142o metro &#8211; jest kilka linii, bardzo dobrze oznaczonych. Jedyn\u0105 wad\u0105 (no, mo\u017ce czasem przygod\u0105) jest poziom jego zat\u0142oczenia na pewnych trasach w pewnych godzinach &#8211; mieli\u015bmy okazj\u0119 si\u0119 przekona\u0107, co to znaczy PRAWDZIWY \u015bcisk! Poza metrem je\u017cd\u017c\u0105 oczywi\u015bcie autobusy &#8211; te\u017c dobrze oznaczone (przynajmniej ten, kt\u00f3rym jechali\u015bmy \ud83d\ude42 ).\u00a0 S\u0105 tak\u017ce rowery miejskie i \u015bcie\u017cki rowerowe &#8211; nie wiemy, jak mo\u017cna je wypo\u017cyczy\u0107 ale pewnie nie jest to bardzo trudne!<\/p>\n<p style=\"text-align: center;\"><img loading=\"lazy\" decoding=\"async\" class=\"ngg-singlepic ngg-none aligncenter\" style=\"border: 1px solid black; margin-top: 1px; margin-bottom: 1px;\" src=\"http:\/\/sebka.pl\/wp-content\/gallery\/meksyk-wpisy\/mexico_1.jpg\" alt=\"Rowery miejsce w Meksyku\" width=\"480\" height=\"319\" \/><\/p>\n<h2 style=\"text-align: center;\">Gdzie spa\u0107 i zje\u015b\u0107<\/h2>\n<p><strong>W mie\u015bcie Meksyk spali\u015bmy u znajomej z Couchsurfingu &#8211; dzi\u0119ki Dasza!!!! &#8211; wi\u0119c w kwestiach noclegowych nie mamy rozeznania i rad\u0105 s\u0142u\u017cy\u0107 nie mo\u017cemy!<br \/>\nW kwestiach \u017cywieniowych te\u017c popisa\u0107 si\u0119 nie mo\u017cemy, gdy\u017c nie zapisali\u015bmy ani jednej nazwy \ud83d\ude41<\/strong> Na dworcach i w okolicach stacji metra mo\u017cna kupi\u0107 bardzo dobre i niezbyt drogie kanapki!<\/p>\n<p>&nbsp;<\/p>\n<h2 style=\"text-align: center;\">Atrakcje<\/h2>\n<p>Atrakcji jest w mie\u015bcie Meksyk, \u017ce nawet nie b\u0119d\u0119 pr\u00f3bowa\u0142a ich tu wypisywa\u0107 wszystkich. Napisz\u0119 tylko o tych sprawdzonych przez nas osobi\u015bcie:<\/p>\n<ul>\n<li>spacery po mie\u015bcie &#8211; zdecydowanie bardzo polecamy ca\u0142e rozleg\u0142e centrum! Jest pi\u0119knie! Katedra Metropolitana, Palacio Nacional ze s\u0142ynnymi muraliami Diego Riviery. Nic, tylko wzi\u0105\u0107 wygodne buty, \u0142azi\u0107 i nie przejmowa\u0107 si\u0119tymi tysi\u0105cami innych turyst\u00f3w<\/li>\n<li>Muzeum Etnograficzne &#8211; nie tylko dla fanatyk\u00f3w etnografii, jest tak rozleg\u0142e, \u017ce spokojnie mo\u017cna w nim sp\u0119dzi\u0107 kilka godzin, pi\u0119kne zbiory, \u015bwietnie przedstawione!<\/li>\n<li>Sanktuarium w Gwadelupe &#8211; to raczej tylko dla bardzo ch\u0119tnych, nam si\u0119 nie podoba\u0142o, Liche\u0144 to przy tym piku\u015b<\/li>\n<li>Muzeum Fridy Khalo &#8211; podobno warte zobaczenia, my odbili\u015bmy si\u0119 od kolejki i zrezygnowali\u015bmy. Nasza rada: b\u0105d\u017acie wcze\u015bnie! Sama dzielnica Coyoacan jest bardzo malownicza!<img loading=\"lazy\" decoding=\"async\" class=\"ngg-singlepic ngg-none aligncenter\" style=\"border: 1px solid black; margin-top: 1px; margin-bottom: 1px;\" src=\"http:\/\/sebka.pl\/wp-content\/gallery\/meksyk-wpisy\/mexico_4.jpg\" alt=\"mexico_4\" width=\"480\" height=\"319\" \/><\/li>\n<\/ul>\n<p style=\"text-align: center;\"><strong>Mexico City na mapie<\/strong>:<br \/>\n<iframe loading=\"lazy\" src=\"https:\/\/maps.google.com\/maps\/ms?msa=0&amp;msid=214897184821061664598.0004ac7d5a41946ab63ad&amp;hl=pl&amp;ie=UTF8&amp;t=p&amp;ll=19.430334,-99.250488&amp;spn=1.03605,1.782532&amp;z=9&amp;output=embed\" frameborder=\"0\" marginwidth=\"0\" marginheight=\"0\" scrolling=\"no\" width=\"650\" height=\"400\"><\/iframe><br \/>\n<small>Poka\u017c <a style=\"color: #0000ff; text-align: left;\" href=\"https:\/\/maps.google.com\/maps\/ms?msa=0&amp;msid=214897184821061664598.0004ac7d5a41946ab63ad&amp;hl=pl&amp;ie=UTF8&amp;t=p&amp;ll=19.430334,-99.250488&amp;spn=1.03605,1.782532&amp;z=9&amp;source=embed\">Meksyk<\/a> na wi\u0119kszej mapie<\/small><br \/>\n<small><\/small><\/p>\n<h3>Uwagi i pytania kierujcie na maila NieCzekaj.eu(malpa)gmail.com<\/h3>\n<h3>Pozdrawiam,<br \/>\nKasia<\/h3>\n","protected":false},"excerpt":{"rendered":"<p>Mexico City &#8211; stolica kraju, miasto o bardo z\u0142ej s\u0142awie, naszym zdaniem przepi\u0119kne i zdecydowanie warte zwiedzenia! Przeczytajcie te\u017c\u00a0 nasze INFORMACJE OG\u00d3LNE\u00a0 o Meksyku oraz wpisy umieszczane na bie\u017c\u0105co: Oaxaca [&hellip;]<\/p>\n","protected":false},"author":1,"featured_media":0,"parent":1105,"menu_order":0,"comment_status":"open","ping_status":"open","template":"","meta":{"om_disable_all_campaigns":false,"_monsterinsights_skip_tracking":false,"_monsterinsights_sitenote_active":false,"_monsterinsights_sitenote_note":"","_monsterinsights_sitenote_category":0,"_s2mail":"yes","ngg_post_thumbnail":0,"footnotes":""},"class_list":["post-1244","page","type-page","status-publish","hentry"],"_links":{"self":[{"href":"https:\/\/nieczekaj.blog\/index.php\/wp-json\/wp\/v2\/pages\/1244","targetHints":{"allow":["GET"]}}],"collection":[{"href":"https:\/\/nieczekaj.blog\/index.php\/wp-json\/wp\/v2\/pages"}],"about":[{"href":"https:\/\/nieczekaj.blog\/index.php\/wp-json\/wp\/v2\/types\/page"}],"author":[{"embeddable":true,"href":"https:\/\/nieczekaj.blog\/index.php\/wp-json\/wp\/v2\/users\/1"}],"replies":[{"embeddable":true,"href":"https:\/\/nieczekaj.blog\/index.php\/wp-json\/wp\/v2\/comments?post=1244"}],"version-history":[{"count":8,"href":"https:\/\/nieczekaj.blog\/index.php\/wp-json\/wp\/v2\/pages\/1244\/revisions"}],"predecessor-version":[{"id":1257,"href":"https:\/\/nieczekaj.blog\/index.php\/wp-json\/wp\/v2\/pages\/1244\/revisions\/1257"}],"up":[{"embeddable":true,"href":"https:\/\/nieczekaj.blog\/index.php\/wp-json\/wp\/v2\/pages\/1105"}],"wp:attachment":[{"href":"https:\/\/nieczekaj.blog\/index.php\/wp-json\/wp\/v2\/media?parent=1244"}],"curies":[{"name":"wp","href":"https:\/\/api.w.org\/{rel}","templated":true}]}}