{"id":1276,"date":"2014-04-08T22:46:31","date_gmt":"2014-04-08T20:46:31","guid":{"rendered":"http:\/\/sebka.pl\/?page_id=1276"},"modified":"2014-05-16T16:58:10","modified_gmt":"2014-05-16T14:58:10","slug":"gwatemala","status":"publish","type":"page","link":"https:\/\/nieczekaj.blog\/index.php\/nasze-przewodniki\/ameryka\/gwatemala\/","title":{"rendered":"GWATEMALA"},"content":{"rendered":"<h3>Witajcie! Po d\u0142ugiej przerwie zn\u00f3w wspominamy \ud83d\ude42 Tym razem czas na pi\u0119kn\u0105 i dzik\u0105 Gwatemal\u0119! Sp\u0119dzili\u015bmy tak ponad miesi\u0105c (II-III.2013), cho\u0107 pocz\u0105tkowo planowali\u015bmy tylko 2 tygodnie. C\u00f3\u017c&#8230;zakochali\u015bmy si\u0119 i w tym stanie pozostajemy do tej pory \ud83d\ude42 Polecamy wszystkim \u017c\u0105dnym przyg\u00f3d podr\u00f3\u017cnikom!<\/h3>\n<p><img loading=\"lazy\" decoding=\"async\" class=\"ngg-singlepic ngg-none aligncenter\" style=\"border: 1px solid black; margin-top: 1px; margin-bottom: 1px;\" src=\"http:\/\/sebka.pl\/wp-content\/gallery\/gwatemala_wpisy\/flaga.jpg\" alt=\"flaga\" width=\"478\" height=\"318\" \/><\/p>\n<h2 style=\"text-align: center;\">Kiedy jecha\u0107<\/h2>\n<p><strong>Jak zawsze poza sezonem turystycznym<\/strong> tzn. na wiosn\u0119 lub jesieni\u0105. My byli\u015bmy tam od stycznia do marca i zdecydowanie polecamy ten czas! Temperatura ok 25-35stopni, pi\u0119kne s\u0142o\u0144ce, deszczyk od czasu do czasu!<\/p>\n<h2 style=\"text-align: center;\">Przej\u015bcia graniczne\/Wizy<\/h2>\n<p><strong>Do <\/strong><strong>Gwatemali, <\/strong><strong>dok\u0142adnie do Flores,<\/strong><strong> dostali\u015bmy si\u0119 bezpo\u015brednim autobusem z Chetumal (<\/strong><strong>w <\/strong><strong>Meksyku). <\/strong>Odje\u017cd\u017ca on o 7 rano i przeje\u017cd\u017ca przez Belize (na granicy nale\u017cy wykupi\u0107 wiz\u0119 tranzytow\u0105).<strong><br \/>\n<\/strong>Wyje\u017cd\u017cali\u015bmy autobusami do i od granicy na trasie Huehuetenango \u2013 San Cristobal de las Casas (zn\u00f3w w Meksyku). Autobus\u00f3w takowych jest mnogo. Uwaga!Jest to jedno z najd\u0142u\u017cszych przej\u015b\u0107 granicznych \u015bwiata wi\u0119c rozwa\u017ccie uwa\u017cnie zaproszenia taks\u00f3wkarzy na granicy \ud83d\ude42<\/p>\n<p><strong>Wiza nie jest wymagana przy pobytach nie przekraczaj\u0105cych 90 dni.<\/strong><\/p>\n<h2 style=\"text-align: center;\">Zdrowie<\/h2>\n<p><strong>Gwatemala, podobnie jak Meksyk,<\/strong><strong> nie jest gro\u017an<\/strong><strong>a<\/strong> &#8211; osobom wybieraj\u0105cym si\u0119 do tego regionu zaleca si\u0119 standardowe szczepionki, tzn. WZW A i B, t\u0119\u017cec, b\u0142onnica, dur brzuszny. Malaria wyst\u0119puje tylko w niekt\u00f3rych regionach (zw\u0142aszcza w tych zapuszczonych). O list\u0119 przydatnych szczepionek mo\u017cna zapyta\u0107 w centrach szczepie\u0144. W Warszawie polecamy <a href=\"http:\/\/www.zakazny.pl\/\">Centrum chor\u00f3b zaka\u017anych<\/a> lub dro\u017csze <a href=\"http:\/\/www.wsse.webserwer.pl\/\">centrum szczepie\u0144<\/a> . Polecamy tak\u017ce stron\u0119 <a href=\"http:\/\/www.medycynatropikalna.pl\/kraj\/gwatemala\/170\">Wojskowego Instytutu Medycznego<\/a>.<\/p>\n<p><strong>Oczywi\u015bcie \u015brodki antykomarne si\u0119 przydadz\u0105 bardzo!<\/strong> My korzystali\u015bmy z Muggi zakupionej w Polsce &#8211; sprawdzi\u0142a si\u0119!<\/p>\n<h2 style=\"text-align: center;\">Ceny i waluta<\/h2>\n<p><strong>Walut\u0105 <\/strong><strong>Gwatemali<\/strong><strong> jest <\/strong><strong>quetzal <\/strong><strong>(<\/strong><strong>GTQ<\/strong><strong>).<\/strong> Podczas naszego pobytu przelicznik by\u0142 z grubsza taki: 1GTQ = 0,4 z\u0142. Waluta jest stosowana w ca\u0142ym kraju a p\u0142acenie w innej walucie (np. dolar czy euro) nie jest rozpowszechnione. W niekt\u00f3rych regionach (np. Flores) bankomaty s\u0105 rzadko\u015bci\u0105 wi\u0119c lepiej mie\u0107 to na uwadze.<\/p>\n<p><strong>Przyk\u0142adowe ceny (\u015brednio):<\/strong><\/p>\n<p>* <strong>nocleg<\/strong> dla dw\u00f3ch os\u00f3b (tani i zdecydowanie nie-gwiazdkowy) &#8211; 24-40 z\u0142<br \/>\n* <strong>przek\u0105ska uliczna<\/strong> &#8211; 2-3 z\u0142<br \/>\n* <strong>obiad w barze<\/strong> du\u017ca porcja &#8211; 12-15 z\u0142<\/p>\n<p>* <strong>internet<\/strong> (1 godz) &#8211; 2-3 z\u0142<\/p>\n<p>* <strong>autobus<\/strong> <strong>(chickenbusy)<\/strong> &#8211; ceny zale\u017c\u0105 oczywi\u015bcie od dystansu i uczciwo\u015bci biletera (zazwyczaj bardzo wysoki poziom uczciwo\u015bci). Przyk\u0142adowe ceny za przejazdy:<\/p>\n<p>&#8211; <strong>Flores<\/strong><strong> &#8211; <\/strong><strong>Coban<\/strong>: 36z\u0142 \/ ca\u0142y dzie\u0144 \ud83d\ude42<br \/>\n&#8211; <strong>C<\/strong><strong>oban<\/strong><strong> \u2013 <\/strong><strong>Guatemala City<\/strong><strong>:<\/strong> 18z\u0142 \/ 4h<br \/>\n&#8211; <strong>Guatemala City<\/strong><strong><strong> &#8211; <\/strong><\/strong><strong><strong>A<\/strong><\/strong><strong>ntigua<\/strong><strong>:<\/strong> 6z\u0142<br \/>\n&#8211; <strong>Huehuetenango \u2013 granica z Meksykiem:<\/strong> 12z\u0142<\/p>\n<p>Og\u00f3lnie ceny w Gwatemali s\u0105 ni\u017csze od meksyka\u0144skich (i europejskich oczywi\u015bcie), por\u00f3wnywalne z azjatyckimi. Jedzenie uliczne jest niez\u0142e i bardzo tanie!<\/p>\n<p><a href=\"http:\/\/sebka.pl\/wp-content\/uploads\/2014\/04\/Guatemala_money_coins.jpg\"><img loading=\"lazy\" decoding=\"async\" class=\" wp-image-1283 aligncenter\" style=\"border: 1px solid black; margin-top: 1px; margin-bottom: 1px;\" title=\"Guatemala_money_coins\" src=\"http:\/\/sebka.pl\/wp-content\/uploads\/2014\/04\/Guatemala_money_coins.jpg\" alt=\"\" width=\"600\" height=\"244\" srcset=\"https:\/\/nieczekaj.blog\/wp-content\/uploads\/2014\/04\/Guatemala_money_coins.jpg 1000w, https:\/\/nieczekaj.blog\/wp-content\/uploads\/2014\/04\/Guatemala_money_coins-300x121.jpg 300w\" sizes=\"auto, (max-width: 600px) 100vw, 600px\" \/><\/a><\/p>\n<h2 style=\"text-align: center;\">Telekomunikacja<\/h2>\n<p><strong>Kafejki internetowe s\u0105 dost\u0119pne niemal w ka\u017cdym mie\u015bcie i mie\u015bcinie.<\/strong> Ich jako\u015b\u0107 czasem pozostawia troch\u0119 do \u017cyczenia \ud83d\ude42 Na terenie Gwatemali korzystali\u015bmy z kom\u00f3rki z polsk\u0105 kart\u0105 SIM i na szcz\u0119\u015bcie nie by\u0142o tu \u017cadnych problem\u00f3w z obs\u0142ug\u0105 naszych polskich, przedpotopowych aparat\u00f3w NOKIA (problemy takie by\u0142y w Meksyku \u2013 mo\u017cecie o tym przeczyta\u0107 w naszych informacjach praktycznych).<\/p>\n<h2 style=\"text-align: center;\">Transport<\/h2>\n<p><strong>Autobusy <\/strong><strong>czyli s\u0142ynne chickenbusy<\/strong> \u2013 g\u0142\u00f3wny \u015brodek transportu dalekobie\u017cnego. Przeja\u017cd\u017cka tym pojazdem jest przygod\u0105 sam\u0105 w sobie! Baga\u017ce (wszelkiego typu \u0142\u0105cznie z psami i motorami) \u0142adowane s\u0105 zazwyczaj na dachu, w \u015brodku na 4 miejscach siedzi tyle os\u00f3b ile si\u0119 zmie\u015bci (czyli 6 przy czym 2 w systemie jednopo\u015bladkowym). Mo\u017ce si\u0119 to wszystko wydawa\u0107 z wierzchu bardzo chaotyczne ale w gruncie rzeczy jest \u015bwietnie zorganizowane. Prowadz\u0105cy autobus (tzn. nawo\u0142ywacze i baga\u017cowi) s\u0105 bardzo pomocni zw\u0142aszcza w stosunku do zagubionych turyst\u00f3w!<\/p>\n<p><strong>Busy, busiki<\/strong> \u2013 popularne na kr\u00f3tkie dystanse. Zn\u00f3w sprawdza si\u0119 zasada: ile os\u00f3b ch\u0119tnych tyle si\u0119 zmie\u015bci w naszym busie! Op\u0142at\u0119 przekazuje si\u0119 panu biletowemu ju\u017c w czasie jazdy. Zn\u00f3w wszyscy bardzo pomocni!<\/p>\n<p style=\"text-align: center;\"><img loading=\"lazy\" decoding=\"async\" class=\"ngg-singlepic ngg-none aligncenter\" style=\"border: 1px solid black; margin-top: 1px; margin-bottom: 1px;\" src=\"http:\/\/sebka.pl\/wp-content\/gallery\/gwatemala_wpisy\/chicken_busy.jpg\" alt=\"chicken_busy\" width=\"478\" height=\"318\" \/><\/p>\n<h2 style=\"text-align: center;\">Kr\u00f3tkie rady praktyczne<\/h2>\n<p><strong>\u017beby si\u0119 nie powtarza\u0107 tym razem rady praktyczne zawrzemy w kilku wykrzykniach:<\/strong><\/p>\n<p style=\"text-align: center;\"><strong>Uwa\u017ca\u0107 na robale! <\/strong><strong>Nie ba\u0107 si\u0119 ludzi! Je\u017adzi\u0107 chickenbusami!<\/strong><\/p>\n<p>&nbsp;<\/p>\n<h2 style=\"text-align: center;\">Polecane miejsca z informacjami praktycznymi<\/h2>\n<ul>\n<li title=\"Przewodnik po Tulum\"><strong><a title=\"Tikal - przewodnik\" href=\"https:\/\/nieczekaj.blog\/index.php\/nasze-przewodniki\/ameryka\/gwatemala\/tikal\/\">Tikal<\/a> \u2013 przepi\u0119kne ruiny w lesie mglistym<\/strong> \u2013 absolutnie, koniecznie trzeba zobaczy\u0107!<\/li>\n<li title=\"Przewodnik po Tulum\"><strong><a title=\"Coban - przewodnik\" href=\"https:\/\/nieczekaj.blog\/index.php\/nasze-przewodniki\/ameryka\/gwatemala\/coban\/\">Coban<\/a> &#8211; spokojne miasto na Wy\u017cynie Verapaz<\/strong>, mi\u0119dzy dzik\u0105 p\u00f3\u0142noc\u0105 a gor\u0105cym po\u0142udniem! \u015awietna baza wypadowa do zwiedzenia okolicy!<\/li>\n<li title=\"Przewodnik po Tulum\"><strong><a title=\"Antigua - przewodnik\" href=\"https:\/\/nieczekaj.blog\/index.php\/nasze-przewodniki\/ameryka\/gwatemala\/antigua-wulkan-acatenango\/\">Antigua i wulkan Acatenango<\/a> &#8211; \u015bliczne, wymuskane miasto i pi\u0119kny wulkan!<\/strong> Koniecznie!<\/li>\n<li title=\"Przewodnik po Tulum\"><a title=\"Xela - przewodnik\" href=\"https:\/\/nieczekaj.blog\/index.php\/nasze-przewodniki\/ameryka\/gwatemala\/quetzaltenango-wulkan-tajamulco\/\"><strong>Quetzaltenango i wulkan Tajamulco<\/strong><\/a> &#8211; <strong>brzydkie miasto w \u0142adnym otoczeniu i najwy\u017cszy szczyt w Gwatemali!<\/strong> Dla tych, kt\u00f3rzy po g\u00f3rach chodzi\u0107 lubi\u0105.<\/li>\n<li title=\"Przewodnik po Tulum\"><a title=\"Jezioro Atitlan - informacje praktyczne\" href=\"https:\/\/nieczekaj.blog\/index.php\/nasze-przewodniki\/ameryka\/gwatemala\/jezioro-atitlan\/\"><strong>Jezioro Atitlan<\/strong><\/a> &#8211; pi\u0119kne jezioro po\u0142o\u017cone w st\u00f3p wulkan\u00f3w, \u015bwietne miejsce dla wszystkich! Polecamy!<\/li>\n<\/ul>\n<h2 style=\"text-align: center;\">Co nas zadziwi\u0142o<\/h2>\n<p><strong>Oto lista zdziwie\u0144:<\/strong><\/p>\n<p>* <strong>chickenbusy<\/strong> \u2013 jeste\u015bmy wielkimi fanami, \u015bwietnie zorganizowany system transportu mi\u0119dzymiastowego i przewozu dobytku (\u017cywego i nie), pies na dachu \u2013 najlepszy!<br \/>\n* <strong>torta mexicana<\/strong> \u2013 co\u015b o czym mieszka\u0144cy Meksyku chyba nie s\u0142yszeli \u2013 bu\u0142ka z pokrojon\u0105 par\u00f3wk\u0105 (w du\u017cych ilo\u015bciach) i sosami<br \/>\n* <strong>wolnobiegaj\u0105ce zwierz\u0119ta na wsiach<\/strong> \u2013 jest to zdziwienie bardziej smutne ni\u017c weso\u0142e, bo zwierz\u0119ta te (czyli \u015bwinie, kury, konie i psy) s\u0105 puszczane wolno tylko po to, by sobie same zdoby\u0142y jedzenie<br \/>\n* <strong>ochroniarze z karabinami<\/strong> \u2013 niemal\u017ce przy ka\u017cdym kiosku stoi ochroniarz z karabinem! Chyba s\u0105 to smutne pozosta\u0142o\u015bci po nie tak bardzo dawno zako\u0144czonej wojnie domowej.<\/p>\n<p>&nbsp;<\/p>\n<h3>Nasza podr\u00f3\u017c na mapie:<\/h3>\n<p><iframe loading=\"lazy\" src=\"https:\/\/www.google.pl\/maps\/ms?msa=0&amp;msid=214897184821061664598.0004ac7d5a41946ab63ad&amp;hl=pl&amp;ie=UTF8&amp;t=h&amp;ll=15.771109,-90.933838&amp;spn=4.228217,7.294922&amp;z=7&amp;output=embed\" frameborder=\"0\" marginwidth=\"0\" marginheight=\"0\" scrolling=\"no\" width=\"665\" height=\"400\"><\/iframe><br \/>\n<small>Poka\u017c <a style=\"color: #0000ff; text-align: left;\" href=\"https:\/\/www.google.pl\/maps\/ms?msa=0&amp;msid=214897184821061664598.0004ac7d5a41946ab63ad&amp;hl=pl&amp;ie=UTF8&amp;t=h&amp;ll=15.771109,-90.933838&amp;spn=4.228217,7.294922&amp;z=7&amp;source=embed\">Gwatemala<\/a> na wi\u0119kszej mapie<\/small><\/p>\n<h3>Je\u015bli macie jakie\u015b pytania piszcie na NieCzekaj.eu(malpa)gmail.com. Postaramy si\u0119 uzupe\u0142nia\u0107 zawarte w po\u015bcie informacje.<\/h3>\n<p>Pozdrawiam,<br \/>\nKasia<\/p>\n<h3>Przygotowanie tej strony i przewodnik\u00f3w zaj\u0119\u0142o nam troch\u0119 czasu i wymaga\u0142o litr\u00f3w kawy \ud83d\ude42<br \/>\nJe\u015bli uznasz, \u017ce wart by\u0142o nie wahaj si\u0119 postawi\u0107 nam kaw\u0119 przez PAYPAL-a<br \/>\n<code><code>[paypal-donation]<\/code><\/code><\/h3>\n","protected":false},"excerpt":{"rendered":"<p>Witajcie! Po d\u0142ugiej przerwie zn\u00f3w wspominamy \ud83d\ude42 Tym razem czas na pi\u0119kn\u0105 i dzik\u0105 Gwatemal\u0119! Sp\u0119dzili\u015bmy tak ponad miesi\u0105c (II-III.2013), cho\u0107 pocz\u0105tkowo planowali\u015bmy tylko 2 tygodnie. C\u00f3\u017c&#8230;zakochali\u015bmy si\u0119 i w [&hellip;]<\/p>\n","protected":false},"author":1,"featured_media":0,"parent":1336,"menu_order":0,"comment_status":"open","ping_status":"open","template":"","meta":{"om_disable_all_campaigns":false,"_monsterinsights_skip_tracking":false,"_monsterinsights_sitenote_active":false,"_monsterinsights_sitenote_note":"","_monsterinsights_sitenote_category":0,"_s2mail":"yes","ngg_post_thumbnail":0,"footnotes":""},"class_list":["post-1276","page","type-page","status-publish","hentry"],"_links":{"self":[{"href":"https:\/\/nieczekaj.blog\/index.php\/wp-json\/wp\/v2\/pages\/1276","targetHints":{"allow":["GET"]}}],"collection":[{"href":"https:\/\/nieczekaj.blog\/index.php\/wp-json\/wp\/v2\/pages"}],"about":[{"href":"https:\/\/nieczekaj.blog\/index.php\/wp-json\/wp\/v2\/types\/page"}],"author":[{"embeddable":true,"href":"https:\/\/nieczekaj.blog\/index.php\/wp-json\/wp\/v2\/users\/1"}],"replies":[{"embeddable":true,"href":"https:\/\/nieczekaj.blog\/index.php\/wp-json\/wp\/v2\/comments?post=1276"}],"version-history":[{"count":14,"href":"https:\/\/nieczekaj.blog\/index.php\/wp-json\/wp\/v2\/pages\/1276\/revisions"}],"predecessor-version":[{"id":1287,"href":"https:\/\/nieczekaj.blog\/index.php\/wp-json\/wp\/v2\/pages\/1276\/revisions\/1287"}],"up":[{"embeddable":true,"href":"https:\/\/nieczekaj.blog\/index.php\/wp-json\/wp\/v2\/pages\/1336"}],"wp:attachment":[{"href":"https:\/\/nieczekaj.blog\/index.php\/wp-json\/wp\/v2\/media?parent=1276"}],"curies":[{"name":"wp","href":"https:\/\/api.w.org\/{rel}","templated":true}]}}