{"id":1278,"date":"2014-04-08T23:05:02","date_gmt":"2014-04-08T21:05:02","guid":{"rendered":"http:\/\/sebka.pl\/?page_id=1278"},"modified":"2014-04-24T12:10:41","modified_gmt":"2014-04-24T10:10:41","slug":"tikal","status":"publish","type":"page","link":"https:\/\/nieczekaj.blog\/index.php\/nasze-przewodniki\/ameryka\/gwatemala\/tikal\/","title":{"rendered":"Tikal"},"content":{"rendered":"<p><strong>Tical \u2013 to bardzo znane, bardzo popularne i bardzo pi\u0119kne ruiny. Jest to jedno z tych miejsc, o kt\u00f3rych wiesz, \u017ce raczej na pewno spotkasz tam mn\u00f3stwo turyst\u00f3w ale i tak chcesz tam jecha\u0107. Bo naprawd\u0119 warto!<\/strong><\/p>\n<p style=\"text-align: center;\"><strong><img loading=\"lazy\" decoding=\"async\" class=\"ngg-singlepic ngg-none aligncenter\" style=\"border: 1px solid black; margin-top: 1px; margin-bottom: 1px;\" src=\"http:\/\/sebka.pl\/wp-content\/gallery\/gwatemala_wpisy\/tikal-drzewo.jpg\" alt=\"tikal-drzewo\" width=\"478\" height=\"318\" \/><br \/>\n<\/strong><\/p>\n<p><strong>Z naszej strony polecamy te\u017c\u00a0 nasze <\/strong><a title=\"Przewodnik po Gwatemali\" href=\"https:\/\/nieczekaj.blog\/index.php\/gwatemala\/\"><strong>INFORMACJE OG\u00d3LNE o Gwatemali<\/strong><\/a><strong> oraz wpisy umieszczane na bie\u017c\u0105co <a title=\"Wpis z bloga\" href=\"http:\/\/sebka.travellerspoint.com\/110\/\">Gwatemala &#8211; pierwsze wra\u017cenia<\/a>.<\/strong><\/p>\n<p style=\"text-align: center;\"><strong>Transport<\/strong><\/p>\n<p><strong>Miejscowo\u015bci\u0105 po\u0142o\u017con\u0105 najbli\u017cej Tikal jest niewielkie El Remate.<\/strong> Nast\u0119pn\u0105, wi\u0119ksz\u0105 (!), jest Santa Elena. Z obydwu mo\u017cna dojecha\u0107 do Parku autobusami \/ busami \u2013 je\u017adzi ich kilka w ci\u0105gu dnia. Koszt transportu to 16z\u0142 \/ 1os (z przesiadk\u0105 w Remate lub bezpo\u015brednio z Santa Eleny).<\/p>\n<p style=\"text-align: center;\"><strong>Gdzie spa\u0107<\/strong><\/p>\n<p><strong>Mo\u017cliwo\u015bci wyboru noclegu jest kilka, w zale\u017cno\u015bci od tego kiedy do Tikal chcecie dotrze\u0107. <\/strong>Je\u015bli zale\u017cy Wam (tak jak nam :)) na zwiedzaniu Parku o zachodzie i wschodzie s\u0142o\u0144ca najlepiej jest spa\u0107 zaraz przy Parku. Jest tam hotel Jaguar Inn oraz kemping prowadzony przez w\u0142adze Parku.<strong> <\/strong><\/p>\n<p>Wiele hoteli znajduje si\u0119 w El Remate i w Santa Elena (Flores) \u2013 obie po\u0142o\u017cone nam malowniczym jeziorem Peten Itza. Nale\u017cy jednak liczy\u0107 si\u0119 z dojazdem do Parku (z El Remate jedzie si\u0119 ok. godzin\u0119).<\/p>\n<p><strong>My spali\u015bmy w namiocie przy hotelu <a title=\"Jaguar Inn\" href=\"http:\/\/www.jaguartikal.com\/\">Jaguar Inn<\/a> (20z\u0142 \/ 1os.) <\/strong>&#8211; ceny takie jak na kempingu przy w\u0142adzach Parku ale \u0142azienki du\u017co \u0142adniejsze. Obydwa miejsca s\u0105 po\u0142o\u017cone bardzo blisko siebie wi\u0119c mo\u017cna przej\u015b\u0107 si\u0119 i por\u00f3wna\u0107. U nas za dodatkow\u0105 op\u0142at\u0105 3z\u0142 by\u0142 nieograniczony dost\u0119p do internetu.<strong> <\/strong><\/p>\n<p style=\"text-align: center;\"><strong>Gdzie zje\u015b\u0107<\/strong><\/p>\n<p><strong>Podobnie jak w przypadku noclegu opcje s\u0105 dwie: restauracja przy hotelu Jaguar Inn (droga) lub poza Parkiem (El Remate lub Santa Elena). <\/strong><\/p>\n<p>My postawili\u015bmy na self-catering tzn. kupili\u015bmy prowiant w sklepiku w Santa Elenie. Jedna uwaga! Na kempingach, jak to zazwyczaj, s\u0105 <strong>mr\u00f3wki \u2013 dok\u0142adnie pilnujcie jedzenia!<\/strong><\/p>\n<p style=\"text-align: center;\"><strong>Atrakcje<\/strong><\/p>\n<p><strong>W tym przypadku ci\u0119\u017cko pisa\u0107 o atrakcjach \u2013 jest jedna podstawowa tzn. TIKAL. <\/strong>Naszym zdaniem (i nie tylko) jest to najpi\u0119\u0138niejszy park archeologiczny w tym regionie. Mo\u017cna obejrze\u0107 nie tylko ruiny ale przede wszystkim pospacerowa\u0107 po lesie mglistym, przy odrobinie szcz\u0119\u015bcia zobaczy\u0107 \u017cyj\u0105ce tam zwierz\u0119ta. Jest pi\u0119\u0138nie, zielono i nawet t\u0142umy wycieczkowicz\u00f3w nie przeszkadzaj\u0105 w odbiorze.<\/p>\n<p><strong>Bilet wst\u0119pu kosztuje 60z\u0142 i jest wa\u017cny jeden dzie\u0144. <\/strong>Je\u015bli jednak zostanie zakupiony po godzinie 15.00 to upowa\u017cnia do wej\u015bcia do Parku wieczorem i nast\u0119pnego dnia \u2013 w ten spos\u00f3b mo\u017cna podziwia\u0107 zach\u00f3d s\u0142o\u0144ca. Jest ch\u0142odniej i lu\u017aniej \u2013 same zalety \ud83d\ude42<br \/>\nBilety kupuje si\u0119 przy bramie wjazdowej na teren Parku (czyli jeszcze kawa\u0142ek jazdy autobusem do wej\u015bcia do samego Tikal).<\/p>\n<p style=\"text-align: center;\"><img loading=\"lazy\" decoding=\"async\" class=\"ngg-singlepic ngg-none aligncenter\" style=\"border: 1px solid black; margin-top: 1px; margin-bottom: 1px;\" src=\"http:\/\/sebka.pl\/wp-content\/gallery\/gwatemala_wpisy\/tikal_1.jpg\" alt=\"tikal_1\" width=\"478\" height=\"318\" \/><\/p>\n<p><strong><br \/>\n<\/strong><\/p>\n<p><strong>Tikal na mapie:<\/strong><br \/>\n<iframe loading=\"lazy\" src=\"https:\/\/www.google.pl\/maps\/ms?msa=0&amp;msid=214897184821061664598.0004ac7d5a41946ab63ad&amp;hl=pl&amp;ie=UTF8&amp;t=h&amp;ll=17.02002,-89.722595&amp;spn=1.050502,1.82373&amp;z=9&amp;output=embed\" frameborder=\"0\" marginwidth=\"0\" marginheight=\"0\" scrolling=\"no\" width=\"665\" height=\"400\"><\/iframe><br \/>\n<small>Poka\u017c <a style=\"color: #0000ff; text-align: left;\" href=\"https:\/\/www.google.pl\/maps\/ms?msa=0&amp;msid=214897184821061664598.0004ac7d5a41946ab63ad&amp;hl=pl&amp;ie=UTF8&amp;t=h&amp;ll=17.02002,-89.722595&amp;spn=1.050502,1.82373&amp;z=9&amp;source=embed\">Tikal<\/a> na wi\u0119kszej mapie<\/small><\/p>\n<p><strong><br \/>\n<\/strong><\/p>\n<p>&nbsp;<\/p>\n<p><strong>Uwagi i pytania kierujcie na maila NieCzekaj.eu(malpa)gmail.com<\/strong><\/p>\n<p><strong>Pozdrawiam,<\/strong><br \/>\n<strong> Kasia<\/strong><\/p>\n","protected":false},"excerpt":{"rendered":"<p>Tical \u2013 to bardzo znane, bardzo popularne i bardzo pi\u0119kne ruiny. Jest to jedno z tych miejsc, o kt\u00f3rych wiesz, \u017ce raczej na pewno spotkasz tam mn\u00f3stwo turyst\u00f3w ale i [&hellip;]<\/p>\n","protected":false},"author":1,"featured_media":0,"parent":1276,"menu_order":0,"comment_status":"open","ping_status":"open","template":"","meta":{"om_disable_all_campaigns":false,"_monsterinsights_skip_tracking":false,"_monsterinsights_sitenote_active":false,"_monsterinsights_sitenote_note":"","_monsterinsights_sitenote_category":0,"_s2mail":"yes","ngg_post_thumbnail":0,"footnotes":""},"class_list":["post-1278","page","type-page","status-publish","hentry"],"_links":{"self":[{"href":"https:\/\/nieczekaj.blog\/index.php\/wp-json\/wp\/v2\/pages\/1278","targetHints":{"allow":["GET"]}}],"collection":[{"href":"https:\/\/nieczekaj.blog\/index.php\/wp-json\/wp\/v2\/pages"}],"about":[{"href":"https:\/\/nieczekaj.blog\/index.php\/wp-json\/wp\/v2\/types\/page"}],"author":[{"embeddable":true,"href":"https:\/\/nieczekaj.blog\/index.php\/wp-json\/wp\/v2\/users\/1"}],"replies":[{"embeddable":true,"href":"https:\/\/nieczekaj.blog\/index.php\/wp-json\/wp\/v2\/comments?post=1278"}],"version-history":[{"count":4,"href":"https:\/\/nieczekaj.blog\/index.php\/wp-json\/wp\/v2\/pages\/1278\/revisions"}],"predecessor-version":[{"id":1316,"href":"https:\/\/nieczekaj.blog\/index.php\/wp-json\/wp\/v2\/pages\/1278\/revisions\/1316"}],"up":[{"embeddable":true,"href":"https:\/\/nieczekaj.blog\/index.php\/wp-json\/wp\/v2\/pages\/1276"}],"wp:attachment":[{"href":"https:\/\/nieczekaj.blog\/index.php\/wp-json\/wp\/v2\/media?parent=1278"}],"curies":[{"name":"wp","href":"https:\/\/api.w.org\/{rel}","templated":true}]}}