{"id":1280,"date":"2014-04-09T09:52:19","date_gmt":"2014-04-09T07:52:19","guid":{"rendered":"http:\/\/sebka.pl\/?page_id=1280"},"modified":"2014-04-09T10:00:39","modified_gmt":"2014-04-09T08:00:39","slug":"coban","status":"publish","type":"page","link":"https:\/\/nieczekaj.blog\/index.php\/nasze-przewodniki\/ameryka\/gwatemala\/coban\/","title":{"rendered":"Coban"},"content":{"rendered":"<p><strong>Coban &#8211; jedna z naszych pierwszych czarnych dziur gwatemalskich. Spokojne, nie_bardzo turystyczne miasto a jednocze\u015bnie \u015bwietna baza wypadowa do zwiedzenia okolicy. Jest sporo do obejrzenia, zw\u0142aszcza dla mi\u0142o\u015bnik\u00f3w kawy. Miasto przywita\u0142o i po\u017cegna\u0142o nas deszczem &#8211; tak, tutaj pada do\u015b\u0107 cz\u0119sto \ud83d\ude42<br \/>\n<\/strong><\/p>\n<p style=\"text-align: center;\"><strong><img loading=\"lazy\" decoding=\"async\" class=\"ngg-singlepic ngg-none aligncenter\" style=\"border: 1px solid black; margin-top: 1px; margin-bottom: 1px;\" src=\"http:\/\/sebka.pl\/wp-content\/gallery\/gwatemala_wpisy\/coban_1.jpg\" alt=\"coban_1\" width=\"478\" height=\"318\" \/><br \/>\n<\/strong><\/p>\n<p><strong>Z naszej strony polecamy te\u017c\u00a0 nasze <a title=\"Przewodnik po Gwatemali\" href=\"https:\/\/nieczekaj.blog\/index.php\/gwatemala\/\">INFORMACJE OG\u00d3LNE\u00a0 o Gwatemali<\/a> oraz wpisy umieszczane na bie\u017c\u0105co <a title=\"Wpis z bloga\" href=\"http:\/\/sebka.travellerspoint.com\/112\/\">Coban i okolice<\/a>. <\/strong><\/p>\n<p style=\"text-align: center;\"><strong>Transport<\/strong><\/p>\n<p><strong>Coban jest dobrze skomunikowane z p\u00f3\u0142nocn\u0105 i po\u0142udniow\u0105 cz\u0119\u015bci\u0105 kraju. <\/strong>Je\u015bli chcecie dosta\u0107 si\u0119 na p\u00f3\u0142noc, w rejony <strong>Santa Eleny \/ Tikal<\/strong> &#8211; musicie z\u0142apa\u0107 busa do Sayaxche i tam si\u0119 przesi\u0105\u015b\u0107 (ale czym s\u0105 przesiadki w Gwatemali je\u015bli nie sam\u0105 przyjemno\u015bci\u0105 :)). Do <strong>Gwatemala City<\/strong> je\u017cd\u017c\u0105 bezpo\u015brednie busy &#8211; zatrzymuj\u0105 si\u0119 one na nowym, do\u015b\u0107 odleg\u0142ym od centrum dworcu (dobrzy ludzie powiedz\u0105 jak si\u0119 dosta\u0107 do centrum). Mo\u017cna st\u0105d te\u017c dojecha\u0107 bezpo\u015brednio do <strong>Lanquin<\/strong> ale busy odje\u017cd\u017caj\u0105 niecz\u0119sto i koniecznie zapytajcie o ostatni powrotny!<strong><br \/>\n<\/strong><\/p>\n<p><strong>Miasto jest do\u015b\u0107 rozleg\u0142e &#8211; ale do przej\u015bcia! <\/strong>Je\u015bli chodzi o dworce \/ postojownie \/ miejsca do \u0142apania bus\u00f3w to oczywi\u015bcie jest ich wiele i oczywi\u015bcie s\u0105 do\u015b\u0107 daleko od siebie \ud83d\ude42 Dworzec, na kt\u00f3ry my przyjechali\u015bmy z p\u00f3\u0142nocy (i z kt\u00f3rego odje\u017cd\u017cali\u015bmy do stolicy) znajduje si\u0119 ok 20 minut spaceru od centrum.<strong><br \/>\n<\/strong><\/p>\n<p style=\"text-align: center;\"><strong>Gdzie spa\u0107<\/strong><\/p>\n<p><strong>Hoteli jest kilka i mo\u017cna je podzieli\u0107 na 3 kategorie: tanie i obskurne, dro\u017csze i \u0142adniejsze oraz kategori\u0119 po\u015bredni\u0105. Wszystkie zlokalizowane s\u0105 w okolicach g\u0142\u00f3wnej ulicy.<\/strong><\/p>\n<p><strong>My jeste\u015bmy zdecydowanie fanami Hotelu &#8220;Maya&#8221; <\/strong>(la Calle 2-33, Zona 4, tel.: 7951-0139 \/ 7941-7362) &#8211; za pok\u00f3j z 3 \u0142\u00f3\u017ckami (w tym 2 sprawnymi), telewizorem i \u0142azienk\u0105 p\u0142acili\u015bmy 20z\u0142! Hotel bardzo \u0142adny, z gor\u0105c\u0105 wod\u0105 pod prysznicem!<strong><\/strong><\/p>\n<p style=\"text-align: center;\"><strong>Gdzie zje\u015b\u0107<\/strong><\/p>\n<p><strong>Wyb\u00f3r jest bogaty: od stoik z jedzeniem ulicznym, przez pizzerie (z niez\u0142\u0105 pizz\u0105) po ca\u0142kiem eleganckie restauracje. Polecamy jedzenie (kanapki \/ przek\u0105ski) na targu za ko\u015bcio\u0142em. <\/strong>Rano, na g\u0142\u00f3wnym placu mo\u017cna spr\u00f3bowa\u0107 lokalnego \u015bniadania, tzn. s\u0142odkiego klucha z kukurydzy i fasoli ze s\u0142odkim mlekiem (w r\u00f3\u017cnych smakach) z p\u0142atkami ry\u017cowymi &#8211; baaardzo s\u0142odka przygoda! Og\u00f3lnie, por\u00f3wnuj\u0105c z innymi miejscowo\u015bciami w Gwatemali, jedzenie uliczne smakowa\u0142o nam tu najbardziej!!!!<strong><\/strong><\/p>\n<p style=\"text-align: center;\"><strong><img loading=\"lazy\" decoding=\"async\" class=\"ngg-singlepic ngg-none aligncenter\" style=\"border: 1px solid black; margin-top: 1px; margin-bottom: 1px;\" src=\"http:\/\/sebka.pl\/wp-content\/gallery\/gwatemala_wpisy\/jedzenie_2.jpg\" alt=\"jedzenie_2\" width=\"478\" height=\"318\" \/><br \/>\nAtrakcje<\/strong><\/p>\n<p><strong>Atrakcji jest kilka, dla ka\u017cdego co\u015b mi\u0142ego:<\/strong><\/p>\n<ul>\n<li><strong>* Park Narodowy &#8211; znajduje si\u0119 na terenie miasta, oko\u0142o 20minut spaceru od centrum. <\/strong>Bardzo fajne miejsce na kilkugodzinn\u0105 wycieczk\u0119. \u015acie\u017cki (na kt\u00f3rych mo\u017cna si\u0119 troch\u0119 zgubi\u0107) poprowadzone s\u0105 w taki spos\u00f3b, by zaprezentowa\u0107 r\u00f3\u017cnorodno\u015b\u0107 tamtejszej ro\u015blinno\u015bci. Wej\u015bcie kosztuje 4z\u0142. Nieopodal wej\u015bcia do Parku znajduje si\u0119 \u0142adny ko\u015bci\u00f3\u0142 na wzg\u00f3rzu &#8211; warto zobaczy\u0107!<strong><\/strong><\/li>\n<li><strong>* Kawa<\/strong> &#8211; okolice Coban s\u0142yn\u0105 z produkcji kawy. Mo\u017cna zwiedzi\u0107 tu zar\u00f3wno plantacj\u0119 kawy (<strong>Cooperativa w\u00a0 Chicoj<\/strong>) jak te\u017c fabryk\u0119 Diesseldorfa. Naszym zdaniem warto odwiedzi\u0107 obydwa miejsca! <strong>Na plantacji<\/strong> dowiecie si\u0119 sporo o samej kawie jako ro\u015blinie i o pierwszych etapach jej obr\u00f3bki. Mo\u017cna wykupi\u0107 zwiedzanie, my za\u0142apali\u015bmy si\u0119 na darmowe oprowadzenie z hiszpa\u0144skoj\u0119zycznym przewodnikiem i sporo zrozumieli\u015bmy \ud83d\ude42 Plantacja znajduje si\u0119 pod miastem, doje\u017cd\u017ca si\u0119 tam busem &#8211; przygoda sama w sobie! Z kolei <strong>fabryka Diesseldorfa<\/strong>, do dzi\u015b dzia\u0142aj\u0105ca, pozwala podejrze\u0107 proces przetwarzania kawy do stanu, w jakim znaj\u0105 j\u0105 konsumenci. Pi\u0119knie pachnie, du\u017co mo\u017cna si\u0119 dowiedzie\u0107! Wej\u015bcie kosztuje 12z\u0142 \/ 1os. i przewodnik m\u00f3wi po angielsku. Gor\u0105co polecamy!<\/li>\n<\/ul>\n<p style=\"text-align: center;\"><img loading=\"lazy\" decoding=\"async\" class=\"ngg-singlepic ngg-none aligncenter\" style=\"border: 1px solid black; margin-top: 1px; margin-bottom: 1px;\" src=\"http:\/\/sebka.pl\/wp-content\/gallery\/gwatemala_wpisy\/kawa-napis.jpg\" alt=\"kawa-napis\" width=\"478\" height=\"318\" \/><\/p>\n<ul>\n<li><strong>* Ogr\u00f3d orchidei<\/strong> &#8211; po\u0142o\u017cony na peryferiach miasta pi\u0119kny ogr\u00f3d orchidei, dla tych, kt\u00f3rzy t\u0119skni\u0105 za zadban\u0105 zieleni\u0105 i pi\u0119knymi kwiatami. Wej\u015bcie 4z\u0142 \/ 1os.<\/li>\n<\/ul>\n<p style=\"text-align: center;\"><img loading=\"lazy\" decoding=\"async\" class=\"ngg-singlepic ngg-none aligncenter\" style=\"border: 1px solid black; margin-top: 1px; margin-bottom: 1px;\" src=\"http:\/\/sebka.pl\/wp-content\/gallery\/gwatemala_wpisy\/orchidea.jpg\" alt=\"orchidea\" width=\"478\" height=\"318\" \/><\/p>\n<ul>\n<li><strong>* Lanquin i Semuc Champey<\/strong> &#8211; pierwsze miasteczko z podobno pi\u0119kn\u0105 jaskini\u0105 z podobno wieloma nietoperzami (du\u017co &#8220;podobno&#8221;, bo my z tej atrakcji zrezygnowali\u015bmy), drugie &#8211; \u0142adny park z rzek\u0105 rozlewaj\u0105c\u0105 si\u0119 na seri\u0119 basen\u00f3w, w kt\u00f3rych mo\u017cna si\u0119 k\u0105pa\u0107 (20z\u0142 \/ 1os). Oba miejsca bardzo popularne i przek\u0142ada si\u0119 to nie tylko na liczb\u0119 turyst\u00f3w (g\u0119sto! wi\u0119cej turyst\u00f3w widzieli\u015bmy tylko w Antigle) ale te\u017c na stosunek miejscowej ludno\u015bci i ceny (dojazd z miasta do parku 8z\u0142 \/ 1os &#8211; mo\u017cna zrobi\u0107 sobie \u0142adny godzinny spacer). Nas to odstraszy\u0142o i szybko uciekli\u015bmy!<\/li>\n<\/ul>\n<p style=\"text-align: center;\"><img loading=\"lazy\" decoding=\"async\" class=\"ngg-singlepic ngg-none aligncenter\" style=\"border: 1px solid black; margin-top: 1px; margin-bottom: 1px;\" src=\"http:\/\/sebka.pl\/wp-content\/gallery\/gwatemala_wpisy\/semuc-champey.jpg\" alt=\"semuc-champey\" width=\"478\" height=\"318\" \/><\/p>\n<p>&nbsp;<\/p>\n<p><strong>Coban na mapie:<\/strong><br \/>\n<iframe loading=\"lazy\" src=\"https:\/\/maps.google.pl\/maps\/ms?msa=0&amp;msid=214897184821061664598.0004ac7d5a41946ab63ad&amp;hl=pl&amp;ie=UTF8&amp;t=h&amp;ll=15.451033,-90.374908&amp;spn=0.264731,0.455933&amp;z=11&amp;output=embed\" frameborder=\"0\" marginwidth=\"0\" marginheight=\"0\" scrolling=\"no\" width=\"665\" height=\"400\"><\/iframe><br \/>\n<small>Poka\u017c <a style=\"color: #0000ff; text-align: left;\" href=\"https:\/\/maps.google.pl\/maps\/ms?msa=0&amp;msid=214897184821061664598.0004ac7d5a41946ab63ad&amp;hl=pl&amp;ie=UTF8&amp;t=h&amp;ll=15.451033,-90.374908&amp;spn=0.264731,0.455933&amp;z=11&amp;source=embed\">Coban<\/a> na wi\u0119kszej mapie<\/small><br \/>\n<strong><br \/>\n<\/strong><\/p>\n<p><strong>Uwagi i pytania kierujcie na maila NieCzekaj.eu(malpa)gmail.com<\/strong><\/p>\n<p><strong>Pozdrawiam,<\/strong><br \/>\n<strong> Kasia<\/strong><\/p>\n","protected":false},"excerpt":{"rendered":"<p>Coban &#8211; jedna z naszych pierwszych czarnych dziur gwatemalskich. Spokojne, nie_bardzo turystyczne miasto a jednocze\u015bnie \u015bwietna baza wypadowa do zwiedzenia okolicy. Jest sporo do obejrzenia, zw\u0142aszcza dla mi\u0142o\u015bnik\u00f3w kawy. Miasto [&hellip;]<\/p>\n","protected":false},"author":1,"featured_media":0,"parent":1276,"menu_order":0,"comment_status":"open","ping_status":"open","template":"","meta":{"om_disable_all_campaigns":false,"_monsterinsights_skip_tracking":false,"_monsterinsights_sitenote_active":false,"_monsterinsights_sitenote_note":"","_monsterinsights_sitenote_category":0,"_s2mail":"yes","ngg_post_thumbnail":0,"footnotes":""},"class_list":["post-1280","page","type-page","status-publish","hentry"],"_links":{"self":[{"href":"https:\/\/nieczekaj.blog\/index.php\/wp-json\/wp\/v2\/pages\/1280","targetHints":{"allow":["GET"]}}],"collection":[{"href":"https:\/\/nieczekaj.blog\/index.php\/wp-json\/wp\/v2\/pages"}],"about":[{"href":"https:\/\/nieczekaj.blog\/index.php\/wp-json\/wp\/v2\/types\/page"}],"author":[{"embeddable":true,"href":"https:\/\/nieczekaj.blog\/index.php\/wp-json\/wp\/v2\/users\/1"}],"replies":[{"embeddable":true,"href":"https:\/\/nieczekaj.blog\/index.php\/wp-json\/wp\/v2\/comments?post=1280"}],"version-history":[{"count":6,"href":"https:\/\/nieczekaj.blog\/index.php\/wp-json\/wp\/v2\/pages\/1280\/revisions"}],"predecessor-version":[{"id":1298,"href":"https:\/\/nieczekaj.blog\/index.php\/wp-json\/wp\/v2\/pages\/1280\/revisions\/1298"}],"up":[{"embeddable":true,"href":"https:\/\/nieczekaj.blog\/index.php\/wp-json\/wp\/v2\/pages\/1276"}],"wp:attachment":[{"href":"https:\/\/nieczekaj.blog\/index.php\/wp-json\/wp\/v2\/media?parent=1280"}],"curies":[{"name":"wp","href":"https:\/\/api.w.org\/{rel}","templated":true}]}}