{"id":1299,"date":"2014-04-11T13:05:22","date_gmt":"2014-04-11T11:05:22","guid":{"rendered":"http:\/\/sebka.pl\/?page_id=1299"},"modified":"2014-04-11T13:05:22","modified_gmt":"2014-04-11T11:05:22","slug":"antigua-wulkan-acatenango","status":"publish","type":"page","link":"https:\/\/nieczekaj.blog\/index.php\/nasze-przewodniki\/ameryka\/gwatemala\/antigua-wulkan-acatenango\/","title":{"rendered":"Antigua \/ wulkan Acatenango"},"content":{"rendered":"<p><strong>Antigua &#8211; czyli dawna stolica Gwatemali to obecnie jedna z najwi\u0119kszych atrakcji turystycznych kraju. Jej pi\u0119kne po\u0142o\u017cenie (u st\u00f3p 3 wulkan\u00f3w), atmosfera \u015blicznego skansenu i blisko\u015b\u0107 lotniska przyci\u0105ga rzesze turyst\u00f3w.\u00a0 My byli\u015bmy nastawieni bardzo sceptycznie jako, \u017ce by\u0142o to najmniej &#8220;gwatemalskie&#8221; miasto, jakie zdarzy\u0142o nam si\u0119 zobaczy\u0107 &#8211; bez smogu, kork\u00f3w, autobus\u00f3w, ha\u0142asu i tym podobnych atrakcji za to z modnymi restauracjami, knajpkami, barami &#8211; wydawa\u0142o nam si\u0119 sztuczne i zrobione &#8220;pod turyst\u00f3w&#8221;. Z drugiej strony nie mo\u017cna mu odm\u00f3wi\u0107 uroku. Jest to te\u017c \u015bwietna baza do wyj\u015b\u0107 na pobliskie wulkany!<br \/>\n<\/strong><\/p>\n<p style=\"text-align: center;\"><strong><img loading=\"lazy\" decoding=\"async\" class=\"ngg-singlepic ngg-none aligncenter\" style=\"border: 1px solid black; margin-top: 1px; margin-bottom: 1px;\" src=\"http:\/\/sebka.pl\/wp-content\/gallery\/gwatemala_wpisy\/antigua_1.jpg\" alt=\"antigua_1\" width=\"478\" height=\"318\" \/><br \/>\n<\/strong><\/p>\n<p><strong title=\"Wpis z bloga\">Z naszej strony polecamy te\u017c\u00a0 nasze <a title=\"Przewodnik po Gwatemali\" href=\"https:\/\/nieczekaj.blog\/index.php\/gwatemala\/\">INFORMACJE OG\u00d3LNE\u00a0 o Gwatemali<\/a> oraz wpisy umieszczane na bie\u017c\u0105co <a title=\"Antigua - blog\" href=\"http:\/\/sebka.travellerspoint.com\/113\/\">2 stolice Gwatemali i 1 wulkan.<\/a><br \/>\n<\/strong><\/p>\n<p style=\"text-align: center;\"><strong>Transport<\/strong><\/p>\n<p><strong>Antigua jest \u015bwietnie skomunikowana z Gwatemala City (6z\u0142 \/ 1os. ; 1h). Autobusy je\u017cd\u017c\u0105 bardzo cz\u0119sto. Dojazd do innych miast (np. Quetzaltenango) cz\u0119sto wymaga przesiadki na autostradzie (bez obaw, przesiadki w Gwatemali s\u0105 \u0142atwe!).<\/strong><\/p>\n<p>W mie\u015bcie jest te\u017c sporo tzw. &#8220;shuttle-bus\u00f3w&#8221; tzn. prywatnych, przeznaczonych na potrzeby turyst\u00f3w\u00a0 busik\u00f3w, kt\u00f3re obs\u0142uguj\u0105 przejazdy do najpopularniejszych miejsc. Ceny pewnie wy\u017csze ni\u017c w normalnych autobusach za to odpada troska o przesiadki \/ dworce itp. My nie pr\u00f3bowali\u015bmy.<strong><br \/>\n<\/strong><\/p>\n<p style=\"text-align: center;\"><strong>Gdzie spa\u0107<\/strong><\/p>\n<p style=\"text-align: left;\"><strong>Hoteli o r\u00f3\u017cnym standardzie i cenie jest wiele. <\/strong>Nie spali\u015bmy w \u017cadnym wi\u0119c nie mo\u017cemy nic poleci\u0107.Ciekaw\u0105 inicjatyw\u0105 miasta jest<strong> bezp\u0142atny kemping Asistur (Calle Poniente Final)!<\/strong> Znale\u017a\u0107 go mo\u017cna w okolicach dworca, za domem kultury. Niedaleko centrum, terenu pilnuje Policja Turystyczna. \u0141azienki s\u0105 zdecydowanie &#8220;\u015brednio&#8221; czyste ale od biedy mo\u017cna si\u0119 umy\u0107. Bezp\u0142atnych jest 5 nocleg\u00f3w.<strong><br \/>\n<img loading=\"lazy\" decoding=\"async\" class=\"ngg-singlepic ngg-none aligncenter\" style=\"border: 1px solid black; margin-top: 1px; margin-bottom: 1px;\" src=\"http:\/\/sebka.pl\/wp-content\/gallery\/gwatemala_wpisy\/antigua_5.jpg\" alt=\"antigua_5\" width=\"478\" height=\"318\" \/><br \/>\n<\/strong><\/p>\n<p style=\"text-align: center;\"><strong>Gdzie zje\u015b\u0107<\/strong><\/p>\n<p><strong>Podobnie jak z hotelami wyb\u00f3r jest bogaty! <\/strong>W okolicach targu mo\u017cna zje\u015b\u0107 lokalne jedzenie, w centrum znajdziecie tak wymy\u015blne i \u015bwiatowe knajpki jak wega\u0144ski kebab \ud83d\ude42 My polecamy pizz\u0119 na grubym cie\u015bcie w pizzerii przed McDonaldem oraz panie kanapkowe (w godzinach porannych) przy g\u0142\u00f3wnym wej\u015bciu do du\u017cego supermarketu w centrum! <strong><\/strong><\/p>\n<p style=\"text-align: center;\"><strong>Atrakcje<\/strong><\/p>\n<p><strong>Atrakcje s\u0105 r\u00f3\u017cnorakie:<\/strong><\/p>\n<p><strong>* samo miasto &#8211; ze swoj\u0105 &#8220;wiekow\u0105&#8221; atmosfer\u0105, przepi\u0119knymi ruinami i brukowanymi uliczkami. <\/strong>\u015awietne miejsce na spacery, szczeg\u00f3lnie o wschodzie s\u0142o\u0144ca, gdy jest jeszcze lu\u017ano! Polecamy kr\u00f3tk\u0105 wycieczk\u0119 na wzg\u00f3rze z krzy\u017ce (znajduje si\u0119 na terenie miasta, wej\u015bcie zajmuje oko\u0142o 30minut) &#8211; pi\u0119kny widok na miasto i wulkan! Innych atrakcji w Antigle nie sprawdzali\u015bmy.<\/p>\n<p style=\"text-align: center;\"><img loading=\"lazy\" decoding=\"async\" class=\"ngg-singlepic ngg-none aligncenter\" style=\"border: 1px solid black; margin-top: 1px; margin-bottom: 1px;\" src=\"http:\/\/sebka.pl\/wp-content\/gallery\/gwatemala_wpisy\/antigua_3.jpg\" alt=\"antigua_3\" width=\"478\" height=\"318\" \/><br \/>\n<strong><\/strong><\/p>\n<p><strong>* wulkany<\/strong> &#8211; Antigua jest otoczona wulkanami, co jest te\u017c bezpo\u015bredni\u0105 przyczyn\u0105 takiej ilo\u015bci\u00a0 ruin \ud83d\ude42 Jest kilka agencji turystycznych organizuj\u0105cych wycieczki na wulkany o r\u00f3\u017cnym stopniu trudno\u015bci i czasie trwania. ALE wiele mo\u017cna zrobi\u0107 na w\u0142asn\u0105 r\u0119k\u0119, wystarczy odpowiednio pyta\u0107 (wi\u0119kszo\u015b\u0107 agencji b\u0119dzie odradza\u0142a wyj\u015bcie na w\u0142asn\u0105 r\u0119k\u0119, tylko w jednym powiedziano nam, \u017ce jest to mo\u017cliwe!).<br \/>\n<strong>My weszli\u015bmy samodzielnie na wulkan Acatenango, oto kilka wskaz\u00f3wek:<br \/>\n<\/strong>&#8211; \u015bcie\u017cka prowadz\u0105ca na szczyt nie jest oznaczona ale jest nie\u017ale wydeptana, zaczyna si\u0119 zaraz przed cmentarzem w miejscowo\u015bci Aldea la Soledad &#8211; kierowcy autobusu wystarczy powiedzie\u0107, \u017ce chcecie wej\u015b\u0107 na wulkan<br \/>\n&#8211; prowiant lepiej kupi\u0107 wcze\u015bniej, po drodze wody brak!<br \/>\n&#8211; podej\u015bcie jest ci\u0119\u017ckie (niewymagaj\u0105ce technicznie ale nale\u017cy liczy\u0107 oko\u0142o 6h podchodzenia) &#8211; pierwszy odcinek to droga przez py\u0142 \/ piach i \u017cwir wulkaniczny (ech!) ca\u0142kiem na s\u0142o\u0144cu, potem wchodzi si\u0119 w las, by na samym ko\u0144cu wyj\u015b\u0107 na ska\u0142\u0119<br \/>\n&#8211; bana\u0142 ale fakt &#8211; na szczycie wieczorem jest bardzo zimno!!!!!! 0 stopni albo niewiele wi\u0119cej!<br \/>\n&#8211; na g\u00f3rze s\u0105 dwa fajne miejsca na obozowisko: prze\u0142\u0119cz (ok.30-40 minut podej\u015bcia na szczyt, wieje!) i sam krater wulkanu (kawa\u0142 p\u0142askiego terenu i nic wi\u0119cej ale za to magia miejsca!).<br \/>\n&#8211; w weekendy du\u017co lokalnych wycieczkowicz\u00f3w<strong><br \/>\nOg\u00f3lnie wej\u015bcie na wulkan Acatenango wspominamy jako jedno z najcie\u017cszych ale i najpi\u0119kniejszych prze\u017cy\u0107 w Gwatemali!!!! GOR\u0104CO POLECAMY!!!!<\/strong><\/p>\n<p style=\"text-align: center;\"><strong><img loading=\"lazy\" decoding=\"async\" class=\"ngg-singlepic ngg-none aligncenter\" style=\"border: 1px solid black; margin-top: 1px; margin-bottom: 1px;\" src=\"http:\/\/sebka.pl\/wp-content\/gallery\/gwatemala_wpisy\/acatenango_1.jpg\" alt=\"acatenango_1\" width=\"478\" height=\"318\" \/><\/strong><\/p>\n<p><strong>Antigua na mapie:<\/strong><br \/>\n<iframe loading=\"lazy\" src=\"https:\/\/maps.google.pl\/maps\/ms?msa=0&amp;msid=214897184821061664598.0004ac7d5a41946ab63ad&amp;hl=pl&amp;ie=UTF8&amp;t=h&amp;ll=14.521774,-90.792389&amp;spn=0.265883,0.455933&amp;z=11&amp;output=embed\" frameborder=\"0\" marginwidth=\"0\" marginheight=\"0\" scrolling=\"no\" width=\"665\" height=\"400\"><\/iframe><br \/>\n<small>Poka\u017c <a style=\"color: #0000ff; text-align: left;\" href=\"https:\/\/maps.google.pl\/maps\/ms?msa=0&amp;msid=214897184821061664598.0004ac7d5a41946ab63ad&amp;hl=pl&amp;ie=UTF8&amp;t=h&amp;ll=14.521774,-90.792389&amp;spn=0.265883,0.455933&amp;z=11&amp;source=embed\">Antigua<\/a> na wi\u0119kszej mapie<\/small><br \/>\n<strong><br \/>\n<\/strong><\/p>\n<p><strong>Uwagi i pytania kierujcie na maila NieCzekaj.eu(malpa)gmail.com<\/strong><\/p>\n<p><strong>Pozdrawiam,<\/strong><br \/>\n<strong> Kasia<\/strong><\/p>\n","protected":false},"excerpt":{"rendered":"<p>Antigua &#8211; czyli dawna stolica Gwatemali to obecnie jedna z najwi\u0119kszych atrakcji turystycznych kraju. Jej pi\u0119kne po\u0142o\u017cenie (u st\u00f3p 3 wulkan\u00f3w), atmosfera \u015blicznego skansenu i blisko\u015b\u0107 lotniska przyci\u0105ga rzesze turyst\u00f3w.\u00a0 [&hellip;]<\/p>\n","protected":false},"author":1,"featured_media":0,"parent":1276,"menu_order":0,"comment_status":"open","ping_status":"open","template":"","meta":{"om_disable_all_campaigns":false,"_monsterinsights_skip_tracking":false,"_monsterinsights_sitenote_active":false,"_monsterinsights_sitenote_note":"","_monsterinsights_sitenote_category":0,"_s2mail":"yes","ngg_post_thumbnail":0,"footnotes":""},"class_list":["post-1299","page","type-page","status-publish","hentry"],"_links":{"self":[{"href":"https:\/\/nieczekaj.blog\/index.php\/wp-json\/wp\/v2\/pages\/1299","targetHints":{"allow":["GET"]}}],"collection":[{"href":"https:\/\/nieczekaj.blog\/index.php\/wp-json\/wp\/v2\/pages"}],"about":[{"href":"https:\/\/nieczekaj.blog\/index.php\/wp-json\/wp\/v2\/types\/page"}],"author":[{"embeddable":true,"href":"https:\/\/nieczekaj.blog\/index.php\/wp-json\/wp\/v2\/users\/1"}],"replies":[{"embeddable":true,"href":"https:\/\/nieczekaj.blog\/index.php\/wp-json\/wp\/v2\/comments?post=1299"}],"version-history":[{"count":2,"href":"https:\/\/nieczekaj.blog\/index.php\/wp-json\/wp\/v2\/pages\/1299\/revisions"}],"predecessor-version":[{"id":1301,"href":"https:\/\/nieczekaj.blog\/index.php\/wp-json\/wp\/v2\/pages\/1299\/revisions\/1301"}],"up":[{"embeddable":true,"href":"https:\/\/nieczekaj.blog\/index.php\/wp-json\/wp\/v2\/pages\/1276"}],"wp:attachment":[{"href":"https:\/\/nieczekaj.blog\/index.php\/wp-json\/wp\/v2\/media?parent=1299"}],"curies":[{"name":"wp","href":"https:\/\/api.w.org\/{rel}","templated":true}]}}