{"id":1311,"date":"2014-04-22T21:53:30","date_gmt":"2014-04-22T19:53:30","guid":{"rendered":"http:\/\/sebka.pl\/?page_id=1311"},"modified":"2014-04-22T21:53:30","modified_gmt":"2014-04-22T19:53:30","slug":"quetzaltenango-wulkan-tajamulco","status":"publish","type":"page","link":"https:\/\/nieczekaj.blog\/index.php\/nasze-przewodniki\/ameryka\/gwatemala\/quetzaltenango-wulkan-tajamulco\/","title":{"rendered":"Quetzaltenango \/ wulkan Tajamulco"},"content":{"rendered":"<p><strong>Quetzaltenango czyli Xela, jak si\u0119 je tutaj nazywa, du\u017cego wra\u017cenia nie robi. Jest to typowe, ma\u0142ourokliwe gwatemalskie miasto z g\u0142o\u015bnymi ulicami i nielicznymi starymi budynkami. W\u015br\u00f3d turyst\u00f3w Xela znane jest mniej jako atrakcja sama w sobie a bardziej jako punkt startowy dla wielu treking\u00f3w po okolicy.<br \/>\n<\/strong><\/p>\n<p style=\"text-align: center;\"><strong><img loading=\"lazy\" decoding=\"async\" class=\"ngg-singlepic ngg-none aligncenter\" style=\"border: 1px solid black; margin-top: 1px; margin-bottom: 1px;\" src=\"http:\/\/sebka.pl\/wp-content\/gallery\/gwatemala_wpisy\/tajamulco.jpg\" alt=\"tajamulco\" width=\"478\" height=\"318\" \/><br \/>\n<\/strong><\/p>\n<p><strong title=\"Wpis z bloga\">Z naszej strony polecamy te\u017c\u00a0 nasze <a title=\"Przewodnik po Gwatemali\" href=\"https:\/\/nieczekaj.blog\/index.php\/gwatemala\/\">INFORMACJE OG\u00d3LNE\u00a0 o Gwatemali<\/a> oraz wpisy umieszczane na bie\u017c\u0105co <a title=\"Xela - blog\" href=\"http:\/\/sebka.travellerspoint.com\/114\/\">Xela i kolejny wulkan.<\/a><br \/>\n<\/strong><\/p>\n<p style=\"text-align: center;\"><strong>Transport<\/strong><\/p>\n<p><strong>Quetzaltenango le\u017cy niedaleko autostrady, zatem jest bardzo dobrze po\u0142\u0105czony z innymi miastami. <\/strong>Z Antiguy mo\u017cna tu dojecha\u0107 z jedn\u0105 przesiadk\u0105 za 12z\u0142, do Panajachel z dwiema przesiadkami za 8z\u0142. Dworzec jest po\u0142o\u017cony do\u015b\u0107 daleko od centrum! Po mie\u015bcie i pod miasto je\u017adzi sporo busik\u00f3w (bardzo tanich) &#8211; miasto jest rozleg\u0142e wi\u0119c czasem warto podjecha\u0107!<strong><br \/>\n<\/strong><\/p>\n<p style=\"text-align: center;\"><strong>Gdzie spa\u0107<\/strong><\/p>\n<p><strong>Hoteli jest kilka ale nie nazwa\u0142abym tego wielkim wyborem. <\/strong>W klasie &#8220;najta\u0144szy, akceptowalny sanitarnie&#8221; polecamy chi\u0144ski hotel &#8220;Oriental (24z\u0142 za 2. z TV ze wsp\u00f3ln\u0105 \u0142azienk\u0105) &#8211; atmosfera troch\u0119 dziwna (byli\u015bmy chyba jedynymi go\u015b\u0107mi) ale generalnie odczucia mamy pozytywne!<strong><br \/>\n<\/strong><\/p>\n<p style=\"text-align: center;\"><strong>Gdzie zje\u015b\u0107<\/strong><\/p>\n<p><strong>Ech, podobnie jak z hotelami &#8211; wielkiego sza\u0142u nie ma! <\/strong>Jedzenie uliczne mo\u017cna znale\u017a\u0107 przy placu Demokracji (ciekawe zjawisko gastronomiczne: &#8220;torta mexicana&#8221; = wielka bu\u0142a na maksa wy\u0142adowana par\u00f3wk\u0105!) i nie tylko. W centrum jest McDonald i kilka \u0142adnych restauracji i kawiarni.<br \/>\nRzadko to robimy ale tym razem musimy: <strong>zdecydowanie odradzamy<\/strong> restauracj\u0119 El Arabe w centrum &#8211; jedzenie okropne!!!<strong><\/strong><\/p>\n<p style=\"text-align: center;\"><strong>Atrakcje<\/strong><\/p>\n<p><strong>Miasto samo w sobie atrakcyjne nie jest.<\/strong> Mo\u017cna tu znale\u017a\u0107 kilka pere\u0142ek architektury ale osobi\u015bcie uwa\u017cam, \u017ce nie warto przyje\u017cd\u017ca\u0107 tu tylko dla nich. G\u0142\u00f3wn\u0105 (je\u015bli nie jedyn\u0105) atrakcj\u0105 jest okolica czyli <strong>pi\u0119kne g\u00f3rskie tereny<\/strong>! Mo\u017cna tu znale\u017a\u0107 wiele agencji turystycznych, kt\u00f3re oferuj\u0105 wycieczki trekkingowe od wej\u015bcia na wulkany po przej\u015bcie a\u017c do jeziora Atitlan. My zdecydowali\u015bmy si\u0119 zdoby\u0107 wulkan Tajamulco na w\u0142asn\u0105 r\u0119k\u0119!<br \/>\n<strong><\/strong><\/p>\n<p><strong>* Tajamulco<\/strong> &#8211; to najwy\u017cszy szczyt w Gwatemali. Wej\u015bcie jest bardzo dobrze oznaczone (wydeptane) i nie wymaga wielkiej sprawno\u015bci fizycznej, no mo\u017ce poza ostatnim fragmentem od obozu na szczyt. Zdecydowanie \u0142atwiej ni\u017c w przypadku wulkanu Acatenango.\u00a0 \u015awietne miejsce na biwak znajduje si\u0119 w pierwszym kraterze &#8211; na granicy lasu, du\u017co miejsc os\u0142oni\u0119tych od wiatru.<br \/>\nAby si\u0119 tu dosta\u0107 nale\u017cy z\u0142apa\u0107 autobus z San Pedro Sacatepequez i poprosi\u0107 o wysiadk\u0119 przy drodze na wulkan. Najpierw przechodzi si\u0119 przez wiosk\u0119, potem przez pole a dalej to ju\u017c tylko \u0142adny g\u00f3rski spacer a\u017c na szczyt (kt\u00f3ry wida\u0107 z daleka!).<br \/>\nProwiant trzeba wzi\u0105\u0107 ze sob\u0105, bo nie b\u0119dzie gdzie kupi\u0107 po drodze. Oczywi\u015bcie przygotujcie si\u0119 na zimnic\u0119 w nocy.<br \/>\n<strong>POLECAMY!!!!<\/strong><\/p>\n<p><strong>Xela na mapie:<\/strong><br \/>\n<iframe loading=\"lazy\" src=\"https:\/\/maps.google.pl\/maps\/ms?msa=0&amp;msid=214897184821061664598.0004ac7d5a41946ab63ad&amp;hl=pl&amp;ie=UTF8&amp;t=h&amp;ll=14.942131,-91.733093&amp;spn=0.53074,0.898132&amp;z=10&amp;output=embed\" frameborder=\"0\" marginwidth=\"0\" marginheight=\"0\" scrolling=\"no\" width=\"655\" height=\"400\"><\/iframe><br \/>\n<small>Poka\u017c <a style=\"color: #0000ff; text-align: left;\" href=\"https:\/\/maps.google.pl\/maps\/ms?msa=0&amp;msid=214897184821061664598.0004ac7d5a41946ab63ad&amp;hl=pl&amp;ie=UTF8&amp;t=h&amp;ll=14.942131,-91.733093&amp;spn=0.53074,0.898132&amp;z=10&amp;source=embed\">Xela<\/a> na wi\u0119kszej mapie<\/small><br \/>\n<strong><br \/>\n<\/strong><\/p>\n<p><strong>Uwagi i pytania kierujcie na maila NieCzekaj.eu(malpa)gmail.com<\/strong><\/p>\n<p><strong>Pozdrawiam,<\/strong><br \/>\n<strong> Kasia<\/strong><\/p>\n","protected":false},"excerpt":{"rendered":"<p>Quetzaltenango czyli Xela, jak si\u0119 je tutaj nazywa, du\u017cego wra\u017cenia nie robi. Jest to typowe, ma\u0142ourokliwe gwatemalskie miasto z g\u0142o\u015bnymi ulicami i nielicznymi starymi budynkami. W\u015br\u00f3d turyst\u00f3w Xela znane jest [&hellip;]<\/p>\n","protected":false},"author":1,"featured_media":0,"parent":1276,"menu_order":0,"comment_status":"open","ping_status":"open","template":"","meta":{"om_disable_all_campaigns":false,"_monsterinsights_skip_tracking":false,"_monsterinsights_sitenote_active":false,"_monsterinsights_sitenote_note":"","_monsterinsights_sitenote_category":0,"_s2mail":"yes","ngg_post_thumbnail":0,"footnotes":""},"class_list":["post-1311","page","type-page","status-publish","hentry"],"_links":{"self":[{"href":"https:\/\/nieczekaj.blog\/index.php\/wp-json\/wp\/v2\/pages\/1311","targetHints":{"allow":["GET"]}}],"collection":[{"href":"https:\/\/nieczekaj.blog\/index.php\/wp-json\/wp\/v2\/pages"}],"about":[{"href":"https:\/\/nieczekaj.blog\/index.php\/wp-json\/wp\/v2\/types\/page"}],"author":[{"embeddable":true,"href":"https:\/\/nieczekaj.blog\/index.php\/wp-json\/wp\/v2\/users\/1"}],"replies":[{"embeddable":true,"href":"https:\/\/nieczekaj.blog\/index.php\/wp-json\/wp\/v2\/comments?post=1311"}],"version-history":[{"count":1,"href":"https:\/\/nieczekaj.blog\/index.php\/wp-json\/wp\/v2\/pages\/1311\/revisions"}],"predecessor-version":[{"id":1312,"href":"https:\/\/nieczekaj.blog\/index.php\/wp-json\/wp\/v2\/pages\/1311\/revisions\/1312"}],"up":[{"embeddable":true,"href":"https:\/\/nieczekaj.blog\/index.php\/wp-json\/wp\/v2\/pages\/1276"}],"wp:attachment":[{"href":"https:\/\/nieczekaj.blog\/index.php\/wp-json\/wp\/v2\/media?parent=1311"}],"curies":[{"name":"wp","href":"https:\/\/api.w.org\/{rel}","templated":true}]}}