{"id":1317,"date":"2014-04-24T14:27:02","date_gmt":"2014-04-24T12:27:02","guid":{"rendered":"http:\/\/sebka.pl\/?page_id=1317"},"modified":"2014-04-24T14:35:49","modified_gmt":"2014-04-24T12:35:49","slug":"jezioro-atitlan","status":"publish","type":"page","link":"https:\/\/nieczekaj.blog\/index.php\/nasze-przewodniki\/ameryka\/gwatemala\/jezioro-atitlan\/","title":{"rendered":"Jezioro Atitlan"},"content":{"rendered":"<p><strong>Przepi\u0119kne jezioro Atitlan jest obok Tikal i Antiguy najpopularniejszym w\u015br\u00f3d turyst\u00f3w miejscem w Gwatemali. Nie ma si\u0119 czemu dziwi\u0107 &#8211; jezioro jest po\u0142o\u017cone niezwykle malowniczo u st\u00f3p dw\u00f3ch wulkan\u00f3w i ju\u017c sam ten widok jest wystarczaj\u0105cym powodem, by tu przyjecha\u0107. My sp\u0119dzili\u015bmy tu kilka dni &#8211; mniej ze wzgl\u0119du na zachwyt, bardziej zatrzymani chorob\u0105 Sebastiana \ud83d\ude42<br \/>\n<\/strong><\/p>\n<p style=\"text-align: center;\"><strong><img loading=\"lazy\" decoding=\"async\" class=\"ngg-singlepic ngg-none aligncenter\" style=\"border: 1px solid black; margin-top: 1px; margin-bottom: 1px;\" src=\"http:\/\/sebka.pl\/wp-content\/gallery\/gwatemala_wpisy\/atitlan_1.jpg\" alt=\"atitlan_1\" width=\"478\" height=\"318\" \/><br \/>\n<\/strong><\/p>\n<p><strong title=\"Wpis z bloga\">Z naszej strony polecamy te\u017c\u00a0 nasze <a title=\"Przewodnik po Gwatemali\" href=\"https:\/\/nieczekaj.blog\/index.php\/gwatemala\/\">INFORMACJE OG\u00d3LNE\u00a0 o Gwatemali<\/a> oraz wpisy umieszczane na bie\u017c\u0105co <a title=\"Lago Atitlan - blog\" href=\"http:\/\/sebka.travellerspoint.com\/115\/\">Lago Atitlan<\/a>.<br \/>\n<\/strong><\/p>\n<p style=\"text-align: center;\"><strong>Transport<\/strong><\/p>\n<p><strong>Jezioro Atitlan jest po\u0142o\u017cone nieco na po\u0142udnie od autostrady, dlatego podr\u00f3\u017c komunikacj\u0105 publiczn\u0105 wymaga przesiadki.<\/strong> W zale\u017cno\u015bci, dok\u0105d si\u0119 wybieracie (Panajachel czy San Pedro \/ San Marcos) nale\u017cy wysi\u0105\u015b\u0107 w innym miejscu na autostradzie &#8211; najlepiej powiedzie\u0107 kierowcy \/ biletowemu, gdzie chcecie dotrze\u0107.<br \/>\nMy dojechali\u015bmy do Panajachel z Xela z 2 przesiadkami za oko\u0142o 8z\u0142 (20Q) od osoby wi\u0119c drogo nie jest.<strong><br \/>\nMi\u0119dzy miejscowo\u015bciami le\u017c\u0105cymi nad jeziorem kursuj\u0105 \u0142\u00f3dki. <\/strong>Niestety ten rodzaj komunikacji zdecydowanie zosta\u0142 ska\u017cony chorob\u0105 &#8220;ceny dla turyst\u00f3w&#8221; &#8211; za przep\u0142yni\u0119cie z Panajachel do San Pedro p\u0142acili\u015bmy 10z\u0142 (25Q) od osoby i to nie by\u0142a normalna stawka. C\u00f3\u017c&#8230;pozostaje k\u0142\u00f3ci\u0107 si\u0119 lub zaakceptowa\u0107 turystkowo.<strong><br \/>\n<\/strong><\/p>\n<p style=\"text-align: center;\"><strong>Gdzie spa\u0107 i zje\u015b\u0107<br \/>\n<\/strong><\/p>\n<p><strong>Zanim zaczniecie szuka\u0107 hotelu, musicie wybra\u0107 jedn\u0105 z miejscowo\u015bci otaczaj\u0105cych Atitlan. <\/strong>S\u0105 trzy g\u0142\u00f3wne: Panajachel, San Pedro i San Marcos. My byli\u015bmy w dw\u00f3ch pierwszych, o trzeciej tylko czytali\u015bmy. Ka\u017cda z nich r\u00f3\u017cni si\u0119 znacznie atmosfer\u0105 &#8211; warto dobrze si\u0119 zastanowi\u0107 przed wyborem, \u017ceby si\u0119 nie zrazi\u0107 do ca\u0142ego miejsca.<strong><\/strong><\/p>\n<ul>\n<li><strong>\u00a0* Panajachel &#8211; <\/strong>najwi\u0119ksza, najbardziej turystyczna = najwi\u0119cej hoteli \/ restauracji \/ bar\u00f3w \/ sklep\u00f3w z pami\u0105tkami, wymuskana &#8211; ma to swoje plusy i minusy. Ju\u017c z mojego opisu pewnie domy\u015blacie si\u0119, \u017ce nam Panajachel do gustu nie przypad\u0142a i po jednej nocy stamt\u0105d uciekli\u015bmy \ud83d\ude42<strong><\/strong><\/li>\n<\/ul>\n<p style=\"padding-left: 60px;\"><strong>Mo\u017cemy \u015bmia\u0142o poleci\u0107:<\/strong><strong><\/strong><\/p>\n<p style=\"padding-left: 60px;\"><strong>&#8211; nocleg:<\/strong> Hospedaje Anexo Santa Elena (zielony) na Calle Monte Rey zaraz obok Calle Santander; 24z\u0142 (60Q) za dw\u00f3jk\u0119 z podstawowym wyposa\u017ceniem, czyst\u0105 wsp\u00f3ln\u0105 \u0142azienk\u0105 i \u015bredniociep\u0142ym prysznicem<br \/>\n<strong>&#8211; restauracj\u0119: <\/strong>Guajmbo&#8217;s co\u015b tam urugwajskie &#8211; przepyszne pesto!!!!!! w rozs\u0105dnej polskiej cenie<\/p>\n<ul>\n<li><strong>* San Pedro &#8211; <\/strong>atmosfera du\u017co mniej przyt\u0142aczaj\u0105co-turystyczna tzn. pami\u0105tk\u00f3wki, hotele, restauracje i bary s\u0105 ale w zdecydowanie mniejszym st\u0119\u017ceniu ni\u017c w Panajachel, mo\u017cna tak\u017ce spotka\u0107 (i to wcale nie tak rzadko) lokalnych mieszka\u0144c\u00f3w. Dla nas by\u0142a to mi\u0142a odmiana po Panajachel!<strong><\/strong><strong><\/strong><\/li>\n<\/ul>\n<p style=\"padding-left: 60px;\"><strong>Polecamy:<\/strong><strong><\/strong><\/p>\n<p style=\"padding-left: 60px;\"><strong>&#8211; nocleg: <\/strong>Hotel Taliman &#8211; obok wypo\u017cyczalni kajak\u00f3w; 24z\u0142 (60Q) za dw\u00f3jk\u0119 z \u0142azienk\u0105 i \u015bredniociep\u0142ym prysznicem w pokoju z pi\u0119knym widokiem na jezioro. Panowie wypo\u017cyczyli nam te\u017c kuchenk\u0119 elektryczn\u0105, patelni\u0119 i sztu\u0107ce<strong><br \/>\n&#8211; jedzenie spo\u017cywali\u015bmy przygotowane przez nas <\/strong>&#8211; w centrum (na przeciwko rynku) znajduje si\u0119 du\u017cy targ warzywny i dwie piekarnie.<\/p>\n<p style=\"padding-left: 60px;\">Z uwag praktycznych autobusy zatrzymuj\u0105 si\u0119 na ulicy poprzedzaj\u0105cej rynek.<strong><\/strong><\/p>\n<ul>\n<li><strong>* San Marcos<\/strong> &#8211; ma s\u0142aw\u0119 &#8220;czarnej dziury&#8221; &#8211; miejsca, kt\u00f3re wci\u0105ga. Szczeg\u00f3lnie cenione przez hipis\u00f3w, dzieci kwiaty i ludzi ciesz\u0105cych si\u0119 podobnymi \u015bwiatopogl\u0105dami.<\/li>\n<\/ul>\n<p>&nbsp;<\/p>\n<p style=\"text-align: center;\"><img loading=\"lazy\" decoding=\"async\" class=\"ngg-singlepic ngg-none aligncenter\" style=\"border: 1px solid black; margin-top: 1px; margin-bottom: 1px;\" src=\"http:\/\/sebka.pl\/wp-content\/gallery\/gwatemala_wpisy\/atitlan_2.jpg\" alt=\"atitlan_2\" width=\"478\" height=\"318\" \/><\/p>\n<p style=\"text-align: center;\"><strong>Atrakcje<\/strong><\/p>\n<p>Niestety choroba Sebka nas troch\u0119 uziemi\u0142a i tak naprawd\u0119 atrakcji oferowanych przez Atitlan nie mieli\u015bmy okazji do\u015bwiadczy\u0107 \ud83d\ude41<br \/>\nOrganizowane s\u0105 wycieczki po okolicy, tak\u017ce z wej\u015bciem na wulkany &#8211; w przewodniku zalecano ostro\u017cno\u015b\u0107 w spacerach podejmowanych na w\u0142asn\u0105 r\u0119k\u0119 ale by\u0142 to stary przewodnik. Mo\u017cna wypo\u017cyczy\u0107 kajak i przep\u0142yn\u0105\u0107 si\u0119 po jeziorze. No i oczywi\u015bcie mo\u017cna po prostu siedzie\u0107 i patrze\u0107 na jezioro &#8211; to robili\u015bmy i polecamy!<\/p>\n<p>&nbsp;<\/p>\n<p><strong>Jezioro Atitlan na mapie:<\/strong><br \/>\n<iframe loading=\"lazy\" src=\"https:\/\/maps.google.pl\/maps\/ms?msa=0&amp;msid=214897184821061664598.0004ac7d5a41946ab63ad&amp;hl=pl&amp;ie=UTF8&amp;t=h&amp;ll=14.687225,-91.233902&amp;spn=0.282288,0.449066&amp;z=11&amp;output=embed\" frameborder=\"0\" marginwidth=\"0\" marginheight=\"0\" scrolling=\"no\" width=\"655\" height=\"425\"><\/iframe><br \/>\n<small>Poka\u017c <a style=\"color: #0000ff; text-align: left;\" href=\"https:\/\/maps.google.pl\/maps\/ms?msa=0&amp;msid=214897184821061664598.0004ac7d5a41946ab63ad&amp;hl=pl&amp;ie=UTF8&amp;t=h&amp;ll=14.687225,-91.233902&amp;spn=0.282288,0.449066&amp;z=11&amp;source=embed\">Atitlan<\/a> na wi\u0119kszej mapie<\/small><br \/>\n<strong>Uwagi i pytania kierujcie na maila NieCzekaj.eu(malpa)gmail.com<\/strong><\/p>\n<p><strong>Pozdrawiam,<\/strong><br \/>\n<strong> Kasia<\/strong><\/p>\n","protected":false},"excerpt":{"rendered":"<p>Przepi\u0119kne jezioro Atitlan jest obok Tikal i Antiguy najpopularniejszym w\u015br\u00f3d turyst\u00f3w miejscem w Gwatemali. Nie ma si\u0119 czemu dziwi\u0107 &#8211; jezioro jest po\u0142o\u017cone niezwykle malowniczo u st\u00f3p dw\u00f3ch wulkan\u00f3w i [&hellip;]<\/p>\n","protected":false},"author":1,"featured_media":0,"parent":1276,"menu_order":0,"comment_status":"open","ping_status":"open","template":"","meta":{"om_disable_all_campaigns":false,"_monsterinsights_skip_tracking":false,"_monsterinsights_sitenote_active":false,"_monsterinsights_sitenote_note":"","_monsterinsights_sitenote_category":0,"_s2mail":"yes","ngg_post_thumbnail":0,"footnotes":""},"class_list":["post-1317","page","type-page","status-publish","hentry"],"_links":{"self":[{"href":"https:\/\/nieczekaj.blog\/index.php\/wp-json\/wp\/v2\/pages\/1317","targetHints":{"allow":["GET"]}}],"collection":[{"href":"https:\/\/nieczekaj.blog\/index.php\/wp-json\/wp\/v2\/pages"}],"about":[{"href":"https:\/\/nieczekaj.blog\/index.php\/wp-json\/wp\/v2\/types\/page"}],"author":[{"embeddable":true,"href":"https:\/\/nieczekaj.blog\/index.php\/wp-json\/wp\/v2\/users\/1"}],"replies":[{"embeddable":true,"href":"https:\/\/nieczekaj.blog\/index.php\/wp-json\/wp\/v2\/comments?post=1317"}],"version-history":[{"count":8,"href":"https:\/\/nieczekaj.blog\/index.php\/wp-json\/wp\/v2\/pages\/1317\/revisions"}],"predecessor-version":[{"id":1323,"href":"https:\/\/nieczekaj.blog\/index.php\/wp-json\/wp\/v2\/pages\/1317\/revisions\/1323"}],"up":[{"embeddable":true,"href":"https:\/\/nieczekaj.blog\/index.php\/wp-json\/wp\/v2\/pages\/1276"}],"wp:attachment":[{"href":"https:\/\/nieczekaj.blog\/index.php\/wp-json\/wp\/v2\/media?parent=1317"}],"curies":[{"name":"wp","href":"https:\/\/api.w.org\/{rel}","templated":true}]}}