{"id":216,"date":"2013-05-12T21:47:46","date_gmt":"2013-05-12T19:47:46","guid":{"rendered":"http:\/\/sebka.cba.pl\/?page_id=216"},"modified":"2014-06-11T23:06:45","modified_gmt":"2014-06-11T21:06:45","slug":"galeria","status":"publish","type":"page","link":"https:\/\/nieczekaj.blog\/index.php\/galeria\/","title":{"rendered":"Galerie"},"content":{"rendered":"<h3>Witamy w dziale GALERIA!<\/h3>\n<h3>Prezentujemy tu naszym zdaniem nasze naj\u0142adniejsze zdj\u0119cia z kraj\u00f3w, kt\u00f3re odwiedzili\u015bmy. Mamy nadziej\u0119, \u017ce Wam si\u0119 spodobaj\u0105 \ud83d\ude42<\/h3>\n<h3>Sebastian i Kasia<\/h3>\n<h2 style=\"text-align: center;\"><a title=\"Afryka - galeria\" href=\"https:\/\/nieczekaj.blog\/index.php\/galeria\/afryka\/\">AFRYKA:<\/a><\/h2>\n<h3 style=\"text-align: center;\"><a title=\"Maroko - galeria\" href=\"https:\/\/nieczekaj.blog\/index.php\/galeria\/maroko\/\">MAROKO:<\/a><br \/>\n<strong><a href=\"https:\/\/nieczekaj.blog\/index.php\/galeria\/maroko\/\"><img loading=\"lazy\" decoding=\"async\" class=\"aligncenter\" style=\"border: 1px solid black; margin-top: 1px; margin-bottom: 1px;\" title=\"Maroko - galerie\" src=\"http:\/\/sebka.pl\/wp-content\/gallery\/maroko-przyroda\/thumbs\/thumbs_tachedirt-atlas-wysoki.jpg\" alt=\"tachedirt-atlas-wysoki\" width=\"180\" height=\"120\" \/><\/a><\/strong><\/h3>\n<h2 style=\"text-align: center;\"><\/h2>\n<h2 style=\"text-align: center;\"><a title=\"Ameryka - galerie\" href=\"https:\/\/nieczekaj.blog\/index.php\/galeria\/ameryka\/\">AMERYKA:<\/a><\/h2>\n<p>[wpcol_1half id=&#8221;&#8221; class=&#8221;&#8221; style=&#8221;&#8221;]<\/p>\n<h3 style=\"text-align: center;\"><a title=\"Meksyk - galeria\" href=\"https:\/\/nieczekaj.blog\/index.php\/galeria\/ameryka\/meksyk\/\">MEKSYK<br \/>\n<\/a><a href=\"https:\/\/nieczekaj.blog\/index.php\/galeria\/ameryka\/meksyk\/\"><img loading=\"lazy\" decoding=\"async\" style=\"border: 1px solid black; margin: 1px;\" src=\"http:\/\/sebka.pl\/wp-content\/gallery\/meksyk\/thumbs\/thumbs_mex0844-164.jpg\" alt=\"mex0844-164\" width=\"180\" height=\"120\" \/><\/a><a title=\"Meksyk - galeria\" href=\"https:\/\/nieczekaj.blog\/index.php\/galeria\/ameryka\/meksyk\/\"><br \/>\n<\/a><\/h3>\n<p>[\/wpcol_1half] [wpcol_1half_end id=&#8221;&#8221; class=&#8221;&#8221; style=&#8221;&#8221;]<\/p>\n<h3 style=\"text-align: center;\"><a title=\"Gwatemala - galeria\" href=\"https:\/\/nieczekaj.blog\/index.php\/galeria\/ameryka\/gwatemala\/\">GWATEMALA<\/a><br \/>\n<a class=\"shutterset_\" href=\"https:\/\/nieczekaj.blog\/index.php\/galeria\/ameryka\/gwatemala\/\"><img loading=\"lazy\" decoding=\"async\" class=\"ngg-singlepic ngg-none aligncenter\" src=\"http:\/\/sebka.pl\/wp-content\/gallery\/gwatemala_galeria\/thumbs\/thumbs_acatenango.jpg\" alt=\"acatenango\" width=\"180\" height=\"120\" \/><\/a><\/h3>\n<h3 title=\"Maroko - galeria\">[\/wpcol_1half_end]<\/h3>\n<h2 style=\"text-align: center;\"><a title=\"Azja - galeria\" href=\"https:\/\/nieczekaj.blog\/index.php\/galeria\/azja\/\">AZJA:<\/a><\/h2>\n<p>[wpcol_1half id=&#8221;&#8221; class=&#8221;&#8221; style=&#8221;&#8221;]<\/p>\n<h3 style=\"text-align: center;\"><a title=\"TAJLANDIA - galeria\" href=\"https:\/\/nieczekaj.blog\/index.php\/galeria\/tajlandia\/\">TAJLANDIA: <\/a><br \/>\n<a class=\"shutterset_\" href=\"https:\/\/nieczekaj.blog\/index.php\/galeria\/tajlandia\/\"><img loading=\"lazy\" decoding=\"async\" class=\"ngg-singlepic ngg-none aligncenter\" style=\"border: 1px solid black; margin-top: 1px; margin-bottom: 1px;\" title=\"Tajlandia - galeria\" src=\"http:\/\/sebka.pl\/wp-content\/gallery\/tajlnadia\/thumbs\/thumbs_figury-sukkothai.jpg\" alt=\"figury-sukkothai\" width=\"180\" height=\"120\" \/><\/a><\/h3>\n<h3 style=\"text-align: center;\"><a title=\"LAOS - galeria\" href=\"https:\/\/nieczekaj.blog\/index.php\/galeria\/laos\/\">LAOS:<\/a><br \/>\n<a class=\"shutterset_\" href=\"https:\/\/nieczekaj.blog\/index.php\/galeria\/laos\/\"><img loading=\"lazy\" decoding=\"async\" class=\"ngg-singlepic ngg-none aligncenter\" title=\"Laos - galeria\" src=\"http:\/\/sebka.pl\/wp-content\/gallery\/laos\/thumbs\/thumbs_slow-boat.jpg\" alt=\"slow-boat\" width=\"180\" height=\"120\" \/><\/a><\/h3>\n<h3 style=\"text-align: center;\"><a title=\"INDONEZJA - galeria\" href=\"https:\/\/nieczekaj.blog\/index.php\/galeria\/indonezja\/\">INDONEZJA:<br \/>\n<\/a><a href=\"https:\/\/nieczekaj.blog\/index.php\/galeria\/indonezja\/\"><img loading=\"lazy\" decoding=\"async\" class=\"aligncenter\" style=\"border: 1px solid black; margin-top: 1px; margin-bottom: 1px;\" title=\"INDONEZJA - galeria\" src=\"http:\/\/sebka.pl\/wp-content\/gallery\/indonezja\/thumbs\/thumbs_jezioro-toba.jpg\" alt=\"jezioro-toba\" width=\"180\" height=\"120\" \/><\/a><\/h3>\n<h3>[\/wpcol_1half] [wpcol_1half_end id=&#8221;&#8221; class=&#8221;&#8221; style=&#8221;&#8221;]<\/h3>\n<h3 style=\"text-align: center;\"><a title=\"Kambod\u017ca - galeria\" href=\"https:\/\/nieczekaj.blog\/index.php\/galeria\/kambodza\/\">KAMBOD\u017bA:<\/a><br \/>\n<a class=\"shutterset_\" href=\"https:\/\/nieczekaj.blog\/index.php\/galeria\/kambodza\/\"><img loading=\"lazy\" decoding=\"async\" class=\"ngg-singlepic ngg-none aligncenter\" title=\"Kambod\u017ca - galeria\" src=\"http:\/\/sebka.pl\/wp-content\/gallery\/kambodza\/thumbs\/thumbs_angkor-wat.jpg\" alt=\"angkor-wat\" width=\"180\" height=\"120\" \/><\/a><\/h3>\n<h3 style=\"text-align: center;\"><a title=\"MALEZJA - galeria\" href=\"https:\/\/nieczekaj.blog\/index.php\/galeria\/malezja\/\">MALEZJA:<\/a><br \/>\n<a class=\"shutterset_\" href=\"https:\/\/nieczekaj.blog\/index.php\/galeria\/malezja\/\"><img loading=\"lazy\" decoding=\"async\" class=\"ngg-singlepic ngg-none aligncenter\" title=\"MALEZJA - galeria\" src=\"http:\/\/sebka.pl\/wp-content\/gallery\/malezja\/thumbs\/thumbs_pola-herbaty-cameron-highlands_0.jpg\" alt=\"pola-herbaty-cameron-highlands_0\" width=\"180\" height=\"120\" \/><\/a><\/h3>\n<h3 style=\"text-align: center;\" title=\"INDONEZJA - galeria\"><a title=\"Filipiny - galeria\" href=\"https:\/\/nieczekaj.blog\/index.php\/galeria\/azja\/filipiny\/\">FILIPINY:<\/a><br \/>\n<a href=\"https:\/\/nieczekaj.blog\/index.php\/galeria\/azja\/filipiny\/\"><img loading=\"lazy\" decoding=\"async\" class=\"aligncenter\" style=\"border: 1px solid black; margin-top: 1px; margin-bottom: 1px;\" src=\"http:\/\/sebka.pl\/wp-content\/gallery\/filipiny_galeria\/thumbs\/thumbs_carabao-island_1.jpg\" alt=\"carabao-island_1\" width=\"180\" height=\"120\" \/><\/a><\/h3>\n<h3 title=\"INDONEZJA - galeria\">[\/wpcol_1half_end]<\/h3>\n<h2 style=\"text-align: center;\"><a title=\"EUROPA - galeria\" href=\"https:\/\/nieczekaj.blog\/index.php\/galeria\/europa\/\">EUROPA:<\/a><\/h2>\n<p>[wpcol_1half id=&#8221;&#8221; class=&#8221;&#8221; style=&#8221;&#8221;]<\/p>\n<h3 style=\"text-align: center;\"><a title=\"Austria - galeria\" href=\"https:\/\/nieczekaj.blog\/index.php\/galeria\/austria\/\">AUSTRIA:<\/a><br \/>\n<a title=\"Austria - galeria\" href=\"https:\/\/nieczekaj.blog\/index.php\/galeria\/austria\/\"> <img loading=\"lazy\" decoding=\"async\" class=\"aligncenter\" style=\"border: 1px solid black; margin-top: 1px; margin-bottom: 1px;\" src=\"http:\/\/sebka.pl\/wp-content\/gallery\/austria-2013\/thumbs\/thumbs_kaprun.jpg\" alt=\"kaprun\" width=\"180\" height=\"120\" \/><\/a><\/h3>\n<h3>[\/wpcol_1half] [wpcol_1half_end id=&#8221;&#8221; class=&#8221;&#8221; style=&#8221;&#8221;]<\/h3>\n<h3 style=\"text-align: center;\"><a title=\"Czechy - galeria\" href=\"https:\/\/nieczekaj.blog\/index.php\/galeria\/czechy\/\">CZECHY:<\/a><br \/>\n<a href=\"https:\/\/nieczekaj.blog\/index.php\/galeria\/czechy\/\"><img loading=\"lazy\" decoding=\"async\" class=\"aligncenter\" style=\"border: 1px solid black; margin-top: 1px; margin-bottom: 1px;\" src=\"http:\/\/sebka.pl\/wp-content\/gallery\/czechy-2013\/thumbs\/thumbs_praga-widok-na-hradczany.jpg\" alt=\"praga-widok-na-hradczany\" width=\"180\" height=\"120\" \/><\/a><\/h3>\n<h3>[\/wpcol_1half_end]<\/h3>\n","protected":false},"excerpt":{"rendered":"<p>Witamy w dziale GALERIA! Prezentujemy tu naszym zdaniem nasze naj\u0142adniejsze zdj\u0119cia z kraj\u00f3w, kt\u00f3re odwiedzili\u015bmy. Mamy nadziej\u0119, \u017ce Wam si\u0119 spodobaj\u0105 \ud83d\ude42 Sebastian i Kasia AFRYKA: MAROKO: AMERYKA: [wpcol_1half id=&#8221;&#8221; [&hellip;]<\/p>\n","protected":false},"author":1,"featured_media":0,"parent":0,"menu_order":6,"comment_status":"open","ping_status":"open","template":"","meta":{"om_disable_all_campaigns":false,"_monsterinsights_skip_tracking":false,"_monsterinsights_sitenote_active":false,"_monsterinsights_sitenote_note":"","_monsterinsights_sitenote_category":0,"_s2mail":"yes","ngg_post_thumbnail":0,"footnotes":""},"class_list":["post-216","page","type-page","status-publish","hentry"],"_links":{"self":[{"href":"https:\/\/nieczekaj.blog\/index.php\/wp-json\/wp\/v2\/pages\/216","targetHints":{"allow":["GET"]}}],"collection":[{"href":"https:\/\/nieczekaj.blog\/index.php\/wp-json\/wp\/v2\/pages"}],"about":[{"href":"https:\/\/nieczekaj.blog\/index.php\/wp-json\/wp\/v2\/types\/page"}],"author":[{"embeddable":true,"href":"https:\/\/nieczekaj.blog\/index.php\/wp-json\/wp\/v2\/users\/1"}],"replies":[{"embeddable":true,"href":"https:\/\/nieczekaj.blog\/index.php\/wp-json\/wp\/v2\/comments?post=216"}],"version-history":[{"count":40,"href":"https:\/\/nieczekaj.blog\/index.php\/wp-json\/wp\/v2\/pages\/216\/revisions"}],"predecessor-version":[{"id":221,"href":"https:\/\/nieczekaj.blog\/index.php\/wp-json\/wp\/v2\/pages\/216\/revisions\/221"}],"wp:attachment":[{"href":"https:\/\/nieczekaj.blog\/index.php\/wp-json\/wp\/v2\/media?parent=216"}],"curies":[{"name":"wp","href":"https:\/\/api.w.org\/{rel}","templated":true}]}}