{"id":285,"date":"2013-05-17T12:34:01","date_gmt":"2013-05-17T10:34:01","guid":{"rendered":"http:\/\/sebka.cba.pl\/?page_id=285"},"modified":"2014-05-16T18:33:04","modified_gmt":"2014-05-16T16:33:04","slug":"bangkok-informacje-praktyczne","status":"publish","type":"page","link":"https:\/\/nieczekaj.blog\/index.php\/nasze-przewodniki\/azja\/tajlandia-informacje-ogolne\/bangkok-informacje-praktyczne\/","title":{"rendered":"Bangkok"},"content":{"rendered":"<h3>Witam<\/h3>\n<h3>Dzisiaj na tapecie Bangkok &#8211; wielkie miasto wielkich mo\u017cliwo\u015bci!. Polecam te\u017c nasze <a title=\"Tajlandia INFORMACJE OG\u00d3LNE\" href=\"https:\/\/nieczekaj.blog\/index.php\/nasze-przewodniki\/azja\/tajlandia-informacje-ogolne\/\">INFORMACJE OG\u00d3LNE o Tajlandii<\/a> oraz wpisy umieszczane na gor\u0105co z Bangkoku: <a title=\"Bangkok cz.1\" href=\"http:\/\/sebka.travellerspoint.com\/24\/\">Bangkok cz.1<\/a> i <a title=\"Bangkok cz.2\" href=\"http:\/\/sebka.travellerspoint.com\/25\/\">Bangkok cz.2<\/a>.<\/h3>\n<p>&nbsp;<\/p>\n<h2 style=\"text-align: center;\">Transport z lotniska<\/h2>\n<p><strong>W okolice Khao San Road dojecha\u0107 mo\u017cna Ekspresowym autobusem<\/strong> za 150 THB\/os. &#8211; jedzie si\u0119 ok godziny. Gdy jedziemy w cztery osoby mo\u017cemy pokusi\u0107 si\u0119 o taks\u00f3wk\u0119 &#8211; koszt podobny po przeliczeniu na osob\u0119 lub troszk\u0119 taniej.<\/p>\n<h2 style=\"text-align: center;\">Gdzie spa\u0107?<\/h2>\n<p><strong>Odradzamy znane, gwarne i g\u0142o\u015bne Khao San Road.<\/strong> Za to w okolicy jest mniej gwarne (ale jednak ci\u0105gle turystyczne) okolice Phra-A-Thit Road. R\u00f3wnie dobr\u0105 opcj\u0105 s\u0105 noclegi w dzielnicy chi\u0144skiej. My wybrali\u015bmy to pierwsze rozwi\u0105zanie &#8211; ze wzgl\u0119du na \u0142atwo\u015b\u0107 dojazdu i dobre po\u0142\u0105czenie ze wszystkimi atrakcjami (czy to promem cz autobusem).<\/p>\n<p>Dojecha\u0107 tu mo\u017cna z lotniska autobusem ekspresowym (jeden przystanek przed Khao) lub doj\u015b\u0107 z Khao San. Blisko te\u017c jest przysta\u0144 promowa Phra-A-Thit.<\/p>\n<p>Ceny w Bangkoku s\u0105 wy\u017csze ni\u017c w innych miastach Tajlandii. My spali\u015bmy w paru hostelach. Wybierali\u015bmy najta\u0144sze opcje ale czyste \ud83d\ude42 przyjemne z \u0142azienk\u0105 na korytarzu. Polecamy:<\/p>\n<p><strong>Peachy Guest House<\/strong> &#8211; przy Phra-A-Thit Road. Dw\u00f3jka 200 THB. Pokoiki ma\u0142e ale z klimatyzacj\u0105 z oknem na wewn\u0119trzne podw\u00f3rko (wi\u0119c wieczorem cisza i spok\u00f3j). Zno\u015bne \u0142azienki. Polecamy najbardziej: w stosunku jako\u015b\u0107\/cena jest chyba najlepszy!<\/p>\n<p><strong>New Siam Guest House I<\/strong> <a title=\"New Siam GH\" href=\"http:\/\/www.newsiam.net\">(link<\/a>) &#8211; ok 320 THB za noc &#8211; mapka w linku. Dobra opcja je\u015bli si\u0119 rezerwuje internetowo &#8211; bezpieczna zap\u0142ata kart\u0105 przez ich stron\u0119. Pokoje czyste, czyste \u0142azienki. Tanio mo\u017cna kupi\u0107 u\u017cywane ksi\u0105\u017cki (zap\u0142acili\u015bmy ok 35 THB za polski przewodnik po Azji!). Na parterze przyjemna knajpka.<\/p>\n<p style=\"text-align: center;\"><a href=\"http:\/\/sebka.cba.pl\/wp-content\/uploads\/2013\/05\/new_siam_widok_400.jpg\"><img loading=\"lazy\" decoding=\"async\" class=\"size-full wp-image-288 aligncenter\" style=\"border: 1px solid black; margin-top: 1px; margin-bottom: 1px;\" title=\"new_siam_widok_400\" src=\"http:\/\/sebka.cba.pl\/wp-content\/uploads\/2013\/05\/new_siam_widok_400.jpg\" alt=\"\" width=\"266\" height=\"400\" srcset=\"https:\/\/nieczekaj.blog\/wp-content\/uploads\/2013\/05\/new_siam_widok_400.jpg 266w, https:\/\/nieczekaj.blog\/wp-content\/uploads\/2013\/05\/new_siam_widok_400-199x300.jpg 199w\" sizes=\"auto, (max-width: 266px) 100vw, 266px\" \/><\/a><\/p>\n<h2 style=\"text-align: center;\">Gdzie zje\u015b\u0107?<\/h2>\n<p><strong>Sma\u017cone rzeczy ze stragan\u00f3w z jedzeniem nie gryz\u0105!<\/strong> Zdrowo, tanio i smacznie. S\u0105 niemal wsz\u0119dzie \ud83d\ude42 Dobra jest knajpka przy wielkiej hu\u015btawce.<\/p>\n<h2 style=\"text-align: center;\">Co zobaczy\u0107?<\/h2>\n<p style=\"text-align: left;\">Nie da si\u0119 prze\u015bcign\u0105\u0107 przewodnika. Pierwsze co to informacj\u0119 turystyczn\u0105 a potem to ju\u017c jak leci! Na spokojne zwiedzenie tego miasta nie starcz\u0105 i dwa tygodnie! Oto kilka punkt\u00f3w obowi\u0105zkowych:<\/p>\n<p style=\"text-align: left; padding-left: 30px;\">* <strong>Pa\u0142ac Kr\u00f3lewski\u00a0 Wat Phra Kaeo<\/strong> &#8211; punkt obowi\u0105zkowy. Najlepiej wybra\u0107 si\u0119 na otwarcie (pon &#8211; pt od 8:30). Mimo lekkiego t\u0142oku lepiej wtedy ni\u017c p\u00f3\u017aniej!<br \/>\n* <strong>Wielki bazar<\/strong> &#8211; warto zobaczy\u0107, ale cz\u0119sto produkty lepiej i taniej kupi\u0107 na Khao San Road. Oczywi\u015bcie targowanie obowi\u0105zkowe.<br \/>\n* <strong>Kompleks Vimanmek<\/strong> &#8211; pi\u0119kny zesp\u00f3\u0142 budynk\u00f3w z g\u0142\u00f3wn\u0105 siedzib\u0105 kr\u00f3la z pocz\u0105tku XX wieku. w ca\u0142o\u015bci wykonana z drewna tekowego. Klimat nie do podrobienia.<br \/>\n* <strong>Chi\u0144ska i Indyjska dzielnica<\/strong> &#8211; dla klimatu, dla potraw, dla targu kwiatowego! Jak wy\u017cej: klimat nie do podrobienia w ca\u0142ej Tajlandii! (podobne tygle kulturowe dopiero w Malezji)<br \/>\n* <strong>MBK<\/strong> &#8211; znany dom towarowy. Du\u017co ta\u0144szej elektroniki oraz myd\u0142o i powid\u0142o. Warto zwr\u00f3ci\u0107 uwag\u0119 na kino znajduj\u0105ce si\u0119 na ostatnim pi\u0119trze &#8211; polecamy tajskie filmy kostiumowe (zwykle z angielskimi napisami). Specyficzne i wiele m\u00f3wi\u0105ce o kulturze Tajlandii. Przed seansem hymn &#8211; wtedy trzeba z szacunkiem wsta\u0107 i wys\u0142ucha\u0107.<\/p>\n<p style=\"text-align: center;\"><a href=\"http:\/\/sebka.cba.pl\/wp-content\/uploads\/2013\/05\/mbk_600.jpg\"><img loading=\"lazy\" decoding=\"async\" class=\"size-full wp-image-289 aligncenter\" style=\"border: 1px solid black; margin-top: 1px; margin-bottom: 1px;\" title=\"mbk_600\" src=\"http:\/\/sebka.cba.pl\/wp-content\/uploads\/2013\/05\/mbk_600.jpg\" alt=\"\" width=\"400\" height=\"266\" srcset=\"https:\/\/nieczekaj.blog\/wp-content\/uploads\/2013\/05\/mbk_600.jpg 400w, https:\/\/nieczekaj.blog\/wp-content\/uploads\/2013\/05\/mbk_600-300x199.jpg 300w\" sizes=\"auto, (max-width: 400px) 100vw, 400px\" \/><\/a><\/p>\n<h2 style=\"text-align: center;\">Jak ruszy\u0107 dalej w podr\u00f3\u017c?<\/h2>\n<p><strong>Bangkok jest bardzo dobrze skomunikowany z ca\u0142ym krajem.<\/strong> Polecamy kolej i poci\u0105gi. Agencje turystyczne doliczaj\u0105 sobie du\u017ce mar\u017ce. Czasem warto jednak znale\u017a\u0107 dobr\u0105 ofert\u0119 i darowa\u0107 sobie jazd\u0119 z tobo\u0142ami na dworzec &#8211; agencje za\u0142atwiaj\u0105 transport spod hostelu.<\/p>\n<p>&nbsp;<\/p>\n<h3>Uwagi i pytania kierujcie na maila NieCzekaj.eu(malpa)gmail.com<\/h3>\n<h3>Pozdrawiam,<br \/>\nSeba<\/h3>\n","protected":false},"excerpt":{"rendered":"<p>Witam Dzisiaj na tapecie Bangkok &#8211; wielkie miasto wielkich mo\u017cliwo\u015bci!. Polecam te\u017c nasze INFORMACJE OG\u00d3LNE o Tajlandii oraz wpisy umieszczane na gor\u0105co z Bangkoku: Bangkok cz.1 i Bangkok cz.2. &nbsp; [&hellip;]<\/p>\n","protected":false},"author":1,"featured_media":0,"parent":241,"menu_order":0,"comment_status":"open","ping_status":"closed","template":"","meta":{"om_disable_all_campaigns":false,"_monsterinsights_skip_tracking":false,"_monsterinsights_sitenote_active":false,"_monsterinsights_sitenote_note":"","_monsterinsights_sitenote_category":0,"_s2mail":"yes","ngg_post_thumbnail":0,"footnotes":""},"class_list":["post-285","page","type-page","status-publish","hentry"],"_links":{"self":[{"href":"https:\/\/nieczekaj.blog\/index.php\/wp-json\/wp\/v2\/pages\/285","targetHints":{"allow":["GET"]}}],"collection":[{"href":"https:\/\/nieczekaj.blog\/index.php\/wp-json\/wp\/v2\/pages"}],"about":[{"href":"https:\/\/nieczekaj.blog\/index.php\/wp-json\/wp\/v2\/types\/page"}],"author":[{"embeddable":true,"href":"https:\/\/nieczekaj.blog\/index.php\/wp-json\/wp\/v2\/users\/1"}],"replies":[{"embeddable":true,"href":"https:\/\/nieczekaj.blog\/index.php\/wp-json\/wp\/v2\/comments?post=285"}],"version-history":[{"count":11,"href":"https:\/\/nieczekaj.blog\/index.php\/wp-json\/wp\/v2\/pages\/285\/revisions"}],"predecessor-version":[{"id":1437,"href":"https:\/\/nieczekaj.blog\/index.php\/wp-json\/wp\/v2\/pages\/285\/revisions\/1437"}],"up":[{"embeddable":true,"href":"https:\/\/nieczekaj.blog\/index.php\/wp-json\/wp\/v2\/pages\/241"}],"wp:attachment":[{"href":"https:\/\/nieczekaj.blog\/index.php\/wp-json\/wp\/v2\/media?parent=285"}],"curies":[{"name":"wp","href":"https:\/\/api.w.org\/{rel}","templated":true}]}}