{"id":295,"date":"2013-05-17T13:01:36","date_gmt":"2013-05-17T11:01:36","guid":{"rendered":"http:\/\/sebka.cba.pl\/?page_id=295"},"modified":"2014-05-16T18:34:00","modified_gmt":"2014-05-16T16:34:00","slug":"kanchanaburi-informacje-praktyczne","status":"publish","type":"page","link":"https:\/\/nieczekaj.blog\/index.php\/nasze-przewodniki\/azja\/tajlandia-informacje-ogolne\/kanchanaburi-informacje-praktyczne\/","title":{"rendered":"Kanchanaburi"},"content":{"rendered":"<h3>Witam,<\/h3>\n<p>Dzisiaj co nieco o Kanchanaburi. Polecam te\u017c nasze <a title=\"Tajlandia INFORMACJE OG\u00d3LNE\" href=\"https:\/\/nieczekaj.blog\/index.php\/nasze-przewodniki\/azja\/tajlandia-informacje-ogolne\/\">INFORMACJE OG\u00d3LNE o Tajlandii<\/a> oraz wpisy umieszczane w czasie podr\u00f3\u017cy <a title=\"Kanchanaburi\" href=\"http:\/\/sebka.travellerspoint.com\/26\/\">Kanchanaburi<\/a> i <a title=\"Wra\u017cenia z kolei\" href=\"http:\/\/sebka.travellerspoint.com\/28\/\">Wra\u017cenia z kolei<\/a>.<\/p>\n<h2 style=\"text-align: center;\">Transport<\/h2>\n<p><strong>Do miasteczka dostali\u015bmy busikiem z Bangkoku.<\/strong> Jest to chyba najwygodniejsza forma &#8211; nie trzeba przedziera\u0107 si\u0119 przez miasto do dworca &#8211; odbierani jeste\u015bmy spod hostelu &#8211; a cena tylko nieznacznie wy\u017csza (ok. 150 THB\/os). Jest jeszcze po\u0142\u0105czenie kolejowe &#8211; chyba 2 razy dzienni ale rozk\u0142ad ulega ci\u0105g\u0142ym zmianom (rozk\u0142ad jazdy na stornie <a title=\"Kolej tajska\" href=\"http:\/\/www.railway.co.th\">Tajska Kolej<\/a>).<br \/>\nMiasto jest \u015bwietnie skomunikowane z ca\u0142ym regionem i mo\u017cna do niego r\u00f3wnie\u017c dojecha\u0107 m.in.\u00a0 z\/do Ayuthaii autobusem czy parku Erawan.<\/p>\n<h2 style=\"text-align: center;\">Gdzie spa\u0107<\/h2>\n<p><strong>Miejsca do spania rozlokowane s\u0105 <\/strong>tu\u017c nad brzegiem rzeki Kwai. My spali\u015bmy w guesthousie <strong>Blue Star<\/strong>. Ocena 3\/5. Cena 150 THB za najta\u0144szy domek z \u0142azienk\u0105 (ma\u0142y pok\u00f3j, FAN i zimny prysznic). S\u0105 te\u017c lepsze ale dro\u017csze domki. Mi\u0142y akcent to w\u0142asna, ma\u0142a altanka gdzie mo\u017cna wieczorem popija\u0107 piwko \ud83d\ude42<\/p>\n<h2 style=\"text-align: center;\">Gdzie zje\u015b\u0107<\/h2>\n<p><strong>Jak to zwykle w strefie &#8220;guesthousowej&#8221; mn\u00f3stwo turystycznych knajpek. Na uwag\u0119 zas\u0142uguje najlepsze Pad thai jakie jedli\u015bmy!<\/strong> Sprzedaje je Pani ze swoim kramikiem jakie\u015b 150m w lewo od 7-eleven (stoj\u0105c ty\u0142em do tego sklepu). Pozna\u0107 j\u0105 mo\u017cna po tym \u017ce ok. godz 17 dos\u0142ownie ustawiaj\u0105 si\u0119 kolejki Taj\u00f3w na motorach zabieraj\u0105cy po 4-6 porcji. Cena przysmaku 25 THB. za porcj\u0119. Opcja jedzenia tylko na wynos &#8211; pakowane w specjalny papier.<\/p>\n<h2 style=\"text-align: center;\">Co zobaczy\u0107<\/h2>\n<p>Miasteczko sw\u00f3j turystyczny byt opiera g\u0142\u00f3wnie o histori\u0119 z drugiej wojny \u015bwiatowej i wykorzystywania je\u0144c\u00f3w alianckich przy budowie kolei tajsko-birma\u0144skiej. Muzea mno\u017c\u0105 si\u0119 i mno\u017c\u0105 ale do rzeczy&#8230;<br \/>\n<strong>Warto zobaczy\u0107:<\/strong><\/p>\n<p style=\"padding-left: 30px;\">* cmentarz aliancki<br \/>\n* jedyne kompetentne muzeum tu\u017c przy cmentarzu alianckim &#8211; nowe klimatyzowane z dobr\u0105 wystaw\u0105 (100 THB\/os).<br \/>\n* odcinek kolei przy zrekonstruowanym mo\u015bcie na odnodze rzeki Kwai<\/p>\n<p style=\"text-align: center;\"><a href=\"http:\/\/sebka.cba.pl\/wp-content\/uploads\/2013\/05\/kanchanaburi.jpg\"><img loading=\"lazy\" decoding=\"async\" class=\"size-full wp-image-296 aligncenter\" style=\"border: 1px solid black; margin-top: 1px; margin-bottom: 1px;\" title=\"kanchanaburi\" src=\"http:\/\/sebka.cba.pl\/wp-content\/uploads\/2013\/05\/kanchanaburi.jpg\" alt=\"\" width=\"267\" height=\"400\" srcset=\"https:\/\/nieczekaj.blog\/wp-content\/uploads\/2013\/05\/kanchanaburi.jpg 267w, https:\/\/nieczekaj.blog\/wp-content\/uploads\/2013\/05\/kanchanaburi-200x300.jpg 200w\" sizes=\"auto, (max-width: 267px) 100vw, 267px\" \/><\/a><\/p>\n<p><strong>Warto te\u017c przejecha\u0107 si\u0119 sam\u0105 kolej\u0105 najlepiej startuj\u0105c o 5:57 z g\u0142\u00f3wnej stacji w Kanchanaburi<\/strong> (po 6 zatrzymuje si\u0119 przy stacyjce przy mo\u015bcie) &#8211; 100 THB\/os. Super klimat jazdy! Dojedziemy nim do <strong>Nam Tok<\/strong> &#8211; obecnie stacji ko\u0144cowej kolei. Tam na uwag\u0119 zas\u0142uguje wodospad i \u015bwietna <strong>jaskinia do zwiedzania tylko z przewodnikiem.<\/strong><\/p>\n<p style=\"text-align: center;\"><a href=\"http:\/\/sebka.cba.pl\/wp-content\/uploads\/2013\/05\/kanchjask.jpg\"><img loading=\"lazy\" decoding=\"async\" class=\"size-full wp-image-298 aligncenter\" style=\"border: 1px solid black; margin-top: 1px; margin-bottom: 1px;\" title=\"kanchjask\" src=\"http:\/\/sebka.cba.pl\/wp-content\/uploads\/2013\/05\/kanchjask.jpg\" alt=\"\" width=\"400\" height=\"267\" srcset=\"https:\/\/nieczekaj.blog\/wp-content\/uploads\/2013\/05\/kanchjask.jpg 400w, https:\/\/nieczekaj.blog\/wp-content\/uploads\/2013\/05\/kanchjask-300x200.jpg 300w\" sizes=\"auto, (max-width: 400px) 100vw, 400px\" \/><\/a><\/p>\n<h2 style=\"text-align: center;\">Jak ruszy\u0107 dalej w podr\u00f3\u017c?<\/h2>\n<p>Jak pisali\u015bmy w podrozdziale\u00a0<strong>Transport<\/strong>. Najlepsza opcja to wyruszy\u0107 autobusem do s\u0142ynnego <strong>Parku Erawan<\/strong>, o kt\u00f3rym to napiszemy w nast\u0119pnym wpisie (50THB\/os). \u0141atwo te\u017c (z jedn\u0105 przesiadk\u0105) przedosta\u0107 si\u0119 do Ayuthay&#8217;i.<\/p>\n<p>&nbsp;<\/p>\n<h3>Uwagi i pytania kierujcie na maila NieCzekaj.eu(malpa)gmail.com<\/h3>\n<h3>Pozdrawiam,<br \/>\nSeba<\/h3>\n","protected":false},"excerpt":{"rendered":"<p>Witam, Dzisiaj co nieco o Kanchanaburi. Polecam te\u017c nasze INFORMACJE OG\u00d3LNE o Tajlandii oraz wpisy umieszczane w czasie podr\u00f3\u017cy Kanchanaburi i Wra\u017cenia z kolei. Transport Do miasteczka dostali\u015bmy busikiem z [&hellip;]<\/p>\n","protected":false},"author":1,"featured_media":0,"parent":241,"menu_order":0,"comment_status":"open","ping_status":"closed","template":"","meta":{"om_disable_all_campaigns":false,"_monsterinsights_skip_tracking":false,"_monsterinsights_sitenote_active":false,"_monsterinsights_sitenote_note":"","_monsterinsights_sitenote_category":0,"_s2mail":"yes","ngg_post_thumbnail":0,"footnotes":""},"class_list":["post-295","page","type-page","status-publish","hentry"],"_links":{"self":[{"href":"https:\/\/nieczekaj.blog\/index.php\/wp-json\/wp\/v2\/pages\/295","targetHints":{"allow":["GET"]}}],"collection":[{"href":"https:\/\/nieczekaj.blog\/index.php\/wp-json\/wp\/v2\/pages"}],"about":[{"href":"https:\/\/nieczekaj.blog\/index.php\/wp-json\/wp\/v2\/types\/page"}],"author":[{"embeddable":true,"href":"https:\/\/nieczekaj.blog\/index.php\/wp-json\/wp\/v2\/users\/1"}],"replies":[{"embeddable":true,"href":"https:\/\/nieczekaj.blog\/index.php\/wp-json\/wp\/v2\/comments?post=295"}],"version-history":[{"count":8,"href":"https:\/\/nieczekaj.blog\/index.php\/wp-json\/wp\/v2\/pages\/295\/revisions"}],"predecessor-version":[{"id":1439,"href":"https:\/\/nieczekaj.blog\/index.php\/wp-json\/wp\/v2\/pages\/295\/revisions\/1439"}],"up":[{"embeddable":true,"href":"https:\/\/nieczekaj.blog\/index.php\/wp-json\/wp\/v2\/pages\/241"}],"wp:attachment":[{"href":"https:\/\/nieczekaj.blog\/index.php\/wp-json\/wp\/v2\/media?parent=295"}],"curies":[{"name":"wp","href":"https:\/\/api.w.org\/{rel}","templated":true}]}}