{"id":336,"date":"2013-05-19T22:23:08","date_gmt":"2013-05-19T20:23:08","guid":{"rendered":"http:\/\/sebka.cba.pl\/?page_id=336"},"modified":"2014-05-16T18:33:31","modified_gmt":"2014-05-16T16:33:31","slug":"chiang-mai-informacje-praktyczne","status":"publish","type":"page","link":"https:\/\/nieczekaj.blog\/index.php\/nasze-przewodniki\/azja\/tajlandia-informacje-ogolne\/chiang-mai-informacje-praktyczne\/","title":{"rendered":"Chiang Mai"},"content":{"rendered":"<h3>Kolejny wpis z cyklu &#8220;informacje praktyczne&#8221;. Tym razem Chiang Mai! Polecamy:\u00a0 <a title=\"Tajlandia - informacje og\u00f3lne\" href=\"https:\/\/nieczekaj.blog\/index.php\/nasze-przewodniki\/azja\/tajlandia-informacje-ogolne\/\">INFORMACJE OG\u00d3LNE o Tajlandii<\/a> i wpis na bie\u017c\u0105co z podr\u00f3\u017cy: <a title=\"Chiang Mai i Park Narodowy Khun Tan\" href=\"http:\/\/sebka.travellerspoint.com\/30\/\">Chiang Mai i Park Narodowy Khun Tan<\/a>.<\/h3>\n<p>Chiang Mai &#8211; miasto zwiedzane przez nas na raty. Miasteczko na pocz\u0105tku wo\u0142a\u0142o &#8220;uciekajcie st\u0105d&#8221; a wpis w naszym dzienniku z tego dnia zako\u0144czyli\u015bmy dosadnym stwierdzeniem &#8220;Dupa nie miasto!&#8221;. Jest to turystyczny, g\u00f3rski kurort. Tylu bar\u00f3w, tanich b\u0142yskotek i pa\u0144 lekkich obyczaj\u00f3w nie widzieli\u015bmy nigdzie indziej. Id\u0105c ulic\u0105 s\u0142yszymy co chwila charakterystyczne nawo\u0142ywania &#8220;Taj masa\u017c? Foot masa\u017c?&#8221;.<\/p>\n<p>Przez miasto jednak trzeba przejecha\u0107 je\u015bli chce si\u0119 uda\u0107 w p\u00f3\u0142nocne rejony Tajlandii. Po jednak paru dniach potrafili\u015bmy si\u0119 tutaj odnale\u017a\u0107. Zachwyci\u0142y nas: puste ulice &#8220;starego miasta&#8221; o \u015bwicie, genialny nocny targ, pierwsze <em>roti<\/em> w Tajlandii, wioska 10 km pod Chiang Mai s\u0142yn\u0105ca z wyrobu parasoli oraz du\u017cy targ (mo\u017ce ju\u017c turystyczny ale ci\u0105gle mo\u017cna co-nieco utargowa\u0107).<\/p>\n<h2 style=\"text-align: center;\">Transport<\/h2>\n<p>Do Chiang Mai dostali\u015bmy si\u0119 z Sukhothai autobusem. Kursuj\u0105 te\u017c poci\u0105gi z Bangkoku (<a title=\"Kolej tajska\" href=\"http:\/\/www.railway.co.th\">Kolej tajska<\/a>). Chiang Mai jest stolic\u0105 regionu i jednym z najwi\u0119kszych miast w Tajlandii &#8211; jest \u015bwietnie skomunikowane z niemal wszystkim wi\u0119kszymi miastami w tym kraju.<\/p>\n<h2 style=\"text-align: center;\">Gdzie spa\u0107<\/h2>\n<p><strong>Miasto jest pe\u0142ne hosteli i 5-cio gwiazdkowych hoteli<\/strong> &#8211; dla ka\u017cdego co\u015b mi\u0142ego. My spali\u015bmy w <strong>Eagle I Guest House<\/strong>. Troch\u0119 na uboczu, mi\u0142a atmosfera i klimatyczny nocleg. W pokoju \u0142azienka. Co nas urzek\u0142o? <em>Bezp\u0142atna wymiana angielskich ksi\u0105\u017cek<\/em> \ud83d\ude42 &#8211; mi\u0142a rzecz a cieszy (cz\u0119sto za wymian\u0119 p\u0142acimy nawet po targach 50-100 THB). Generalna <strong>ocena 4-\/5 Koszt dw\u00f3jki 150 &#8211; 170 THB<\/strong>.<\/p>\n<h2 style=\"text-align: center;\">Gdzie zje\u015b\u0107<\/h2>\n<p><strong>Nocny targ, nocny targ i jeszcze raz nocny targ.<\/strong> Pisz\u0119 tak zawsze ale tym razem nie tyle warto, co trzeba si\u0119 tam stawi\u0107. Z ca\u0142ej Tajlandii to w\u0142\u0105\u015bnie w Chiang Mai znale\u017ali\u015bmy najbardziej r\u00f3\u017cnorodne potrawy i \u015bwietn\u0105 wr\u0119cz festyniarsk\u0105 atmosfer\u0119 co wiecz\u00f3r!<\/p>\n<p style=\"text-align: center;\"><a href=\"http:\/\/sebka.cba.pl\/wp-content\/uploads\/2013\/05\/cm1.jpg\"><img loading=\"lazy\" decoding=\"async\" class=\"size-full wp-image-337 aligncenter\" style=\"border: 1px solid black; margin-top: 1px; margin-bottom: 1px;\" title=\"cm1\" src=\"http:\/\/sebka.cba.pl\/wp-content\/uploads\/2013\/05\/cm1.jpg\" alt=\"\" width=\"400\" height=\"267\" srcset=\"https:\/\/nieczekaj.blog\/wp-content\/uploads\/2013\/05\/cm1.jpg 400w, https:\/\/nieczekaj.blog\/wp-content\/uploads\/2013\/05\/cm1-300x200.jpg 300w\" sizes=\"auto, (max-width: 400px) 100vw, 400px\" \/><\/a><\/p>\n<h2 style=\"text-align: center;\">Atrakcje<\/h2>\n<p style=\"text-align: left;\">* <strong>Stare \u015bwi\u0105tynie<\/strong> z charakterystycznymi dla regionu &#8220;schodkowymi&#8221; dachami.<\/p>\n<p style=\"text-align: center;\"><a href=\"http:\/\/sebka.cba.pl\/wp-content\/uploads\/2013\/05\/cm2.jpg\"><img loading=\"lazy\" decoding=\"async\" class=\"size-full wp-image-338 aligncenter\" style=\"border: 1px solid black; margin-top: 1px; margin-bottom: 1px;\" title=\"cm2\" src=\"http:\/\/sebka.cba.pl\/wp-content\/uploads\/2013\/05\/cm2.jpg\" alt=\"\" width=\"400\" height=\"267\" srcset=\"https:\/\/nieczekaj.blog\/wp-content\/uploads\/2013\/05\/cm2.jpg 400w, https:\/\/nieczekaj.blog\/wp-content\/uploads\/2013\/05\/cm2-300x200.jpg 300w\" sizes=\"auto, (max-width: 400px) 100vw, 400px\" \/><\/a><\/p>\n<p style=\"text-align: left;\">* <strong>Ok. 10 km od Chiang Mai znajduje si\u0119 wioska s\u0142yn\u0105ca z wyrobu parasoli &#8211; Bor Sang<\/strong>. Mo\u017cna do niej bezproblemowo dojecha\u0107 rowerem (zalecamy maseczk\u0119 na usta &#8211; droga do\u015b\u0107 cz\u0119sto ucz\u0119szczana). Teraz znajduje si\u0119 tam ma\u0142a manufaktura i kilka sklep\u00f3w.<\/p>\n<p style=\"text-align: center;\"><a href=\"http:\/\/sebka.cba.pl\/wp-content\/uploads\/2013\/05\/cm3.jpg\"><img loading=\"lazy\" decoding=\"async\" class=\"size-full wp-image-339 aligncenter\" style=\"border: 1px solid black; margin-top: 1px; margin-bottom: 1px;\" title=\"cm3\" src=\"http:\/\/sebka.cba.pl\/wp-content\/uploads\/2013\/05\/cm3.jpg\" alt=\"\" width=\"400\" height=\"267\" srcset=\"https:\/\/nieczekaj.blog\/wp-content\/uploads\/2013\/05\/cm3.jpg 400w, https:\/\/nieczekaj.blog\/wp-content\/uploads\/2013\/05\/cm3-300x200.jpg 300w\" sizes=\"auto, (max-width: 400px) 100vw, 400px\" \/><\/a><\/p>\n<p style=\"text-align: left;\">* <strong>Targ &#8211; bazar<\/strong> &#8211; mo\u017cna tu kupi\u0107 wszystko. Du\u017co dobrych podr\u00f3bek. Kupili\u015bmy tanio ma\u0142y plecak &#8220;North Face&#8221; z metalowym stela\u017cem (air cooling) &#8211; \u015bwietny na kr\u00f3tkie wypady &#8211; s\u0142u\u017cy do dzi\u015b. Obowi\u0105zkowo trzeba si\u0119 ostro targowa\u0107 i sprawdzi\u0107 dok\u0142adnie kupowany towar!<\/p>\n<p>* <strong>Knajpy, puby<\/strong> &#8211; pe\u0142no ich w ca\u0142ym Chiang Mai. Ma\u0142e knajpki (cz\u0119sto z paroma prostytutkami nagabuj\u0105cymi przy barze) i du\u017ce kluby pe\u0142ne rozbawionej, [i]zachodniej[\/i] m\u0142odziezy. Nas to nie kr\u0119ci. Przy odrobinie ch\u0119ci mo\u017cna znale\u017a\u0107 czasem klimatyczne puby z dobr\u0105 muzyk\u0105 na \u017cywo (trafili\u015bmy na koncert \u015bwietnego bluesbandu z UK). Niestety wszystkie miejsca do\u015b\u0107 wiernie na\u015bladuj\u0105 &#8220;zachodnie&#8221; kluby. Dobre na jeden wiecz\u00f3r. Cho\u0107 wiele os\u00f3b sp\u0119dza tam nawet 2 tygodnie.<\/p>\n<p>* <strong>Nocny targ<\/strong> &#8211; o nim w dziale &#8220;gdzie zje\u015b\u0107&#8221;.<\/p>\n<p>Kolejna atrakcj\u0105 jest&#8230;<\/p>\n<h2 style=\"text-align: center;\">Jungle Trekking<\/h2>\n<p style=\"text-align: left;\"><strong>W mie\u015bcie dzia\u0142aj\u0105 dziesi\u0105tki (jak nie setki) biur turystycznych<\/strong> organizuj\u0105cych trekkingi w d\u017cungli. Od jednodniowych po tygodniowe. Czy warto? Naszym zdaniem nie! Wi\u0119kszo\u015b\u0107 z nich to szopki dla turyst\u00f3w, pseudoautentyczne wioski i gn\u0119bione s\u0142onie &#8211; tak to wygl\u0105da. Trekking trwa ok 3 godziny na dzie\u0144 &#8211; reszta to postoje, jazda na s\u0142oniu itp. Gdy zapytali\u015bmy w jednym z bardziej kompetentnych biur o co\u015b bardziej autentycznego &#8211; trekking w D\u017cungli (a nie \u015bcie\u017cka w lesie), d\u0142uga marszruta, ciekawe widoki i izolowane wioski to koszt takiej wyprawy podni\u00f3s\u0142 si\u0119 dwukrotnie \ud83d\ude42 a sam czas trwania wyd\u0142u\u017cy\u0142 do co najmniej tygodnia (by doj\u015b\u0107 w ma\u0142o odwiedzane regiony).<\/p>\n<p><strong>Powtarzam: &#8220;nie warto&#8221;.<\/strong> Przy odrobinie znajomo\u015bci terenu i do\u015bwiadczeniu w biwakowaniu sami sobie mo\u017cemy go zorganizowa\u0107. Polecamy Park Khun Tan czy w okolicach Chiang Rai (wi\u0119cej informacji w kolejnych wpisach).<\/p>\n<h2 style=\"text-align: center;\">Jak ruszy\u0107 dalej w podr\u00f3\u017c?<\/h2>\n<p style=\"text-align: left;\"><strong>Chiang Mai to \u015bwietna baza wypadowa.<\/strong> Jak pisali\u015bmy w dziale &#8220;jak dojecha\u0107&#8221; &#8211; mo\u017cna st\u0105d uda\u0107 si\u0119 do niemal ka\u017cdego zak\u0105tka Tajlandii. My wybrali\u015bmy si\u0119 do ma\u0142o odwiedzanego Parku Khun Tan (poci\u0105giem porannym ok. 2 godziny; koszt 15 THB\/os &#8211; <em>to nie pomy\u0142ka! s\u0142ownie: pi\u0119tna\u015bcie bat\u00f3w<\/em>). Autobus ekspresowy do Chiang Rai kosztowa\u0142 nas 132 THB\/os.<\/p>\n<h3 style=\"text-align: left;\">Uwagi i pytania kierujcie na maila: NieCzekaj.eu(malpa)gmail.com<\/h3>\n<p>Pozdrawiam,<br \/>\nSeba<\/p>\n<p>&nbsp;<\/p>\n","protected":false},"excerpt":{"rendered":"<p>Kolejny wpis z cyklu &#8220;informacje praktyczne&#8221;. Tym razem Chiang Mai! Polecamy:\u00a0 INFORMACJE OG\u00d3LNE o Tajlandii i wpis na bie\u017c\u0105co z podr\u00f3\u017cy: Chiang Mai i Park Narodowy Khun Tan. Chiang Mai [&hellip;]<\/p>\n","protected":false},"author":1,"featured_media":0,"parent":241,"menu_order":0,"comment_status":"open","ping_status":"closed","template":"","meta":{"om_disable_all_campaigns":false,"_monsterinsights_skip_tracking":false,"_monsterinsights_sitenote_active":false,"_monsterinsights_sitenote_note":"","_monsterinsights_sitenote_category":0,"_s2mail":"yes","ngg_post_thumbnail":0,"footnotes":""},"class_list":["post-336","page","type-page","status-publish","hentry"],"_links":{"self":[{"href":"https:\/\/nieczekaj.blog\/index.php\/wp-json\/wp\/v2\/pages\/336","targetHints":{"allow":["GET"]}}],"collection":[{"href":"https:\/\/nieczekaj.blog\/index.php\/wp-json\/wp\/v2\/pages"}],"about":[{"href":"https:\/\/nieczekaj.blog\/index.php\/wp-json\/wp\/v2\/types\/page"}],"author":[{"embeddable":true,"href":"https:\/\/nieczekaj.blog\/index.php\/wp-json\/wp\/v2\/users\/1"}],"replies":[{"embeddable":true,"href":"https:\/\/nieczekaj.blog\/index.php\/wp-json\/wp\/v2\/comments?post=336"}],"version-history":[{"count":7,"href":"https:\/\/nieczekaj.blog\/index.php\/wp-json\/wp\/v2\/pages\/336\/revisions"}],"predecessor-version":[{"id":1438,"href":"https:\/\/nieczekaj.blog\/index.php\/wp-json\/wp\/v2\/pages\/336\/revisions\/1438"}],"up":[{"embeddable":true,"href":"https:\/\/nieczekaj.blog\/index.php\/wp-json\/wp\/v2\/pages\/241"}],"wp:attachment":[{"href":"https:\/\/nieczekaj.blog\/index.php\/wp-json\/wp\/v2\/media?parent=336"}],"curies":[{"name":"wp","href":"https:\/\/api.w.org\/{rel}","templated":true}]}}