{"id":343,"date":"2013-05-19T23:10:58","date_gmt":"2013-05-19T21:10:58","guid":{"rendered":"http:\/\/sebka.cba.pl\/?page_id=343"},"modified":"2014-05-16T18:35:15","modified_gmt":"2014-05-16T16:35:15","slug":"park-narodowy-khun-tan-informacje-praktyczne","status":"publish","type":"page","link":"https:\/\/nieczekaj.blog\/index.php\/nasze-przewodniki\/azja\/tajlandia-informacje-ogolne\/park-narodowy-khun-tan-informacje-praktyczne\/","title":{"rendered":"Park Narodowy Khun Tan"},"content":{"rendered":"<h3>Polecamy te\u017c: <a title=\"Tajlandia - informacje og\u00f3lne\" href=\"https:\/\/nieczekaj.blog\/index.php\/nasze-przewodniki\/azja\/tajlandia-informacje-ogolne\/\">INFORMACJE OG\u00d3LNE o Tajlandii<\/a> i wpis na bie\u017c\u0105co z podr\u00f3\u017cy: <a title=\"Chiang Mai i Park Narodowy Khun Tan\" href=\"http:\/\/sebka.travellerspoint.com\/30\/\">Chiang Mai i Park Narodowy Khun Tan<\/a>.<\/h3>\n<h2 style=\"text-align: center;\">Og\u00f3lnie<\/h2>\n<p><strong>Park Narodowy Khun Tan jest jednym z ciekawszych park\u00f3w w Tajlandii.<\/strong> Dziwi fakt, \u017ce poza sezonem nie spotkamy tu ani grama turysty. Dojazd ca\u0142kiem niez\u0142y i tani a do tego cisza, spok\u00f3j, d\u017cungla, niewysokie g\u00f3ry i kilka wodospad\u00f3w. Park polecamy! Mo\u017ce nie na tydzie\u0144 ale na par\u0119 dni warto. By zobaczy\u0107 d\u017cungl\u0119, by odci\u0105\u0107 si\u0119 od miejskiego \u017cycia Chiang Mai, poczyta\u0107 i regenerowa\u0107 si\u0142y. Pami\u0119tajmy o \u015bwietnej stronie tajskich park\u00f3w narodowych, gdzie znajdziemy tak na prawd\u0119 wszystkie potrzebne informacje o tym parku (<a title=\"Parki Narowode Tajlandii\" href=\"http:\/\/www.dnp.go.th\">Parki Narodowe Tajlandii<\/a>). <strong>Za wej\u015bcie p\u0142acili\u015bmy 100 THB\/os.<\/strong><\/p>\n<h2 style=\"text-align: center;\"><strong><\/strong>Transport<\/h2>\n<p><strong>Najlepszym (i chyba jedynym) sposobem dostania si\u0119 do Khun Tan<\/strong> bez swojego samochodu jest przejazd poci\u0105giem (<a title=\"Kolej tajska\" href=\"http:\/\/www.railway.co.th\">Kolej tajska<\/a>). Przystanek znajduje si\u0119 na trasie Bangkok &#8211; Chiang Mai. Nie wszystkie poci\u0105gi si\u0119 tam zatrzymuj\u0105. My jechali\u015bmy 3-ci\u0105 klas\u0105 z Chiang Mai ok 7 rano (cena 15 THB\/os); czas przejazdu ok 2 godziny. Pi\u0119kne widoki &#8211; polecamy miejsca na schodkach przy otwartych drzwiach wagonu.<\/p>\n<p style=\"text-align: center;\"><a href=\"http:\/\/sebka.cba.pl\/wp-content\/uploads\/2013\/05\/pk.jpg\"><img loading=\"lazy\" decoding=\"async\" class=\"size-full wp-image-344 aligncenter\" style=\"border: 1px solid black; margin-top: 1px; margin-bottom: 1px;\" title=\"pk\" src=\"http:\/\/sebka.cba.pl\/wp-content\/uploads\/2013\/05\/pk.jpg\" alt=\"\" width=\"265\" height=\"400\" srcset=\"https:\/\/nieczekaj.blog\/wp-content\/uploads\/2013\/05\/pk.jpg 265w, https:\/\/nieczekaj.blog\/wp-content\/uploads\/2013\/05\/pk-198x300.jpg 198w\" sizes=\"auto, (max-width: 265px) 100vw, 265px\" \/><\/a><\/p>\n<h2 style=\"text-align: center;\">Gdzie spa\u0107<\/h2>\n<p><strong>W samym parku znajduje si\u0119 kilka wyznaczonych miejsc kempingowych<\/strong>. Mo\u017cna te\u017c wypo\u017cyczy\u0107 namiot. Za mo\u017cliwo\u015b\u0107 noclegu nie p\u0142acili\u015bmy. Im wy\u017cej tym \u0142adniejsze widoki ale i dalej od \u017ar\u00f3d\u0142a po\u017cywienia&#8230; Mo\u017cna te\u017c wynaj\u0105\u0107 domki.<\/p>\n<h2 style=\"text-align: center;\">Gdzie zje\u015b\u0107<\/h2>\n<p><strong>Wielkiego wyboru nie mamy<\/strong> &#8211; mo\u017cemy albo liczy\u0107 na w\u0142asny prowiant albo na malutk\u0105 knajpk\u0119 ko\u0142o zarz\u0105dcy parku. Jest tak ma\u0142a, \u017ce mi\u0142y pan kucharz pyta\u0142 nas dzie\u0144 wcze\u015bniej co i po kt\u00f3rej chcemy zje\u015b\u0107 by m\u00f3g\u0142 przygotowa\u0107 sk\u0142adniki. Za pierwszym razem pojecha\u0142a po nie Pani na motorze :). Jedzenie zno\u015bne &#8211; warto raz dziennie posili\u0107 si\u0119 czym\u015b konkretnym i zaopatrzy\u0107 si\u0119 w chipsy i s\u0142odycze na inne posi\u0142ki. <strong>Przyk\u0142adowe ceny: \u015bniadanie dla dw\u00f3ch os\u00f3b 90 THB a nast\u0119pnego dnia \u015bniadanie z obiadem (dla 2 os\u00f3b) &#8211; 170 THB.<\/strong><\/p>\n<h2 style=\"text-align: center;\">Atrakcje<\/h2>\n<p><strong>Widoki, widoki i par\u0119 ciekawych \u015bcie\u017cek.<\/strong> Wi\u0119cej informacji na stronie parku (<a title=\"Park Khun Tan\" href=\"http:\/\/www.dnp.go.th\/parkreserve\/asp\/style1\/default.asp?npid=46&amp;lg=2\">Park Khun Tan<\/a>). Nas cudowne wschody s\u0142o\u0144ca omin\u0119\u0142y bo by\u0142o pochmurno. Warto przystan\u0105\u0107 na chwil\u0119 i powdycha\u0107 zapachy d\u017cungli, pos\u0142ucha\u0107 g\u0142o\u015bnych owad\u00f3w i ptak\u00f3w. Delektujmy si\u0119 tym co biura turystyczne oferuj\u0105 jako &#8220;jungle trekking&#8221;! Poni\u017cej mapka ze szlakami turystycznymi.<\/p>\n<p style=\"text-align: center;\"><a href=\"http:\/\/sebka.cba.pl\/wp-content\/uploads\/2013\/05\/pk2.jpg\"><img loading=\"lazy\" decoding=\"async\" class=\"size-full wp-image-345 aligncenter\" style=\"border: 1px solid black; margin-top: 1px; margin-bottom: 1px;\" title=\"pk2\" src=\"http:\/\/sebka.cba.pl\/wp-content\/uploads\/2013\/05\/pk2.jpg\" alt=\"\" width=\"400\" height=\"266\" srcset=\"https:\/\/nieczekaj.blog\/wp-content\/uploads\/2013\/05\/pk2.jpg 400w, https:\/\/nieczekaj.blog\/wp-content\/uploads\/2013\/05\/pk2-300x199.jpg 300w\" sizes=\"auto, (max-width: 400px) 100vw, 400px\" \/><\/a><\/p>\n<p><a href=\"http:\/\/sebka.cba.pl\/wp-content\/uploads\/2013\/05\/pk3.jpg\"><img loading=\"lazy\" decoding=\"async\" class=\"size-full wp-image-346 aligncenter\" style=\"border: 1px solid black; margin-top: 1px; margin-bottom: 1px;\" title=\"pk3\" src=\"http:\/\/sebka.cba.pl\/wp-content\/uploads\/2013\/05\/pk3.jpg\" alt=\"\" width=\"400\" height=\"266\" srcset=\"https:\/\/nieczekaj.blog\/wp-content\/uploads\/2013\/05\/pk3.jpg 400w, https:\/\/nieczekaj.blog\/wp-content\/uploads\/2013\/05\/pk3-300x199.jpg 300w\" sizes=\"auto, (max-width: 400px) 100vw, 400px\" \/><\/a><\/p>\n<h2 style=\"text-align: center;\">Jak ruszy\u0107 dalej w podr\u00f3\u017c?<\/h2>\n<h3><strong>Najlepiej wsi\u0105\u015b\u0107 w poci\u0105g<\/strong>i ruszy\u0107 do Chiang Mai lub Bangkoku!<\/h3>\n<p>Uwagi i pytania kierujcie na maila: NieCzekaj.eu(malpa)gmail.com<\/p>\n<p>Pozdrawiam,<br \/>\nSeba<\/p>\n","protected":false},"excerpt":{"rendered":"<p>Polecamy te\u017c: INFORMACJE OG\u00d3LNE o Tajlandii i wpis na bie\u017c\u0105co z podr\u00f3\u017cy: Chiang Mai i Park Narodowy Khun Tan. Og\u00f3lnie Park Narodowy Khun Tan jest jednym z ciekawszych park\u00f3w w [&hellip;]<\/p>\n","protected":false},"author":1,"featured_media":0,"parent":241,"menu_order":0,"comment_status":"open","ping_status":"closed","template":"","meta":{"om_disable_all_campaigns":false,"_monsterinsights_skip_tracking":false,"_monsterinsights_sitenote_active":false,"_monsterinsights_sitenote_note":"","_monsterinsights_sitenote_category":0,"_s2mail":"yes","ngg_post_thumbnail":0,"footnotes":""},"class_list":["post-343","page","type-page","status-publish","hentry"],"_links":{"self":[{"href":"https:\/\/nieczekaj.blog\/index.php\/wp-json\/wp\/v2\/pages\/343","targetHints":{"allow":["GET"]}}],"collection":[{"href":"https:\/\/nieczekaj.blog\/index.php\/wp-json\/wp\/v2\/pages"}],"about":[{"href":"https:\/\/nieczekaj.blog\/index.php\/wp-json\/wp\/v2\/types\/page"}],"author":[{"embeddable":true,"href":"https:\/\/nieczekaj.blog\/index.php\/wp-json\/wp\/v2\/users\/1"}],"replies":[{"embeddable":true,"href":"https:\/\/nieczekaj.blog\/index.php\/wp-json\/wp\/v2\/comments?post=343"}],"version-history":[{"count":7,"href":"https:\/\/nieczekaj.blog\/index.php\/wp-json\/wp\/v2\/pages\/343\/revisions"}],"predecessor-version":[{"id":1441,"href":"https:\/\/nieczekaj.blog\/index.php\/wp-json\/wp\/v2\/pages\/343\/revisions\/1441"}],"up":[{"embeddable":true,"href":"https:\/\/nieczekaj.blog\/index.php\/wp-json\/wp\/v2\/pages\/241"}],"wp:attachment":[{"href":"https:\/\/nieczekaj.blog\/index.php\/wp-json\/wp\/v2\/media?parent=343"}],"curies":[{"name":"wp","href":"https:\/\/api.w.org\/{rel}","templated":true}]}}