{"id":350,"date":"2013-05-22T11:03:34","date_gmt":"2013-05-22T09:03:34","guid":{"rendered":"http:\/\/sebka.cba.pl\/?page_id=350"},"modified":"2014-05-16T18:31:47","modified_gmt":"2014-05-16T16:31:47","slug":"akha-hill-informacje-praktyczne","status":"publish","type":"page","link":"https:\/\/nieczekaj.blog\/index.php\/nasze-przewodniki\/azja\/tajlandia-informacje-ogolne\/akha-hill-informacje-praktyczne\/","title":{"rendered":"Akha Hill"},"content":{"rendered":"<p>Polecamy:<br \/>\n<a title=\"Tajlandia INFORMACJE OG\u00d3LNE\" href=\"https:\/\/nieczekaj.blog\/index.php\/nasze-przewodniki\/azja\/tajlandia-informacje-ogolne\/\">INFORMACJE OG\u00d3LNE o Tajlandii<\/a> i wpis na bie\u017c\u0105co z podr\u00f3\u017cy: <a title=\"Ostatnie dni - blog\" href=\"http:\/\/sebka.travellerspoint.com\/31\/\">Ostatnie dni, czyli&#8230;<\/a>.<\/p>\n<h2 style=\"text-align: center;\">Og\u00f3lnie<\/h2>\n<p><strong>Akha Hill to pozycja obowi\u0105zkowa.<\/strong> Jest zesp\u00f3\u0142 domk\u00f3w dla turyst\u00f3w znajduj\u0105ce si\u0119 w autentycznej wiosce ludu Akha. Zosta\u0142 za\u0142o\u017cony przez przedsi\u0119biorczego cz\u0142onka tego plemienia i coraz bardziej si\u0119 rozwija. Strzelam, \u017ce w sezonie mo\u017ce tu by\u0107 &#8220;prawie&#8221; t\u0142oczno \ud83d\ude42 Ale warto!<\/p>\n<p><strong>W promieniu paru kilometr\u00f3w znajdziemy<\/strong> kilka autentycznych wiosek r\u00f3\u017cnych plemion (ju\u017c bez turyst\u00f3w i nie &#8220;pod publiczk\u0119&#8221;), szko\u0142y, uprawy herbaty i gor\u0105ce \u017ar\u00f3d\u0142a. Wszystko otoczone malownicz\u0105 d\u017cungl\u0105. Jest tu pi\u0119knie! Trzeba uwa\u017ca\u0107 na \u015bcie\u017ckach w d\u017cungli by si\u0119 nie zgubi\u0107 &#8211; nie ma tutaj dost\u0119pnych map &#8211; trzeba si\u0119 pyta\u0107 przed wyj\u015bciem (i najlepiej zanotowa\u0107 co i jak) a w g\u0142uszy, gdy nie jest si\u0119 pewnym drogi, wraca\u0107 po \u015bladach. Warto pami\u0119ta\u0107, \u017ce plemiona g\u00f3rskie w Tajlandii ci\u0105gle traktowane s\u0105 (ogl\u0119dnie m\u00f3wi\u0105c) \u017ale. Jeszcze w latach &#8217;90 polityka rz\u0105du pozwala\u0142a na du\u017co nadu\u017cy\u0107 i zab\u00f3jstw cz\u0142onk\u00f3w tych plemion. Wiele mo\u017cna dowiedzie\u0107 si\u0119 z ksi\u0105\u017cki o plemieniu Akha dost\u0119pnej na miejscu. Tu skoncentruj\u0119 si\u0119 na informacjach praktycznych (w ko\u0144cu o tym ten wpis).<\/p>\n<p><strong>Szczeg\u00f3\u0142y na stronie <a title=\"Akha Hill\" href=\"http:\/\/www.akhahill.com\/\">Akha Hill<\/a>.<\/strong> Jest tam te\u017c numer telefonu konieczny &#8211; gdy chce si\u0119 tam dojecha\u0107.<\/p>\n<p style=\"text-align: center;\"><a href=\"http:\/\/sebka.cba.pl\/wp-content\/uploads\/2013\/05\/ah1.jpg\"><img loading=\"lazy\" decoding=\"async\" class=\"size-full wp-image-351 aligncenter\" style=\"border: 1px solid black; margin-top: 1px; margin-bottom: 1px;\" title=\"ah1\" src=\"http:\/\/sebka.cba.pl\/wp-content\/uploads\/2013\/05\/ah1.jpg\" alt=\"\" width=\"400\" height=\"266\" srcset=\"https:\/\/nieczekaj.blog\/wp-content\/uploads\/2013\/05\/ah1.jpg 400w, https:\/\/nieczekaj.blog\/wp-content\/uploads\/2013\/05\/ah1-300x199.jpg 300w\" sizes=\"auto, (max-width: 400px) 100vw, 400px\" \/><\/a><\/p>\n<h2 style=\"text-align: center;\">Transport<\/h2>\n<p><strong>Jedyna rozs\u0105dna opcja to uprzedzi\u0107 Akha Hill o swoim przyje\u017adzie.<\/strong> Wygl\u0105da to tak: dzwonimy (rozmowa po angielsku &#8211; numer na wspomnianej stronie www (obecnie 0899975505), rezerwujemy i doje\u017cd\u017camy do Chiang Rai (koszt dojazdu z Chiang Mai 132 THB\/os)! Stamt\u0105d zostaniemy zabrani przez pick-up. Na pace (wraz z innymi lub po prostu z rzeczami dla wiosek) po ok. godzinnej je\u017adzie po prawdziwym off-roadzie dojedziemy do Akha Hill. <em>Co wa\u017cne dojazd jeepem z Chiang Rai gratis<\/em> tylko trzeba si\u0119 wcze\u015bniej telefonicznie um\u00f3wi\u0107!<\/p>\n<h2 style=\"text-align: center;\">Gdzie spa\u0107 i zje\u015b\u0107<\/h2>\n<p><strong>Du\u017cego wyboru nie mamy.<\/strong> \u015apimy w Akha Hill. <em>Drewniany domek z tarasem i \u0142azienk\u0105 z ciep\u0142\u0105 wod\u0105 300THB\/noc<\/em>. Jedzenie jest dro\u017csze ni\u017c gdzie indziej. <em>\u015aniadanie dla dw\u00f3ch os\u00f3b &#8211; 155 THB<\/em> a <em>obiadokolacja dla dw\u00f3ch os\u00f3b 220 THB<\/em>. Mo\u017cna kupi\u0107 par\u0119 przek\u0105sek w Chiang Rai i wzi\u0105\u0107 je ze sob\u0105. Pami\u0119tajmy, \u017ce to co wydamy w wiosce zostanie przeznaczone na rozw\u00f3j plemion Akha w okolicy.<\/p>\n<h2 style=\"text-align: center;\"><a href=\"http:\/\/sebka.cba.pl\/wp-content\/uploads\/2013\/05\/ah2.jpg\"><img loading=\"lazy\" decoding=\"async\" class=\"size-full wp-image-352 aligncenter\" style=\"border: 1px solid black; margin-top: 1px; margin-bottom: 1px;\" title=\"ah2\" src=\"http:\/\/sebka.cba.pl\/wp-content\/uploads\/2013\/05\/ah2.jpg\" alt=\"\" width=\"400\" height=\"266\" srcset=\"https:\/\/nieczekaj.blog\/wp-content\/uploads\/2013\/05\/ah2.jpg 400w, https:\/\/nieczekaj.blog\/wp-content\/uploads\/2013\/05\/ah2-300x199.jpg 300w\" sizes=\"auto, (max-width: 400px) 100vw, 400px\" \/><\/a><br \/>\nAtrakcje<\/h2>\n<p style=\"text-align: left;\"><strong>Mo\u017cna wykupi\u0107 wycieczk\u0119 &#8211; trekking<\/strong>\u00a0 po d\u017cungli- opcja du\u017co lepsza ni\u017c wykup tej\u017ce w Chiang Mai &#8211; cena podobna ale du\u017co lepsze trasy i kompetentni przewodnicy z Akha. To samo mo\u017cna zorganizowa\u0107 sobie samemu. Pochodzi\u0107 po d\u017cungli, zobaczy\u0107 par\u0119 wiosek (szanujmy ich! &#8211; nie r\u00f3bmy tysi\u0105ca zdj\u0119\u0107 i nie traktujmy jak zwierz\u0105t w ZOO).<br \/>\n<strong>Ok 8 km od Akha Hill s\u0105 te\u017c gor\u0105ce \u017ar\u00f3d\u0142a<\/strong> &#8211; mo\u017cna zwiedzi\u0107 park i niedaleko wyk\u0105pa\u0107 si\u0119 w basenach z naturalnie ciep\u0142\u0105 wod\u0105.<\/p>\n<p style=\"text-align: left;\"><a href=\"http:\/\/sebka.cba.pl\/wp-content\/uploads\/2013\/05\/ah3.jpg\"><img loading=\"lazy\" decoding=\"async\" class=\"size-full wp-image-353 aligncenter\" style=\"border: 1px solid black; margin-top: 1px; margin-bottom: 1px;\" title=\"ah3\" src=\"http:\/\/sebka.cba.pl\/wp-content\/uploads\/2013\/05\/ah3.jpg\" alt=\"\" width=\"400\" height=\"266\" srcset=\"https:\/\/nieczekaj.blog\/wp-content\/uploads\/2013\/05\/ah3.jpg 400w, https:\/\/nieczekaj.blog\/wp-content\/uploads\/2013\/05\/ah3-300x199.jpg 300w\" sizes=\"auto, (max-width: 400px) 100vw, 400px\" \/><\/a><br \/>\n<strong>Generalnie du\u017co ostro\u017cnych spacer\u00f3w!<\/strong> Z uwagi na wiele \u015bcie\u017cek w d\u017cungli i totalne odludzie w niekt\u00f3rych rejonach. S\u0105 miejsca, gdzie na spacerze przez 2 godziny nie spotkamy nikogo kto by nam potwierdzi\u0142, \u017ce dobrze idziemy. Bez mapy skazani jeste\u015bmy na dobre notatki z rozm\u00f3w w Akha Hill o potencjalnych trasach lub z &#8220;zapyta\u0144 o drog\u0119&#8221; na szlaku.<\/p>\n<h2 style=\"text-align: center;\">Jak ruszy\u0107 dalej w podr\u00f3\u017c?<\/h2>\n<p style=\"text-align: left;\"><strong>Najpierw konieczny jest powr\u00f3t do Chiang Rai<\/strong> (zn\u00f3w darmowo jeepem) i stamt\u0105d mo\u017cemy dojecha\u0107 np. do Chiang Mai lub do <strong>Chiang Khong<\/strong> &#8211; miasta gdzie znajduje si\u0119 przej\u015bcie graniczne z Laosem (<em>65 THB\/os<\/em>) &#8211; odjazd co godzin\u0119.<\/p>\n<h3 style=\"text-align: left;\">W og\u00f3le ciekawe czy kto\u015b to czyta i korzysta z naszych informacji \ud83d\ude1b<\/h3>\n<h3>Uwagi i pytania kierujcie na maila: NieCzekaj.eu(malpa)gmail.com<\/h3>\n<h3 style=\"text-align: left;\">Pozdrawiam,<br \/>\nSeba<\/h3>\n<p>&nbsp;<\/p>\n","protected":false},"excerpt":{"rendered":"<p>Polecamy: INFORMACJE OG\u00d3LNE o Tajlandii i wpis na bie\u017c\u0105co z podr\u00f3\u017cy: Ostatnie dni, czyli&#8230;. Og\u00f3lnie Akha Hill to pozycja obowi\u0105zkowa. Jest zesp\u00f3\u0142 domk\u00f3w dla turyst\u00f3w znajduj\u0105ce si\u0119 w autentycznej wiosce [&hellip;]<\/p>\n","protected":false},"author":1,"featured_media":0,"parent":241,"menu_order":0,"comment_status":"open","ping_status":"closed","template":"","meta":{"om_disable_all_campaigns":false,"_monsterinsights_skip_tracking":false,"_monsterinsights_sitenote_active":false,"_monsterinsights_sitenote_note":"","_monsterinsights_sitenote_category":0,"_s2mail":"yes","ngg_post_thumbnail":0,"footnotes":""},"class_list":["post-350","page","type-page","status-publish","hentry"],"_links":{"self":[{"href":"https:\/\/nieczekaj.blog\/index.php\/wp-json\/wp\/v2\/pages\/350","targetHints":{"allow":["GET"]}}],"collection":[{"href":"https:\/\/nieczekaj.blog\/index.php\/wp-json\/wp\/v2\/pages"}],"about":[{"href":"https:\/\/nieczekaj.blog\/index.php\/wp-json\/wp\/v2\/types\/page"}],"author":[{"embeddable":true,"href":"https:\/\/nieczekaj.blog\/index.php\/wp-json\/wp\/v2\/users\/1"}],"replies":[{"embeddable":true,"href":"https:\/\/nieczekaj.blog\/index.php\/wp-json\/wp\/v2\/comments?post=350"}],"version-history":[{"count":11,"href":"https:\/\/nieczekaj.blog\/index.php\/wp-json\/wp\/v2\/pages\/350\/revisions"}],"predecessor-version":[{"id":1435,"href":"https:\/\/nieczekaj.blog\/index.php\/wp-json\/wp\/v2\/pages\/350\/revisions\/1435"}],"up":[{"embeddable":true,"href":"https:\/\/nieczekaj.blog\/index.php\/wp-json\/wp\/v2\/pages\/241"}],"wp:attachment":[{"href":"https:\/\/nieczekaj.blog\/index.php\/wp-json\/wp\/v2\/media?parent=350"}],"curies":[{"name":"wp","href":"https:\/\/api.w.org\/{rel}","templated":true}]}}