{"id":357,"date":"2013-05-30T11:18:37","date_gmt":"2013-05-30T09:18:37","guid":{"rendered":"http:\/\/sebka.cba.pl\/?page_id=357"},"modified":"2014-05-16T18:35:39","modified_gmt":"2014-05-16T16:35:39","slug":"park-narodowy-phu-kradung-informacje-praktyczne","status":"publish","type":"page","link":"https:\/\/nieczekaj.blog\/index.php\/nasze-przewodniki\/azja\/tajlandia-informacje-ogolne\/park-narodowy-phu-kradung-informacje-praktyczne\/","title":{"rendered":"Park Narodowy Phu Kradung"},"content":{"rendered":"<h3>Polecamy <a title=\"INFORMACJE OG\u00d3LNE  o Tajlandii\" href=\"https:\/\/nieczekaj.blog\/index.php\/nasze-przewodniki\/azja\/tajlandia-informacje-ogolne\/\">INFORMACJE OG\u00d3LNE\u00a0 o Tajlandii<\/a> i wpis na bie\u017c\u0105co z podr\u00f3\u017cy <a title=\"Ostatnie dni - blog\" href=\"http:\/\/sebka.travellerspoint.com\/33\/\">Ostatnie dni w Tajlandii<\/a>.<\/h3>\n<h2 style=\"text-align: center;\">Og\u00f3lnie<\/h2>\n<p><strong>Park narodowy Phu Kradung jest jednym z najpi\u0119kniejszych w Tajlandii.<\/strong> Tak wynika\u0142o przy najmniej z opinii i wszelkich informacji jakie zdoby\u0142em. znajduje si\u0119 ona na wysokim p\u0142askowy\u017cu i cechuje si\u0119 mikroklimatem oraz flor\u0105 charakterystyczn\u0105 dla afryka\u0144skiej sawanny.<\/p>\n<p><strong>Niestety rozczarowa\u0142.<\/strong> Oferuje na pewno niepowtarzaln\u0105 atmosfer\u0119 ale&#8230; My trafili\u015bmy tu w czasie intensywnych deszczu (i jak si\u0119 okaza\u0142o powodzi w Tajlandii) a wi\u0119c omin\u0119\u0142y nas cudne wschody i zachody s\u0142o\u0144ca oraz bajeczne widoki. Pono\u0107 s\u0105 &#8211; ale nie gdy zalegaj\u0105 niskie, deszczowe chmury. Szczeg\u00f3\u0142y na stronie <a title=\"Parki Narodowe Tajlandii\" href=\"http:\/\/www.dnp.go.th\">Park\u00f3w Narodowych Tajlandii<\/a>.<\/p>\n<p style=\"text-align: center;\"><a href=\"http:\/\/sebka.cba.pl\/wp-content\/uploads\/2013\/05\/pk31.jpg\"><img loading=\"lazy\" decoding=\"async\" class=\"size-full wp-image-358 aligncenter\" style=\"border: 1px solid black; margin-top: 1px; margin-bottom: 1px;\" title=\"pk3\" src=\"http:\/\/sebka.cba.pl\/wp-content\/uploads\/2013\/05\/pk31.jpg\" alt=\"\" width=\"400\" height=\"266\" srcset=\"https:\/\/nieczekaj.blog\/wp-content\/uploads\/2013\/05\/pk31.jpg 400w, https:\/\/nieczekaj.blog\/wp-content\/uploads\/2013\/05\/pk31-300x199.jpg 300w\" sizes=\"auto, (max-width: 400px) 100vw, 400px\" \/><\/a><\/p>\n<p><strong>Uwa\u017ca\u0107 nale\u017cy na pijawki<\/strong> szczeg\u00f3lnie dokuczliwe w porze deszczowej. Nale\u017cy stosowa\u0107 repelenty, ubiera\u0107 si\u0119 w d\u0142ugie spodnie, stuptuty i zakryte buty. A przed wej\u015bciem do domu ogl\u0105da\u0107 nogawki i buty by nie wprowadzi\u0107 nieproszonego go\u015bcia. Ugryzienie pijawek nie jest gro\u017ane &#8211; jedynie d\u0142ugo si\u0119 goi! Najlepiej rank\u0119 zdezynfekowa\u0107 i zaklei\u0107 plastrem.<\/p>\n<p><strong>Cena za wej\u015bcie i\u015bcie kr\u00f3lewska<\/strong> &#8211; <em>400THB\/os<\/em>! &#8211; czy warto? Chyba nie&#8230; Szczeg\u00f3lnie, \u017ce w sezonie (ale cz\u0119sto i poza nim) Park jest baaaardzo oblegany. Pole namiotowe wygl\u0105da jak po inwazji ca\u0142ego pu\u0142ku wojska &#8211; namioty niemal po horyzont.<\/p>\n<h2 style=\"text-align: center;\">Transport<\/h2>\n<p><strong>My dostali\u015bmy si\u0119 do Parku z Loei<\/strong> <em>(55 THB\/os)<\/em>. Generalnie najlepiej porusza\u0107 si\u0119 cz\u0119stymi autobusami mi\u0119dzy Loei a Chum Phae i prosi\u0107 o przypomnienie przy Phru Kradung. Tak\u017ce z innych miast okolicy istniej\u0105 autobusy, kt\u00f3re nas podwioz\u0105 w okolice w\u0142adz parku (z Udon Thani czy Khon Kaen). Cz\u0119sto mog\u0105 nam towarzyszy\u0107 przesiadki ale jak zwykle uczynni Tajowie we wszystkim pomog\u0105.<br \/>\n<strong>Autobusem dojedziemy do ma\u0142ego przystanku autobusowego<\/strong> tu\u017c przy drodze. Z niego kursuj\u0105 songthaewy. <strong>Nie dajcie si\u0119 nabra\u0107!<\/strong> Nie musicie wynajmowa\u0107 go za 150 &#8211; 200 THB . Twardo czekajcie na innych pasa\u017cer\u00f3w &#8211; z czasem albo si\u0119 zbior\u0105 albo pojedziecie sami p\u0142ac\u0105c uczciw\u0105 cen\u0119 &#8211; <em>20 THB\/os.<\/em><\/p>\n<p><strong>Po dojechaniu do kwatery parku<\/strong> pozostaje&#8230; wspi\u0105\u0107 si\u0119 na g\u00f3r\u0119! Jedyna opcja to doj\u015bcie\u00a0 na w\u0142asnych nogach. Mo\u017cliwe jest wynaj\u0119cea tragarzy (co czyni\u0105 wszyscy Tajowie), kt\u00f3rzy wnies\u0105 Wasze baga\u017ce za (o ile pami\u0119tam) <em>20 THB\/kilogram<\/em>. My jak typowi polscy tury\u015bci postanowili\u015bmy wspi\u0105\u0107 si\u0119 sami. W porze deszczowej du\u017co by\u0142o b\u0142ota i ci\u0119\u017ckich podej\u015b\u0107 &#8211; wej\u015bcie trwa\u0142o ok 3 godzin. Po drodze jest kilka punkt\u00f3w widokowych ze sklepikami z przek\u0105skami. Pami\u0119tajmy by ruszy\u0107 w miar\u0119 wcze\u015bniej &#8211; na szczyt p\u0142askowy\u017cu musimy si\u0119 dosta\u0107! Nie ma \u017cadnej drogi, samochod\u00f3w bus\u00f3w itp. &#8211; tylko ten szlak!<\/p>\n<address>Zamieni\u0142em si\u0119 na chwil\u0119 z tragarzem&#8230;<a href=\"http:\/\/sebka.cba.pl\/wp-content\/uploads\/2013\/05\/pk21.jpg\"><img loading=\"lazy\" decoding=\"async\" class=\"size-full wp-image-359 aligncenter\" style=\"border: 1px solid black; margin-top: 1px; margin-bottom: 1px;\" title=\"pk2\" src=\"http:\/\/sebka.cba.pl\/wp-content\/uploads\/2013\/05\/pk21.jpg\" alt=\"\" width=\"400\" height=\"267\" srcset=\"https:\/\/nieczekaj.blog\/wp-content\/uploads\/2013\/05\/pk21.jpg 400w, https:\/\/nieczekaj.blog\/wp-content\/uploads\/2013\/05\/pk21-300x200.jpg 300w\" sizes=\"auto, (max-width: 400px) 100vw, 400px\" \/><\/a><\/address>\n<h2 style=\"text-align: center;\">Gdzie spa\u0107 i zje\u015b\u0107<\/h2>\n<p><strong>Po doj\u015bciu na g\u00f3r\u0119 pozostaje nam wynaj\u0105\u0107 domek lub rozbi\u0107 namiot<\/strong> (te\u017c mo\u017cna wynaj\u0105\u0107). Z uwagi na wspominanie pijawki polecamy rozbi\u0107 si\u0119 w zadaszonych altankach a obr\u0119b namiotu obsypa\u0107 wapnem (\u015bwietnie blokuje dost\u0119p mr\u00f3wek i pijawek), kt\u00f3re mo\u017cna kupi\u0107 w butkach z jedzeniem <em>10 THB\/woreczek<\/em>. Mo\u017cna te\u017c wynaj\u0105\u0107 <em>materac (20THB za jeden)<\/em>.<\/p>\n<address>Zabezpieczanie namiotu<br \/>\n<a href=\"http:\/\/sebka.cba.pl\/wp-content\/uploads\/2013\/05\/pk1.jpg\"><img loading=\"lazy\" decoding=\"async\" class=\"size-full wp-image-360 aligncenter\" style=\"border: 1px solid black; margin-top: 1px; margin-bottom: 1px;\" title=\"pk1\" src=\"http:\/\/sebka.cba.pl\/wp-content\/uploads\/2013\/05\/pk1.jpg\" alt=\"\" width=\"267\" height=\"400\" srcset=\"https:\/\/nieczekaj.blog\/wp-content\/uploads\/2013\/05\/pk1.jpg 267w, https:\/\/nieczekaj.blog\/wp-content\/uploads\/2013\/05\/pk1-200x300.jpg 200w\" sizes=\"auto, (max-width: 267px) 100vw, 267px\" \/><\/a>\u00a0<\/address>\n<p><strong>Jedzenie mo\u017cemy kupi\u0107 w dw\u00f3ch pawilonach.<\/strong> \u015aniadanie dla dw\u00f3ch os\u00f3b ok. 150 THB a obiad w tej samej cenie 150 THB\/2os. Mo\u017cna te\u017c zaopatrzy\u0107 si\u0119 w chipsy i col\u0119 po cenach tylko nieznacznie wy\u017cszych od tych spotykanych &#8220;na dole&#8221;.<\/p>\n<h2 style=\"text-align: center;\">Atrakcje<\/h2>\n<p><strong>Na p\u0142askowy\u017cu jest wytyczonych kilka tras trekkingowych.<\/strong> Wszystkie s\u0105 dobrze oznaczone i nietrudne &#8211; po prostu \u015bcie\u017cki po p\u0142askowy\u017cu. Jak wspomnia\u0142em &#8211; pono\u0107 zapieraj\u0105ce dech w piersi widoki &#8211; my niestety trafili\u015bmy na chmury&#8230; &#8211; nic nie widzieli\u015bmy. Do tego w sprzyjaj\u0105cym klimacie du\u017co ciekawej flory i fauny (z naciskiem na motyle).<\/p>\n<h2 style=\"text-align: center;\">Jak ruszy\u0107 dalej w podr\u00f3\u017c?<\/h2>\n<p><strong>Post\u0119powanie jest proste: zej\u015b\u0107 na d\u00f3\u0142 jak najwcze\u015bniej, z\u0142apa\u0107 bus do przystanku autobusowego (<em>20THB\/os<\/em>) i z\u0142apa\u0107 autobus.<\/strong> Pro\u015bciej si\u0119 nie da. My pojechali\u015bmy autobusem w stron\u0119 Khon Khaen (<em>85THb\/os<\/em>) a tam z\u0142apali\u015bmy autobus w stron\u0119 Koratu (Nakhon Ratchasima &#8211; <em>95THB\/os<\/em>) z tym\u017ce wysiedli\u015bmy przy drodze na Phimai (dalej odjechali\u015bmy ju\u017c ci\u0119\u017car\u00f3wk\u0105 wojskow\u0105 bo jak si\u0119 okaza\u0142o trafili\u015bmy w \u015brodek powodzi i tylko tak da\u0142o si\u0119 tam dojecha\u0107).<\/p>\n<h3>Uwagi i pytania kierujcie na maila: NieCzekaj.eu(malpa)gmail.com<\/h3>\n<p>Pozdrawiam,<br \/>\nSeba<\/p>\n","protected":false},"excerpt":{"rendered":"<p>Polecamy INFORMACJE OG\u00d3LNE\u00a0 o Tajlandii i wpis na bie\u017c\u0105co z podr\u00f3\u017cy Ostatnie dni w Tajlandii. Og\u00f3lnie Park narodowy Phu Kradung jest jednym z najpi\u0119kniejszych w Tajlandii. Tak wynika\u0142o przy najmniej [&hellip;]<\/p>\n","protected":false},"author":1,"featured_media":0,"parent":241,"menu_order":0,"comment_status":"open","ping_status":"closed","template":"","meta":{"om_disable_all_campaigns":false,"_monsterinsights_skip_tracking":false,"_monsterinsights_sitenote_active":false,"_monsterinsights_sitenote_note":"","_monsterinsights_sitenote_category":0,"_s2mail":"yes","ngg_post_thumbnail":0,"footnotes":""},"class_list":["post-357","page","type-page","status-publish","hentry"],"_links":{"self":[{"href":"https:\/\/nieczekaj.blog\/index.php\/wp-json\/wp\/v2\/pages\/357","targetHints":{"allow":["GET"]}}],"collection":[{"href":"https:\/\/nieczekaj.blog\/index.php\/wp-json\/wp\/v2\/pages"}],"about":[{"href":"https:\/\/nieczekaj.blog\/index.php\/wp-json\/wp\/v2\/types\/page"}],"author":[{"embeddable":true,"href":"https:\/\/nieczekaj.blog\/index.php\/wp-json\/wp\/v2\/users\/1"}],"replies":[{"embeddable":true,"href":"https:\/\/nieczekaj.blog\/index.php\/wp-json\/wp\/v2\/comments?post=357"}],"version-history":[{"count":7,"href":"https:\/\/nieczekaj.blog\/index.php\/wp-json\/wp\/v2\/pages\/357\/revisions"}],"predecessor-version":[{"id":1442,"href":"https:\/\/nieczekaj.blog\/index.php\/wp-json\/wp\/v2\/pages\/357\/revisions\/1442"}],"up":[{"embeddable":true,"href":"https:\/\/nieczekaj.blog\/index.php\/wp-json\/wp\/v2\/pages\/241"}],"wp:attachment":[{"href":"https:\/\/nieczekaj.blog\/index.php\/wp-json\/wp\/v2\/media?parent=357"}],"curies":[{"name":"wp","href":"https:\/\/api.w.org\/{rel}","templated":true}]}}