{"id":374,"date":"2013-05-30T11:38:51","date_gmt":"2013-05-30T09:38:51","guid":{"rendered":"http:\/\/sebka.cba.pl\/?page_id=374"},"modified":"2014-05-16T18:36:00","modified_gmt":"2014-05-16T16:36:00","slug":"phimai","status":"publish","type":"page","link":"https:\/\/nieczekaj.blog\/index.php\/nasze-przewodniki\/azja\/tajlandia-informacje-ogolne\/phimai\/","title":{"rendered":"Phimai"},"content":{"rendered":"<h3>Polecamy <a title=\"INFORMACJE OG\u00d3LNE  o Tajlandii\" href=\"https:\/\/nieczekaj.blog\/index.php\/nasze-przewodniki\/azja\/tajlandia-informacje-ogolne\/\">INFORMACJE OG\u00d3LNE\u00a0 o Tajlandii<\/a> i wpis na bie\u017c\u0105co z podr\u00f3\u017cy <a title=\"Phimai - blog\" href=\"http:\/\/sebka.travellerspoint.com\/34\/\">Phimai<\/a>.<\/h3>\n<h2 style=\"text-align: center;\">Og\u00f3lnie<\/h2>\n<p><strong>Do Phimai dotarli\u015bmy na pace wojskowej ci\u0119\u017car\u00f3wki.<\/strong> Ca\u0142a okolica by\u0142a zalana a tylko \u015brodkowa cz\u0119\u015b\u0107 Phimai (jaki\u015b kwadrat 200m na 200m) opar\u0142 si\u0119 powodzi. Tam te\u017c dotarli\u015bmy. Nasze spostrze\u017cenia mog\u0105 zatem nie by\u0107\u00a0 miarodajne. Np. brak turyst\u00f3w &#8211; byli\u015bmy jedyni na tle g\u0142upi, by pakowa\u0107 si\u0119 w pow\u00f3d\u017a.<\/p>\n<p><strong>Miasto s\u0142ynie ze swojego parku archeologicznego.<\/strong> S\u0105 tu pozosta\u0142o\u015bci dawnych \u015bwi\u0105ty\u0144 i za\u0142o\u017ce\u0144 miejskich bodaj\u017ce z XIIIw. Tylko pami\u0119tajmy &#8211; nie s\u0105 to kolejne ruiny w stylu Ayutthai czy Sukhothai! Phimai by\u0142o wa\u017cnym miastem na szlaku pielgrzymkowym do Angkor Wat i ca\u0142y kompleks stylem zdecydowanie nawi\u0105zuje do znanych nam budowli khmerskich. W\u0142a\u015bnie to stanowi o niepowtarzalno\u015bci miasta. Na prawd\u0119 warto odwiedzi\u0107 to miasto!<\/p>\n<h2 style=\"text-align: center;\"><a href=\"http:\/\/sebka.cba.pl\/wp-content\/uploads\/2013\/05\/p2.jpg\"><img loading=\"lazy\" decoding=\"async\" class=\"wp-image-375 aligncenter\" title=\"p2\" src=\"http:\/\/sebka.cba.pl\/wp-content\/uploads\/2013\/05\/p2.jpg\" alt=\"\" width=\"400\" height=\"267\" srcset=\"https:\/\/nieczekaj.blog\/wp-content\/uploads\/2013\/05\/p2.jpg 400w, https:\/\/nieczekaj.blog\/wp-content\/uploads\/2013\/05\/p2-300x200.jpg 300w\" sizes=\"auto, (max-width: 400px) 100vw, 400px\" \/><\/a><br \/>\nTransport<\/h2>\n<p><strong>Do Phimai dostali\u015bmy si\u0119 jad\u0105c autobusem relacji Khon Kaen &#8211; Korat (Nakhon Ratchasima)<\/strong> do krzy\u017c\u00f3wki na Phimai (<em>95THB\/os<\/em>) stamt\u0105d jechali\u015bmy na pace wojskowej bo trafili\u015bmy tam w czasie powodzi. Normalnie s\u0105 autobusy, kt\u00f3re doje\u017cd\u017caj\u0105 do Phimai z tej krzy\u017c\u00f3wki lub mo\u017cna si\u0119 przespacerowa\u0107 (ok. 6 km). <em>Bus z Phimai do Koratu 25THB\/os<\/em>.<\/p>\n<h2 style=\"text-align: center;\">Gdzie spa\u0107 i zje\u015b\u0107<\/h2>\n<p><strong>Miasteczko ma do dyspozycji hostel i hotel.<\/strong> Inne obiekty podczas naszej wyprawy by\u0142y zamkni\u0119te. Spali\u015bmy w <em>Old Phimai Guesthouse p\u0142acili\u015bmy 250 THB\/pok\u00f3j<\/em> (po kr\u00f3tkich targach). Zaznaczy\u0107 nale\u017cy, \u017ce hostel jest nowy i oferuje \u015bwietne warunki: \u0142azienk\u0119 w pokoju, ciep\u0142\u0105 wod\u0119, duuuu\u017ce \u0142\u00f3\u017cko, TV (z kana\u0142em informacyjnym po angielsku), do tego bezp\u0142atna wymiana ksi\u0105\u017cek i komputer z internetem i nagrywark\u0105 DVD (<em>40THB\/godzina<\/em>).<\/p>\n<p><strong>Jedzenie dost\u0119pne jest w kilku knajpkach i na nocnym targu.<\/strong> Podczas powodzi nocny targ zamkni\u0119to a w pobli\u017cu zorganizowano centrum kryzysowe dla okolicznej ludno\u015bci zatem w tej sprawie te\u017c du\u017co powiedzie\u0107 nie mo\u017cemy. Ceny standardowe &#8211; np. syc\u0105ca zupa z pulpecikami w lokalnym lokalu 30 THB.<\/p>\n<h2 style=\"text-align: center;\">Atrakcje<\/h2>\n<p>* <strong>G\u0142\u00f3wn\u0105 atrakcj\u0105 jest ciekawy park historyczny.<\/strong> Jak wspomnieli\u015bmy wcze\u015bniej, nawi\u0105zuje do stylu khmerskiego i jako taki jest tak wyj\u0105tkowy w Tajlandii. <em>Wst\u0119p 100THB\/os<\/em> (wej\u015bci\u00f3wka jednodniowa).<\/p>\n<address style=\"text-align: center;\">Park historyczny<\/address>\n<address style=\"text-align: center;\"><a href=\"http:\/\/sebka.cba.pl\/wp-content\/uploads\/2013\/05\/p1.jpg\"><img loading=\"lazy\" decoding=\"async\" class=\"size-full wp-image-376 aligncenter\" style=\"border: 1px solid black; margin-top: 1px; margin-bottom: 1px;\" title=\"p1\" src=\"http:\/\/sebka.cba.pl\/wp-content\/uploads\/2013\/05\/p1.jpg\" alt=\"\" width=\"400\" height=\"266\" srcset=\"https:\/\/nieczekaj.blog\/wp-content\/uploads\/2013\/05\/p1.jpg 400w, https:\/\/nieczekaj.blog\/wp-content\/uploads\/2013\/05\/p1-300x199.jpg 300w\" sizes=\"auto, (max-width: 400px) 100vw, 400px\" \/><\/a><\/address>\n<p>* <strong>]Muzeum historyczne.<\/strong> zlokalizowane ok. 300 m od Centrum. Niestety, podczas naszej wizyty by\u0142o ca\u0142e zalane.<\/p>\n<p>* <strong>Pralnia<\/strong> &#8211; mo\u017ce nie atrakcja turystyczna \ud83d\ude42 Ale tu\u017c obok centrum, za wie\u017c\u0105 s\u0105 przy baraku ustawione samoobs\u0142ugowe pralki. Mo\u017cna wypra\u0107 do <em>8 kg prania za 30 THB<\/em> (dwie osoby po parku narodowym mieszcz\u0105 si\u0119 w limicie). Warto &#8211; nie w ka\u017cdym mie\u015bcie takie miejsca s\u0105 tak \u0142atwo dost\u0119pne dla turyst\u00f3w. W naszym hostelu da\u0142o si\u0119 znale\u017a\u0107 suszarni\u0119 i wszystko wysuszy\u0107.<\/p>\n<h2 style=\"text-align: center;\">Jak ruszy\u0107 dalej w podr\u00f3\u017c?<\/h2>\n<p><strong>Jedynymi opcjami s\u0105:<\/strong> wyjazd bezpo\u015brednio <em>do Koratu (Nakhon Ratchasima &#8211; 25 THB\/os)<\/em> lub na p\u00f3\u0142noc (wtedy do krzy\u017c\u00f3wki z g\u0142\u00f3wna drog\u0105 i nale\u017cy &#8220;\u0142apa\u0107&#8221; autobus na Khon Kaen.<\/p>\n<h3>Uwagi i pytania kierujcie na maila: NieCzekaj.eu(malpa)gmail.com<\/h3>\n<h3>Pozdrawiam,<br \/>\nSeba<\/h3>\n","protected":false},"excerpt":{"rendered":"<p>Polecamy INFORMACJE OG\u00d3LNE\u00a0 o Tajlandii i wpis na bie\u017c\u0105co z podr\u00f3\u017cy Phimai. Og\u00f3lnie Do Phimai dotarli\u015bmy na pace wojskowej ci\u0119\u017car\u00f3wki. Ca\u0142a okolica by\u0142a zalana a tylko \u015brodkowa cz\u0119\u015b\u0107 Phimai (jaki\u015b [&hellip;]<\/p>\n","protected":false},"author":1,"featured_media":0,"parent":241,"menu_order":0,"comment_status":"open","ping_status":"closed","template":"","meta":{"om_disable_all_campaigns":false,"_monsterinsights_skip_tracking":false,"_monsterinsights_sitenote_active":false,"_monsterinsights_sitenote_note":"","_monsterinsights_sitenote_category":0,"_s2mail":"yes","ngg_post_thumbnail":0,"footnotes":""},"class_list":["post-374","page","type-page","status-publish","hentry"],"_links":{"self":[{"href":"https:\/\/nieczekaj.blog\/index.php\/wp-json\/wp\/v2\/pages\/374","targetHints":{"allow":["GET"]}}],"collection":[{"href":"https:\/\/nieczekaj.blog\/index.php\/wp-json\/wp\/v2\/pages"}],"about":[{"href":"https:\/\/nieczekaj.blog\/index.php\/wp-json\/wp\/v2\/types\/page"}],"author":[{"embeddable":true,"href":"https:\/\/nieczekaj.blog\/index.php\/wp-json\/wp\/v2\/users\/1"}],"replies":[{"embeddable":true,"href":"https:\/\/nieczekaj.blog\/index.php\/wp-json\/wp\/v2\/comments?post=374"}],"version-history":[{"count":6,"href":"https:\/\/nieczekaj.blog\/index.php\/wp-json\/wp\/v2\/pages\/374\/revisions"}],"predecessor-version":[{"id":1443,"href":"https:\/\/nieczekaj.blog\/index.php\/wp-json\/wp\/v2\/pages\/374\/revisions\/1443"}],"up":[{"embeddable":true,"href":"https:\/\/nieczekaj.blog\/index.php\/wp-json\/wp\/v2\/pages\/241"}],"wp:attachment":[{"href":"https:\/\/nieczekaj.blog\/index.php\/wp-json\/wp\/v2\/media?parent=374"}],"curies":[{"name":"wp","href":"https:\/\/api.w.org\/{rel}","templated":true}]}}