{"id":380,"date":"2013-05-30T12:03:10","date_gmt":"2013-05-30T10:03:10","guid":{"rendered":"http:\/\/sebka.cba.pl\/?page_id=380"},"modified":"2014-05-16T18:17:19","modified_gmt":"2014-05-16T16:17:19","slug":"laos","status":"publish","type":"page","link":"https:\/\/nieczekaj.blog\/index.php\/nasze-przewodniki\/azja\/laos\/","title":{"rendered":"LAOS"},"content":{"rendered":"<h3>Wcze\u015bniej pisali\u015bmy o <a title=\"INFORMACJE OG\u00d3LNE  o Tajlandii\" href=\"https:\/\/nieczekaj.blog\/index.php\/nasze-przewodniki\/azja\/tajlandia-informacje-ogolne\/\">Tajlandii<\/a>.\u00a0 Teraz przyszed\u0142 czas na Laos, w kt\u00f3rym sp\u0119dzili\u015bmy 8 dni. Czemu tak kr\u00f3tko? Chyba przez ograniczony czas i troch\u0119 zepsut\u0105 pogod\u0119 &#8211; sami Laota\u0144czycy twierdzili, \u017ce a\u017c taaaaaaak zimno i nieprzyjemnie dawno nie mieli &#8211; i nie da si\u0119 tak \u017cy\u0107 (by\u0142o deszczowo, pochmurnie, wietrznie i tylko 15 stopni). My prze\u017cyli\u015bmy &#8211; w ko\u0144cu taka nasza jesie\u0144&#8230;<\/h3>\n<h2 style=\"text-align: center;\">Kiedy jecha\u0107<\/h2>\n<p><strong>Poza sezonem turystycznym<\/strong> tzn. na wiosn\u0119 lub jesieni\u0105. Ominiemy wtedy t\u0142umy &#8220;lonliplanetowc\u00f3w&#8221; i mo\u017ce uda si\u0119 poczu\u0107 laota\u0144sk\u0105 otwarto\u015b\u0107 i go\u015bcinno\u015b\u0107.<\/p>\n<h2 style=\"text-align: center;\">Przej\u015bcia graniczne\/Wizy<\/h2>\n<p><strong>Przep\u0142yn\u0119li\u015bmy na drugi brzeg Mekongu<\/strong> Z Tajlandii (Chiang Khong) do Laosu (Ban Houayxay). A dalej mo\u017cna uda\u0107 si\u0119 \u0142\u00f3dk\u0105 Mekongiem lub autobusem do Luang Prabang. Drugim przej\u015bciem Vientin &#8211; Udon Thani (Tajlandia) przejechali\u015bmy autobusem. S\u0105 te\u017c inne przej\u015bcia ale z tych korzystali\u015bmy. Mieli\u015bmy w planach Wietnam ale wiza do tego kraju nas przeros\u0142a. <strong>Wiza do Laosu kosztowa\u0142a 900 THB\/os (30 dolar\u00f3w)<\/strong> &#8211; 30 dniowa, jednokrotnego wjazdu.<\/p>\n<h2 style=\"text-align: center;\">Zdrowie<\/h2>\n<p><strong>Dla os\u00f3b czytaj\u0105cych wpis o Tajlandii nic nowego<\/strong> &#8211; Laos le\u017cy w tej samej &#8220;chorobowej&#8221; strefie co Tajlandia (chyba z wi\u0119ksz\u0105 ilo\u015bci\u0105 przypadk\u00f3w w\u015bcieklizny &#8211; ale bez dramatu!).<\/p>\n<p><strong>Szczepienia nie s\u0105 wymagane ale zalecane.<\/strong> O list\u0119 przydatnych szczepionek mo\u017cna zapyta\u0107 w centrach szczepie\u0144. W Warszawie polecamy <a title=\"Szpital Zaka\u017any\" href=\"http:\/\/www.zakazny.pl\">Centrum chor\u00f3b zaka\u017anych<\/a> lub dro\u017csze <a title=\"Centrum Szczepie\u0144\" href=\"http:\/\/www.wsse.webserwer.pl\/\">centrum szczepie\u0144<\/a> .<\/p>\n<p><strong>W niekt\u00f3rych rejonach Laosu wyst\u0119puje malaria<\/strong> i zalecana jest profilaktyka. O szczeg\u00f3\u0142y najlepiej dowiadywa\u0107 si\u0119 w Szpitalu zaka\u017anym (link wy\u017cej). My brali\u015bmy <strong>lariam<\/strong> (wyprawa ponad 3 miesi\u0119czna) &#8211; i wbrew obiegowym opiniom nie towarzyszy\u0142y nam \u017cadne skutki uboczne w postaci omam\u00f3w, stan\u00f3w l\u0119kowych czy depresji. Jednak by dobra\u0107 odpowiedni \u015brodek nale\u017cy uda\u0107 si\u0119 do lekarza. Lariam w wi\u0119kszych ilo\u015bciach (na d\u0142u\u017csze wyprawy) polecam kupi\u0107 w Czechach &#8211; w Polsce lek jest dost\u0119pny tylko na specjalne zam\u00f3wienie, przy po\u015bwiadczeniu z NFZ i bardzo drogi. U naszych s\u0105siad\u00f3w od r\u0119ki i taniej. Oczywi\u015bcie obowi\u0105zkowo co\u015b na komary z DEETem lub co\u015b naturalnego (z traw\u0105 cytrynow\u0105) &#8211; zwykle dzia\u0142a.<\/p>\n<p><a href=\"http:\/\/sebka.cba.pl\/wp-content\/uploads\/2013\/05\/l3.jpg\"><img loading=\"lazy\" decoding=\"async\" class=\"aligncenter size-full wp-image-381\" title=\"l3\" src=\"http:\/\/sebka.cba.pl\/wp-content\/uploads\/2013\/05\/l3.jpg\" alt=\"\" width=\"300\" height=\"300\" srcset=\"https:\/\/nieczekaj.blog\/wp-content\/uploads\/2013\/05\/l3.jpg 300w, https:\/\/nieczekaj.blog\/wp-content\/uploads\/2013\/05\/l3-150x150.jpg 150w\" sizes=\"auto, (max-width: 300px) 100vw, 300px\" \/><\/a><\/p>\n<p><strong>Uwa\u017ca\u0107 nale\u017cy (jak chyba w ca\u0142ej Azji po\u0142udniowo-wschodniej) na wszechobecne bezpa\u0144skie psy<\/strong>. Nam si\u0119 nic nie przydarzy\u0142o ale s\u0142yszy si\u0119 o wypadkach pok\u0105sania.<\/p>\n<p><strong>UWAGA NIEWYBUCHY<\/strong> &#8211; st\u0105panie po dzikich ost\u0119pach Laosu wi\u0105\u017ce si\u0119 z du\u017cym ryzykiem! Pami\u0119tajcie o tym &#8211; Laos jest najbardziej &#8220;zbombardowanym&#8221; krajem \u015bwiata i wiele miejsc nie zosta\u0142a odminowana\/sprawdzona. Okolice miast s\u0105 bezpieczne ale oddalone \u0142\u0105ki (bez byd\u0142a) czy lasy mog\u0105 skrywa\u0107 niebezpiecze\u0144stwo! Spytajcie si\u0119 w lokalnym urz\u0119dzie, hostelu czy dany obszar jest wzgl\u0119dnie bezpieczny.<\/p>\n<h2 style=\"text-align: center;\">Ceny i waluta<\/h2>\n<p><strong>Walut\u0105 Laosu jest laota\u0144ski kip (LAK).<\/strong> Podczas naszego pobytu 1z\u0142 kosztowa\u0142 ok 2,500 LAK. Waluta jest stosowana w ca\u0142ym kraju a p\u0142acenie w innej walucie (np. dolar czy euro) nie jest rozpowszechnione (cho\u0107 zapewne mo\u017cliwe). W miejscowo\u015bciach przygranicznych i turystycznych mo\u017cna p\u0142aci\u0107 w tajskich batach (THB).<\/p>\n<p style=\"text-align: center;\"><a href=\"http:\/\/sebka.cba.pl\/wp-content\/uploads\/2013\/05\/l2.jpg\"><img loading=\"lazy\" decoding=\"async\" class=\"size-full wp-image-382 aligncenter\" style=\"border: 1px solid black; margin-top: 1px; margin-bottom: 1px;\" title=\"l2\" src=\"http:\/\/sebka.cba.pl\/wp-content\/uploads\/2013\/05\/l2.jpg\" alt=\"\" width=\"400\" height=\"355\" srcset=\"https:\/\/nieczekaj.blog\/wp-content\/uploads\/2013\/05\/l2.jpg 400w, https:\/\/nieczekaj.blog\/wp-content\/uploads\/2013\/05\/l2-300x266.jpg 300w\" sizes=\"auto, (max-width: 400px) 100vw, 400px\" \/><\/a><\/p>\n<p><strong>Przyk\u0142adowe ceny (\u015brednio):<\/strong><\/p>\n<p>* <strong>nocleg<\/strong> dla dw\u00f3ch os\u00f3b (tani hostel z wiatrakiem, trzeba si\u0119 targowa\u0107) &#8211; 40 000 LAK (ok. 16 z\u0142)<br \/>\n* <strong>lokalna zupa<\/strong>\u00a0 ze straganu (du\u017ca, z nudlami i sa\u0142atk\u0105) &#8211; 10 000 LAK (ok. 4 z\u0142)<br \/>\n* <strong>du\u017ca lokalna kanapka<\/strong> ze straganu &#8211; 10 000 LAK (ok. 4 z\u0142)<br \/>\n* <strong>&#8220;p\u0105czek&#8221; z bananem<\/strong> &#8211; 500 LAK (ok. 0,2 z\u0142)<br \/>\n* <strong>szejk<\/strong> &#8211; 5 000 LAK (ok. 2 z\u0142)<br \/>\n* <strong>Pepsi 0,5l<\/strong> &#8211; 5000 LAK<br \/>\n* <strong>woda<\/strong> (1,5 l.) 10 &#8211; 15 THB<br \/>\n* <strong>kawa<\/strong> w knajpie &#8211; 40 THB<\/p>\n<p>* <strong>internet<\/strong> (1 godz) &#8211; 6000 &#8211; 12000 LAK (od ok 2,4 z\u0142 do 4,8 z\u0142)<br \/>\n*<strong> pranie<\/strong> &#8211; 10 000 LAK (ok. 4 z\u0142) za kilogram<\/p>\n<p>* <strong>tuk-tuk<\/strong> &#8211; ok. 15 000 &#8211; 20 000 (ok. 3 &#8211; 4 z\u0142) za umiarkowane odleg\u0142o\u015bci w mie\u015bcie (zwykle dojazd do\/z dworca)<\/p>\n<h2 style=\"text-align: center;\">Telekomunikacja<\/h2>\n<p><strong>Kafejki internetowe s\u0105 dost\u0119pne niemal w ka\u017cdym mie\u015bcie.<\/strong> Problemem mo\u017ce by\u0107 szybko\u015b\u0107 po\u0142\u0105czenia (cz\u0119sto starcz\u0105 tylko na sprawdzenia maila) oraz ich stopie\u0144 zawirusowania. Nieopatrzenie zniszczy\u0142y mi zawarto\u015b\u0107 fotograficzn\u0105 jednej karty gdy to skorzysta\u0142em z przej\u015bci\u00f3wki zamiast u\u017cy\u0107 kabla i aparatu (polecam t\u0105 form\u0119! &#8211; po zablokowaniu karty praktycznie zerowa szansa na uszkodzenia!). Na terenie Laosu korzystali\u015bmy z kom\u00f3rki na karcie tajskiej.<\/p>\n<h2 style=\"text-align: center;\">Transport w Laosie<\/h2>\n<p><strong>\u0141\u00f3dki<\/strong> &#8211; sp\u0142yw Mekongiem to jedna z najwi\u0119kszych turystycznych atrakcji. Mi\u0119dzy Ban Houayxay (po tajskiej stronie Chiang Khong) a Luang Prabang. P\u0142ynie si\u0119 dwa dni (<em>koszt 800 THB\/os<\/em>) po drodze konieczne jest wykupienie noclegu w jednej z wiosek (po targach 50tys LAK = 20z\u0142), kt\u00f3ra jest praktycznie nastawiona TYLKO na dawanie noclegu turystom podczas takich rejs\u00f3w. Pi\u0119kne widoki ale gwarna atmosfera turystyczna i w og\u00f3le otoczka nie s\u0105 najszcz\u0119\u015bliwsze.<\/p>\n<p><strong>Autobusy<\/strong> &#8211; \u015bwietny spos\u00f3b transportu. Drogi w Laosie przypominaj\u0105 te z film\u00f3w o Ameryce Po\u0142udniowej. W\u0105skie, kr\u0119te i na skraju przepa\u015bci. Porz\u0105dna jazda! Tylko niekt\u00f3re drogi w okolicach Vientine s\u0105 ju\u017c porz\u0105dne i proste. Jad\u0105c jednak wg\u0142\u0105b kraju nale\u017cy liczy\u0107 si\u0119 z niegodno\u015bciami podr\u00f3\u017cy. Odleg\u0142o\u015bci nie liczy si\u0119 tu na kilometry a godziny jazdy. Wyr\u00f3\u017cnione s\u0105 dwa rodzaje autobus\u00f3w lokalne i dalekobie\u017cne. Te pierwsze o standardzie naszych autosan\u00f3w (lub gorzej) ale co najwa\u017cniejsze ze sprawnymi hamulcami. Autobusy dalekobie\u017cne przypominaj\u0105 te tajskie: nowe, \u015bwietnie utrzymane z klimatyzacj\u0105 i stety\/niestety TV z karaoke.<\/p>\n<address style=\"text-align: center;\">Autobus lokalny<\/address>\n<p style=\"text-align: center;\"><a href=\"http:\/\/sebka.cba.pl\/wp-content\/uploads\/2013\/05\/l1.jpg\"><img loading=\"lazy\" decoding=\"async\" class=\"size-full wp-image-384 aligncenter\" style=\"border: 1px solid black; margin-top: 1px; margin-bottom: 1px;\" title=\"l1\" src=\"http:\/\/sebka.cba.pl\/wp-content\/uploads\/2013\/05\/l1.jpg\" alt=\"\" width=\"400\" height=\"266\" srcset=\"https:\/\/nieczekaj.blog\/wp-content\/uploads\/2013\/05\/l1.jpg 400w, https:\/\/nieczekaj.blog\/wp-content\/uploads\/2013\/05\/l1-300x199.jpg 300w\" sizes=\"auto, (max-width: 400px) 100vw, 400px\" \/><\/a><\/p>\n<h2 style=\"text-align: center;\">Kr\u00f3tkie rady praktyczne<\/h2>\n<p><strong>Nie bierzcie pokoi z klimatyzacj\u0105 &#8211; lepiej z wiatrakiem (fan)<\/strong> &#8211; w ten spos\u00f3b szybciej przyzwyczaicie si\u0119 do upa\u0142\u00f3w i wilgotno\u015bci powietrza. \u0141atwiej b\u0119dzie zwiedza\u0107 i porusza\u0107 si\u0119 ta\u0144szymi \u015brodkami transportu.<\/p>\n<p><strong>Repelenty na komary i inne owady<\/strong> &#8211; dost\u0119pne r\u00f3\u017cne rodzaje &#8220;naturalne&#8221; (z traw\u0105 cytrynow\u0105) i z DEETem. Te pierwsze potrafi\u0105 by\u0107 skuteczne i mi\u0142o pachn\u0105 (a dodatkowo s\u0105 ta\u0144sze)<\/p>\n<p><strong>Targujcie si\u0119<\/strong> &#8211; bana\u0142 w Azji ale wart przypomnienia &#8211; poza sezonem cz\u0119sto w ma\u0142ych hostelach (przy d\u0142u\u017cszym ni\u017c jednonocnym pobycie) mo\u017cna co\u015b stargowa\u0107.<\/p>\n<p><strong>Nie odwiedzajcie<\/strong> tylko tzw. TOPu. Pospacerujcie po okolicach i pojed\u017acie gdzie\u015b wg\u0142\u0105b kraju.<\/p>\n<h2 style=\"text-align: center;\">Polecane miejsca z informacjami praktycznymi<\/h2>\n<p><strong><a title=\"Bangkok\" href=\"https:\/\/nieczekaj.blog\/index.php\/nasze-przewodniki\/tajlandia-informacje-ogolne\/bangkok-informacje-praktyczne\/\">&#8211; <\/a><a title=\"Luang Prabang - informacje praktyczne\" href=\"https:\/\/nieczekaj.blog\/index.php\/nasze-przewodniki\/azja\/laos\/luang-prabang\/\">Luang Prabang<\/a><\/strong> &#8211; legendarne zaspane miasto. Pe\u0142ne kolonialnego wdzi\u0119ku ale (w niekt\u00f3rych miejscach) i turyst\u00f3w. Zdecydowanie warto zobaczy\u0107 (i ewentualnei uciec :)). \u015awietna baza wypadowa wg\u0142\u0105b Laosu. Polecamy wpis na bie\u017c\u0105co z podr\u00f3\u017cy: <a title=\"Tydzie\u0144 w Laosie - blog\" href=\"http:\/\/sebka.travellerspoint.com\/32\/\">Tydzie\u0144 w Laosie<\/a>.<\/p>\n<p><strong><a title=\"Bangkok\" href=\"https:\/\/nieczekaj.blog\/index.php\/nasze-przewodniki\/tajlandia-informacje-ogolne\/bangkok-informacje-praktyczne\/\">&#8211; <\/a><a title=\"Vientiane - informacje praktyczne\" href=\"https:\/\/nieczekaj.blog\/index.php\/nasze-przewodniki\/azja\/laos\/vientiane\/\">Phonsavan<\/a> <\/strong>&#8211; miasto w pobli\u017cu r\u00f3wniny dzban\u00f3w. Wok\u00f3\u0142 dziewicze zaminowane tereny, wspaniali ludzie tanio cicho spokojnie bez teatrzyk\u00f3w &#8220;pod zachodnich turyst\u00f3w&#8221;. Polecamy!<\/p>\n<p><strong><a title=\"Bangkok\" href=\"https:\/\/nieczekaj.blog\/index.php\/nasze-przewodniki\/tajlandia-informacje-ogolne\/bangkok-informacje-praktyczne\/\">&#8211; <\/a><a title=\"Vientiane - informacje praktyczne\" href=\"https:\/\/nieczekaj.blog\/index.php\/nasze-przewodniki\/azja\/laos\/vientiane\/\">Vientiane<\/a> <\/strong>&#8211; senna stolica. Par\u0119 zabytk\u00f3w i mi\u0142a, spokojna atmosfera postkolonialnego miasteczka. Warto zobaczy\u0107, poby\u0107 i lecie\u0107 dalej.<\/p>\n<h2 style=\"text-align: center;\">Co nas zadziwi\u0142o<\/h2>\n<p>Po Tajlandii zdziwie\u0144 mniej (bo kilka by si\u0119 powt\u00f3rzy\u0142o) ale zawsze co\u015b:<\/p>\n<p>* krowy k\u0105pi\u0105ce si\u0119 na pla\u017cy (nad Mekongiem)<br \/>\n* trzepanie \u015bciery w busie<br \/>\n* komercjalizacja niekt\u00f3rych miejsc<br \/>\n* ry\u017c z jajkiem na patyku<br \/>\n* zupa bardziej popularna ni\u017c ry\u017c<br \/>\n* pieczywo (kanapki) jako normalne jedzenie! (wida\u0107 wp\u0142yw kolonizator\u00f3w)<br \/>\n* wszechobecny dr\u00f3b &#8211; nawet w miastach<\/p>\n<h3>Je\u015bli macie jakie\u015b pytania piszcie na sebka.pl(malpa)gmail.com<\/h3>\n<h3>Pozdrawiam,<br \/>\nSeba<\/h3>\n<h3 style=\"text-align: center;\">Przygotowanie tej strony i przewodnik\u00f3w zaj\u0119\u0142o nam troch\u0119 czasu i wymaga\u0142o litr\u00f3w kawy \ud83d\ude42<br \/>\nJe\u015bli uznasz, \u017ce wart by\u0142o nie wahaj si\u0119 postawi\u0107 nam kaw\u0119 przez PAYPAL-a<br \/>\n<code><code>[paypal-donation]<\/code><\/code><\/h3>\n","protected":false},"excerpt":{"rendered":"<p>Wcze\u015bniej pisali\u015bmy o Tajlandii.\u00a0 Teraz przyszed\u0142 czas na Laos, w kt\u00f3rym sp\u0119dzili\u015bmy 8 dni. Czemu tak kr\u00f3tko? Chyba przez ograniczony czas i troch\u0119 zepsut\u0105 pogod\u0119 &#8211; sami Laota\u0144czycy twierdzili, \u017ce [&hellip;]<\/p>\n","protected":false},"author":1,"featured_media":0,"parent":1329,"menu_order":0,"comment_status":"open","ping_status":"open","template":"","meta":{"om_disable_all_campaigns":false,"_monsterinsights_skip_tracking":false,"_monsterinsights_sitenote_active":false,"_monsterinsights_sitenote_note":"","_monsterinsights_sitenote_category":0,"_s2mail":"yes","ngg_post_thumbnail":0,"footnotes":""},"class_list":["post-380","page","type-page","status-publish","hentry"],"_links":{"self":[{"href":"https:\/\/nieczekaj.blog\/index.php\/wp-json\/wp\/v2\/pages\/380","targetHints":{"allow":["GET"]}}],"collection":[{"href":"https:\/\/nieczekaj.blog\/index.php\/wp-json\/wp\/v2\/pages"}],"about":[{"href":"https:\/\/nieczekaj.blog\/index.php\/wp-json\/wp\/v2\/types\/page"}],"author":[{"embeddable":true,"href":"https:\/\/nieczekaj.blog\/index.php\/wp-json\/wp\/v2\/users\/1"}],"replies":[{"embeddable":true,"href":"https:\/\/nieczekaj.blog\/index.php\/wp-json\/wp\/v2\/comments?post=380"}],"version-history":[{"count":11,"href":"https:\/\/nieczekaj.blog\/index.php\/wp-json\/wp\/v2\/pages\/380\/revisions"}],"predecessor-version":[{"id":411,"href":"https:\/\/nieczekaj.blog\/index.php\/wp-json\/wp\/v2\/pages\/380\/revisions\/411"}],"up":[{"embeddable":true,"href":"https:\/\/nieczekaj.blog\/index.php\/wp-json\/wp\/v2\/pages\/1329"}],"wp:attachment":[{"href":"https:\/\/nieczekaj.blog\/index.php\/wp-json\/wp\/v2\/media?parent=380"}],"curies":[{"name":"wp","href":"https:\/\/api.w.org\/{rel}","templated":true}]}}