{"id":387,"date":"2013-05-30T12:15:50","date_gmt":"2013-05-30T10:15:50","guid":{"rendered":"http:\/\/sebka.cba.pl\/?page_id=387"},"modified":"2014-05-16T18:14:50","modified_gmt":"2014-05-16T16:14:50","slug":"luang-prabang","status":"publish","type":"page","link":"https:\/\/nieczekaj.blog\/index.php\/nasze-przewodniki\/azja\/laos\/luang-prabang\/","title":{"rendered":"Luang Prabang"},"content":{"rendered":"<h3>Polecamy <a title=\"INFORMACJE OG\u00d3LNE  o Laosie\" href=\"https:\/\/nieczekaj.blog\/index.php\/nasze-przewodniki\/azja\/laos\/\">INFORMACJE OG\u00d3LNE o Laosie<\/a> i wpis na bie\u017c\u0105co z podr\u00f3\u017cy <a title=\"Tydzie\u0144 w Laosie - blog\" href=\"http:\/\/sebka.travellerspoint.com\/32\/\">Tydzie\u0144 w Laosie<\/a>.<\/h3>\n<h2 style=\"text-align: center;\">Og\u00f3lnie<\/h2>\n<p><strong>Luang Prabang to pi\u0119kne miejsce&#8230;<\/strong> Warto? Warto. Ale tak na jeden raz &#8211; nie wi\u0119cej. Miasto ma nieodparty urok niestety zepsuty przez t\u0142umy turyst\u00f3w i nastawionych na turyst\u00f3w Laota\u0144czyk\u00f3w.\u00a0 Klimat jest sielski i na my\u015bl przywodzi czasy kolonialne gdzie &#8220;bia\u0142emu w\u0142adcy&#8221; us\u0142ugiwali mili Laota\u0144czycy. Teraz tylko liczy si\u0119 pieni\u0105dz a nie w\u0142adza militarna.\u00a0<strong> Czy jednak omin\u0105\u0107 Luang Prabang? Nie!<\/strong> Jak w ka\u017cdym mie\u015bcie mo\u017cemy znale\u017a\u0107 urocze zak\u0105tki oraz odkrywa\u0107 prawdziwy puls miasta. Trzeba tylko zej\u015b\u0107 z utartych szlak\u00f3w, pospacerowa\u0107 po ca\u0142ym mie\u015bcie (cho\u0107by do konsulatu Wietnamu i z powrotem).<\/p>\n<h2 style=\"text-align: center;\">Transport<\/h2>\n<p><strong>Do Luang Prabang dojecha\u0107 mo\u017cemy z ka\u017cdego wi\u0119kszego miasta Laosu.<\/strong> Unikajmy tylko po\u0142\u0105cze\u0144 oferowanych przez agencje turystyczne &#8211; organizuj\u0105c sobie sami transport na dworcu autobusowym zaoszcz\u0119dzimy troch\u0119 got\u00f3wki. Do Luang Prabang mo\u017cemy te\u017c sp\u0142yn\u0105\u0107 Mekongiem (<em>z Chiang Khong 800 THB ok. 80 z\u0142<\/em>).<\/p>\n<h2 style=\"text-align: center;\">Gdzie spa\u0107 i zje\u015b\u0107<\/h2>\n<p><strong>Lim Khong &#8211; przy tej ulicy (i w uliczkach obok) znajdziemy najwi\u0119cej hosteli.<\/strong> Ceny s\u0105 przewa\u017cnie ustalone i ci\u0119\u017ckie do stargowania. My spali\u015bmy chyba w <strong>Namsok Guest House<\/strong> (stargowany z <em>50 tys do 40 tys LAK\/noc<\/em>).<\/p>\n<p><strong>Jedzenie<\/strong> &#8211; mn\u00f3stwo knajpek dla &#8220;westman\u00f3w&#8221; &#8211; w tym pizza, francuskie specja\u0142y itp. dost\u0119pne s\u0105 w strefie &#8220;guesthousowej&#8221; (g\u0142ownie ulica Phothisalat). W mniejszych uliczkach znajdziemy stragany z &#8220;fastfoodami&#8221; laota\u0144skimi.<\/p>\n<p style=\"text-align: center;\"><a href=\"http:\/\/sebka.cba.pl\/wp-content\/uploads\/2013\/05\/lp1.jpg\"><img loading=\"lazy\" decoding=\"async\" class=\"size-full wp-image-388 aligncenter\" style=\"border: 1px solid black; margin-top: 1px; margin-bottom: 1px;\" title=\"lp1\" src=\"http:\/\/sebka.cba.pl\/wp-content\/uploads\/2013\/05\/lp1.jpg\" alt=\"\" width=\"400\" height=\"266\" srcset=\"https:\/\/nieczekaj.blog\/wp-content\/uploads\/2013\/05\/lp1.jpg 400w, https:\/\/nieczekaj.blog\/wp-content\/uploads\/2013\/05\/lp1-300x199.jpg 300w\" sizes=\"auto, (max-width: 400px) 100vw, 400px\" \/><\/a><\/p>\n<p><strong>W Azji lokalnie zjemy zawsze przy szko\u0142ach!<\/strong> Przed nimi sprzedawane s\u0105 dobre i tanie kanapki (zwykle rano) a przed niekt\u00f3rymi normalne kramy z jedzeniem w porze obiadowej. Jedna ze szk\u00f3\u0142 jest w okolicach ulicy Khitsalat (droga zaczynaj\u0105ca si\u0119 przy informacji turystycznej prowadz\u0105ca wg\u0142\u0105b miasta). <em>\u015aniadanie (lokalne kanapki, picie) 18 tys. LAK obiad (laota\u0144ska zupa i drugie+pepsi) ok 40 tys. LAK (ceny dla dw\u00f3ch os\u00f3b)<\/em>.<\/p>\n<h2 style=\"text-align: center;\">Atrakcje<\/h2>\n<p><strong>Atrakcji w Luang Prabang co niemiara.<\/strong> Do najwi\u0119kszych nale\u017cy <strong>Pa\u0142ac Kr\u00f3lewski<\/strong>, w kt\u00f3rym mo\u017cemy ogl\u0105da\u0107 r\u00f3wnie\u017c&#8230; dar narodu polskiego dla bratniego narodu laota\u0144skiego !! &#8211; ma\u0142\u0105 kopi\u0119 naszego szczerbca. Ciekawe s\u0105 te\u017c <strong>liczne \u015bwi\u0105tynie<\/strong>. Odradzamy branie udzia\u0142u w &#8220;mnisich szopkach&#8221; &#8211; gdzie zbieranie ja\u0142mu\u017cny przez buddyjskich mnich\u00f3w zosta\u0142o sprowadzone do turystycznej atrakcji (obok strefy restauracji ul. Phothisalat). By podejrze\u0107 tradycyjne i prawdziwe wydanie tego zwyczaju wystarczy &#8220;p\u00f3j\u015b\u0107 w miasto&#8221; lub mniejsze uliczki. Pami\u0119tajmy by si\u0119 dobrze zachowa\u0107: uszanowa\u0107 zwyczaje, nachalnie nie fotografowa\u0107 itp.<\/p>\n<address style=\"text-align: center;\">kompleks kr\u00f3lewski<\/address>\n<address style=\"text-align: center;\"><a href=\"http:\/\/sebka.cba.pl\/wp-content\/uploads\/2013\/05\/lp2.jpg\"><img loading=\"lazy\" decoding=\"async\" class=\"wp-image-389 aligncenter\" style=\"border: 1px solid black; margin-top: 1px; margin-bottom: 1px;\" title=\"lp2\" src=\"http:\/\/sebka.cba.pl\/wp-content\/uploads\/2013\/05\/lp2.jpg\" alt=\"\" width=\"400\" height=\"266\" srcset=\"https:\/\/nieczekaj.blog\/wp-content\/uploads\/2013\/05\/lp2.jpg 400w, https:\/\/nieczekaj.blog\/wp-content\/uploads\/2013\/05\/lp2-300x199.jpg 300w\" sizes=\"auto, (max-width: 400px) 100vw, 400px\" \/><\/a><\/address>\n<address style=\"text-align: center;\">zbieranie ja\u0142mu\u017cny przez mnich\u00f3w<\/address>\n<address style=\"text-align: center;\"><a href=\"http:\/\/sebka.cba.pl\/wp-content\/uploads\/2013\/05\/lp3.jpg\"><img loading=\"lazy\" decoding=\"async\" class=\"size-full wp-image-390 aligncenter\" style=\"border: 1px solid black; margin-top: 1px; margin-bottom: 1px;\" title=\"lp3\" src=\"http:\/\/sebka.cba.pl\/wp-content\/uploads\/2013\/05\/lp3.jpg\" alt=\"\" width=\"400\" height=\"266\" srcset=\"https:\/\/nieczekaj.blog\/wp-content\/uploads\/2013\/05\/lp3.jpg 400w, https:\/\/nieczekaj.blog\/wp-content\/uploads\/2013\/05\/lp3-300x199.jpg 300w\" sizes=\"auto, (max-width: 400px) 100vw, 400px\" \/><\/a><\/address>\n<h2 style=\"text-align: center;\">Jak ruszy\u0107 dalej w podr\u00f3\u017c?<\/h2>\n<p>Najlepiej uda\u0107 si\u0119 na dworzec i sprawdzi\u0107 ceny po\u0142\u0105cze\u0144 z wi\u0119kszo\u015bci\u0105 miast w Laosie (jest nawet bezpo\u015bredni kurs do Wietnamu!). Ceny s\u0105 na prawd\u0119 przyst\u0119pne (<em>bilet do Phonsavan 75 tys\/os.<\/em> &#8211; ok. 6 godzin jazdy). W Laosie ze wzgl\u0119du na stan i &#8220;wsp\u00f3\u0142czynnik kr\u0119tliwo\u015bci&#8221; dr\u00f3g odleg\u0142o\u015b\u0107 mierzy si\u0119 czasem przejazdu a nie km, czy odleg\u0142o\u015bci\u0105 wynikaj\u0105c\u0105 z mapy :).<\/p>\n<h3>Uwagi i pytania kierujcie na maila: NieCzekaj.eu(malpa)gmail.com<\/h3>\n<p>Pozdrawiam,<br \/>\nSeba<\/p>\n","protected":false},"excerpt":{"rendered":"<p>Polecamy INFORMACJE OG\u00d3LNE o Laosie i wpis na bie\u017c\u0105co z podr\u00f3\u017cy Tydzie\u0144 w Laosie. Og\u00f3lnie Luang Prabang to pi\u0119kne miejsce&#8230; Warto? Warto. Ale tak na jeden raz &#8211; nie wi\u0119cej. [&hellip;]<\/p>\n","protected":false},"author":1,"featured_media":0,"parent":380,"menu_order":0,"comment_status":"open","ping_status":"open","template":"","meta":{"om_disable_all_campaigns":false,"_monsterinsights_skip_tracking":false,"_monsterinsights_sitenote_active":false,"_monsterinsights_sitenote_note":"","_monsterinsights_sitenote_category":0,"_s2mail":"yes","ngg_post_thumbnail":0,"footnotes":""},"class_list":["post-387","page","type-page","status-publish","hentry"],"_links":{"self":[{"href":"https:\/\/nieczekaj.blog\/index.php\/wp-json\/wp\/v2\/pages\/387","targetHints":{"allow":["GET"]}}],"collection":[{"href":"https:\/\/nieczekaj.blog\/index.php\/wp-json\/wp\/v2\/pages"}],"about":[{"href":"https:\/\/nieczekaj.blog\/index.php\/wp-json\/wp\/v2\/types\/page"}],"author":[{"embeddable":true,"href":"https:\/\/nieczekaj.blog\/index.php\/wp-json\/wp\/v2\/users\/1"}],"replies":[{"embeddable":true,"href":"https:\/\/nieczekaj.blog\/index.php\/wp-json\/wp\/v2\/comments?post=387"}],"version-history":[{"count":4,"href":"https:\/\/nieczekaj.blog\/index.php\/wp-json\/wp\/v2\/pages\/387\/revisions"}],"predecessor-version":[{"id":1422,"href":"https:\/\/nieczekaj.blog\/index.php\/wp-json\/wp\/v2\/pages\/387\/revisions\/1422"}],"up":[{"embeddable":true,"href":"https:\/\/nieczekaj.blog\/index.php\/wp-json\/wp\/v2\/pages\/380"}],"wp:attachment":[{"href":"https:\/\/nieczekaj.blog\/index.php\/wp-json\/wp\/v2\/media?parent=387"}],"curies":[{"name":"wp","href":"https:\/\/api.w.org\/{rel}","templated":true}]}}