{"id":393,"date":"2013-05-30T12:45:19","date_gmt":"2013-05-30T10:45:19","guid":{"rendered":"http:\/\/sebka.cba.pl\/?page_id=393"},"modified":"2014-05-16T18:15:41","modified_gmt":"2014-05-16T16:15:41","slug":"phonsavan","status":"publish","type":"page","link":"https:\/\/nieczekaj.blog\/index.php\/nasze-przewodniki\/azja\/laos\/phonsavan\/","title":{"rendered":"Phonsavan"},"content":{"rendered":"<h3>Polecamy <a title=\"INFORMACJE OG\u00d3LNE  o Laosie\" href=\"https:\/\/nieczekaj.blog\/index.php\/nasze-przewodniki\/azja\/laos\/\">INFORMACJE OG\u00d3LNE o Laosie<\/a> i wpis na bie\u017c\u0105co z podr\u00f3\u017cy <a title=\"Tydzie\u0144 w Laosie - blog\" href=\"http:\/\/sebka.travellerspoint.com\/32\/\">Tydzie\u0144 w Laosie<\/a>.<\/h3>\n<h2 style=\"text-align: center;\">Og\u00f3lnie<\/h2>\n<p><strong>Phonsavan to miejsce obowi\u0105zkowe do zobaczenia w Laosie.<\/strong> Przede wszystkim (mo\u017ce te\u017c dlatego ze byli\u015bmy tu poza sezonem) nikt tu niczego nie udaje. Po prostu mamy \u015brednie (jak na nasze standardy &#8211; ma\u0142e) laota\u0144skie miasteczko. Z kurami chodz\u0105cymi w centrum miasta, z lokalnym, krytym targiem na kt\u00f3rym dosta\u0107 mo\u017cna wszystko (brudny ale schludny) i pi\u0119knymi widokami w okolicy. Czego chcie\u0107 wi\u0119cej? Cisza, spok\u00f3j a miasto zamiera ju\u017c po zachodzie s\u0142o\u0144ca by budzi\u0107 si\u0119 o \u015bwicie. <strong>Do tego tak\u017ce kilka innych atrakcji ale o tym ni\u017cej&#8230;<\/strong><\/p>\n<h2 style=\"text-align: center;\">Transport<\/h2>\n<p><strong>Do Phonsavan dojechali\u015bmy z Luang Prabang (jest te\u017c bezpo\u015brednie po\u0142\u0105czenie z Vientiane) lokalnym busem jad\u0105c ok. 8 godz. i p\u0142ac\u0105c 75 tys.\/os (ok. 30z\u0142\/os).<\/strong> Widoki przepi\u0119kne i troch\u0119 adrenaliny. Stary bus, w\u0105ska trasa i mn\u00f3stwo przepa\u015bci i zakr\u0119t\u00f3w. Przypomina to troch\u0119 migawki np. z Peru. \ud83d\ude42 Na wszelki warto mie\u0107 ze sob\u0105 aviomarin.<\/p>\n<address style=\"text-align: center;\">lokalny bus<\/address>\n<p style=\"text-align: center;\"><a href=\"http:\/\/sebka.cba.pl\/wp-content\/uploads\/2013\/05\/p11.jpg\"><img loading=\"lazy\" decoding=\"async\" class=\"size-full wp-image-394 aligncenter\" style=\"border: 1px solid black; margin-top: 1px; margin-bottom: 1px;\" title=\"p1\" src=\"http:\/\/sebka.cba.pl\/wp-content\/uploads\/2013\/05\/p11.jpg\" alt=\"\" width=\"400\" height=\"265\" srcset=\"https:\/\/nieczekaj.blog\/wp-content\/uploads\/2013\/05\/p11.jpg 400w, https:\/\/nieczekaj.blog\/wp-content\/uploads\/2013\/05\/p11-300x198.jpg 300w\" sizes=\"auto, (max-width: 400px) 100vw, 400px\" \/><\/a><\/p>\n<h2 style=\"text-align: center;\">Gdzie spa\u0107 i zje\u015b\u0107<\/h2>\n<p style=\"text-align: left;\">Jest kilka hosteli. My wybrali\u015bmy oczywi\u015bcie ta\u0144szy <strong>Sabai Dee GH, cena 37.500<\/strong> (ok. 15 z\u0142) po lekkich targach&#8230; \u0141azienka z ciep\u0142\u0105 wod\u0105 w pokoju, blisko rynku\/targu ale troch\u0119 na uboczu = polecamy, bo inne hostele w tej cenie by\u0142y gorsze:)<\/p>\n<h2 style=\"text-align: center;\">Atrakcje<\/h2>\n<p style=\"text-align: left;\"><strong>Phonsavan s\u0142ynie przede wszystkim z pobliskiej Doliny dzban\u00f3w.<\/strong> Miejsca gdzie na du\u017cej przestrzeni porozrzucane s\u0105 ogromne &#8230; dzbany. Czemu s\u0142u\u017cy\u0142y? Teorie s\u0105 r\u00f3\u017cne &#8211; my sk\u0142adamy si\u0119 do tej \u017ce s\u0142u\u017cy\u0142y przy wielkich imprezach do produkcji alkoholu i przechowywania go \ud83d\ude42<\/p>\n<address style=\"text-align: center;\">widok na par\u0119 dzban\u00f3w<\/address>\n<p style=\"text-align: center;\"><a href=\"http:\/\/sebka.cba.pl\/wp-content\/uploads\/2013\/05\/p21.jpg\"><img loading=\"lazy\" decoding=\"async\" class=\"size-full wp-image-395 aligncenter\" style=\"border: 1px solid black; margin-top: 1px; margin-bottom: 1px;\" title=\"p2\" src=\"http:\/\/sebka.cba.pl\/wp-content\/uploads\/2013\/05\/p21.jpg\" alt=\"\" width=\"400\" height=\"266\" srcset=\"https:\/\/nieczekaj.blog\/wp-content\/uploads\/2013\/05\/p21.jpg 400w, https:\/\/nieczekaj.blog\/wp-content\/uploads\/2013\/05\/p21-300x199.jpg 300w\" sizes=\"auto, (max-width: 400px) 100vw, 400px\" \/><\/a><\/p>\n<p style=\"text-align: left;\"><strong>Okolice Phonsavan<\/strong> to pi\u0119kne widoki &#8211; warto si\u0119 przej\u015b\u0107 i popodziwia\u0107 ten specyficzny, laota\u0144ski krajobraz. <strong>Uwaga na miny<\/strong> &#8211; poruszajcie si\u0119 po wydeptanych \u015bcie\u017ckach lub tam gdzie pas\u0105 si\u0119 krowy&#8230;<\/p>\n<p style=\"text-align: center;\"><a href=\"http:\/\/sebka.cba.pl\/wp-content\/uploads\/2013\/05\/p3.jpg\"><img loading=\"lazy\" decoding=\"async\" class=\"size-full wp-image-396 aligncenter\" style=\"border: 1px solid black; margin-top: 1px; margin-bottom: 1px;\" title=\"p3\" src=\"http:\/\/sebka.cba.pl\/wp-content\/uploads\/2013\/05\/p3.jpg\" alt=\"\" width=\"400\" height=\"266\" srcset=\"https:\/\/nieczekaj.blog\/wp-content\/uploads\/2013\/05\/p3.jpg 400w, https:\/\/nieczekaj.blog\/wp-content\/uploads\/2013\/05\/p3-300x199.jpg 300w\" sizes=\"auto, (max-width: 400px) 100vw, 400px\" \/><\/a><\/p>\n<p style=\"text-align: left;\"><strong>Fabryka Jedwabiu<\/strong> &#8211; tu\u017c przy wje\u017adzie do Phonsavan usytuowana jest ekologiczna farma jedwabiu (dzia\u0142aj\u0105ca wg zasad Fair Trade). Zdecydowanie warto j\u0105 zobaczy\u0107! W\u0142a\u015bcicielka jest bardzo kontaktowa i dobrze m\u00f3wi po angielsku. Z ch\u0119ci\u0105 oprowadza i t\u0142umaczy jak wygl\u0105da tradycyjny proces wyrobu jedwabiu. Oprowadzanie jest za darmo ale warto mo\u017ce co\u015b kupi\u0107 w lokalnym sklepiku?<\/p>\n<address style=\"text-align: center;\">motyle i kokony jedwabnik\u00f3w<\/address>\n<p style=\"text-align: left;\"><a href=\"http:\/\/sebka.cba.pl\/wp-content\/uploads\/2013\/05\/p4.jpg\"><img loading=\"lazy\" decoding=\"async\" class=\"aligncenter size-full wp-image-397\" title=\"p4\" src=\"http:\/\/sebka.cba.pl\/wp-content\/uploads\/2013\/05\/p4.jpg\" alt=\"\" width=\"400\" height=\"266\" srcset=\"https:\/\/nieczekaj.blog\/wp-content\/uploads\/2013\/05\/p4.jpg 400w, https:\/\/nieczekaj.blog\/wp-content\/uploads\/2013\/05\/p4-300x199.jpg 300w\" sizes=\"auto, (max-width: 400px) 100vw, 400px\" \/><\/a><br \/>\n<strong>Inne atrakcje<\/strong>:<br \/>\n* muzeum\u00a0 min<br \/>\n* targ ze \u015bwietnym jedzeniem!<\/p>\n<address style=\"text-align: center;\">nasza Pani z laota\u0144sk\u0105 zup\u0105<\/address>\n<p style=\"text-align: center;\"><a href=\"http:\/\/sebka.cba.pl\/wp-content\/uploads\/2013\/05\/p5.jpg\"><img loading=\"lazy\" decoding=\"async\" class=\"size-full wp-image-398 aligncenter\" style=\"border: 1px solid black; margin-top: 1px; margin-bottom: 1px;\" title=\"p5\" src=\"http:\/\/sebka.cba.pl\/wp-content\/uploads\/2013\/05\/p5.jpg\" alt=\"\" width=\"400\" height=\"266\" srcset=\"https:\/\/nieczekaj.blog\/wp-content\/uploads\/2013\/05\/p5.jpg 400w, https:\/\/nieczekaj.blog\/wp-content\/uploads\/2013\/05\/p5-300x199.jpg 300w\" sizes=\"auto, (max-width: 400px) 100vw, 400px\" \/><\/a><\/p>\n<h2 style=\"text-align: center;\">Jak ruszy\u0107 dalej w podr\u00f3\u017c?<\/h2>\n<p style=\"text-align: left;\"><strong>My z Pohonsavan udali\u015bmy si\u0119 nocnym autobusem do Vientiane (95 tys\/os ok. 38 z\u0142\/os)<\/strong> wyrusza ok 19 doje\u017cd\u017ca przed \u015bwitem (ok. 6). Pierwszy odcinek drogi ten sam co do Luang Prabang &#8211; du\u017co zakr\u0119t\u00f3w, przepa\u015bci i a\u017c dziw, \u017ce w tej czarnej nocy kierowca sobie jako\u015b radzi. Karaoke obowi\u0105zkowe&#8230; Mo\u017cliwy te\u017c dojazd w inne regiony Laosu a tak\u017ce do Wietnamu.<\/p>\n<h3 style=\"text-align: left;\">Uwagi i pytania kierujcie na maila: NieCzekaj.eu(malpa)gmail.com<\/h3>\n<p>Pozdrawiam,<br \/>\nSeba<\/p>\n","protected":false},"excerpt":{"rendered":"<p>Polecamy INFORMACJE OG\u00d3LNE o Laosie i wpis na bie\u017c\u0105co z podr\u00f3\u017cy Tydzie\u0144 w Laosie. Og\u00f3lnie Phonsavan to miejsce obowi\u0105zkowe do zobaczenia w Laosie. Przede wszystkim (mo\u017ce te\u017c dlatego ze byli\u015bmy [&hellip;]<\/p>\n","protected":false},"author":1,"featured_media":0,"parent":380,"menu_order":0,"comment_status":"open","ping_status":"open","template":"","meta":{"om_disable_all_campaigns":false,"_monsterinsights_skip_tracking":false,"_monsterinsights_sitenote_active":false,"_monsterinsights_sitenote_note":"","_monsterinsights_sitenote_category":0,"_s2mail":"yes","ngg_post_thumbnail":0,"footnotes":""},"class_list":["post-393","page","type-page","status-publish","hentry"],"_links":{"self":[{"href":"https:\/\/nieczekaj.blog\/index.php\/wp-json\/wp\/v2\/pages\/393","targetHints":{"allow":["GET"]}}],"collection":[{"href":"https:\/\/nieczekaj.blog\/index.php\/wp-json\/wp\/v2\/pages"}],"about":[{"href":"https:\/\/nieczekaj.blog\/index.php\/wp-json\/wp\/v2\/types\/page"}],"author":[{"embeddable":true,"href":"https:\/\/nieczekaj.blog\/index.php\/wp-json\/wp\/v2\/users\/1"}],"replies":[{"embeddable":true,"href":"https:\/\/nieczekaj.blog\/index.php\/wp-json\/wp\/v2\/comments?post=393"}],"version-history":[{"count":5,"href":"https:\/\/nieczekaj.blog\/index.php\/wp-json\/wp\/v2\/pages\/393\/revisions"}],"predecessor-version":[{"id":1423,"href":"https:\/\/nieczekaj.blog\/index.php\/wp-json\/wp\/v2\/pages\/393\/revisions\/1423"}],"up":[{"embeddable":true,"href":"https:\/\/nieczekaj.blog\/index.php\/wp-json\/wp\/v2\/pages\/380"}],"wp:attachment":[{"href":"https:\/\/nieczekaj.blog\/index.php\/wp-json\/wp\/v2\/media?parent=393"}],"curies":[{"name":"wp","href":"https:\/\/api.w.org\/{rel}","templated":true}]}}