{"id":401,"date":"2013-05-30T12:54:33","date_gmt":"2013-05-30T10:54:33","guid":{"rendered":"http:\/\/sebka.cba.pl\/?page_id=401"},"modified":"2014-05-16T18:16:19","modified_gmt":"2014-05-16T16:16:19","slug":"vientiane","status":"publish","type":"page","link":"https:\/\/nieczekaj.blog\/index.php\/nasze-przewodniki\/azja\/laos\/vientiane\/","title":{"rendered":"Vientiane"},"content":{"rendered":"<h3>Polecamy <a title=\"INFORMACJE OG\u00d3LNE  o Laosie\" href=\"https:\/\/nieczekaj.blog\/index.php\/nasze-przewodniki\/azja\/laos\/\">INFORMACJE OG\u00d3LNE\u00a0 o Laosie<\/a> i wpis na bie\u017c\u0105co z podr\u00f3\u017cy <a title=\"Tydzie\u0144 w Laosie - blog\" href=\"http:\/\/sebka.travellerspoint.com\/32\/\">Tydzie\u0144 w Laosie<\/a>.<\/h3>\n<h2 style=\"text-align: center;\">Og\u00f3lnie<\/h2>\n<p><strong>Vientiane &#8211; stolica Laosu.<\/strong> Gdzie\u015b czytali\u015bmy, \u017ce to &#8220;najsenniejsza stolica \u015bwiata&#8221;. I co\u015b w tym jest&#8230; Jak na nasze standardy \u015bredniej wielko\u015bci miasto.\u00a0 Co krok wida\u0107 \u015blady dawnego kolonizatora &#8211; w stylu zabudowy, sposobie funkcjonowania itp. Warto si\u0119 tu zatrzyma\u0107 i poprzechodzi\u0107 mniej ucz\u0119szczanymi uliczkami&#8230;<\/p>\n<h2 style=\"text-align: center;\">Transport<\/h2>\n<p><strong>Do Vientiane dojedziemy z ka\u017cdego zak\u0105tka Laosu.<\/strong> Nas bilet na nocny autobus z Phonsavan kosztowa\u0142 <em>95 tys\/os<\/em> (38 z\u0142). Tuk Tuk z dworca do centrum (do fontanny) <em>10tys\/os<\/em> (4z\u0142\/os).<\/p>\n<h2 style=\"text-align: center;\">Gdzie spa\u0107 i zje\u015b\u0107<\/h2>\n<p><strong>W Vientiane noclegu najlepiej szuka\u0107 w okolicy nadrzecznego bulwaru<\/strong> &#8211; b\u0119d\u0105cego turystycznym centrum miasta. Mo\u017cna tam znale\u017a\u0107 nocleg na ka\u017cd\u0105 kiesze\u0144. My jednak szukali\u015bmy w okolicach fontanny &#8211; i tam w zau\u0142kach te\u017c mo\u017cna znale\u017a\u0107 co\u015b fajnego i taniego. Pok\u00f3j mieli\u015bmy obskurny ale w cichszej okolicy. Cena <em>35tys\/noc<\/em> (14 z\u0142 za pok\u00f3j)&#8230;<\/p>\n<p><strong>Jedzenie &#8211; jak zwykle &#8211; na nocnym targu na rzeczonym bulwarze.<\/strong> UWAGA &#8211; ulica zamyka si\u0119 do\u015b\u0107 p\u00f3\u017ano zatem tu\u017c po zmierzchu rozstawiaj\u0105ce si\u0119 stragany ton\u0105 w smogu ulicy&#8230; W uliczkach obok kilka mi\u0142ych restauracji. <strong>Zdecydowanie wyr\u00f3\u017cnia si\u0119 restauracja indyjska Nazim<\/strong> (nad bulwarem) &#8211; w miar\u0119 tania, syc\u0105ca i z na prawd\u0119 dobr\u0105 kuchni\u0105!<\/p>\n<p>Polecamy tak\u017ce (Ze stoisk wy\u0142o\u017conych w okolicznych uliczkach) <strong>grillowany ry\u017c w jajku na patyku!<\/strong> BOMBA!<\/p>\n<p style=\"text-align: center;\"><a href=\"http:\/\/sebka.cba.pl\/wp-content\/uploads\/2013\/05\/v1.jpg\"><img loading=\"lazy\" decoding=\"async\" class=\"size-full wp-image-402 aligncenter\" style=\"border: 1px solid black; margin-top: 1px; margin-bottom: 1px;\" title=\"v1\" src=\"http:\/\/sebka.cba.pl\/wp-content\/uploads\/2013\/05\/v1.jpg\" alt=\"\" width=\"400\" height=\"266\" srcset=\"https:\/\/nieczekaj.blog\/wp-content\/uploads\/2013\/05\/v1.jpg 400w, https:\/\/nieczekaj.blog\/wp-content\/uploads\/2013\/05\/v1-300x199.jpg 300w\" sizes=\"auto, (max-width: 400px) 100vw, 400px\" \/><\/a><\/p>\n<h2 style=\"text-align: center;\">Atrakcje<\/h2>\n<p><strong>Co do atrakcji w Vientiane nie b\u0119d\u0119 si\u0119 rozpisywa\u0107&#8230;<\/strong> Nie s\u0105 osza\u0142amiaj\u0105ce. Mamy pi\u0119kny betonowy plac przy zabytkowej Pha That Luang &#8211; symbolu Laosu&#8230; Pi\u0119knie prezentuje si\u0119 Patuxai &#8211; brama zwyci\u0119stwa &#8211; jak\u017ce europejski symbol wyp\u0119dzenia europejskich kolonizator\u00f3w \ud83d\ude42<\/p>\n<p style=\"text-align: center;\"><a href=\"http:\/\/sebka.cba.pl\/wp-content\/uploads\/2013\/05\/v2.jpg\"><img loading=\"lazy\" decoding=\"async\" class=\"size-full wp-image-403 aligncenter\" style=\"border: 1px solid black; margin-top: 1px; margin-bottom: 1px;\" title=\"v2\" src=\"http:\/\/sebka.cba.pl\/wp-content\/uploads\/2013\/05\/v2.jpg\" alt=\"\" width=\"400\" height=\"266\" srcset=\"https:\/\/nieczekaj.blog\/wp-content\/uploads\/2013\/05\/v2.jpg 400w, https:\/\/nieczekaj.blog\/wp-content\/uploads\/2013\/05\/v2-300x199.jpg 300w\" sizes=\"auto, (max-width: 400px) 100vw, 400px\" \/><\/a><\/p>\n<p>W przewodnikach znajdziemy te\u017c kilkana\u015bcie ciekawych \u015bwi\u0105ty\u0144&#8230; Warto zobaczy\u0107 kilka z nich&#8230; A najbardziej ch\u0142on\u0105\u0107 atmosfer\u0119 miasta &#8211; na prawd\u0119 senn\u0105 i relaksuj\u0105c\u0105&#8230;<\/p>\n<p style=\"text-align: center;\"><a href=\"http:\/\/sebka.cba.pl\/wp-content\/uploads\/2013\/05\/v3.jpg\"><img loading=\"lazy\" decoding=\"async\" class=\"size-full wp-image-404 aligncenter\" style=\"border: 1px solid black; margin-top: 1px; margin-bottom: 1px;\" title=\"v3\" src=\"http:\/\/sebka.cba.pl\/wp-content\/uploads\/2013\/05\/v3.jpg\" alt=\"\" width=\"400\" height=\"266\" srcset=\"https:\/\/nieczekaj.blog\/wp-content\/uploads\/2013\/05\/v3.jpg 400w, https:\/\/nieczekaj.blog\/wp-content\/uploads\/2013\/05\/v3-300x199.jpg 300w\" sizes=\"auto, (max-width: 400px) 100vw, 400px\" \/><\/a><\/p>\n<h2 style=\"text-align: center;\">Jak ruszy\u0107 dalej w podr\u00f3\u017c?<\/h2>\n<p><strong>Jak pisa\u0142em wcze\u015bniej &#8220;z&#8221; i &#8220;do&#8221; Vientiane mo\u017cna dosta\u0107 si\u0119 wsz\u0119dzie.<\/strong> Do r\u00f3\u017cnych zak\u0105tk\u00f3w Laosu, do Tajlandii, do Wietnamu. My przejechali\u015bmy do Tajlandii. Najpierw do Loei a potem do Parku Narodowego Phu Kradung.<\/p>\n<h3>Uwagi i pytania kierujcie na maila: NieCzekaj.eu(malpa)gmail.com<\/h3>\n<p>Pozdrawiam,<br \/>\nSeba<\/p>\n","protected":false},"excerpt":{"rendered":"<p>Polecamy INFORMACJE OG\u00d3LNE\u00a0 o Laosie i wpis na bie\u017c\u0105co z podr\u00f3\u017cy Tydzie\u0144 w Laosie. Og\u00f3lnie Vientiane &#8211; stolica Laosu. Gdzie\u015b czytali\u015bmy, \u017ce to &#8220;najsenniejsza stolica \u015bwiata&#8221;. I co\u015b w tym [&hellip;]<\/p>\n","protected":false},"author":1,"featured_media":0,"parent":380,"menu_order":0,"comment_status":"open","ping_status":"open","template":"","meta":{"om_disable_all_campaigns":false,"_monsterinsights_skip_tracking":false,"_monsterinsights_sitenote_active":false,"_monsterinsights_sitenote_note":"","_monsterinsights_sitenote_category":0,"_s2mail":"yes","ngg_post_thumbnail":0,"footnotes":""},"class_list":["post-401","page","type-page","status-publish","hentry"],"_links":{"self":[{"href":"https:\/\/nieczekaj.blog\/index.php\/wp-json\/wp\/v2\/pages\/401","targetHints":{"allow":["GET"]}}],"collection":[{"href":"https:\/\/nieczekaj.blog\/index.php\/wp-json\/wp\/v2\/pages"}],"about":[{"href":"https:\/\/nieczekaj.blog\/index.php\/wp-json\/wp\/v2\/types\/page"}],"author":[{"embeddable":true,"href":"https:\/\/nieczekaj.blog\/index.php\/wp-json\/wp\/v2\/users\/1"}],"replies":[{"embeddable":true,"href":"https:\/\/nieczekaj.blog\/index.php\/wp-json\/wp\/v2\/comments?post=401"}],"version-history":[{"count":4,"href":"https:\/\/nieczekaj.blog\/index.php\/wp-json\/wp\/v2\/pages\/401\/revisions"}],"predecessor-version":[{"id":1424,"href":"https:\/\/nieczekaj.blog\/index.php\/wp-json\/wp\/v2\/pages\/401\/revisions\/1424"}],"up":[{"embeddable":true,"href":"https:\/\/nieczekaj.blog\/index.php\/wp-json\/wp\/v2\/pages\/380"}],"wp:attachment":[{"href":"https:\/\/nieczekaj.blog\/index.php\/wp-json\/wp\/v2\/media?parent=401"}],"curies":[{"name":"wp","href":"https:\/\/api.w.org\/{rel}","templated":true}]}}