{"id":408,"date":"2013-05-30T13:40:31","date_gmt":"2013-05-30T11:40:31","guid":{"rendered":"http:\/\/sebka.cba.pl\/?page_id=408"},"modified":"2014-05-16T17:00:54","modified_gmt":"2014-05-16T15:00:54","slug":"kambodza","status":"publish","type":"page","link":"https:\/\/nieczekaj.blog\/index.php\/nasze-przewodniki\/azja\/kambodza\/","title":{"rendered":"KAMBOD\u017bA"},"content":{"rendered":"<h3>Po ponad roku &#8211; wracamy do cyklu! Szykuj\u0105 si\u0119 nam nowe d\u0142u\u017csze wyjazdy a starsze spostrze\u017cenia si\u0119 zamazuj\u0105 i odp\u0142ywaj\u0105&#8230; A warto by\u0142oby si\u0119 podzieli\u0107 informacjami i pom\u00f3c planowa\u0107 innym podr\u00f3\u017cnikom! Zatem zapraszamy do KAMBOD\u017bY! s\u0142yn\u0105cej z Angkor Wat i&#8230; cudownej atmosfery i pogodnych, m\u0142odych ludzi!<\/h3>\n<p><a href=\"http:\/\/sebka.cba.pl\/wp-content\/uploads\/2013\/05\/k1.jpg\"><img loading=\"lazy\" decoding=\"async\" class=\"aligncenter size-full wp-image-409\" title=\"k1\" src=\"http:\/\/sebka.cba.pl\/wp-content\/uploads\/2013\/05\/k1.jpg\" alt=\"\" width=\"400\" height=\"267\" srcset=\"https:\/\/nieczekaj.blog\/wp-content\/uploads\/2013\/05\/k1.jpg 400w, https:\/\/nieczekaj.blog\/wp-content\/uploads\/2013\/05\/k1-300x200.jpg 300w\" sizes=\"auto, (max-width: 400px) 100vw, 400px\" \/><\/a><\/p>\n<h2 style=\"text-align: center;\">Kiedy jecha\u0107<\/h2>\n<p><strong>Jak zwykle poza sezonem turystycznym<\/strong> tzn. na wiosn\u0119 lub jesieni\u0105. Ominiemy wtedy t\u0142umy &#8220;lonliplanetowc\u00f3w&#8221;. Nie \u0142ud\u017amy si\u0119 \u017ce w Angkor Wat b\u0119dzie cisza i spok\u00f3j&#8230; ale jak patrzy\u0142em na relacje i zdj\u0119cia ludzi z sezonu letniego to u nas to by\u0142 ma\u0142y Pan Piku\u015b.<\/p>\n<h2 style=\"text-align: center;\">Przej\u015bcia graniczne\/Wizy<\/h2>\n<p><strong>Przej\u015b\u0107 granicznych jest kilka.<\/strong> Najpopularniejsze to Aranyapratet (Tajlandia) &#8211; Poipet sk\u0105d prosta droga do Siem Reap miasta obok Angkor Wat. Dojechali\u015bmy do Aranipratet na w\u0142asn\u0105 r\u0119k\u0119 i przekraczali\u015bmy granice na w\u0142asnych nogach. Po pierwsze tuk-tuk naci\u0105gn\u0105 nas na wiz\u0119 z konsulatu dro\u017csz\u0105 o 5 USD od tej na przej\u015bciu! <strong>Nie dajce si\u0119 naci\u0105gn\u0105\u0107! Na graicy mo\u017cna dosta\u0107 spokojnie wiz\u0119 on-arrival i nie musicie kupowa\u0107 jej wcze\u015bniej! Koszt wizy na granicy 25 USD<\/strong>.<\/p>\n<p><strong>Dalej musicie unika\u0107 busu, kt\u00f3ry niby za darmo przewozi na dworzec.<\/strong> Rzeczywi\u015bcie przewozi ale na dworzec &#8220;turystyczny&#8221; &#8211; jad\u0105 z niego autobusy do Siem Reap ale tylko wieczorem. Wcze\u015bniej tylko taks\u00f3wki odpowiednio dro\u017csze &#8211; 48 USD za Taks\u00f3wk\u0119 (ok. 2 godz. szybkiej jazdy)! Dla 4 podr\u00f3\u017cnik\u00f3w dobra w sumie opcja wychodzi po 12 USD na osob\u0119 &#8211; do prze\u017cyca na pocz\u0105tek ale lokalny bus taniej. My niestety dali\u015bmy si\u0119 z\u0142apa\u0107 i wraz z zaprzyja\u017anionym Australijczykiem poznanym na granicy pojechali\u015bmy luksusowo do Siem Reap. Czy wspomnia\u0142em, \u017ce ten &#8220;dworzec&#8221; jest po \u015brodku niczego i ci\u0119\u017cko z niego wyj\u015b\u0107, wyjecha\u0107?? \ud83d\ude42 Czasem ta\u0144sz\u0105 opcj\u0105 mo\u017ce si\u0119 okaza\u0107 autobus transgraniczny np. z Bangkoku do Siem Reap&#8230; Ale to zale\u017cy od czasu i profilu podr\u00f3\u017cowania.<\/p>\n<h2 style=\"text-align: center;\">Zdrowie<\/h2>\n<p><strong>Dla os\u00f3b czytaj\u0105cych wpis o Tajlandii nic nowego<\/strong> &#8211; Kambod\u017ca le\u017cy w tej samej &#8220;chorobowej&#8221; strefie co Tajlandia. W porze wilgotnej mo\u017ce by\u0107 wi\u0119ksze ryzyko zara\u017cenia malari\u0105. [b]Przepraszam, \u017ce si\u0119 powatrzam &#8211; Ci co czytali o Tajlandii mog\u0105 omin\u0105\u0107 podrozdzia\u0142![\/b]. Ale Kambod\u017ca pod tym wzgl\u0119dem jest niemal identyczna. Cho\u0107 mo\u017ce &#8220;standard&#8221; lokalnych knajpek jest ni\u017cszy&#8230;<\/p>\n<p><strong>Szczepienia nie s\u0105 wymagane ale zalecane.<\/strong> O list\u0119 przydatnych szczepionek mo\u017cna zapyta\u0107 w centrach szczepie\u0144. W Warszawie polecamy <a title=\"Szpital Zaka\u017any\" href=\"http:\/\/www.zakazny.pl\">Centrum chor\u00f3b zaka\u017anych<\/a> lub dro\u017csze <a title=\"Centrum Szczepie\u0144\" href=\"http:\/\/www.wsse.webserwer.pl\/\">centrum szczepie\u0144<\/a> .<\/p>\n<p><strong>W niekt\u00f3rych rejonach Kambod\u017c wyst\u0119puje malaria<\/strong> i zalecana jest profilaktyka. O szczeg\u00f3\u0142y najlepiej dowiadywa\u0107 si\u0119 w Szpitalu zaka\u017anym (link wy\u017cej). My brali\u015bmy <strong>lariam<\/strong> (wyprawa ponad 3 miesi\u0119czna) &#8211; i wbrew obiegowym opiniom nie towarzyszy\u0142y nam \u017cadne skutki uboczne w postaci omam\u00f3w, stan\u00f3w l\u0119kowych czy depresji. Jednak by dobra\u0107 odpowiedni \u015brodek nale\u017cy uda\u0107 si\u0119 do lekarza. Lariam w wi\u0119kszych ilo\u015bciach (na d\u0142u\u017csze wyprawy) polecam kupi\u0107 w Czechach &#8211; w Polsce lek jest dost\u0119pny tylko na specjalne zam\u00f3wienie, przy po\u015bwiadczeniu z NFZ i bardzo drogi. U naszych s\u0105siad\u00f3w od r\u0119ki i taniej. Oczywi\u015bcie obowi\u0105zkowo co\u015b na komary z DEETem lub co\u015b naturalnego (z traw\u0105 cytrynow\u0105) &#8211; zwykle dzia\u0142a.<\/p>\n<p><a href=\"http:\/\/sebka.cba.pl\/wp-content\/uploads\/2013\/05\/k2.jpg\"><img loading=\"lazy\" decoding=\"async\" class=\"aligncenter size-full wp-image-410\" title=\"k2\" src=\"http:\/\/sebka.cba.pl\/wp-content\/uploads\/2013\/05\/k2.jpg\" alt=\"\" width=\"300\" height=\"300\" srcset=\"https:\/\/nieczekaj.blog\/wp-content\/uploads\/2013\/05\/k2.jpg 300w, https:\/\/nieczekaj.blog\/wp-content\/uploads\/2013\/05\/k2-150x150.jpg 150w\" sizes=\"auto, (max-width: 300px) 100vw, 300px\" \/><\/a><br \/>\n<strong>Uwa\u017ca\u0107 nale\u017cy (jak chyba w ca\u0142ej Azji po\u0142udniowo-wschodniej) na wszechobecne bezpa\u0144skie psy<\/strong>. Nam si\u0119 nic nie przydarzy\u0142o ale s\u0142yszy si\u0119 o wypadkach pok\u0105sania.<\/p>\n<h2 style=\"text-align: center;\">Ceny i waluta<\/h2>\n<p><strong>Walut\u0105 Kambod\u017cy jest riel kambod\u017ca\u0144ski (KHR).<\/strong> Podczas naszego pobytu 1 dolar kosztowa\u0142 ok 4 000 KHR. Czemu piszemy o dolarze a nie z\u0142ot\u00f3wce? <strong>Bo tak naprawd\u0119 dolar jest w Kambo\u017cy r\u00f3wnoprawn\u0105 walut\u0105 w wielu miejscach!<\/strong> Nawet w instytucjach pa\u0144stwoych p\u0142aci si\u0119 w dolarach. W dolarach p\u0142aci si\u0119 w hostelach, za tuk tuka czasem za jedzenie itd.<\/p>\n<p><strong>Czy warto mie\u0107 lokaln\u0105 walut\u0119? Moim zdaniem Tak!<\/strong> Je\u015bli chcemy zboczy\u0107 z utartych szlak\u00f3w, kupi\u0107 co\u015b na lokalnym targu czy w lokalnym sklepie polecamy lokaln\u0105 walut\u0119! Jest po prostu troch\u0119 taniej ze wzgl\u0119du na nagminn\u0105 tendencj\u0119 tubylc\u00f3w do zaokrogl\u0105nia przy p\u0142aceniu w dolarach w g\u00f3r\u0119. I nie wynika to raczej ze skompstwa czy naci\u0105gactwa! Tak po prostu jest im \u0142atwiej! (przy najmniej wtedy gdy byli\u015bmy).<\/p>\n<p style=\"text-align: center;\"><a href=\"http:\/\/sebka.cba.pl\/wp-content\/uploads\/2013\/05\/k3.jpg\"><img loading=\"lazy\" decoding=\"async\" class=\"size-full wp-image-412 aligncenter\" style=\"border: 1px solid black; margin-top: 1px; margin-bottom: 1px;\" title=\"k3\" src=\"http:\/\/sebka.cba.pl\/wp-content\/uploads\/2013\/05\/k3.jpg\" alt=\"\" width=\"550\" height=\"517\" srcset=\"https:\/\/nieczekaj.blog\/wp-content\/uploads\/2013\/05\/k3.jpg 550w, https:\/\/nieczekaj.blog\/wp-content\/uploads\/2013\/05\/k3-300x282.jpg 300w\" sizes=\"auto, (max-width: 550px) 100vw, 550px\" \/><\/a><\/p>\n<p><strong>Przyk\u0142adowe ceny (\u015brednio):<\/strong><\/p>\n<p style=\"padding-left: 30px;\">* <strong>nocleg<\/strong> dla dw\u00f3ch os\u00f3b (tani hostel z wiatrakiem, trzeba si\u0119 targowa\u0107) &#8211; 5 USD (ok. 15 z\u0142)<br \/>\n* <strong>lokalna zupa<\/strong> &#8211; 1 USD (ok. 3 z\u0142)<br \/>\n* <strong>du\u017ca lokalna kanapka<\/strong> ze straganu &#8211; 2 000 KHR (ok. 1,5 z\u0142) &#8211; zale\u017cnie gdzie kupimy! Najtaniej w lokalnych miejscach!<br \/>\n* <strong>woda<\/strong> &#8211; 1000 &#8211; 2400 KHR (0,25 &#8211; 0,6 USD)<br \/>\n* <strong>internet<\/strong> (1 godz) &#8211; 1 USD<br \/>\n* <strong>tuk-tuk<\/strong> &#8211; 6 USD za przejazd na pola \u015bmierci i z powrotem (oczywi\u015bcie po targach)<\/p>\n<h2 style=\"text-align: center;\">Telekomunikacja<\/h2>\n<p><strong>Kafejki internetowe s\u0105 dost\u0119pne w u\u017cych miastach (jaki cz\u0119sto Wi-Fi w knajpach).<\/strong> Problemem mo\u017ce by\u0107 szybko\u015b\u0107 po\u0142\u0105czenia (cz\u0119sto starcz\u0105 tylko na sprawdzenia maila) oraz ich stopie\u0144 zawirusowania. Na terenie Kambod\u017cy korzystali\u015bmy z kom\u00f3rki na karcie tajskiej.<\/p>\n<h2 style=\"text-align: center;\">Transport w Kambod\u017cy<\/h2>\n<p><strong>Autobusy<\/strong> &#8211; \u015bwietny spos\u00f3b transportu. Ca\u0142kowicie w r\u0119kach prywatnych i na d\u0142ugich trasach dobrze zorganizowany! Stare autobusy ale wygodne i punktualne (no prawie :D) w kraju a na po\u0142\u0119czeniach mi\u0119dzykrajowych raczej niepunktualne. Jest kilkana\u015bcie firm przewozowych i kilka du\u017cych. W du\u017cych lokalnych raczej nie oszukuj\u0105 jest mi\u0142o i przyjemnie, nie naci\u0105gaj\u0105. Polecamy zdecydowanie CAPITOL BUS! Maj\u0105 nawet sw\u00f3j dworzec w Phnom Penh.<\/p>\n<p><strong>\u0141\u00f3dki<\/strong> &#8211; r\u00f3\u017cnie z tym bywa. Ci\u0119\u017cko przebi\u0107 si\u0119 i lokalnie pop\u0142ywa\u0107 \u0142\u00f3dk\u0105. Du\u017ce firmy turystyczne nawet wykupuj\u0105 ca\u0142e porty (tak \u017ce bez biletu nawet nie zawitacie do niego). Lokalni cz\u0119sto obawiaj\u0105 si\u0119 bra\u0107 kogo\u015b &#8220;na boku&#8221; by im nie podpa\u015b\u0107. Ale jest. Wiemy \u017ce ludzie p\u0142ywaj\u0105. Sam mia\u0142em kilku znajomych zachwyconych takim rejsem. My nie pr\u00f3bowali\u015bmy. Tonle Sap by\u0142o jako\u015b ma\u0142o zach\u0119caj\u0105ce a &#8220;szopki&#8221; nas ma\u0142o obchodzi\u0142y.<\/p>\n<h2 style=\"text-align: center;\">Kr\u00f3tkie rady praktyczne<\/h2>\n<p><strong>Nie bierzcie pokoi z klimatyzacj\u0105 &#8211; lepiej z wiatrakiem (fan)<\/strong> &#8211; w ten spos\u00f3b szybciej przyzwyczaicie si\u0119 do upa\u0142\u00f3w i wilgotno\u015bci powietrza. \u0141atwiej b\u0119dzie zwiedza\u0107 i porusza\u0107 si\u0119 ta\u0144szymi \u015brodkami transportu.<\/p>\n<p><strong>Repelenty na komary i inne owady<\/strong> &#8211; dost\u0119pne r\u00f3\u017cne rodzaje &#8220;naturalne&#8221; (z traw\u0105 cytrynow\u0105) i z DEETem. Te pierwsze potrafi\u0105 by\u0107 skuteczne i mi\u0142o pachn\u0105 (a dodatkowo s\u0105 ta\u0144sze)<\/p>\n<p><strong>Targujcie si\u0119<\/strong> &#8211; bana\u0142 w Azji ale wart przypomnienia &#8211; poza sezonem cz\u0119sto w ma\u0142ych hostelach (przy d\u0142u\u017cszym ni\u017c jednonocnym pobycie) mo\u017cna co\u015b stargowa\u0107. Powo\u0142a\u0107 si\u0119 na znajomych co byli tu wcze\u015bniej<\/p>\n<p><strong>Nie odwiedzajcie<\/strong> tylko tzw. TOPu. Pospacerujcie po okolicach i pojed\u017acie gdzie\u015b wg\u0142\u0105b kraju.<\/p>\n<p><strong>Jak zawsze wstawajcie wcze\u015bnie<\/strong> &#8211; nawet przed \u015bwitem &#8211; lepsze zdj\u0119cia, u\u015bmiechni\u0119ci ludzie<\/p>\n<p><strong>Spr\u00f3bujcie je\u015b\u0107 lokalnie<\/strong> &#8211; nawet w Siem Reap w ciemnej uliczce mo\u017cna znale\u017a\u0107 Pani\u0105 z lokaln\u0105 zup\u0105 (zielona lepsza :P) czy &#8220;sajgnokami&#8221; za 500 KHR- \u00f3w sztuka (czyli 1 Dolar za 8 sztuk!!).<\/p>\n<h2 style=\"text-align: center;\">Polecane miejsca z naszymi informacjami praktycznymi<\/h2>\n<p style=\"padding-left: 30px;\"><strong><a title=\"Siam Rep\" href=\"https:\/\/nieczekaj.blog\/index.php\/nasze-przewodniki\/azja\/kambodza\/siam-rep-czyli-brama-do-angkor-wat\/\">&#8211; Siam Rep<\/a> <\/strong>&#8211; brama do <strong>Angkor Wat<\/strong> &#8211; najwi\u0119kszego kompleksu \u015bwi\u0105ty\u0144 na \u015bwiecie<br \/>\n<strong><a title=\"Phnom Penh\" href=\"https:\/\/nieczekaj.blog\/index.php\/nasze-przewodniki\/azja\/kambodza\/phnom-penh\/\">&#8211; Phnom Penh<\/a> <\/strong>&#8211; stolica Kambod\u017cy &#8211; zdecydowanie warto.<br \/>\n<strong><a title=\"Silhanouk Ville\" href=\"https:\/\/nieczekaj.blog\/index.php\/nasze-przewodniki\/azja\/kambodza\/silhanouk-ville\/\">&#8211; Silhanouk Ville<\/a> <\/strong>&#8211; chillout, \u015bwietna pizza i cudowne pla\u017ce<br \/>\n<strong><a title=\"Kampot\" href=\"https:\/\/nieczekaj.blog\/index.php\/nasze-przewodniki\/azja\/kambodza\/kampot\/\">&#8211; Kampot<\/a><\/strong> &#8211; ma\u0142a mie\u015bcina, troch\u0119 zapomniana ze wzg\u00f3rzami z zaginionym miastem &#8211; bez \u0142ap\u00f3wki (lub drogiej wycieczki nie wjedziesz&#8230;<\/p>\n<h2 style=\"text-align: center;\">Co nas zadziwi\u0142o<\/h2>\n<p><strong>Kilka zdziwie\u0144 &#8211; ma\u0142o ale pami\u0119tajmy, \u017ce to kolejny kraj Azji na trasie &#8211; przywykali\u015bmy powoli do obyczaj\u00f3w:<\/strong><\/p>\n<p>* ludzie chodz\u0105cy w pi\u017camach po ulicy (zw\u0142aszcza w mniejszych miejscowo\u015bciach &#8211; jest to dla Khmer\u00f3w chyba rodzajem dresu :))<br \/>\n* ogarni\u0119cie ruchu drogowego (w szczeg\u00f3lno\u015bci pas\u00f3w dwukierunkowych &#8211; kto by\u0142 wie o czym mowa!)<br \/>\n* wysoki standard najta\u0144szych hosteli<br \/>\n* gospodarze \u015bpi\u0105cy w przedsionkach hosteli<br \/>\n* bu\u0142ka!!<br \/>\n* Peweksy (albo raczej co\u015b na kszta\u0142t ale kto pami\u0119ta szar\u0105 rzeczywisto\u015b\u0107 i lukrowany kolorowy peweks wie o co chodzi)<\/p>\n<h3>Je\u015bli macie jakie\u015b pytania piszcie na NieCzekaj.eu(malpa)gmail.com<\/h3>\n<h3>Pozdrawiamy,<br \/>\nKasia i Seba<\/h3>\n<h3 style=\"text-align: center;\">Przygotowanie tej strony i przewodnik\u00f3w zaj\u0119\u0142o nam troch\u0119 czasu i wymaga\u0142o litr\u00f3w kawy \ud83d\ude42<br \/>\nJe\u015bli uznasz, \u017ce wart by\u0142o nie wahaj si\u0119 postawi\u0107 nam kaw\u0119 przez PAYPAL-a<br \/>\n<code><code>[paypal-donation]<\/code><\/code><\/h3>\n","protected":false},"excerpt":{"rendered":"<p>Po ponad roku &#8211; wracamy do cyklu! Szykuj\u0105 si\u0119 nam nowe d\u0142u\u017csze wyjazdy a starsze spostrze\u017cenia si\u0119 zamazuj\u0105 i odp\u0142ywaj\u0105&#8230; A warto by\u0142oby si\u0119 podzieli\u0107 informacjami i pom\u00f3c planowa\u0107 innym [&hellip;]<\/p>\n","protected":false},"author":1,"featured_media":0,"parent":1329,"menu_order":0,"comment_status":"open","ping_status":"open","template":"","meta":{"om_disable_all_campaigns":false,"_monsterinsights_skip_tracking":false,"_monsterinsights_sitenote_active":false,"_monsterinsights_sitenote_note":"","_monsterinsights_sitenote_category":0,"_s2mail":"yes","ngg_post_thumbnail":0,"footnotes":""},"class_list":["post-408","page","type-page","status-publish","hentry"],"_links":{"self":[{"href":"https:\/\/nieczekaj.blog\/index.php\/wp-json\/wp\/v2\/pages\/408","targetHints":{"allow":["GET"]}}],"collection":[{"href":"https:\/\/nieczekaj.blog\/index.php\/wp-json\/wp\/v2\/pages"}],"about":[{"href":"https:\/\/nieczekaj.blog\/index.php\/wp-json\/wp\/v2\/types\/page"}],"author":[{"embeddable":true,"href":"https:\/\/nieczekaj.blog\/index.php\/wp-json\/wp\/v2\/users\/1"}],"replies":[{"embeddable":true,"href":"https:\/\/nieczekaj.blog\/index.php\/wp-json\/wp\/v2\/comments?post=408"}],"version-history":[{"count":11,"href":"https:\/\/nieczekaj.blog\/index.php\/wp-json\/wp\/v2\/pages\/408\/revisions"}],"predecessor-version":[{"id":450,"href":"https:\/\/nieczekaj.blog\/index.php\/wp-json\/wp\/v2\/pages\/408\/revisions\/450"}],"up":[{"embeddable":true,"href":"https:\/\/nieczekaj.blog\/index.php\/wp-json\/wp\/v2\/pages\/1329"}],"wp:attachment":[{"href":"https:\/\/nieczekaj.blog\/index.php\/wp-json\/wp\/v2\/media?parent=408"}],"curies":[{"name":"wp","href":"https:\/\/api.w.org\/{rel}","templated":true}]}}