{"id":414,"date":"2013-05-30T13:46:40","date_gmt":"2013-05-30T11:46:40","guid":{"rendered":"http:\/\/sebka.cba.pl\/?page_id=414"},"modified":"2014-05-15T10:06:02","modified_gmt":"2014-05-15T08:06:02","slug":"siam-rep-czyli-brama-do-angkor-wat","status":"publish","type":"page","link":"https:\/\/nieczekaj.blog\/index.php\/nasze-przewodniki\/azja\/kambodza\/siam-rep-czyli-brama-do-angkor-wat\/","title":{"rendered":"Siam Rep czyli brama do Angkor Wat"},"content":{"rendered":"<h3>Polecamy nasze <a title=\"INFORMACJE OG\u00d3LNE  o Kambod\u017cy\" href=\"https:\/\/nieczekaj.blog\/index.php\/nasze-przewodniki\/azja\/kambodza\/\">INFORMACJE OG\u00d3LNE o Kambod\u017cy<\/a> i nasze wra\u017cenia na gor\u0105co opisane na blogu: <a title=\"Siam Rep - blog\" href=\"http:\/\/sebka.travellerspoint.com\/35\/\">Siam Rep<\/a>.<\/h3>\n<h2 style=\"text-align: center;\">Og\u00f3lnie<\/h2>\n<p><strong>Siam Rep czyli Angkor Wat &#8211; turystyczne i t\u0142oczne<\/strong> jak w niewiele miejsc na \u015bwiecie ale <strong>NAPRAWD\u0118 WARTO<\/strong>! Po prostu nastawcie si\u0119, \u017ce spotkacie tam du\u017co turyst\u00f3w, nachalnych tuktukowc\u00f3w, sprzedawc\u00f3w i naganiaczy, bez wzgl\u0119du na por\u0119 roku. Angkor jest imponuj\u0105ce, ogromne i zrobi wra\u017cenie nie tylko na fanach archeologii czy Tomb Ridera!<\/p>\n<address style=\"text-align: center;\"><a href=\"http:\/\/sebka.cba.pl\/wp-content\/uploads\/2013\/05\/Angkor-Wat.jpg\"><img loading=\"lazy\" decoding=\"async\" class=\"wp-image-439 aligncenter\" style=\"border: 1px solid black; margin-top: 1px; margin-bottom: 1px;\" title=\"Angkor Wat\" src=\"http:\/\/sebka.cba.pl\/wp-content\/uploads\/2013\/05\/Angkor-Wat.jpg\" alt=\"\" width=\"400\" height=\"266\" srcset=\"https:\/\/nieczekaj.blog\/wp-content\/uploads\/2013\/05\/Angkor-Wat.jpg 400w, https:\/\/nieczekaj.blog\/wp-content\/uploads\/2013\/05\/Angkor-Wat-300x199.jpg 300w\" sizes=\"auto, (max-width: 400px) 100vw, 400px\" \/><\/a>Angkor Wat<\/address>\n<h2 style=\"text-align: center;\">Gdzie spa\u0107 i zje\u015b\u0107?<\/h2>\n<p><strong>Samo Siam Rep jest miastem hoteli, hotelik\u00f3w, restauracji<\/strong> &#8211; to w\u0142a\u015bciwie przybud\u00f3wka do Angkor ale mimo wszystko dla nas by\u0142o bardzo sympatyczne! Uda\u0142o nam si\u0119 w bocznej uliczce gdzie\u015b w szeroko poj\u0119tym centrum znale\u017a\u0107 lokalny targ warzywny i bar (pyszne sajgonki!!!!!).<\/p>\n<p><strong>Polecamy nocleg: Hello Paradise<\/strong> &#8211; znajduje si\u0119 w dzielnicy ta\u0144szych hosteli, troch\u0119 na uboczu ale wsz\u0119dzie blisko. Za \u0142adny pok\u00f3j z tv (HBO!!!), ciep\u0142ym prysznicem p\u0142acili\u015bmy po delikatnych targach 5$.<\/p>\n<p><strong>W kwestiach pokarmowych<\/strong> mo\u017cemy napisa\u0107 tyle, \u017ce wyb\u00f3r bar\u00f3w \/ restauracji jest ogromny i naprawd\u0119 ka\u017cdy znajdzie co\u015b dla siebie.<\/p>\n<address style=\"text-align: center;\"><a href=\"http:\/\/sebka.cba.pl\/wp-content\/uploads\/2013\/05\/P\u0142askorze\u017aby-w-Angkor-Wat.jpg\"><img loading=\"lazy\" decoding=\"async\" class=\"size-full wp-image-440 aligncenter\" style=\"border: 1px solid black; margin-top: 1px; margin-bottom: 1px;\" title=\"P\u0142askorze\u017aby w Angkor Wat\" src=\"http:\/\/sebka.cba.pl\/wp-content\/uploads\/2013\/05\/P\u0142askorze\u017aby-w-Angkor-Wat.jpg\" alt=\"\" width=\"400\" height=\"266\" srcset=\"https:\/\/nieczekaj.blog\/wp-content\/uploads\/2013\/05\/P\u0142askorze\u017aby-w-Angkor-Wat.jpg 400w, https:\/\/nieczekaj.blog\/wp-content\/uploads\/2013\/05\/P\u0142askorze\u017aby-w-Angkor-Wat-300x199.jpg 300w\" sizes=\"auto, (max-width: 400px) 100vw, 400px\" \/><\/a> P\u0142askorze\u017aby w Angkor Wat<\/address>\n<h2 style=\"text-align: center;\">Co warto?<\/h2>\n<p><strong>Przede wszystkim i w\u0142a\u015bciwie g\u0142\u00f3wnie Angkor Wat!<\/strong> Jako antyfanka obiekt\u00f3w archeologicznych musz\u0119 z ca\u0142\u0105 stanowczo\u015bci\u0105 przyzna\u0107, \u017ce Angkor robi ogromne wra\u017cenie! Wi\u0119cej nie pisz\u0119 &#8211; jed\u017acie i ogl\u0105dnijcie sami!<\/p>\n<p><strong>Polecamy r\u00f3wnie\u017c wypo\u017cyczenie rower\u00f3w<\/strong> &#8211; \u0142adna trasa do i po Angkor, natomiast jazda po Siam Rep to jest komunikacyjne prze\u017cycie ekstremalne (tylko dla rowerzyst\u00f3w o mocnych nerwach i du\u017cej \u017c\u0105dzy przygody!).<\/p>\n<p><strong>Tereny wok\u00f3\u0142 Tonle Sap<\/strong> &#8211; cho\u0107 niestety zdominowane przez ruch turystyczny ALE&#8230;.je\u015bli ma si\u0119 rower lub inny \u015brodek lokomocji mo\u017cna skr\u0119ci\u0107 w boczn\u0105 uliczk\u0119 i wyl\u0105dowa\u0107 w ca\u0142kiem nieturystycznej wiosce (w kt\u00f3rej dzieciaki jeszcze krzycz\u0105 za Tob\u0105 &#8220;cze\u015b\u0107&#8221; a nie &#8220;daj dolara&#8221;). Mo\u017cna wykupi\u0107 te\u017c rejs \u0142\u00f3dk\u0105 po jeziorze ale my nie wykupili\u015bmy wi\u0119c poleca\u0107 nie mo\u017cemy.<\/p>\n<address style=\"text-align: center;\">\u00a0<a href=\"http:\/\/sebka.cba.pl\/wp-content\/uploads\/2013\/05\/T\u0142um-na-wschodzie-s\u0142o\u0144ca-w-Angkor-Wat.jpg\"><img loading=\"lazy\" decoding=\"async\" class=\"size-full wp-image-441 aligncenter\" style=\"border: 1px solid black; margin-top: 1px; margin-bottom: 1px;\" title=\"T\u0142um na wschodzie s\u0142o\u0144ca w Angkor Wat\" src=\"http:\/\/sebka.cba.pl\/wp-content\/uploads\/2013\/05\/T\u0142um-na-wschodzie-s\u0142o\u0144ca-w-Angkor-Wat.jpg\" alt=\"\" width=\"400\" height=\"266\" srcset=\"https:\/\/nieczekaj.blog\/wp-content\/uploads\/2013\/05\/T\u0142um-na-wschodzie-s\u0142o\u0144ca-w-Angkor-Wat.jpg 400w, https:\/\/nieczekaj.blog\/wp-content\/uploads\/2013\/05\/T\u0142um-na-wschodzie-s\u0142o\u0144ca-w-Angkor-Wat-300x199.jpg 300w\" sizes=\"auto, (max-width: 400px) 100vw, 400px\" \/><\/a>Wsch\u00f3d s\u0142o\u0144ca w Angkor Wat&#8230;niezwykle popularny<\/address>\n<h3>Je\u015bli macie jakie\u015b pytania piszcie na NieCzekaj.eu(malpa)gmail.com.<\/h3>\n<h3>Pozdrawiam,<br \/>\nKasia<\/h3>\n","protected":false},"excerpt":{"rendered":"<p>Polecamy nasze INFORMACJE OG\u00d3LNE o Kambod\u017cy i nasze wra\u017cenia na gor\u0105co opisane na blogu: Siam Rep. Og\u00f3lnie Siam Rep czyli Angkor Wat &#8211; turystyczne i t\u0142oczne jak w niewiele miejsc [&hellip;]<\/p>\n","protected":false},"author":1,"featured_media":0,"parent":408,"menu_order":0,"comment_status":"open","ping_status":"open","template":"","meta":{"om_disable_all_campaigns":false,"_monsterinsights_skip_tracking":false,"_monsterinsights_sitenote_active":false,"_monsterinsights_sitenote_note":"","_monsterinsights_sitenote_category":0,"_s2mail":"yes","ngg_post_thumbnail":0,"footnotes":""},"class_list":["post-414","page","type-page","status-publish","hentry"],"_links":{"self":[{"href":"https:\/\/nieczekaj.blog\/index.php\/wp-json\/wp\/v2\/pages\/414","targetHints":{"allow":["GET"]}}],"collection":[{"href":"https:\/\/nieczekaj.blog\/index.php\/wp-json\/wp\/v2\/pages"}],"about":[{"href":"https:\/\/nieczekaj.blog\/index.php\/wp-json\/wp\/v2\/types\/page"}],"author":[{"embeddable":true,"href":"https:\/\/nieczekaj.blog\/index.php\/wp-json\/wp\/v2\/users\/1"}],"replies":[{"embeddable":true,"href":"https:\/\/nieczekaj.blog\/index.php\/wp-json\/wp\/v2\/comments?post=414"}],"version-history":[{"count":9,"href":"https:\/\/nieczekaj.blog\/index.php\/wp-json\/wp\/v2\/pages\/414\/revisions"}],"predecessor-version":[{"id":1385,"href":"https:\/\/nieczekaj.blog\/index.php\/wp-json\/wp\/v2\/pages\/414\/revisions\/1385"}],"up":[{"embeddable":true,"href":"https:\/\/nieczekaj.blog\/index.php\/wp-json\/wp\/v2\/pages\/408"}],"wp:attachment":[{"href":"https:\/\/nieczekaj.blog\/index.php\/wp-json\/wp\/v2\/media?parent=414"}],"curies":[{"name":"wp","href":"https:\/\/api.w.org\/{rel}","templated":true}]}}