{"id":420,"date":"2013-05-30T16:51:15","date_gmt":"2013-05-30T14:51:15","guid":{"rendered":"http:\/\/sebka.cba.pl\/?page_id=420"},"modified":"2014-05-15T10:06:46","modified_gmt":"2014-05-15T08:06:46","slug":"phnom-penh","status":"publish","type":"page","link":"https:\/\/nieczekaj.blog\/index.php\/nasze-przewodniki\/azja\/kambodza\/phnom-penh\/","title":{"rendered":"Phnom Penh"},"content":{"rendered":"<h3>Polecamy nasze <a title=\"INFORMACJE OG\u00d3LNE  o Kambod\u017cy\" href=\"https:\/\/nieczekaj.blog\/index.php\/nasze-przewodniki\/azja\/kambodza\/\">INFORMACJE OG\u00d3LNE o Kambod\u017cy<\/a> i nasze wra\u017cenia na gor\u0105co opisane na blogu: <a title=\"Phnom Penh - blog\" href=\"http:\/\/sebka.travellerspoint.com\/36\">Phnom Penh<\/a>.<\/h3>\n<h2 style=\"text-align: center;\">Og\u00f3lnie<\/h2>\n<p><strong>Phnom Penh &#8211; stolica czyli raczej wypada odwiedzi\u0107.<\/strong> Miasto jest bardzo du\u017ce i miejscami troch\u0119 straszne ze swoim nieokie\u0142znanym ruchem drogowym ale naprawd\u0119 warto tu przyjecha\u0107. Polecamy spacery po wypi\u0119knionym nabrze\u017cu Mekongu, obejrzenie przynajmniej od zewn\u0105trz zabytk\u00f3w pa\u0142acowych i zdecydowanie pe\u0142ne zwiedzanie miejsc strasznych czyli Muzeum Ludob\u00f3jstwa i P\u00f3l \u015amierci.<\/p>\n<p style=\"text-align: center;\"><a href=\"http:\/\/sebka.cba.pl\/wp-content\/uploads\/2013\/05\/Pa\u0142ac-w-Phnom-Penh.jpg\"><img loading=\"lazy\" decoding=\"async\" class=\"aligncenter size-full wp-image-437\" title=\"Pa\u0142ac w Phnom Penh\" src=\"http:\/\/sebka.cba.pl\/wp-content\/uploads\/2013\/05\/Pa\u0142ac-w-Phnom-Penh.jpg\" alt=\"\" width=\"400\" height=\"266\" srcset=\"https:\/\/nieczekaj.blog\/wp-content\/uploads\/2013\/05\/Pa\u0142ac-w-Phnom-Penh.jpg 400w, https:\/\/nieczekaj.blog\/wp-content\/uploads\/2013\/05\/Pa\u0142ac-w-Phnom-Penh-300x199.jpg 300w\" sizes=\"auto, (max-width: 400px) 100vw, 400px\" \/><\/a><\/p>\n<address style=\"text-align: center;\">Pa\u0142ac Kr\u00f3lewski w Phnom Penh<\/address>\n<h2 style=\"text-align: center;\">Gdzie spa\u0107 i zje\u015b\u0107?<\/h2>\n<p><strong>Polecamy nocleg: Hello GuestHosue<\/strong> &#8211; znajduje si\u0119 blisko agencji turystycznej (czyli prywatnego przewo\u017anika) <strong>Capitol Tour<\/strong>, troch\u0119 dalej od zabytk\u00f3w. Za pok\u00f3j z tv, ciep\u0142ym prysznicem, r\u0119cznikami i\u00a0 tv (zn\u00f3w HBO) p\u0142acili\u015bmy zn\u00f3w <em>5$<\/em>. W okolicy kilka podobnej klasy hosteli, r\u00f3\u017cne restauracje i supermarkety.<\/p>\n<p><strong>Z ciekawostek kulinarnych:<\/strong> w centrum Phnom Penh (przy Pl. Zwyci\u0119stwa) odkryli\u015bmy stoisko z p\u0105czkami &#8211; normalne nasze, polskie p\u0105czki tylko, \u017ce z zielonym lukrem&#8230;.pyszne!<\/p>\n<h2 style=\"text-align: center;\">Co warto?<\/h2>\n<p><strong>Do zobaczenia jest sporo<\/strong> &#8211; opr\u00f3cz muze\u00f3w mniej lub bardziej \u0142adnych jest pi\u0119knie zagospodarowany deptak nad rzek\u0105 (rano odbywaj\u0105 si\u0119 tu og\u00f3lnodost\u0119pne zaj\u0119cia z aerobiku) i Plac Zwyci\u0119stwa.<\/p>\n<p><strong>Opr\u00f3cz muze\u00f3w historii dawnej w Phnom Penh znajdziemy te\u017c \u015bwiadectwa historii wsp\u00f3\u0142czesnej: Muzeum Ludob\u00f3jstwa i Pola \u015amierci.<\/strong> Nie s\u0105 to przyjemne miejsca (nie zawsze historia jest przyjemna) i dla ludzi o s\u0142abszych nerwach ich odwiedzenie mo\u017ce by\u0107 do\u015bwiadczeniem naprawd\u0119 ci\u0119\u017ckim. Mimo wszystko polecamy &#8211; warto chyba poznawa\u0107 ca\u0142\u0105 histori\u0119 kraju, kt\u00f3ry si\u0119 odwiedza a nie tylko te \u0142adniejsze kawa\u0142ki.<\/p>\n<address style=\"text-align: center;\"><a href=\"http:\/\/sebka.cba.pl\/wp-content\/uploads\/2013\/05\/Muzeum-Ludob\u00f3jstwa-Phnom-Penh.jpg\"><img loading=\"lazy\" decoding=\"async\" class=\"size-full wp-image-435 aligncenter\" style=\"border: 1px solid black; margin-top: 1px; margin-bottom: 1px;\" title=\"Muzeum Ludob\u00f3jstwa Phnom Penh\" src=\"http:\/\/sebka.cba.pl\/wp-content\/uploads\/2013\/05\/Muzeum-Ludob\u00f3jstwa-Phnom-Penh.jpg\" alt=\"\" width=\"266\" height=\"400\" srcset=\"https:\/\/nieczekaj.blog\/wp-content\/uploads\/2013\/05\/Muzeum-Ludob\u00f3jstwa-Phnom-Penh.jpg 266w, https:\/\/nieczekaj.blog\/wp-content\/uploads\/2013\/05\/Muzeum-Ludob\u00f3jstwa-Phnom-Penh-199x300.jpg 199w\" sizes=\"auto, (max-width: 266px) 100vw, 266px\" \/><\/a>Wystawa w Muzeum Ludob\u00f3jstwa<\/address>\n<h3>Je\u015bli macie jakie\u015b pytania piszcie na NieCzekaj.eu(malpa)gmail.com.<\/h3>\n<h3>Pozdrawiam,<br \/>\nKasia<\/h3>\n","protected":false},"excerpt":{"rendered":"<p>Polecamy nasze INFORMACJE OG\u00d3LNE o Kambod\u017cy i nasze wra\u017cenia na gor\u0105co opisane na blogu: Phnom Penh. Og\u00f3lnie Phnom Penh &#8211; stolica czyli raczej wypada odwiedzi\u0107. Miasto jest bardzo du\u017ce i [&hellip;]<\/p>\n","protected":false},"author":1,"featured_media":0,"parent":408,"menu_order":0,"comment_status":"open","ping_status":"open","template":"","meta":{"om_disable_all_campaigns":false,"_monsterinsights_skip_tracking":false,"_monsterinsights_sitenote_active":false,"_monsterinsights_sitenote_note":"","_monsterinsights_sitenote_category":0,"_s2mail":"yes","ngg_post_thumbnail":0,"footnotes":""},"class_list":["post-420","page","type-page","status-publish","hentry"],"_links":{"self":[{"href":"https:\/\/nieczekaj.blog\/index.php\/wp-json\/wp\/v2\/pages\/420","targetHints":{"allow":["GET"]}}],"collection":[{"href":"https:\/\/nieczekaj.blog\/index.php\/wp-json\/wp\/v2\/pages"}],"about":[{"href":"https:\/\/nieczekaj.blog\/index.php\/wp-json\/wp\/v2\/types\/page"}],"author":[{"embeddable":true,"href":"https:\/\/nieczekaj.blog\/index.php\/wp-json\/wp\/v2\/users\/1"}],"replies":[{"embeddable":true,"href":"https:\/\/nieczekaj.blog\/index.php\/wp-json\/wp\/v2\/comments?post=420"}],"version-history":[{"count":9,"href":"https:\/\/nieczekaj.blog\/index.php\/wp-json\/wp\/v2\/pages\/420\/revisions"}],"predecessor-version":[{"id":1386,"href":"https:\/\/nieczekaj.blog\/index.php\/wp-json\/wp\/v2\/pages\/420\/revisions\/1386"}],"up":[{"embeddable":true,"href":"https:\/\/nieczekaj.blog\/index.php\/wp-json\/wp\/v2\/pages\/408"}],"wp:attachment":[{"href":"https:\/\/nieczekaj.blog\/index.php\/wp-json\/wp\/v2\/media?parent=420"}],"curies":[{"name":"wp","href":"https:\/\/api.w.org\/{rel}","templated":true}]}}