{"id":423,"date":"2013-05-30T17:07:41","date_gmt":"2013-05-30T15:07:41","guid":{"rendered":"http:\/\/sebka.cba.pl\/?page_id=423"},"modified":"2014-05-15T10:07:36","modified_gmt":"2014-05-15T08:07:36","slug":"silhanouk-ville","status":"publish","type":"page","link":"https:\/\/nieczekaj.blog\/index.php\/nasze-przewodniki\/azja\/kambodza\/silhanouk-ville\/","title":{"rendered":"Silhanouk Ville"},"content":{"rendered":"<h3>Polecamy nasze <a title=\"INFORMACJE OG\u00d3LNE  o Kambod\u017cy\" href=\"https:\/\/nieczekaj.blog\/index.php\/nasze-przewodniki\/azja\/kambodza\/\">INFORMACJE OG\u00d3LNE o Kambod\u017cy<\/a> i nasze wra\u017cenia na gor\u0105co opisane na blogu: <a title=\"Silhanouk Ville - blog\" href=\"http:\/\/sebka.travellerspoint.com\/38\/\">Silhanouk Ville<\/a>.<\/h3>\n<h3>Do tej miejscowo\u015bci mamy naprawd\u0119 bardzo sentymentalny stosunek: obiektywnie okropnie brzydka, zat\u0142oczona i zaturystowana&#8230;ALE znale\u017ali\u015bmy sobie tani hotelik, prywatn\u0105 pla\u017c\u0119 (pla\u017ca przypisana jest do wspania\u0142ego o\u015brodka SPA, stoi nawet stra\u017cnik na murku ale nie wygoni\u0142 nas ani razu), dobre jedzenie i badmingtona &#8211; czeg\u00f3\u017c chcie\u0107 wi\u0119cej?:)<\/h3>\n<address style=\"text-align: center;\"><a href=\"http:\/\/sebka.cba.pl\/wp-content\/uploads\/2013\/05\/Silhanouk-Ville.jpg\"><img loading=\"lazy\" decoding=\"async\" class=\"size-full wp-image-444 aligncenter\" style=\"border: 1px solid black; margin-top: 1px; margin-bottom: 1px;\" title=\"Silhanouk Ville\" src=\"http:\/\/sebka.cba.pl\/wp-content\/uploads\/2013\/05\/Silhanouk-Ville.jpg\" alt=\"\" width=\"400\" height=\"266\" srcset=\"https:\/\/nieczekaj.blog\/wp-content\/uploads\/2013\/05\/Silhanouk-Ville.jpg 400w, https:\/\/nieczekaj.blog\/wp-content\/uploads\/2013\/05\/Silhanouk-Ville-300x199.jpg 300w\" sizes=\"auto, (max-width: 400px) 100vw, 400px\" \/><\/a> Pla\u017ca w Silhanoukville<\/address>\n<h2 style=\"text-align: center;\">Og\u00f3lnie<\/h2>\n<p><strong><\/strong> <strong>Silhanouk Ville &#8211; turystkowo, pla\u017c\u00f3wek i naprawd\u0119 nic wi\u0119cej.<\/strong> Je\u015bli chcecie si\u0119 wybyczy\u0107 na pla\u017cy, wypi\u0107 piwko w \u015bmiesznej cenie w barze, zje\u015b\u0107 danie europejskie albo po prostu porobi\u0107 nic to jest to miejsce idealne. Na pocz\u0105tku wydawa\u0142o nam si\u0119, \u017ce b\u0119dziemy stamt\u0105d ucieka\u0107 szybciej ni\u017c przyjechali\u015bmy ale to mimo wszystkich okropnych, betonowych hoteli, morza kolorowych le\u017cak\u00f3w, wsz\u0119dziekr\u0105\u017c\u0105cych sprzedawc\u00f3w, jest miejsce naprawd\u0119 przyjemne!<\/p>\n<h2 style=\"text-align: center;\">Gdzie spa\u0107 i zje\u015b\u0107?<\/h2>\n<p><strong>Spa\u0107 i je\u015b\u0107 warto w okolicy pla\u017cy!<\/strong> Bo: po pierwsze: najtaniej, po drugie: najprzyjemniej (kilka razy udali\u015bmy si\u0119 na spacer do centrum miejscowo\u015bci i NAPRAWD\u0118 nie ma tam nic ciekawego&#8230;no mo\u017ce opr\u00f3cz dworca). Pla\u017c jest kilka, w okolicach ka\u017cdej z nich jest mn\u00f3stwo opcji noclegowych (od chatek bez niczego do luksus\u00f3w ze wszystkim).<\/p>\n<p><strong>Podobnie jest z jedzeniem:<\/strong> mo\u017cna na czas pobytu w Silhanouk Ville zapomnie\u0107 o istnieniu ry\u017cu (je\u015bli komu\u015b si\u0119 przejad\u0142 &#8211; KASIA!!!!) i dzie\u0144 w dzie\u0144 wcina\u0107 pizz\u0119, kebaba i tym podobne przysmaki!<\/p>\n<p><strong>Polecamy nocleg: 99Guest House<\/strong> &#8211; po\u0142o\u017cony przy drodze, blisko pla\u017c, obok jest kino kanapowe &#8211; zn\u00f3w tv (HBO), tym razem zimny prysznic w cenie <em>5$<\/em>.<\/p>\n<p>Zapisali\u015bmy w kalendarzyku te\u017c nazwy knajpek, kt\u00f3re nam si\u0119 podoba\u0142y &#8211; nie potrafi\u0119 wyt\u0142umaczy\u0107, gdzie si\u0119 znajduj\u0105, ale mo\u017ce kto\u015b z Was je odnajdzie. Oto one: <strong>Casa, Romeo, pan z Falafelami przy Z\u0142otych Lwach, pani z kanapkami na dworcu w centrum miasta.<\/strong><\/p>\n<h2 style=\"text-align: center;\">Co warto?<\/h2>\n<p><strong>C\u00f3\u017c&#8230;..warto tak naprawd\u0119 tylko byczy\u0107 si\u0119 na pla\u017cy i patrze\u0107, czy opalenizna r\u00f3wno chwyta! \ud83d\ude42<\/strong><\/p>\n<p><strong>Wiele agencji turystycznych oferuje r\u00f3\u017cne wycieczki po okolicy<\/strong> &#8211; my wykupili\u015bmy wycieczk\u0119 na Wysp\u0119 Bambusow\u0105 (kt\u00f3ra podobno jest rajem je\u015bli chodzi o snorkeling) &#8211; niestety pogoda nie dopisa\u0142a i niewiele pod wod\u0105 zobaczyli\u015bmy (za to niekt\u00f3rzy z nas zd\u0105\u017cyli z\u0142apa\u0107 je\u017cowca a w\u0142a\u015bciwie jego kolce w r\u0119k\u0119 &#8211; SEBA!!!).<\/p>\n<address style=\"text-align: center;\">\u00a0<a href=\"http:\/\/sebka.cba.pl\/wp-content\/uploads\/2013\/05\/Wyspa-Bambusowa.jpg\"><img loading=\"lazy\" decoding=\"async\" class=\"size-full wp-image-446 aligncenter\" style=\"border: 1px solid black; margin-top: 1px; margin-bottom: 1px;\" title=\"Wyspa Bambusowa\" src=\"http:\/\/sebka.cba.pl\/wp-content\/uploads\/2013\/05\/Wyspa-Bambusowa.jpg\" alt=\"\" width=\"400\" height=\"266\" srcset=\"https:\/\/nieczekaj.blog\/wp-content\/uploads\/2013\/05\/Wyspa-Bambusowa.jpg 400w, https:\/\/nieczekaj.blog\/wp-content\/uploads\/2013\/05\/Wyspa-Bambusowa-300x199.jpg 300w\" sizes=\"auto, (max-width: 400px) 100vw, 400px\" \/><\/a>Wyspa Bambusowa<\/address>\n<h3>Je\u015bli macie jakie\u015b pytania piszcie na NieCzekaj.eu(malpa)gmail.com.<\/h3>\n<h3>Pozdrawiam,<br \/>\nKasia<\/h3>\n","protected":false},"excerpt":{"rendered":"<p>Polecamy nasze INFORMACJE OG\u00d3LNE o Kambod\u017cy i nasze wra\u017cenia na gor\u0105co opisane na blogu: Silhanouk Ville. Do tej miejscowo\u015bci mamy naprawd\u0119 bardzo sentymentalny stosunek: obiektywnie okropnie brzydka, zat\u0142oczona i zaturystowana&#8230;ALE [&hellip;]<\/p>\n","protected":false},"author":1,"featured_media":0,"parent":408,"menu_order":0,"comment_status":"open","ping_status":"open","template":"","meta":{"om_disable_all_campaigns":false,"_monsterinsights_skip_tracking":false,"_monsterinsights_sitenote_active":false,"_monsterinsights_sitenote_note":"","_monsterinsights_sitenote_category":0,"_s2mail":"yes","ngg_post_thumbnail":0,"footnotes":""},"class_list":["post-423","page","type-page","status-publish","hentry"],"_links":{"self":[{"href":"https:\/\/nieczekaj.blog\/index.php\/wp-json\/wp\/v2\/pages\/423","targetHints":{"allow":["GET"]}}],"collection":[{"href":"https:\/\/nieczekaj.blog\/index.php\/wp-json\/wp\/v2\/pages"}],"about":[{"href":"https:\/\/nieczekaj.blog\/index.php\/wp-json\/wp\/v2\/types\/page"}],"author":[{"embeddable":true,"href":"https:\/\/nieczekaj.blog\/index.php\/wp-json\/wp\/v2\/users\/1"}],"replies":[{"embeddable":true,"href":"https:\/\/nieczekaj.blog\/index.php\/wp-json\/wp\/v2\/comments?post=423"}],"version-history":[{"count":7,"href":"https:\/\/nieczekaj.blog\/index.php\/wp-json\/wp\/v2\/pages\/423\/revisions"}],"predecessor-version":[{"id":1387,"href":"https:\/\/nieczekaj.blog\/index.php\/wp-json\/wp\/v2\/pages\/423\/revisions\/1387"}],"up":[{"embeddable":true,"href":"https:\/\/nieczekaj.blog\/index.php\/wp-json\/wp\/v2\/pages\/408"}],"wp:attachment":[{"href":"https:\/\/nieczekaj.blog\/index.php\/wp-json\/wp\/v2\/media?parent=423"}],"curies":[{"name":"wp","href":"https:\/\/api.w.org\/{rel}","templated":true}]}}