{"id":426,"date":"2013-05-30T17:11:12","date_gmt":"2013-05-30T15:11:12","guid":{"rendered":"http:\/\/sebka.cba.pl\/?page_id=426"},"modified":"2014-05-15T10:08:27","modified_gmt":"2014-05-15T08:08:27","slug":"kampot","status":"publish","type":"page","link":"https:\/\/nieczekaj.blog\/index.php\/nasze-przewodniki\/azja\/kambodza\/kampot\/","title":{"rendered":"Kampot"},"content":{"rendered":"<h3>Kampot &#8211; w\u0142a\u015bciwie sama nie wiem czy polecamy to miejsce. Nie uda\u0142o nam si\u0119 omin\u0105\u0107 agencji i na w\u0142asn\u0105 r\u0119k\u0119 zobaczy\u0107 &#8220;Miasta Duch\u00f3w&#8221; na Bokor Hill (za naszych czas\u00f3w budowano tam kompleks hotelowy, wi\u0119c nie wiem co dzi\u015b pozosta\u0142o z ca\u0142ego &#8220;Miasta Duch\u00f3w&#8221;).<\/h3>\n<h3>W ci\u0105gu dnia Kampot sprawia wra\u017cenie raczej przygn\u0119biaj\u0105ce &#8211; \u015brednio \u0142adne i nic si\u0119 nie dzieje. Ale wieczorem (by\u0107 mo\u017ce z powrotem turyst\u00f3w) wszystko o\u017cywa, knajpki si\u0119 otwieraj\u0105, ludzie wychodz\u0105 na ulic\u0119, rozstawia si\u0119 targ. Mo\u017cna wypo\u017cyczy\u0107 rowery i pojecha\u0107 troch\u0119 poza miasto, nad rzek\u0119. Zatem je\u015bli macie wolne 1-2 dni to polecamy \ud83d\ude42<\/h3>\n<h3>Nasz nocleg by\u0142 \u015bredni: za 6$ otrzymali\u015bmy \u015brednio \u0142adny pok\u00f3j z tv i zimnym prysznicem &#8211; \u015brednio wspominamy i \u015brednio polecamy.<\/h3>\n<h3>Nasz wpis na bie\u017c\u0105c\u0105 z podr\u00f3\u017cy: <a title=\"Kampot - blog\" href=\"http:\/\/sebka.travellerspoint.com\/37\/\">Kampot.<\/a> Polecamy nasze <a href=\"https:\/\/nieczekaj.blog\/index.php\/nasze-przewodniki\/azja\/kambodza\/\">INFORMACJE OG\u00d3LNE o Kambod\u017cy.<\/a><\/h3>\n<address style=\"text-align: center;\"><a href=\"http:\/\/sebka.cba.pl\/wp-content\/uploads\/2013\/05\/Kampot.jpg\"><img loading=\"lazy\" decoding=\"async\" class=\"size-full wp-image-432 aligncenter\" style=\"border: 1px solid black; margin-top: 1px; margin-bottom: 1px;\" title=\"Kampot\" src=\"http:\/\/sebka.cba.pl\/wp-content\/uploads\/2013\/05\/Kampot.jpg\" alt=\"\" width=\"399\" height=\"265\" srcset=\"https:\/\/nieczekaj.blog\/wp-content\/uploads\/2013\/05\/Kampot.jpg 399w, https:\/\/nieczekaj.blog\/wp-content\/uploads\/2013\/05\/Kampot-300x199.jpg 300w\" sizes=\"auto, (max-width: 399px) 100vw, 399px\" \/><\/a>Budynek dawnej fabryki<\/address>\n<address style=\"text-align: center;\">\u00a0<\/address>\n<h3 style=\"text-align: left;\">Pozdrawiam,<br \/>\nKasia<\/h3>\n","protected":false},"excerpt":{"rendered":"<p>Kampot &#8211; w\u0142a\u015bciwie sama nie wiem czy polecamy to miejsce. Nie uda\u0142o nam si\u0119 omin\u0105\u0107 agencji i na w\u0142asn\u0105 r\u0119k\u0119 zobaczy\u0107 &#8220;Miasta Duch\u00f3w&#8221; na Bokor Hill (za naszych czas\u00f3w budowano [&hellip;]<\/p>\n","protected":false},"author":1,"featured_media":0,"parent":408,"menu_order":0,"comment_status":"open","ping_status":"open","template":"","meta":{"om_disable_all_campaigns":false,"_monsterinsights_skip_tracking":false,"_monsterinsights_sitenote_active":false,"_monsterinsights_sitenote_note":"","_monsterinsights_sitenote_category":0,"_s2mail":"yes","ngg_post_thumbnail":0,"footnotes":""},"class_list":["post-426","page","type-page","status-publish","hentry"],"_links":{"self":[{"href":"https:\/\/nieczekaj.blog\/index.php\/wp-json\/wp\/v2\/pages\/426","targetHints":{"allow":["GET"]}}],"collection":[{"href":"https:\/\/nieczekaj.blog\/index.php\/wp-json\/wp\/v2\/pages"}],"about":[{"href":"https:\/\/nieczekaj.blog\/index.php\/wp-json\/wp\/v2\/types\/page"}],"author":[{"embeddable":true,"href":"https:\/\/nieczekaj.blog\/index.php\/wp-json\/wp\/v2\/users\/1"}],"replies":[{"embeddable":true,"href":"https:\/\/nieczekaj.blog\/index.php\/wp-json\/wp\/v2\/comments?post=426"}],"version-history":[{"count":7,"href":"https:\/\/nieczekaj.blog\/index.php\/wp-json\/wp\/v2\/pages\/426\/revisions"}],"predecessor-version":[{"id":433,"href":"https:\/\/nieczekaj.blog\/index.php\/wp-json\/wp\/v2\/pages\/426\/revisions\/433"}],"up":[{"embeddable":true,"href":"https:\/\/nieczekaj.blog\/index.php\/wp-json\/wp\/v2\/pages\/408"}],"wp:attachment":[{"href":"https:\/\/nieczekaj.blog\/index.php\/wp-json\/wp\/v2\/media?parent=426"}],"curies":[{"name":"wp","href":"https:\/\/api.w.org\/{rel}","templated":true}]}}