{"id":448,"date":"2013-05-30T18:24:44","date_gmt":"2013-05-30T16:24:44","guid":{"rendered":"http:\/\/sebka.cba.pl\/?page_id=448"},"modified":"2014-05-16T18:20:27","modified_gmt":"2014-05-16T16:20:27","slug":"malezja","status":"publish","type":"page","link":"https:\/\/nieczekaj.blog\/index.php\/nasze-przewodniki\/azja\/malezja\/","title":{"rendered":"MALEZJA"},"content":{"rendered":"<h3>Malezja okre\u015blana jest przez niekt\u00f3rych mianem &#8220;wielokulturowego tygla&#8221;. Inni uznaj\u0105 j\u0105 za Azjatyckiego Tygrysa w zakresie rozwoju biznesu i przemys\u0142u. Jeszcze inni mog\u0105 dostrzec w niej cechy kraju o silnym wp\u0142ywie islamu. Zapraszamy wi\u0119c do MALEZJI &#8211; pi\u0119knej w swej r\u00f3\u017cnorodno\u015bci!<\/h3>\n<address style=\"text-align: center;\"><a href=\"http:\/\/sebka.cba.pl\/wp-content\/uploads\/2013\/05\/Georgetown-widok-na-cie\u015bnin\u0119.jpg\"><img loading=\"lazy\" decoding=\"async\" class=\"size-full wp-image-449 aligncenter\" style=\"border: 1px solid black; margin-top: 1px; margin-bottom: 1px;\" title=\"Georgetown - widok na cie\u015bnin\u0119\" src=\"http:\/\/sebka.cba.pl\/wp-content\/uploads\/2013\/05\/Georgetown-widok-na-cie\u015bnin\u0119.jpg\" alt=\"\" width=\"400\" height=\"267\" srcset=\"https:\/\/nieczekaj.blog\/wp-content\/uploads\/2013\/05\/Georgetown-widok-na-cie\u015bnin\u0119.jpg 400w, https:\/\/nieczekaj.blog\/wp-content\/uploads\/2013\/05\/Georgetown-widok-na-cie\u015bnin\u0119-300x200.jpg 300w\" sizes=\"auto, (max-width: 400px) 100vw, 400px\" \/><\/a> Georgetown<\/address>\n<address style=\"text-align: center;\">\u00a0<\/address>\n<h2 style=\"text-align: center;\">Kiedy jecha\u0107<\/h2>\n<p style=\"text-align: left;\"><strong>Poza sezonem turystycznym<\/strong> tzn. na wiosn\u0119 lub jesieni\u0105. My byli\u015bmy w listopadzie i pogoda by\u0142a idealna!<\/p>\n<h2 style=\"text-align: center;\">Przej\u015bcia graniczne\/Wizy<\/h2>\n<p style=\"text-align: left;\"><strong>Do Malezji dotarli\u015bmy bardzo \u0142adnym poci\u0105giem<\/strong> &#8211; trasa (bez przesiadek) prosto z Bangkoku to Butterworth (bilet kosztowa\u0142 ok120z\u0142, bardzo wygodne kuszetki) &#8211; naprawd\u0119 polecamy! <strong>Wizy nie s\u0105 wymagane<\/strong>, jedynie na granicy pasa\u017cerowie poci\u0105gu musieli przej\u015b\u0107 przez punkt graniczny. Z Butterworth kursuj\u0105 regularnie promy na wysp\u0119 Penang.<br \/>\nWyje\u017cd\u017caj\u0105c z Malezji chyba wybrali\u015bmy kiepskie rozwi\u0105zanie &#8211; zdecydowali\u015bmy si\u0119 na prom z Malakki do indonezyjskiej miejscowo\u015bci Dumai (bilety ok.110z\u0142). Warto rozejrze\u0107 si\u0119 za lotami lokalnych linii (np. Air Asia) &#8211; cena mo\u017ce by\u0107 por\u00f3wnywalna do promu a jest jednak szybciej.<br \/>\nO innych sposobach wjazdu \/ wyjazdu z Malezji pisa\u0107 nie b\u0119dziemy, bo nie korzystali\u015bmy.<\/p>\n<h2 style=\"text-align: center;\">Zdrowie<\/h2>\n<p style=\"text-align: left;\"><strong>Dla os\u00f3b czytaj\u0105cych informacje o innych krajach Azji po\u0142udniowo-wschodniej nic nowego<\/strong> &#8211; Malezja le\u017cy w tej samej &#8220;chorobowej&#8221; strefie co Tajlandia, Laos czy Kambod\u017ca.<\/p>\n<p><strong>Szczepienia nie s\u0105 wymagane ale zalecane.<\/strong> O list\u0119 przydatnych szczepionek mo\u017cna zapyta\u0107 w centrach szczepie\u0144. W Warszawie polecamy <a title=\"Szpital Zaka\u017any\" href=\"http:\/\/www.zakazny.pl\">Centrum chor\u00f3b zaka\u017anych<\/a> lub dro\u017csze <a title=\"Centrum Szczepie\u0144\" href=\"http:\/\/www.wsse.webserwer.pl\/\">centrum szczepie\u0144<\/a> .<\/p>\n<p style=\"text-align: left;\"><strong>Malaria<\/strong> jak prawie wsz\u0119dzie w tym regionie, w Malezji tak\u017ce nale\u017cy liczy\u0107 si\u0119 z malari\u0105. Oczywi\u015bcie wszystko zale\u017cy od pory roku, od miejsca, w kt\u00f3rym si\u0119 jest i od prywatnego nastawienia do faszerowania si\u0119 lekami \ud83d\ude42 My przez ca\u0142y czas naszej podr\u00f3\u017cy brali\u015bmy Lariam i ani nie zachorowali\u015bmy ani nie odczuli\u015bmy negatywnych skutk\u00f3w leku. Najlepiej porozmawia\u0107 z lekarzem! A \u015brodek na komary (w\u0142a\u015bciwie przeciw komarom) zawsze si\u0119 przyda!<\/p>\n<h2 style=\"text-align: center;\">Ceny i waluta<\/h2>\n<p style=\"text-align: left;\"><strong>Walut\u0105 Malezji jest ringgit (MR).<\/strong> Podczas naszego pobytu kosztowa\u0142 ok1z\u0142. Waluta jest stosowana w ca\u0142ym kraju a p\u0142acenie w innej walucie (np. dolar czy euro) nie jest rozpowszechnione. Nie ma problemu z wymian\u0105 pieni\u0119dzy czy wyp\u0142at\u0105 z bankomat\u00f3w.<\/p>\n<p style=\"text-align: center;\"><a href=\"http:\/\/sebka.cba.pl\/wp-content\/uploads\/2013\/05\/Banknoty-malezyjskie.jpg\"><img loading=\"lazy\" decoding=\"async\" class=\"size-full wp-image-451 aligncenter\" style=\"border: 1px solid black; margin-top: 1px; margin-bottom: 1px;\" title=\"Banknoty malezyjskie\" src=\"http:\/\/sebka.cba.pl\/wp-content\/uploads\/2013\/05\/Banknoty-malezyjskie.jpg\" alt=\"\" width=\"346\" height=\"400\" srcset=\"https:\/\/nieczekaj.blog\/wp-content\/uploads\/2013\/05\/Banknoty-malezyjskie.jpg 346w, https:\/\/nieczekaj.blog\/wp-content\/uploads\/2013\/05\/Banknoty-malezyjskie-259x300.jpg 259w\" sizes=\"auto, (max-width: 346px) 100vw, 346px\" \/><\/a><\/p>\n<p style=\"text-align: left;\"><strong>Przyk\u0142adowe ceny (\u015brednio):<\/strong><\/p>\n<p style=\"text-align: left; padding-left: 30px;\">* <strong>nocleg<\/strong> dla dw\u00f3ch os\u00f3b (tani hostel z wiatrakiem, trzeba si\u0119 targowa\u0107) &#8211; 25 &#8211; 30 RM (przelicznik jest tak prosty, \u017ce nie b\u0119d\u0119 podawa\u0107 w cen z\u0142)<br \/>\n* <strong>roti<\/strong>\u00a0 ze straganu &#8211; 1RM<br \/>\n* <strong>murtaba<\/strong> &#8211; 6RM<br \/>\n* <strong>znaczek<\/strong> &#8211; 0,5RM<br \/>\n* <strong>bilety do muzeum<\/strong> &#8211; 7-8RM<br \/>\n* <strong>kolacja dla 2 os\u00f3b<\/strong> w knajpce &#8211; ok20RM<\/p>\n<p>* <strong>internet<\/strong> (1 godz) &#8211; 2-3RM<br \/>\n* <strong>znaczek<\/strong> &#8211; 0,5RM<\/p>\n<p>* <strong style=\"text-align: left;\">autobus<\/strong> &#8211; ceny bardzo podobne do Polskich, np. bilet na autobus nocny z Kota Bharu do Melakki (ca\u0142onocna jazda) &#8211; ok50RM.<\/p>\n<p style=\"text-align: left;\">Og\u00f3lnie ceny w Malezji s\u0105 wy\u017csze ni\u017c w Tajlandii czy w Kambod\u017cy, por\u00f3wnywalne z Polskimi (mo\u017ce z wyj\u0105tkiem noclegu &#8211; tu jednak ta\u0144szy). Mniej jest te\u017c ulicznych stoisk z jedzeniem (w por\u00f3wnaniu z Tajlandi\u0105). Za to co i rusz s\u0105 knajpki z przepyszn\u0105 kuchni\u0105 indyjsk\u0105 &#8211; mniam mniam!<\/p>\n<h2 style=\"text-align: center;\">Telekomunikacja<\/h2>\n<p style=\"text-align: left;\"><strong>Kafejki internetowe s\u0105 dost\u0119pne niemal w ka\u017cdym mie\u015bcie.<\/strong> Jak zawsze problemem mo\u017ce by\u0107 szybko\u015b\u0107 po\u0142\u0105czenia (cz\u0119sto starcz\u0105 tylko na sprawdzenia maila) oraz ich stopie\u0144 zawirusowania. Na terenie Malezji korzystali\u015bmy z kom\u00f3rki na karcie malezyjskiej.<\/p>\n<h2 style=\"text-align: center;\">Transport w Malezji<\/h2>\n<p style=\"text-align: left;\"><strong>Autobusy<\/strong> &#8211; \u015bwietny spos\u00f3b transportu. W\u0142a\u015bciwie jedyny, z kt\u00f3rego korzystali\u015bmy \ud83d\ude42 Drogi proste i p\u0142askie, autobusy \u0142adne i czyste, ceny bilet\u00f3w zbli\u017cone do Polskich. Zn\u00f3w jest wielu r\u00f3\u017cnych przewo\u017anik\u00f3w ale zgromadzeni zazwyczaj na jednym dworcu wi\u0119c mo\u017cna sobie wybra\u0107. Raczej niezawodne &#8211; przynajmniej nas nie zawiod\u0142y:)<\/p>\n<h2 style=\"text-align: center;\">Kr\u00f3tkie rady praktyczne<\/h2>\n<p style=\"text-align: left;\"><strong>Nie bierzcie pokoi z klimatyzacj\u0105 &#8211; lepiej z wiatrakiem (fan)<\/strong> &#8211; zn\u00f3w si\u0119 powtarzamy ale tak jest naprawd\u0119 lepiej! W ten spos\u00f3b szybciej przyzwyczaicie si\u0119 do upa\u0142\u00f3w i wilgotno\u015bci powietrza. \u0141atwiej b\u0119dzie zwiedza\u0107 i porusza\u0107 si\u0119 ta\u0144szymi \u015brodkami transportu.<\/p>\n<p><strong>Repelenty na komary i inne owady<\/strong> &#8211; dost\u0119pne r\u00f3\u017cne rodzaje &#8220;naturalne&#8221; (z traw\u0105 cytrynow\u0105) i z DEETem. Te pierwsze potrafi\u0105 by\u0107 skuteczne i mi\u0142o pachn\u0105 (a dodatkowo s\u0105 ta\u0144sze)<\/p>\n<p><strong>Targujcie si\u0119<\/strong> &#8211; bana\u0142 w Azji ale wart przypomnienia &#8211; poza sezonem cz\u0119sto w ma\u0142ych hostelach (przy d\u0142u\u017cszym ni\u017c jednonocnym pobycie) mo\u017cna co\u015b stargowa\u0107.<\/p>\n<p><strong>Nie odwiedzajcie<\/strong> tylko tzw. TOPu. Pospacerujcie po okolicach i pojed\u017acie gdzie\u015b wg\u0142\u0105b kraju.<\/p>\n<h2 style=\"text-align: center;\">Gdzie byli\u015bmy<\/h2>\n<h3><a title=\"Wyspa Penang - informacje praktyczne\" href=\"https:\/\/nieczekaj.blog\/index.php\/nasze-przewodniki\/azja\/malezja\/458-2\/\">-Wyspa Penang<\/a><br \/>\n<a title=\"Cameron Highlands\" href=\"https:\/\/nieczekaj.blog\/index.php\/nasze-przewodniki\/azja\/malezja\/cameron-highlands\/\">&#8211; Cameron Highlands<br \/>\n<\/a><a title=\"Malakka\" href=\"https:\/\/nieczekaj.blog\/index.php\/nasze-przewodniki\/azja\/malezja\/malakka\/\">&#8211; Malakka<\/a><\/h3>\n<h2 style=\"text-align: center;\">\u00a0Co nas zadziwi\u0142o<\/h2>\n<p style=\"text-align: left;\"><strong>Oto lista zdziwie\u0144:<\/strong><\/p>\n<p style=\"text-align: left; padding-left: 30px;\">* ma\u0142e Indie &#8211; czyli dzielnice naprawd\u0119 i\u015bcie indyjskie z muzyk\u0105, jedzeniem, sklepami&#8230;normalnie Indie<br \/>\n* bia\u0142a herbata &#8211; to nie nasza coraz bardziej popularna bia\u0142a herbata prawie bez smaku. To czarna herbata z mlekiem i cukrem &#8211; mo\u017ce stanowi\u0107 niemi\u0142e zaskoczenie.<br \/>\n* ceny bilet\u00f3w autobusowych &#8211; bardziej polskie ni\u017c tajskie<br \/>\n* ceny da\u0144 w knajpkach indyjskich &#8211; zn\u00f3w mniej tajskie<br \/>\n* wsp\u00f3\u0142czesny klimat kolonialny<br \/>\n* zr\u00f3\u017cnicowanie etniczne<br \/>\n* jedzenie ry\u017cu palcami (nie\u0142atwe) &#8211; w sumie po Laosie nie powinno nas to dziwi\u0107 ale tu jednak tak by\u0142o w knajpkach&#8230;<br \/>\n* jedzenie na bananowych li\u015bciach &#8211; c\u00f3\u017c za oszcz\u0119dno\u015b\u0107 w por\u00f3wnaniu z talerzami:)<\/p>\n<address style=\"padding-left: 30px; text-align: center;\"><a href=\"http:\/\/sebka.cba.pl\/wp-content\/uploads\/2013\/05\/Fabryka-Batiku.jpg\"><img loading=\"lazy\" decoding=\"async\" class=\"size-full wp-image-468 aligncenter\" style=\"border: 1px solid black; margin-top: 1px; margin-bottom: 1px;\" title=\"Fabryka Batiku\" src=\"http:\/\/sebka.cba.pl\/wp-content\/uploads\/2013\/05\/Fabryka-Batiku.jpg\" alt=\"\" width=\"400\" height=\"267\" srcset=\"https:\/\/nieczekaj.blog\/wp-content\/uploads\/2013\/05\/Fabryka-Batiku.jpg 400w, https:\/\/nieczekaj.blog\/wp-content\/uploads\/2013\/05\/Fabryka-Batiku-300x200.jpg 300w\" sizes=\"auto, (max-width: 400px) 100vw, 400px\" \/><\/a> Georgetown, fabryka batiku<\/address>\n<h3>Je\u015bli macie jakie\u015b pytania piszcie na sebka.pl(malpa)gmail.com Postaramy si\u0119 uzupe\u0142nia\u0107 zawarte w po\u015bcie informacje.<\/h3>\n<h3>Pozdrawiam,<br \/>\nKasia<\/h3>\n","protected":false},"excerpt":{"rendered":"<p>Malezja okre\u015blana jest przez niekt\u00f3rych mianem &#8220;wielokulturowego tygla&#8221;. Inni uznaj\u0105 j\u0105 za Azjatyckiego Tygrysa w zakresie rozwoju biznesu i przemys\u0142u. Jeszcze inni mog\u0105 dostrzec w niej cechy kraju o silnym [&hellip;]<\/p>\n","protected":false},"author":1,"featured_media":0,"parent":1329,"menu_order":0,"comment_status":"open","ping_status":"open","template":"","meta":{"om_disable_all_campaigns":false,"_monsterinsights_skip_tracking":false,"_monsterinsights_sitenote_active":false,"_monsterinsights_sitenote_note":"","_monsterinsights_sitenote_category":0,"_s2mail":"yes","ngg_post_thumbnail":0,"footnotes":""},"class_list":["post-448","page","type-page","status-publish","hentry"],"_links":{"self":[{"href":"https:\/\/nieczekaj.blog\/index.php\/wp-json\/wp\/v2\/pages\/448","targetHints":{"allow":["GET"]}}],"collection":[{"href":"https:\/\/nieczekaj.blog\/index.php\/wp-json\/wp\/v2\/pages"}],"about":[{"href":"https:\/\/nieczekaj.blog\/index.php\/wp-json\/wp\/v2\/types\/page"}],"author":[{"embeddable":true,"href":"https:\/\/nieczekaj.blog\/index.php\/wp-json\/wp\/v2\/users\/1"}],"replies":[{"embeddable":true,"href":"https:\/\/nieczekaj.blog\/index.php\/wp-json\/wp\/v2\/comments?post=448"}],"version-history":[{"count":10,"href":"https:\/\/nieczekaj.blog\/index.php\/wp-json\/wp\/v2\/pages\/448\/revisions"}],"predecessor-version":[{"id":1426,"href":"https:\/\/nieczekaj.blog\/index.php\/wp-json\/wp\/v2\/pages\/448\/revisions\/1426"}],"up":[{"embeddable":true,"href":"https:\/\/nieczekaj.blog\/index.php\/wp-json\/wp\/v2\/pages\/1329"}],"wp:attachment":[{"href":"https:\/\/nieczekaj.blog\/index.php\/wp-json\/wp\/v2\/media?parent=448"}],"curies":[{"name":"wp","href":"https:\/\/api.w.org\/{rel}","templated":true}]}}