{"id":458,"date":"2013-05-30T18:46:42","date_gmt":"2013-05-30T16:46:42","guid":{"rendered":"http:\/\/sebka.cba.pl\/?page_id=458"},"modified":"2014-05-16T18:23:22","modified_gmt":"2014-05-16T16:23:22","slug":"458-2","status":"publish","type":"page","link":"https:\/\/nieczekaj.blog\/index.php\/nasze-przewodniki\/azja\/malezja\/458-2\/","title":{"rendered":"Wyspa Penang"},"content":{"rendered":"<h3 title=\"Silhanouk Ville - blog\">Polecamy nasze <a title=\"INFORMACJE OG\u00d3LNE  o Malezji\" href=\"https:\/\/nieczekaj.blog\/index.php\/nasze-przewodniki\/azja\/malezja\/\">INFORMACJE OG\u00d3LNE o Malezji<\/a> i nasze wra\u017cenia na gor\u0105co opisane na blogu: <a title=\"Wyspa Penang - blog\" href=\"http:\/\/sebka.travellerspoint.com\/39\/\">Wyspa Penang<\/a> .<\/h3>\n<address style=\"text-align: center;\"><a href=\"http:\/\/sebka.cba.pl\/wp-content\/uploads\/2013\/05\/Georgetown.jpg\"><img loading=\"lazy\" decoding=\"async\" class=\"size-full wp-image-465 aligncenter\" style=\"border: 1px solid black; margin-top: 1px; margin-bottom: 1px;\" title=\"Georgetown\" src=\"http:\/\/sebka.cba.pl\/wp-content\/uploads\/2013\/05\/Georgetown.jpg\" alt=\"\" width=\"400\" height=\"267\" srcset=\"https:\/\/nieczekaj.blog\/wp-content\/uploads\/2013\/05\/Georgetown.jpg 400w, https:\/\/nieczekaj.blog\/wp-content\/uploads\/2013\/05\/Georgetown-300x200.jpg 300w\" sizes=\"auto, (max-width: 400px) 100vw, 400px\" \/><\/a> Georgetown &#8211; pere\u0142ka architektury<\/address>\n<h2 style=\"text-align: center;\">Og\u00f3lnie<\/h2>\n<p><strong>Georgetown i ca\u0142a wyspa Penang<\/strong> &#8211; Bardzo malownicze miasto: pe\u0142ne kolonialnego wdzi\u0119ku i kulturowych kontrast\u00f3w (tak pi\u0119knych dzielnic indyjskich nie widzieli\u015bmy nigdzie indziej w Malezji).\u00a0 Miasto jest na pewno w TOP10 ka\u017cdego przewodnika ale nie odnosi si\u0119 wra\u017cenia, \u017ce jest nastawione tylko na turyst\u00f3w &#8211; wszystko tu \u017cyje swoim \u017cyciem a tury\u015bci to tylko stylowy dodatek.<\/p>\n<h2 style=\"text-align: center;\">Gdzie spa\u0107 i zje\u015b\u0107?<\/h2>\n<p><strong>Nie b\u0119dziemy kopiowa\u0107 przewodnika LP, wi\u0119c napisz\u0119 tylko, \u017ce znalezienie noclegu i posi\u0142ku nie stanowi problemu.<\/strong> Jak zazwyczaj w tak popularnych miejscach \u0142atwo znale\u017a\u0107 ca\u0142e zag\u0142\u0119bia hoteli. Cho\u0107 uwaga! Czasem warto rezerwowa\u0107 z wyprzedzeniem &#8211; gdy my przyjechali\u015bmy w kilku hotelach powiedziano nam, \u017ce maj\u0105 komplet.<\/p>\n<p><strong>Polecany hostel: Stardust<\/strong> &#8211; ma\u0142e pokoje, czyta \u0142azienka z ciep\u0142\u0105 wod\u0105 &#8211; 25z\u0142.<\/p>\n<p><strong>W kwestii jedzenia radz\u0119 spr\u00f3bowa\u0107 kuchni hinduskiej<\/strong> &#8211; bardzo bardzo dobry jest nan z serem!<\/p>\n<p style=\"text-align: center;\"><a href=\"http:\/\/sebka.cba.pl\/wp-content\/uploads\/2013\/05\/Indyjskie-jedzenie.jpg\"><img loading=\"lazy\" decoding=\"async\" class=\"size-full wp-image-463 aligncenter\" style=\"border: 1px solid black; margin-top: 1px; margin-bottom: 1px;\" title=\"Indyjskie jedzenie\" src=\"http:\/\/sebka.cba.pl\/wp-content\/uploads\/2013\/05\/Indyjskie-jedzenie.jpg\" alt=\"\" width=\"400\" height=\"267\" srcset=\"https:\/\/nieczekaj.blog\/wp-content\/uploads\/2013\/05\/Indyjskie-jedzenie.jpg 400w, https:\/\/nieczekaj.blog\/wp-content\/uploads\/2013\/05\/Indyjskie-jedzenie-300x200.jpg 300w\" sizes=\"auto, (max-width: 400px) 100vw, 400px\" \/><\/a><\/p>\n<address style=\"text-align: center;\">Nasze jedno z pierwszych indyjskich da\u0144<\/address>\n<h2 style=\"text-align: center;\">Co warto?<\/h2>\n<p><strong>Dla nas g\u0142\u00f3wn\u0105 atrakcj\u0105 miasta Georgetown by\u0142a jego atmosfera<\/strong>&#8230;z jednej strony kolonializm w najpi\u0119kniejszym wydaniu, z drugiej wyra\u017ane odr\u00f3\u017cniaj\u0105ce si\u0119 dzielnice chi\u0144ska i indyjska! Je\u015bli chodzi o zabytki to nie zwiedzali\u015bmy wi\u0119c niewiele mo\u017cemy powiedzie\u0107. W odleg\u0142ej od centrum miasta dzielnicy (dojazd autobusem miejskim) znajduje si\u0119 ogromna \u015bwi\u0105tynia hinduska (w\u0142a\u015bciwie jest tam ogromna statua jednego z b\u00f3stw &#8211; co\u015b ala nasz \u015awiebodzin) &#8211; \u0142adny kompleks, warto zobaczy\u0107!<\/p>\n<p><strong>Ca\u0142a wyspa Penang, poza miastem Georgetown, jest raczej nastawiona na pla\u017cowanie<\/strong> i opalanie w mniejszym lub wi\u0119kszym luksusie. Ale bardzo polecamy odwiedzenie fabryki Batiku, w drodze z Georgetwon na pla\u017c\u0119.<\/p>\n<address style=\"text-align: center;\">\u00a0<a href=\"http:\/\/sebka.cba.pl\/wp-content\/uploads\/2013\/05\/Georgetown-ogromna-\u015bwi\u0105tynia.jpg\"><img loading=\"lazy\" decoding=\"async\" class=\"size-full wp-image-464 aligncenter\" style=\"border: 1px solid black; margin-top: 1px; margin-bottom: 1px;\" title=\"Georgetown - ogromna \u015bwi\u0105tynia\" src=\"http:\/\/sebka.cba.pl\/wp-content\/uploads\/2013\/05\/Georgetown-ogromna-\u015bwi\u0105tynia.jpg\" alt=\"\" width=\"400\" height=\"267\" srcset=\"https:\/\/nieczekaj.blog\/wp-content\/uploads\/2013\/05\/Georgetown-ogromna-\u015bwi\u0105tynia.jpg 400w, https:\/\/nieczekaj.blog\/wp-content\/uploads\/2013\/05\/Georgetown-ogromna-\u015bwi\u0105tynia-300x200.jpg 300w\" sizes=\"auto, (max-width: 400px) 100vw, 400px\" \/><\/a>Georgetown, hinduska \u015bwi\u0105tynia<\/address>\n<h3>Je\u015bli macie jakie\u015b pytania piszcie na NieCzekaj.eu(malpa)gmail.com &#8211; postaramy si\u0119 odpowiedzie\u0107 w miar\u0119 naszej pami\u0119ci:)<\/h3>\n<h3>Pozdrawiam,<br \/>\nKasia<\/h3>\n","protected":false},"excerpt":{"rendered":"<p>Polecamy nasze INFORMACJE OG\u00d3LNE o Malezji i nasze wra\u017cenia na gor\u0105co opisane na blogu: Wyspa Penang . Georgetown &#8211; pere\u0142ka architektury Og\u00f3lnie Georgetown i ca\u0142a wyspa Penang &#8211; Bardzo malownicze [&hellip;]<\/p>\n","protected":false},"author":1,"featured_media":0,"parent":448,"menu_order":0,"comment_status":"open","ping_status":"open","template":"","meta":{"om_disable_all_campaigns":false,"_monsterinsights_skip_tracking":false,"_monsterinsights_sitenote_active":false,"_monsterinsights_sitenote_note":"","_monsterinsights_sitenote_category":0,"_s2mail":"yes","ngg_post_thumbnail":0,"footnotes":""},"class_list":["post-458","page","type-page","status-publish","hentry"],"_links":{"self":[{"href":"https:\/\/nieczekaj.blog\/index.php\/wp-json\/wp\/v2\/pages\/458","targetHints":{"allow":["GET"]}}],"collection":[{"href":"https:\/\/nieczekaj.blog\/index.php\/wp-json\/wp\/v2\/pages"}],"about":[{"href":"https:\/\/nieczekaj.blog\/index.php\/wp-json\/wp\/v2\/types\/page"}],"author":[{"embeddable":true,"href":"https:\/\/nieczekaj.blog\/index.php\/wp-json\/wp\/v2\/users\/1"}],"replies":[{"embeddable":true,"href":"https:\/\/nieczekaj.blog\/index.php\/wp-json\/wp\/v2\/comments?post=458"}],"version-history":[{"count":7,"href":"https:\/\/nieczekaj.blog\/index.php\/wp-json\/wp\/v2\/pages\/458\/revisions"}],"predecessor-version":[{"id":462,"href":"https:\/\/nieczekaj.blog\/index.php\/wp-json\/wp\/v2\/pages\/458\/revisions\/462"}],"up":[{"embeddable":true,"href":"https:\/\/nieczekaj.blog\/index.php\/wp-json\/wp\/v2\/pages\/448"}],"wp:attachment":[{"href":"https:\/\/nieczekaj.blog\/index.php\/wp-json\/wp\/v2\/media?parent=458"}],"curies":[{"name":"wp","href":"https:\/\/api.w.org\/{rel}","templated":true}]}}