{"id":471,"date":"2013-05-31T16:06:53","date_gmt":"2013-05-31T14:06:53","guid":{"rendered":"http:\/\/sebka.cba.pl\/?page_id=471"},"modified":"2014-05-16T18:22:02","modified_gmt":"2014-05-16T16:22:02","slug":"cameron-highlands","status":"publish","type":"page","link":"https:\/\/nieczekaj.blog\/index.php\/nasze-przewodniki\/azja\/malezja\/cameron-highlands\/","title":{"rendered":"Cameron Highlands"},"content":{"rendered":"<h3 title=\"Wyspa Penang - blog\">Polecamy nasze <a title=\"INFORMACJE OG\u00d3LNE  o Malezji\" href=\"https:\/\/nieczekaj.blog\/index.php\/nasze-przewodniki\/azja\/malezja\/\">INFORMACJE OG\u00d3LNE o Malezji<\/a> i nasze wra\u017cenia na gor\u0105co opisane na blogu: <a title=\"Wy\u017cyna Camerona - blog\" href=\"http:\/\/sebka.travellerspoint.com\/40\/\">Wy\u017cyna Camerona<\/a> .<\/h3>\n<address style=\"text-align: center;\"><a href=\"http:\/\/sebka.cba.pl\/wp-content\/uploads\/2013\/05\/Cameron-Highlands-pola-herbaty.jpg\"><img loading=\"lazy\" decoding=\"async\" class=\"wp-image-473 aligncenter\" style=\"border: 1px solid black; margin-top: 1px; margin-bottom: 1px;\" title=\"Cameron Highlands - pola herbaty\" src=\"http:\/\/sebka.cba.pl\/wp-content\/uploads\/2013\/05\/Cameron-Highlands-pola-herbaty.jpg\" alt=\"\" width=\"400\" height=\"267\" srcset=\"https:\/\/nieczekaj.blog\/wp-content\/uploads\/2013\/05\/Cameron-Highlands-pola-herbaty.jpg 400w, https:\/\/nieczekaj.blog\/wp-content\/uploads\/2013\/05\/Cameron-Highlands-pola-herbaty-300x200.jpg 300w\" sizes=\"auto, (max-width: 400px) 100vw, 400px\" \/><\/a>Cameron Highlands, pola herbaty<\/address>\n<h2 style=\"text-align: center;\">Og\u00f3lnie<\/h2>\n<p><strong>Cameron Highlands, miejscowo\u015b\u0107 Tanah Rata<\/strong> \u2013 wspania\u0142e widoki ju\u017c z autobusu. Pi\u0119kne co tam..nawet przepi\u0119kne pola herbaciane, kapu\u015bciane, porowe i og\u00f3lnowarzywne. Sama miejscowo\u015b\u0107 Tanah Rata nie jest urokliwa ale akceptowalna jako baza wypadowa do w\u0119dr\u00f3wek po okolicy. KONIECZNIE!!!!!!<\/p>\n<h2 style=\"text-align: center;\">Gdzie spa\u0107 i zje\u015b\u0107?<\/h2>\n<p><strong>Nocleg znajduje si\u0119 w\u0142a\u015bciwie sam &#8211; <\/strong>my jechali\u015bmy bez rezerwacji i wi\u0119kszego poj\u0119cia gdzie mo\u017cna spa\u0107 a gdy tylko wyszli\u015bmy z autobusu (a by\u0142o to ju\u017c p\u00f3\u017anym wieczorem) otoczyli nas panowie oferuj\u0105cy noclegi w bardzo przyzwoitych cenach.<strong> <\/strong><\/p>\n<p><strong>Zdecydowali\u015bmy si\u0119 na Two Pines<\/strong> \u2013 bardzo ale to bardzo ma\u0142y pok\u00f3j (chyba nasz namiot jest wi\u0119kszy) ale za to prysznic z ciep\u0142\u0105 wod\u0105 i darmowa wymiana ksi\u0105\u017cek \u2013 20z\u0142.<\/p>\n<p><strong>Restauracji, bar\u00f3w, knajpek i knajpeczek jest bardzo du\u017co! <\/strong>Przewa\u017ca chyba kuchnia hinduska. Na \u015bniadania polecamy roti z miodem i bananem (s\u0142odkie jak ulepek:)).<\/p>\n<h2 style=\"text-align: center;\">Co warto?<\/h2>\n<p><strong>Przede wszystkim warto pospacerowa\u0107 po okolicy!<\/strong> W informacji turystycznej mo\u017cna dosta\u0107 schematyczn\u0105 mapk\u0119 ze szlakami. Rozci\u0105gaj\u0105 si\u0119 tu pola przer\u00f3\u017cne &#8211; od kwiatowych, przez swojskie warzywne a\u017c po przepi\u0119kne herbaciane! S\u0105 tak\u017ce plantacje truskawek! Na wi\u0119kszo\u015bci plantacji (truskawkowych czy herbacianych) mo\u017cna spr\u00f3bowa\u0107 wyrob\u00f3w! BARDZO BARDZO POLECAMY!!!!<\/p>\n<p><strong>Wycieczka po zmroku samochodem lub autobusem!<\/strong> My mieli\u015bmy szcz\u0119\u015bcie i wje\u017cd\u017cali\u015bmy do Cameron Highlands po zmroku. Widoki zapieraj\u0105 dech w piersi: kr\u0119ta droga, g\u00f3ry i co jaki\u015b czas wida\u0107 o\u015bwietlone szklarnie &#8211; nieziemsko!<\/p>\n<address style=\"text-align: center;\"><a href=\"http:\/\/sebka.cba.pl\/wp-content\/uploads\/2013\/05\/Cameron-Highlands-kaktusy.jpg\"><img loading=\"lazy\" decoding=\"async\" class=\"size-full wp-image-472 aligncenter\" style=\"border: 1px solid black; margin-top: 1px; margin-bottom: 1px;\" title=\"Cameron Highlands - kaktusy\" src=\"http:\/\/sebka.cba.pl\/wp-content\/uploads\/2013\/05\/Cameron-Highlands-kaktusy.jpg\" alt=\"\" width=\"400\" height=\"266\" srcset=\"https:\/\/nieczekaj.blog\/wp-content\/uploads\/2013\/05\/Cameron-Highlands-kaktusy.jpg 400w, https:\/\/nieczekaj.blog\/wp-content\/uploads\/2013\/05\/Cameron-Highlands-kaktusy-300x199.jpg 300w\" sizes=\"auto, (max-width: 400px) 100vw, 400px\" \/><\/a>Cameron Highlands, kolorowe kaktusy<\/address>\n<h3>Je\u015bli macie jakie\u015b pytania piszcie na NieCzekaj.eu(malpa)gmail.com &#8211; postaramy si\u0119 odpowiedzie\u0107 w miar\u0119 naszej pami\u0119ci:)<\/h3>\n<h3>Pozdrawiam,<br \/>\nKasia<\/h3>\n","protected":false},"excerpt":{"rendered":"<p>Polecamy nasze INFORMACJE OG\u00d3LNE o Malezji i nasze wra\u017cenia na gor\u0105co opisane na blogu: Wy\u017cyna Camerona . Cameron Highlands, pola herbaty Og\u00f3lnie Cameron Highlands, miejscowo\u015b\u0107 Tanah Rata \u2013 wspania\u0142e widoki [&hellip;]<\/p>\n","protected":false},"author":1,"featured_media":0,"parent":448,"menu_order":0,"comment_status":"open","ping_status":"open","template":"","meta":{"om_disable_all_campaigns":false,"_monsterinsights_skip_tracking":false,"_monsterinsights_sitenote_active":false,"_monsterinsights_sitenote_note":"","_monsterinsights_sitenote_category":0,"_s2mail":"yes","ngg_post_thumbnail":0,"footnotes":""},"class_list":["post-471","page","type-page","status-publish","hentry"],"_links":{"self":[{"href":"https:\/\/nieczekaj.blog\/index.php\/wp-json\/wp\/v2\/pages\/471","targetHints":{"allow":["GET"]}}],"collection":[{"href":"https:\/\/nieczekaj.blog\/index.php\/wp-json\/wp\/v2\/pages"}],"about":[{"href":"https:\/\/nieczekaj.blog\/index.php\/wp-json\/wp\/v2\/types\/page"}],"author":[{"embeddable":true,"href":"https:\/\/nieczekaj.blog\/index.php\/wp-json\/wp\/v2\/users\/1"}],"replies":[{"embeddable":true,"href":"https:\/\/nieczekaj.blog\/index.php\/wp-json\/wp\/v2\/comments?post=471"}],"version-history":[{"count":4,"href":"https:\/\/nieczekaj.blog\/index.php\/wp-json\/wp\/v2\/pages\/471\/revisions"}],"predecessor-version":[{"id":1427,"href":"https:\/\/nieczekaj.blog\/index.php\/wp-json\/wp\/v2\/pages\/471\/revisions\/1427"}],"up":[{"embeddable":true,"href":"https:\/\/nieczekaj.blog\/index.php\/wp-json\/wp\/v2\/pages\/448"}],"wp:attachment":[{"href":"https:\/\/nieczekaj.blog\/index.php\/wp-json\/wp\/v2\/media?parent=471"}],"curies":[{"name":"wp","href":"https:\/\/api.w.org\/{rel}","templated":true}]}}