{"id":475,"date":"2013-05-31T17:29:10","date_gmt":"2013-05-31T15:29:10","guid":{"rendered":"http:\/\/sebka.cba.pl\/?page_id=475"},"modified":"2014-05-16T18:22:36","modified_gmt":"2014-05-16T16:22:36","slug":"malakka","status":"publish","type":"page","link":"https:\/\/nieczekaj.blog\/index.php\/nasze-przewodniki\/azja\/malezja\/malakka\/","title":{"rendered":"Malakka"},"content":{"rendered":"<h3 title=\"Wy\u017cyna Camerona - blog\">Polecamy nasze <a title=\"INFORMACJE OG\u00d3LNE  o Malezji\" href=\"https:\/\/nieczekaj.blog\/index.php\/nasze-przewodniki\/azja\/malezja\/\">INFORMACJE OG\u00d3LNE o Malezji<\/a> i nasze wra\u017cenia na gor\u0105co opisane na blogu: <a title=\"Malakka - blog\" href=\"http:\/\/sebka.travellerspoint.com\/42\/\">Malakka<\/a> .<\/h3>\n<address style=\"text-align: center;\"><a href=\"http:\/\/sebka.cba.pl\/wp-content\/uploads\/2013\/05\/Malakka-bulwary-noc\u0105.jpg\"><img loading=\"lazy\" decoding=\"async\" class=\"size-full wp-image-476 aligncenter\" style=\"border: 1px solid black; margin-top: 1px; margin-bottom: 1px;\" title=\"Malakka - bulwary noc\u0105\" src=\"http:\/\/sebka.cba.pl\/wp-content\/uploads\/2013\/05\/Malakka-bulwary-noc\u0105.jpg\" alt=\"\" width=\"400\" height=\"267\" srcset=\"https:\/\/nieczekaj.blog\/wp-content\/uploads\/2013\/05\/Malakka-bulwary-noc\u0105.jpg 400w, https:\/\/nieczekaj.blog\/wp-content\/uploads\/2013\/05\/Malakka-bulwary-noc\u0105-300x200.jpg 300w\" sizes=\"auto, (max-width: 400px) 100vw, 400px\" \/><\/a> Malakka, bulwary noc\u0105<\/address>\n<h2 style=\"text-align: center;\">Og\u00f3lnie<\/h2>\n<p title=\"Wyspa Penang - blog\"><strong>Melaka \u2013 stolica powiedzia\u0142abym kulturalna.<\/strong> Par\u0119 zabytk\u00f3w, kilka muze\u00f3w (\u015bwietne muzeum na statku!!!), pi\u0119kne uliczki i mi\u0142a, spokojna atmosfera. Czu\u0107 jednak powiew wielkiego miasta (galerie handlowe jak si\u0119 patrzy). Warto poby\u0107 kilka dni.<\/p>\n<h2 style=\"text-align: center;\">Gdzie spa\u0107 i zje\u015b\u0107?<\/h2>\n<p title=\"Wyspa Penang - blog\"><strong>Malakka swoj\u0105 klas\u0119 ma a co za tym idzie dost\u0119pno\u015b\u0107 tanich miejsc noclegowych jest do\u015b\u0107 ograniczona.<\/strong> Jak zawsze wi\u0119kszo\u015b\u0107 hoteli zlokalizowanych jest w centrum ale ci\u0119\u017cko tu m\u00f3wi\u0107 o wyr\u00f3\u017cniaj\u0105cej si\u0119 dzielnicy hostelowej. Radzimy rozejrze\u0107 si\u0119 za noclegiem przed przyjazdem &#8211; turyst\u00f3w jest tu zawsze du\u017co, warto wi\u0119c zarezerwowa\u0107 pok\u00f3j.<\/p>\n<p title=\"Wyspa Penang - blog\"><strong>Polecany hostel: Old Town Guest House<\/strong> \u2013 to p\u00f3ki co nasz idea\u0142 spo\u015br\u00f3d wszystkich hoteli, w jakich przysz\u0142o nam spa\u0107 \u2013 pi\u0119knie wyposa\u017cony, ciep\u0142a woda, tani internet, mi\u0142a pani. i naprawd\u0119 \u0141ADNY!!! Jedyna wada to brak moskitiery w oknach. Cena 30z\u0142.<\/p>\n<p title=\"Wyspa Penang - blog\">Og\u00f3lnie\u00a0 o jedzeniu pisa\u0107 nie b\u0119d\u0119, bo jest tak jak wsz\u0119dzie w Malezji \u0142atwo\/tanio dost\u0119pne. <strong>Na uwag\u0119 zas\u0142uguje jednak kilka fakt\u00f3w gastronomicznych, z kt\u00f3rymi spotkali\u015bmy si\u0119 tylko w Malakce.<\/strong><\/p>\n<p style=\"padding-left: 30px;\" title=\"Wyspa Penang - blog\">1) <strong>w kilku barach z kuchni\u0105 hindusk\u0105 podano nam<\/strong> jedzenie bez sztu\u0107c\u00f3w za to na li\u015bciu w charakterze talerza &#8211; ciekawe!<\/p>\n<p style=\"padding-left: 30px;\" title=\"Wyspa Penang - blog\">2) <strong>polecany przez przewodnik bar z foundi<\/strong>, w kt\u00f3rym r\u00f3\u017cne rzeczy moczy si\u0119 w specjalnym sosie orzeszkowym &#8211; do\u015b\u0107 drogo ale interesuj\u0105co!<\/p>\n<address style=\"padding-left: 30px; text-align: center;\" title=\"Wyspa Penang - blog\"><a href=\"http:\/\/sebka.cba.pl\/wp-content\/uploads\/2013\/05\/Malakka-jedzenie-na-li\u015bciu.jpg\"><img loading=\"lazy\" decoding=\"async\" class=\"size-full wp-image-477 aligncenter\" style=\"border: 1px solid black; margin-top: 1px; margin-bottom: 1px;\" title=\"Malakka - jedzenie na li\u015bciu\" src=\"http:\/\/sebka.cba.pl\/wp-content\/uploads\/2013\/05\/Malakka-jedzenie-na-li\u015bciu.jpg\" alt=\"\" width=\"400\" height=\"266\" srcset=\"https:\/\/nieczekaj.blog\/wp-content\/uploads\/2013\/05\/Malakka-jedzenie-na-li\u015bciu.jpg 400w, https:\/\/nieczekaj.blog\/wp-content\/uploads\/2013\/05\/Malakka-jedzenie-na-li\u015bciu-300x199.jpg 300w\" sizes=\"auto, (max-width: 400px) 100vw, 400px\" \/><\/a> Malakka, jedzenie na li\u015bciu<\/address>\n<h2 style=\"text-align: center;\">Co warto?<\/h2>\n<p>1) pospacerowa\u0107 po mie\u015bcie &#8211; zawsze warto ale tu w szczeg\u00f3lno\u015bci, bo miasto jest \u0142adniutkie!<\/p>\n<p>2) pozwiedza\u0107 muzea zw\u0142aszcza muzeum na statku! &#8211; nie pami\u0119tam czego muzeum to by\u0142o ale sam statek i opis historii podboj\u00f3w Malakki robi\u0142y wra\u017cenie! My odwiedzili\u015bmy jeszcze Muzeum Islamu, Pi\u0119kna, dom zamo\u017cnej chi\u0144skiej rodziny i ogrody przy pa\u0142acu. Wszystkie te miejsca polecamy!<\/p>\n<p>3) pojecha\u0107 przy okazji do Kuala Lumpur! &#8211; to jest naprawd\u0119 blisko a warto zobaczy\u0107 prawdziw\u0105 azjatyck\u0105 d\u017cungl\u0119 miejsk\u0105 w najlepszym wydaniu!<\/p>\n<address style=\"text-align: center;\"><a href=\"http:\/\/sebka.cba.pl\/wp-content\/uploads\/2013\/05\/Kuala-Lumpur.jpg\"><img loading=\"lazy\" decoding=\"async\" class=\"size-full wp-image-478 aligncenter\" style=\"border: 1px solid black; margin-top: 1px; margin-bottom: 1px;\" title=\"Kuala Lumpur\" src=\"http:\/\/sebka.cba.pl\/wp-content\/uploads\/2013\/05\/Kuala-Lumpur.jpg\" alt=\"\" width=\"267\" height=\"401\" srcset=\"https:\/\/nieczekaj.blog\/wp-content\/uploads\/2013\/05\/Kuala-Lumpur.jpg 267w, https:\/\/nieczekaj.blog\/wp-content\/uploads\/2013\/05\/Kuala-Lumpur-199x300.jpg 199w\" sizes=\"auto, (max-width: 267px) 100vw, 267px\" \/><\/a>Kuala Lumpur<\/address>\n<h3>Je\u015bli macie jakie\u015b pytania piszcie na NieCzekaj.eu(malpa)gmail.com &#8211; postaramy si\u0119 odpowiedzie\u0107 w miar\u0119 naszej pami\u0119ci:)<\/h3>\n<h3>Pozdrawiam,<br \/>\nKasia<\/h3>\n","protected":false},"excerpt":{"rendered":"<p>Polecamy nasze INFORMACJE OG\u00d3LNE o Malezji i nasze wra\u017cenia na gor\u0105co opisane na blogu: Malakka . Malakka, bulwary noc\u0105 Og\u00f3lnie Melaka \u2013 stolica powiedzia\u0142abym kulturalna. Par\u0119 zabytk\u00f3w, kilka muze\u00f3w (\u015bwietne [&hellip;]<\/p>\n","protected":false},"author":1,"featured_media":0,"parent":448,"menu_order":0,"comment_status":"open","ping_status":"open","template":"","meta":{"om_disable_all_campaigns":false,"_monsterinsights_skip_tracking":false,"_monsterinsights_sitenote_active":false,"_monsterinsights_sitenote_note":"","_monsterinsights_sitenote_category":0,"_s2mail":"yes","ngg_post_thumbnail":0,"footnotes":""},"class_list":["post-475","page","type-page","status-publish","hentry"],"_links":{"self":[{"href":"https:\/\/nieczekaj.blog\/index.php\/wp-json\/wp\/v2\/pages\/475","targetHints":{"allow":["GET"]}}],"collection":[{"href":"https:\/\/nieczekaj.blog\/index.php\/wp-json\/wp\/v2\/pages"}],"about":[{"href":"https:\/\/nieczekaj.blog\/index.php\/wp-json\/wp\/v2\/types\/page"}],"author":[{"embeddable":true,"href":"https:\/\/nieczekaj.blog\/index.php\/wp-json\/wp\/v2\/users\/1"}],"replies":[{"embeddable":true,"href":"https:\/\/nieczekaj.blog\/index.php\/wp-json\/wp\/v2\/comments?post=475"}],"version-history":[{"count":5,"href":"https:\/\/nieczekaj.blog\/index.php\/wp-json\/wp\/v2\/pages\/475\/revisions"}],"predecessor-version":[{"id":1428,"href":"https:\/\/nieczekaj.blog\/index.php\/wp-json\/wp\/v2\/pages\/475\/revisions\/1428"}],"up":[{"embeddable":true,"href":"https:\/\/nieczekaj.blog\/index.php\/wp-json\/wp\/v2\/pages\/448"}],"wp:attachment":[{"href":"https:\/\/nieczekaj.blog\/index.php\/wp-json\/wp\/v2\/media?parent=475"}],"curies":[{"name":"wp","href":"https:\/\/api.w.org\/{rel}","templated":true}]}}