{"id":484,"date":"2013-05-31T18:46:14","date_gmt":"2013-05-31T16:46:14","guid":{"rendered":"http:\/\/sebka.cba.pl\/?page_id=484"},"modified":"2014-05-16T18:27:42","modified_gmt":"2014-05-16T16:27:42","slug":"indonezja","status":"publish","type":"page","link":"https:\/\/nieczekaj.blog\/index.php\/nasze-przewodniki\/azja\/indonezja\/","title":{"rendered":"INDONEZJA"},"content":{"rendered":"<h3>Jako ostatni po\u0142udniowo-wschodnio-azjatycki wpis publikujemy informacje praktyczne dotycz\u0105ce Indonezji a w\u0142a\u015bciwie tylko jej kawa\u0142ka, kt\u00f3ry zwiedzili\u015bmy czyli Sumatry. O Jawie mamy nadziej\u0119 napisa\u0107, gdy kiedy\u015b tam pojedziemy! Mo\u017ce nawet nied\u0142ugo&#8230;.<\/h3>\n<address style=\"text-align: center;\"><a href=\"http:\/\/sebka.cba.pl\/wp-content\/uploads\/2013\/05\/Indonezja-Bank-Indonezji.jpg\"><img loading=\"lazy\" decoding=\"async\" class=\"size-full wp-image-486 aligncenter\" style=\"margin-top: 1px; margin-bottom: 1px; border: 1px solid black;\" title=\"Indonezja - Bank Indonezji\" src=\"http:\/\/sebka.cba.pl\/wp-content\/uploads\/2013\/05\/Indonezja-Bank-Indonezji.jpg\" alt=\"\" width=\"450\" height=\"261\" srcset=\"https:\/\/nieczekaj.blog\/wp-content\/uploads\/2013\/05\/Indonezja-Bank-Indonezji.jpg 450w, https:\/\/nieczekaj.blog\/wp-content\/uploads\/2013\/05\/Indonezja-Bank-Indonezji-300x174.jpg 300w\" sizes=\"auto, (max-width: 450px) 100vw, 450px\" \/><\/a><\/address>\n<h2 style=\"text-align: center;\">Kiedy jecha\u0107<\/h2>\n<p><strong>Poza sezonem turystycznym<\/strong> tzn. na wiosn\u0119 lub jesieni\u0105. My byli\u015bmy na prze\u0142owmie listopada i grudnia i zdecydowanie polecamy ten czas! Temperatura ok 25-35stopni, pi\u0119kne s\u0142o\u0144ce, deszczyk od czasu do czasu!<\/p>\n<h2 style=\"text-align: center;\">Przej\u015bcia graniczne\/Wizy<\/h2>\n<p><strong>Do Indonezji dotarli\u015bmy bardzo \u015brednim promem<\/strong> &#8211; z Melaki do paskudnego miasta Dumai (bilet kosztowa\u0142 ok. <em>110z\u0142\/os<\/em>). W Dumai odleg\u0142o\u015b\u0107 mi\u0119dzy przystani\u0105 a dworcem autobusowym jest na tyle du\u017ca, \u017ce chyba warto skusi\u0107 si\u0119 na jak\u0105\u015b taks\u00f3wk\u0119 (my si\u0119 nie skusili\u015bmy i szli\u015bmy jak dwa ma\u0142e \u017cuczki wzbudzaj\u0105c zaciekawienie mieszka\u0144c\u00f3w).<br \/>\nWiz\u0119 mo\u017cna kupi\u0107 bez problemu na przystani, przy odprawie paszportowej (za naszych czas\u00f3w kosztowa\u0142a <em>25$\/os\/30dni<\/em>).<br \/>\nIndonezj\u0119 opuszczali\u015bmy ju\u017c na pok\u0142adzie samolotu KLM, wi\u0119c tu chyba nie ma zbyt wiele do napisania. Na lotnisko w D\u017cakarcie kursuj\u0105 regularnie autobusy z centrum miasta &#8211; elegancko podpisane, nie da si\u0119 nie zauwa\u017cy\u0107. W Indonezji niestety obowi\u0105zuje op\u0142ata wyjazdowa:(<\/p>\n<p><strong>Informacje na temat wizy<\/strong> znajdziecie na stronie internetowej <a title=\"Informacje o wizie do Indonezji\" href=\"http:\/\/www.indonesianembassy.pl\/home.php?link=dtl&amp;&amp;id=130&amp;&amp;ids=252\">Ambasady Indonezji<\/a>.<\/p>\n<h2 style=\"text-align: center;\">Zdrowie<\/h2>\n<p><strong>Dla os\u00f3b czytaj\u0105cych poprzednie wpisy o Azji po\u0142udniowo-wschodniej nic nowego<\/strong> &#8211; Indonezja le\u017cy w tej samej &#8220;chorobowej&#8221; strefie co Malezja. O list\u0119 przydatnych szczepionek mo\u017cna zapyta\u0107 w centrach szczepie\u0144. W Warszawie polecamy <a title=\"Szpital Zaka\u017any\" href=\"http:\/\/www.zakazny.pl\">Centrum chor\u00f3b zaka\u017anych<\/a> lub dro\u017csze <a title=\"Centrum Szczepie\u0144\" href=\"http:\/\/www.wsse.webserwer.pl\/\">centrum szczepie\u0144<\/a> .<\/p>\n<p><strong>Oczywi\u015bcie \u015brodki antykomarne si\u0119 przydadz\u0105 bardzo!<\/strong> Co do antymalarycznych lek\u00f3w to z w\u0142asnego do\u015bwiadczenia mo\u017cemy napisa\u0107, \u017ce nie taki Lariam straszny jakim go maluj\u0105 &#8211; nam si\u0119 nic po nim nie dzia\u0142o.<\/p>\n<h2 style=\"text-align: center;\">Ceny i waluta<\/h2>\n<p><strong>Walut\u0105 Indonezji jest rupia indonezyjska (IDR).<\/strong> Podczas naszego pobytu przelicznik by\u0142 z grubsza taki: 1z\u0142 = 3000 IDR. Waluta jest stosowana w ca\u0142ym kraju a p\u0142acenie w innej walucie (np. dolar czy euro) nie jest rozpowszechnione. Nie ma problemu z wymian\u0105 pieni\u0119dzy czy wyp\u0142at\u0105 z bankomat\u00f3w (o ile s\u0105, bo w mniejszych wioskach raczej o nie trudno).<\/p>\n<p style=\"text-align: center;\"><a href=\"http:\/\/sebka.cba.pl\/wp-content\/uploads\/2013\/05\/Indonezyjskie-banknoty.jpg\"><img loading=\"lazy\" decoding=\"async\" class=\"size-full wp-image-485 aligncenter\" style=\"border: 1px solid black; margin-top: 1px; margin-bottom: 1px;\" title=\"Indonezyjskie banknoty\" src=\"http:\/\/sebka.cba.pl\/wp-content\/uploads\/2013\/05\/Indonezyjskie-banknoty.jpg\" alt=\"\" width=\"291\" height=\"400\" srcset=\"https:\/\/nieczekaj.blog\/wp-content\/uploads\/2013\/05\/Indonezyjskie-banknoty.jpg 291w, https:\/\/nieczekaj.blog\/wp-content\/uploads\/2013\/05\/Indonezyjskie-banknoty-218x300.jpg 218w\" sizes=\"auto, (max-width: 291px) 100vw, 291px\" \/><\/a><\/p>\n<p><strong>Przyk\u0142adowe ceny (\u015brednio):<\/strong><\/p>\n<p style=\"padding-left: 30px;\">* <strong>nocleg<\/strong> dla dw\u00f3ch os\u00f3b (tani hostel z wiatrakiem, trzeba si\u0119 targowa\u0107) &#8211; 20-25z\u0142 (trafi\u0142 si\u0119 nocleg nawet za 8z\u0142 ale o tym poni\u017cej)<br \/>\n* <strong>woda<\/strong>\u00a0 du\u017ca butelka &#8211; 2z\u0142<br \/>\n* <strong>kolacja<\/strong> dla 2 os\u00f3b &#8211; 10-20z\u0142<br \/>\n* <strong>wielka pajda<\/strong> chleba tostowego z czekolad\u0105 i orzeszkami ziemnymi &#8211; 3z\u0142 (wi\u0119cej ni\u017c jednej pajdy na raz nie da si\u0119 zje\u015b\u0107 &#8211; za s\u0142odko!)<\/p>\n<p style=\"padding-left: 30px;\">* <strong>internet<\/strong> (1 godz) &#8211; 1-1,5z\u0142<br \/>\n* <strong>busik<\/strong> na kr\u00f3tkie dystanse &#8211; 2-5z\u0142<\/p>\n<p style=\"padding-left: 30px;\">* <strong>autobus<\/strong> &#8211; ceny zale\u017c\u0105 od standardu autobusu i s\u0105 cz\u0119sto baaaaaaaardzo naci\u0105gane dla turyst\u00f3w. Trzeba si\u0119 targowa\u0107, bo mo\u017cna sporo przep\u0142aci\u0107. My si\u0119 targowali\u015bmy ale i tak raz nas zrobili na szaro \ud83d\ude41 Przyk\u0142adowe ceny za przejazdy:<\/p>\n<p>&#8211; <strong>Dumai &#8211; Medan<\/strong>: 35z\u0142<br \/>\n&#8211; <strong>Jezioro Toba &#8211; Bukkitinggi:<\/strong> 47z\u0142<br \/>\n&#8211; <strong>Bukkitinggi &#8211; D\u017cakarta:<\/strong> 83z\u0142 (ALE: to mia\u0142a by\u0107 bardzo skutecznie stargowana stawka za przejazd klimatyzowanym autobusem, sko\u0144czy\u0142o si\u0119 niestety w autobusie klasy poni\u017cej wszelkiej krytyki)<\/p>\n<p>Og\u00f3lnie ceny jedzenia w Indonezji s\u0105 por\u00f3wnywalne do tajskich czyli bardzo mi\u0142e:) Noclegi s\u0105 dro\u017csze i ich jako\u015b\u0107 niestety pozostawia cz\u0119sto wiele do \u017cyczenia (ale w granicach 30-35z\u0142 mo\u017cna spokojnie znale\u017a\u0107 pok\u00f3j dla 2 os\u00f3b). Wsz\u0119dzie ale to absolutnie wsz\u0119dzie trzeba si\u0119 targowa\u0107 (no mo\u017ce nie Pizza Hut:))<\/p>\n<h2 style=\"text-align: center;\">Telekomunikacja<\/h2>\n<p><strong>Kafejki internetowe s\u0105 dost\u0119pne niemal w ka\u017cdym mie\u015bcie i mie\u015bcinie.<\/strong> Jak zawsze problemem mo\u017ce by\u0107 szybko\u015b\u0107 po\u0142\u0105czenia (cz\u0119sto starcz\u0105 tylko na sprawdzenia maila) oraz ich stopie\u0144 zawirusowania. Na terenie Indonezji korzystali\u015bmy z kom\u00f3rki na karcie indonezyjskiej ale uda\u0142o nam si\u0119 to dopiero za drugim razem (z karty pierwszego operatora nie udawa\u0142o nam si\u0119 wysy\u0142a\u0107 sms\u00f3w do Polski).<\/p>\n<h2 style=\"text-align: center;\">Transport<\/h2>\n<p><strong>Autobusy<\/strong> &#8211; jedyny spos\u00f3b transportu dalekobie\u017cnego na Sumatrze. Ich standard zale\u017cy od ceny ale te\u017c troch\u0119 od szcz\u0119\u015bcia. Zdarza si\u0119 jecha\u0107 naprawd\u0119 brudnym, brzydkim autobusem z jakimi\u015b owadami w roli wsp\u00f3\u0142pasa\u017cera. Zdarza si\u0119 te\u017c, \u017ce palenie papieros\u00f3w w autobusie jest jak najbardziej na miejscu i mile widziane &#8211; tak\u017ce na postojach! Zn\u00f3w jest wielu r\u00f3\u017cnych przewo\u017anik\u00f3w ale zgromadzeni zazwyczaj na jednym dworcu wi\u0119c mo\u017cna sobie wybra\u0107. Koniecznie trzeba si\u0119 targowa\u0107 o cen\u0119 biletu \ud83d\ude42 I przygotujcie si\u0119 na naprawd\u0119 d\u0142ug\u0105, kr\u0119t\u0105, niezbyt p\u0142ask\u0105 drog\u0119 &#8211; tak to wygl\u0105da na Sumatrze.<\/p>\n<p><strong>Busiki<\/strong> &#8211; na niewielkim odleg\u0142o\u015bciach. Wspania\u0142y \u015brodek transportu: niezawodny &#8211; bo nawet, gdy nie ma ju\u017c miejsc to i tak jeszcze jakie\u015b miejsce zawsze si\u0119 znajdzie; w razie konieczno\u015bci przesiadki kto\u015b zazwyczaj pomo\u017ce. Gor\u0105co polecamy &#8211; je\u015bli nie jako komfortowy \u015brodek transportu to przynajmniej jako bardzo ciekawe do\u015bwiadczenie!<\/p>\n<p style=\"text-align: center;\"><a href=\"http:\/\/sebka.cba.pl\/wp-content\/uploads\/2013\/05\/Indonezja-bus.jpg\"><img loading=\"lazy\" decoding=\"async\" class=\"size-full wp-image-487 aligncenter\" style=\"border: 1px solid black; margin-top: 1px; margin-bottom: 1px;\" title=\"Indonezja - bus\" src=\"http:\/\/sebka.cba.pl\/wp-content\/uploads\/2013\/05\/Indonezja-bus.jpg\" alt=\"\" width=\"430\" height=\"265\" srcset=\"https:\/\/nieczekaj.blog\/wp-content\/uploads\/2013\/05\/Indonezja-bus.jpg 430w, https:\/\/nieczekaj.blog\/wp-content\/uploads\/2013\/05\/Indonezja-bus-300x184.jpg 300w\" sizes=\"auto, (max-width: 430px) 100vw, 430px\" \/><\/a><\/p>\n<h2 style=\"text-align: center;\">Kr\u00f3tkie rady praktyczne<\/h2>\n<p><strong>Tak naprawd\u0119 wszystkie rady praktyczne mo\u017cna \u015bmia\u0142o zastosowa\u0107 w ka\u017cdym odwiedzanym przez nas kraju.<\/strong><\/p>\n<p><strong>Nie bierzcie pokoi z klimatyzacj\u0105 &#8211; lepiej z wiatrakiem (fan)<\/strong> &#8211; zn\u00f3w si\u0119 powtarzamy ale tak jest naprawd\u0119 lepiej! W ten spos\u00f3b szybciej przyzwyczaicie si\u0119 do upa\u0142\u00f3w i wilgotno\u015bci powietrza. \u0141atwiej b\u0119dzie zwiedza\u0107 i porusza\u0107 si\u0119 ta\u0144szymi \u015brodkami transportu.<\/p>\n<p><strong>Repelenty na komary i inne owady<\/strong> &#8211; dost\u0119pne r\u00f3\u017cne rodzaje &#8220;naturalne&#8221; (z traw\u0105 cytrynow\u0105) i z DEETem. Te pierwsze potrafi\u0105 by\u0107 skuteczne i mi\u0142o pachn\u0105 (a dodatkowo s\u0105 ta\u0144sze)<\/p>\n<p><strong>Targujcie si\u0119<\/strong> &#8211; bana\u0142 w Azji ale wart przypomnienia &#8211; poza sezonem cz\u0119sto w ma\u0142ych hostelach (przy d\u0142u\u017cszym ni\u017c jednonocnym pobycie) mo\u017cna co\u015b stargowa\u0107.<\/p>\n<p><strong>Nie odwiedzajcie<\/strong> tylko tzw. TOPu. Pospacerujcie po okolicach i pojed\u017acie gdzie\u015b wg\u0142\u0105b kraju.<\/p>\n<h2 style=\"text-align: center;\">Polecane miejsca z informacjami praktycznymi<\/h2>\n<p><strong><a title=\"Berastagi\" href=\"https:\/\/nieczekaj.blog\/index.php\/nasze-przewodniki\/azja\/indonezja\/berastagi-czyli-wulkanowo\/\">&#8211; Berastagi<\/a> <\/strong>&#8211; ma\u0142e, brzydkie miasteczko z pi\u0119knymi wulkanami obok<\/p>\n<p><strong><a title=\"Jezioro Toba\" href=\"https:\/\/nieczekaj.blog\/index.php\/nasze-przewodniki\/azja\/indonezja\/jezioro-toba\/\">&#8211; Jezioro Toba<\/a> <\/strong>&#8211; pi\u0119kne, cudowne jezioro! Du\u017co przyjaznych ludzi, spok\u00f3j i atmosfera raju&#8230;<\/p>\n<p><strong><a title=\"Bukittingi\" href=\"https:\/\/nieczekaj.blog\/index.php\/nasze-przewodniki\/azja\/indonezja\/bukittingi\/\">&#8211; Bukittingi<\/a> <\/strong>&#8211; funkcjonalne, brzydkie miasto ale niestety ju\u017c bez wulkan\u00f3w&#8230;<\/p>\n<p>&nbsp;<\/p>\n<h2 style=\"text-align: center;\">Co nas zadziwi\u0142o<\/h2>\n<p><strong>Oto lista zdziwie\u0144:<\/strong><\/p>\n<p style=\"padding-left: 30px;\">* <strong>sumatrza\u0144skie drogi<\/strong> &#8211; naprawd\u0119 kr\u0119te, dziurawe, w\u0142a\u015bciwie czy mo\u017cna to nazwa\u0107 drog\u0105???<br \/>\n* <strong>palenie powszechne<\/strong> &#8211; w autobusie, w poczekalni, w kolejce po wiz\u0119<br \/>\n* <strong>kuchnia indonezyjska<\/strong> &#8211; pyszna w swej prostocie: placuszki marchewkowe, banany w cie\u015bcie, megatost z czekolad\u0105, bu\u0142ka z jajecznic\u0105, pampuch z czekolad\u0105<br \/>\n* <strong>gado gado<\/strong> &#8211; kulinarne cudo zas\u0142uguj\u0105ce na oddzielny punkt &#8211; co\u015b jakby sa\u0142atka z tofu, kapust\u0105, r\u00f3\u017cowymi chrupkami i sosem orzechowym &#8211; punkt obowi\u0105zkowy!<\/p>\n<h3><a href=\"http:\/\/sebka.cba.pl\/wp-content\/uploads\/2013\/05\/Indonezja-batak-house.jpg\"><img loading=\"lazy\" decoding=\"async\" class=\"size-full wp-image-488 aligncenter\" style=\"border: 1px solid black; margin-top: 1px; margin-bottom: 1px;\" title=\"Indonezja - batak house\" src=\"http:\/\/sebka.cba.pl\/wp-content\/uploads\/2013\/05\/Indonezja-batak-house.jpg\" alt=\"\" width=\"400\" height=\"267\" srcset=\"https:\/\/nieczekaj.blog\/wp-content\/uploads\/2013\/05\/Indonezja-batak-house.jpg 400w, https:\/\/nieczekaj.blog\/wp-content\/uploads\/2013\/05\/Indonezja-batak-house-300x200.jpg 300w\" sizes=\"auto, (max-width: 400px) 100vw, 400px\" \/><\/a><\/h3>\n<h3>Je\u015bli macie jakie\u015b pytania piszcie na NieCzekaj.eu(malpa)gmail.com. Postaramy si\u0119 uzupe\u0142nia\u0107 zawarte w po\u015bcie informacje.<\/h3>\n<p>Pozdrawiam,<br \/>\nKasia<\/p>\n<h3 style=\"text-align: center;\">Przygotowanie tej strony i przewodnik\u00f3w zaj\u0119\u0142o nam troch\u0119 czasu i wymaga\u0142o litr\u00f3w kawy \ud83d\ude42<br \/>\nJe\u015bli uznasz, \u017ce wart by\u0142o nie wahaj si\u0119 postawi\u0107 nam kaw\u0119 przez PAYPAL-a<br \/>\n<code><code>[paypal-donation]<\/code><\/code><\/h3>\n","protected":false},"excerpt":{"rendered":"<p>Jako ostatni po\u0142udniowo-wschodnio-azjatycki wpis publikujemy informacje praktyczne dotycz\u0105ce Indonezji a w\u0142a\u015bciwie tylko jej kawa\u0142ka, kt\u00f3ry zwiedzili\u015bmy czyli Sumatry. O Jawie mamy nadziej\u0119 napisa\u0107, gdy kiedy\u015b tam pojedziemy! Mo\u017ce nawet nied\u0142ugo&#8230;. [&hellip;]<\/p>\n","protected":false},"author":1,"featured_media":0,"parent":1329,"menu_order":0,"comment_status":"open","ping_status":"open","template":"","meta":{"om_disable_all_campaigns":false,"_monsterinsights_skip_tracking":false,"_monsterinsights_sitenote_active":false,"_monsterinsights_sitenote_note":"","_monsterinsights_sitenote_category":0,"_s2mail":"yes","ngg_post_thumbnail":0,"footnotes":""},"class_list":["post-484","page","type-page","status-publish","hentry"],"_links":{"self":[{"href":"https:\/\/nieczekaj.blog\/index.php\/wp-json\/wp\/v2\/pages\/484","targetHints":{"allow":["GET"]}}],"collection":[{"href":"https:\/\/nieczekaj.blog\/index.php\/wp-json\/wp\/v2\/pages"}],"about":[{"href":"https:\/\/nieczekaj.blog\/index.php\/wp-json\/wp\/v2\/types\/page"}],"author":[{"embeddable":true,"href":"https:\/\/nieczekaj.blog\/index.php\/wp-json\/wp\/v2\/users\/1"}],"replies":[{"embeddable":true,"href":"https:\/\/nieczekaj.blog\/index.php\/wp-json\/wp\/v2\/comments?post=484"}],"version-history":[{"count":13,"href":"https:\/\/nieczekaj.blog\/index.php\/wp-json\/wp\/v2\/pages\/484\/revisions"}],"predecessor-version":[{"id":599,"href":"https:\/\/nieczekaj.blog\/index.php\/wp-json\/wp\/v2\/pages\/484\/revisions\/599"}],"up":[{"embeddable":true,"href":"https:\/\/nieczekaj.blog\/index.php\/wp-json\/wp\/v2\/pages\/1329"}],"wp:attachment":[{"href":"https:\/\/nieczekaj.blog\/index.php\/wp-json\/wp\/v2\/media?parent=484"}],"curies":[{"name":"wp","href":"https:\/\/api.w.org\/{rel}","templated":true}]}}