{"id":491,"date":"2013-05-31T19:55:51","date_gmt":"2013-05-31T17:55:51","guid":{"rendered":"http:\/\/sebka.cba.pl\/?page_id=491"},"modified":"2014-05-16T18:29:14","modified_gmt":"2014-05-16T16:29:14","slug":"berastagi-czyli-wulkanowo","status":"publish","type":"page","link":"https:\/\/nieczekaj.blog\/index.php\/nasze-przewodniki\/azja\/indonezja\/berastagi-czyli-wulkanowo\/","title":{"rendered":"Berastagi czyli wulkanowo"},"content":{"rendered":"<h3>Polecamy nasz przewodnik po <a title=\"Informacje og\u00f3lne o Indonezji\" href=\"https:\/\/nieczekaj.blog\/index.php\/nasze-przewodniki\/azja\/indonezja\/\">Indonezji<\/a> i wpis na blogu z podr\u00f3\u017cy w 2010roku <a title=\"Berastagi - blog\" href=\"http:\/\/sebka.travellerspoint.com\/43\/\">Berastagi<\/a>.<\/h3>\n<h2 style=\"text-align: center;\">Og\u00f3lnie<\/h2>\n<p><strong>Berastagi \u2013 o tej miejscowo\u015bci mo\u017cna napisa\u0107 wszystko tylko nie, \u017ce jest malownicza.<\/strong> Cytuj\u0105c za przewodnikiem \u201efunkcjonalna brzydota miasta\u201d przyt\u0142acza ju\u017c od momentu wjazdu. Ale jest to \u015bwietna baza wypadowa na wycieczki: do wulkanu i\/lub gor\u0105cych \u017ar\u00f3de\u0142. Po bli\u017cszym poznaniu daje si\u0119 te\u017c oswoi\u0107 wi\u0119c mo\u017ce jednak nie ma si\u0119 co zra\u017ca\u0107 na pocz\u0105tek.<\/p>\n<address style=\"text-align: center;\"><a href=\"http:\/\/sebka.cba.pl\/wp-content\/uploads\/2013\/05\/Berastagi-wulkan.jpg\"><img loading=\"lazy\" decoding=\"async\" class=\"size-full wp-image-493 aligncenter\" style=\"border: 1px solid black; margin-top: 1px; margin-bottom: 1px;\" title=\"Berastagi - wulkan\" src=\"http:\/\/sebka.cba.pl\/wp-content\/uploads\/2013\/05\/Berastagi-wulkan.jpg\" alt=\"\" width=\"400\" height=\"267\" srcset=\"https:\/\/nieczekaj.blog\/wp-content\/uploads\/2013\/05\/Berastagi-wulkan.jpg 400w, https:\/\/nieczekaj.blog\/wp-content\/uploads\/2013\/05\/Berastagi-wulkan-300x200.jpg 300w\" sizes=\"auto, (max-width: 400px) 100vw, 400px\" \/><\/a>Wulkan Sibayak<\/address>\n<h2 style=\"text-align: center;\">Gdzie spa\u0107? Gdzie zje\u015b\u0107?<\/h2>\n<p>Baza noclegowa jest niestety do\u015b\u0107 mocno ograniczona i (jeszcze wi\u0119ksze niestety) pozostawia sporo do \u017cyczenia. Nie polecamy \u017cadnego hostelu ale dla tych, kt\u00f3rzy przyjechali tylko dla wulkan\u00f3w dobr\u0105 opcj\u0105 mo\u017ce by\u0107 <strong>Sibayak Multinational Resthouse<\/strong> \u2013 troch\u0119 z dala od centrum miejscowo\u015bci ale za to zdecydowanie bli\u017cej wulkanu.<\/p>\n<p>C\u00f3\u017c, baza gastronomiczna r\u00f3wnie\u017c pozostawia wiele do \u017cyczenia \ud83d\ude42 Nie ma tu zbyt wielu knajpek czy restauracji, zazwyczaj znajduj\u0105 si\u0119 w okolicach hoteli. <strong>W centrum jest bardzo dobrze zaopatrzony targ<\/strong>, na kt\u00f3rym mo\u017cna kupi\u0107 pyszne ciastka bananowe i wielki tost z czekolad\u0105! No i oczywi\u015bcie s\u0105 sklepy, w kt\u00f3rych mo\u017cna si\u0119 zaopatrzy\u0107 w prowiant.<\/p>\n<h2 style=\"text-align: center;\">Co warto?<\/h2>\n<p><strong>Warto przede wszystkim i\u015b\u0107 na wycieczk\u0119 za miasto!<\/strong> Bo w mie\u015bcie zostawa\u0107 naprawd\u0119 nie warto (no chyba, \u017ce kto\u015b uzale\u017cni si\u0119 od ciasteczek bananowych) \ud83d\ude42 .<\/p>\n<p>Co do wycieczek wulkanicznych \u2013 <strong>bardzo polecamy wej\u015bcie na wulkan Gunung Sibayak<\/strong> \u2013 mo\u017cna to \u015bmia\u0142o zrobi\u0107 samemu, droga nie jest trudna za to malownicza BARDZO! Zej\u015b\u0107 do miasta mo\u017cna t\u0105 sam\u0105 \u015bcie\u017ck\u0105 lub nadk\u0142adaj\u0105c drogi przez miejscowo\u015b\u0107 Semangat, w kt\u00f3rej za naprawd\u0119 \u015bmieszne pieni\u0105dze (1z\u0142!!!) mo\u017cna <strong>wyk\u0105pa\u0107 si\u0119 w gor\u0105cych \u017ar\u00f3d\u0142ach.<\/strong><\/p>\n<address style=\"text-align: center;\"><a href=\"http:\/\/sebka.cba.pl\/wp-content\/uploads\/2013\/05\/Berastagi-robotnicy.jpg\"><img loading=\"lazy\" decoding=\"async\" class=\"size-full wp-image-492 aligncenter\" style=\"border: 1px solid black; margin-top: 1px; margin-bottom: 1px;\" title=\"Berastagi - robotnicy\" src=\"http:\/\/sebka.cba.pl\/wp-content\/uploads\/2013\/05\/Berastagi-robotnicy.jpg\" alt=\"\" width=\"400\" height=\"266\" srcset=\"https:\/\/nieczekaj.blog\/wp-content\/uploads\/2013\/05\/Berastagi-robotnicy.jpg 400w, https:\/\/nieczekaj.blog\/wp-content\/uploads\/2013\/05\/Berastagi-robotnicy-300x199.jpg 300w\" sizes=\"auto, (max-width: 400px) 100vw, 400px\" \/><\/a>Robotnicy wydobywaj\u0105cy siark\u0119 na wulkanie<\/address>\n<h3>Uwagi i pytania kierujcie na maila NieCzekaj.eu(malpa)gmail.com<\/h3>\n<h3>Pozdrawiam,<br \/>\nKasia<\/h3>\n","protected":false},"excerpt":{"rendered":"<p>Polecamy nasz przewodnik po Indonezji i wpis na blogu z podr\u00f3\u017cy w 2010roku Berastagi. Og\u00f3lnie Berastagi \u2013 o tej miejscowo\u015bci mo\u017cna napisa\u0107 wszystko tylko nie, \u017ce jest malownicza. Cytuj\u0105c za [&hellip;]<\/p>\n","protected":false},"author":1,"featured_media":0,"parent":484,"menu_order":0,"comment_status":"open","ping_status":"open","template":"","meta":{"om_disable_all_campaigns":false,"_monsterinsights_skip_tracking":false,"_monsterinsights_sitenote_active":false,"_monsterinsights_sitenote_note":"","_monsterinsights_sitenote_category":0,"_s2mail":"yes","ngg_post_thumbnail":0,"footnotes":""},"class_list":["post-491","page","type-page","status-publish","hentry"],"_links":{"self":[{"href":"https:\/\/nieczekaj.blog\/index.php\/wp-json\/wp\/v2\/pages\/491","targetHints":{"allow":["GET"]}}],"collection":[{"href":"https:\/\/nieczekaj.blog\/index.php\/wp-json\/wp\/v2\/pages"}],"about":[{"href":"https:\/\/nieczekaj.blog\/index.php\/wp-json\/wp\/v2\/types\/page"}],"author":[{"embeddable":true,"href":"https:\/\/nieczekaj.blog\/index.php\/wp-json\/wp\/v2\/users\/1"}],"replies":[{"embeddable":true,"href":"https:\/\/nieczekaj.blog\/index.php\/wp-json\/wp\/v2\/comments?post=491"}],"version-history":[{"count":7,"href":"https:\/\/nieczekaj.blog\/index.php\/wp-json\/wp\/v2\/pages\/491\/revisions"}],"predecessor-version":[{"id":1433,"href":"https:\/\/nieczekaj.blog\/index.php\/wp-json\/wp\/v2\/pages\/491\/revisions\/1433"}],"up":[{"embeddable":true,"href":"https:\/\/nieczekaj.blog\/index.php\/wp-json\/wp\/v2\/pages\/484"}],"wp:attachment":[{"href":"https:\/\/nieczekaj.blog\/index.php\/wp-json\/wp\/v2\/media?parent=491"}],"curies":[{"name":"wp","href":"https:\/\/api.w.org\/{rel}","templated":true}]}}