{"id":496,"date":"2013-05-31T20:24:06","date_gmt":"2013-05-31T18:24:06","guid":{"rendered":"http:\/\/sebka.cba.pl\/?page_id=496"},"modified":"2013-06-20T13:41:45","modified_gmt":"2013-06-20T11:41:45","slug":"jezioro-toba","status":"publish","type":"page","link":"https:\/\/nieczekaj.blog\/index.php\/nasze-przewodniki\/azja\/indonezja\/jezioro-toba\/","title":{"rendered":"Jezioro Toba"},"content":{"rendered":"<p><strong>Jezioro Toba, miejscowo\u015b\u0107 Ambarita<\/strong> \u2013 jedno z naszych chillout\u00f3wk\u00f3w \u2013 pi\u0119kne, spokojne przez du\u017ce S, co prawda w sezonie turyst\u00f3w jak mr\u00f3wk\u00f3w ale i tak wspania\u0142e. To w\u0142a\u015bnie tutaj uda\u0142o nam si\u0119 wynaj\u0105\u0107 ca\u0142y domek w stylu tutejszym (czyli tzw. Batak House) za zawrotn\u0105 cen\u0119 8z\u0142. W\u0142a\u015bciwie nie ma tu nic do roboty \u2013 cz\u0142owiekowi a\u017c chce si\u0119 odpoczywa\u0107 <img decoding=\"async\" src=\"http:\/\/sebka.cba.pl\/wp-includes\/images\/smilies\/icon_smile.gif\" alt=\":)\" \/><\/p>\n<address style=\"text-align: center;\"><a href=\"http:\/\/sebka.cba.pl\/wp-content\/uploads\/2013\/05\/Tuk-Tuk.jpg\"><img loading=\"lazy\" decoding=\"async\" class=\"size-full wp-image-497 aligncenter\" style=\"border: 1px solid black; margin-top: 1px; margin-bottom: 1px;\" title=\"Tuk Tuk\" src=\"http:\/\/sebka.cba.pl\/wp-content\/uploads\/2013\/05\/Tuk-Tuk.jpg\" alt=\"\" width=\"400\" height=\"266\" srcset=\"https:\/\/nieczekaj.blog\/wp-content\/uploads\/2013\/05\/Tuk-Tuk.jpg 400w, https:\/\/nieczekaj.blog\/wp-content\/uploads\/2013\/05\/Tuk-Tuk-300x199.jpg 300w\" sizes=\"auto, (max-width: 400px) 100vw, 400px\" \/><\/a>Widok na miejscowo\u015b\u0107 TukTuk<\/address>\n<p><strong>Jest sporo restauracji, bar\u00f3w, ksi\u0119garni<\/strong> (w niekt\u00f3rych hotelach te\u017c mo\u017cna wymieni\u0107 ksi\u0105\u017cki), jest nawet wypo\u017cyczalnia DVD z kinem na miejscu (kino = telewizor, kanapa i zas\u0142ona). <strong>Z ciekawostek dla bardziej aktywnych<\/strong>: interesuj\u0105cy jest targ ze wszystkim w Pangururan, w Ambaricie znajduje si\u0119 niewielki skansen z urz\u0105dzonymi domami Batak\u00f3w, natomiast w miejscowo\u015bci Tomok jest chyba najwi\u0119kszy pami\u0105tk\u00f3wek na wyspie.<\/p>\n<p>Niestety opis nie oddaje atmosfery tego miejsca \u2013 uwierzcie na s\u0142owo, warto tam pojecha\u0107 (w sezonie pozaturystycznym!).<\/p>\n<p><strong>Polecamy wycieczk\u0119 Berastagi \u2013 Pangururan ma\u0142ym busem<\/strong>: widoki zapieraj\u0105ce dech w piersi, zakr\u0119ty skr\u0119caj\u0105ce \u017co\u0142\u0105dki najtwardszym zawodnikom a sama jazda busem \u2013 tego nie da si\u0119 opisa\u0107 <img decoding=\"async\" src=\"http:\/\/sebka.cba.pl\/wp-includes\/images\/smilies\/icon_smile.gif\" alt=\":)\" \/><\/p>\n<p style=\"text-align: center;\"><a href=\"http:\/\/sebka.cba.pl\/wp-content\/uploads\/2013\/05\/Pos\u0105g.jpg\"><img loading=\"lazy\" decoding=\"async\" class=\"size-full wp-image-498 aligncenter\" style=\"border: 1px solid black; margin-top: 1px; margin-bottom: 1px;\" title=\"Pos\u0105g\" src=\"http:\/\/sebka.cba.pl\/wp-content\/uploads\/2013\/05\/Pos\u0105g.jpg\" alt=\"\" width=\"403\" height=\"268\" srcset=\"https:\/\/nieczekaj.blog\/wp-content\/uploads\/2013\/05\/Pos\u0105g.jpg 403w, https:\/\/nieczekaj.blog\/wp-content\/uploads\/2013\/05\/Pos\u0105g-300x199.jpg 300w\" sizes=\"auto, (max-width: 403px) 100vw, 403px\" \/><\/a><\/p>\n<p><strong>Polecany nocleg: oczywi\u015bcie nasz Batak House<\/strong> \u2013 nie\u0142atwo go znale\u017a\u0107, nale\u017cy si\u0119 uda\u0107 do <strong>restauracji Joy\u2019s<\/strong> (nota bene polecamy t\u0119 restauracj\u0119!) \u2013 le\u017cy na drodze mi\u0119dzy Ambarit\u0105 a Tuk-Tukiem, i zapyta\u0107 o pana, kt\u00f3ry wynajmuje dom. Bardzo mi\u0142o wspominamy te\u017c o\u015brodek Batak Hous\u00f3w Pani Holenderki (kt\u00f3rego nazwy niestety nie pami\u0119tamy), kt\u00f3ry te\u017c le\u017ca\u0142 przy drodze Ambarita \u2013 TukTuk \u2013 nie spali\u015bmy tam ale mi\u0142o wspominamy obiady i leniuchowanie w altanie!<\/p>\n<h3>Nasz wpis na blogu: <a title=\"Jezioro Toba - blog\" href=\"http:\/\/sebka.travellerspoint.com\/44\/\">Jezioro Toba<\/a>.<\/h3>\n<h3>Pozdrawiam,<br \/>\nKasia<\/h3>\n<p>&nbsp;<\/p>\n","protected":false},"excerpt":{"rendered":"<p>Jezioro Toba, miejscowo\u015b\u0107 Ambarita \u2013 jedno z naszych chillout\u00f3wk\u00f3w \u2013 pi\u0119kne, spokojne przez du\u017ce S, co prawda w sezonie turyst\u00f3w jak mr\u00f3wk\u00f3w ale i tak wspania\u0142e. To w\u0142a\u015bnie tutaj uda\u0142o [&hellip;]<\/p>\n","protected":false},"author":1,"featured_media":0,"parent":484,"menu_order":0,"comment_status":"open","ping_status":"open","template":"","meta":{"om_disable_all_campaigns":false,"_monsterinsights_skip_tracking":false,"_monsterinsights_sitenote_active":false,"_monsterinsights_sitenote_note":"","_monsterinsights_sitenote_category":0,"_s2mail":"","ngg_post_thumbnail":0,"footnotes":""},"class_list":["post-496","page","type-page","status-publish","hentry"],"_links":{"self":[{"href":"https:\/\/nieczekaj.blog\/index.php\/wp-json\/wp\/v2\/pages\/496","targetHints":{"allow":["GET"]}}],"collection":[{"href":"https:\/\/nieczekaj.blog\/index.php\/wp-json\/wp\/v2\/pages"}],"about":[{"href":"https:\/\/nieczekaj.blog\/index.php\/wp-json\/wp\/v2\/types\/page"}],"author":[{"embeddable":true,"href":"https:\/\/nieczekaj.blog\/index.php\/wp-json\/wp\/v2\/users\/1"}],"replies":[{"embeddable":true,"href":"https:\/\/nieczekaj.blog\/index.php\/wp-json\/wp\/v2\/comments?post=496"}],"version-history":[{"count":8,"href":"https:\/\/nieczekaj.blog\/index.php\/wp-json\/wp\/v2\/pages\/496\/revisions"}],"predecessor-version":[{"id":930,"href":"https:\/\/nieczekaj.blog\/index.php\/wp-json\/wp\/v2\/pages\/496\/revisions\/930"}],"up":[{"embeddable":true,"href":"https:\/\/nieczekaj.blog\/index.php\/wp-json\/wp\/v2\/pages\/484"}],"wp:attachment":[{"href":"https:\/\/nieczekaj.blog\/index.php\/wp-json\/wp\/v2\/media?parent=496"}],"curies":[{"name":"wp","href":"https:\/\/api.w.org\/{rel}","templated":true}]}}