{"id":543,"date":"2013-06-01T18:05:13","date_gmt":"2013-06-01T16:05:13","guid":{"rendered":"http:\/\/sebka.cba.pl\/?page_id=543"},"modified":"2013-06-20T13:42:02","modified_gmt":"2013-06-20T11:42:02","slug":"casablanca","status":"publish","type":"page","link":"https:\/\/nieczekaj.blog\/index.php\/nasze-przewodniki\/afryka\/maroko\/casablanca\/","title":{"rendered":"Casablanca"},"content":{"rendered":"<div>\n<h3>Casablanca &#8211; jedno z najbardziej znanych miast Maroka g\u0142\u00f3wnie za spraw\u0105 pewnego ameryka\u0144skiego filmu. Jest to te\u017c jedno z najbardziej &#8220;europejskich&#8221; miast w Maroku, co nie oznacza, \u017ce nie odczujemy tu powiewu orientu. Miasto warte zobaczenia cho\u0107 pere\u0142ek typowo maroka\u0144skich mo\u017ce nie ma tam a\u017c tak wiele.<\/h3>\n<p style=\"text-align: center;\"><img loading=\"lazy\" decoding=\"async\" class=\"aligncenter\" style=\"border: 1px solid black; margin-top: 1px; margin-bottom: 1px;\" src=\"http:\/\/photos.travellerspoint.com\/273822\/mini5.jpg\" alt=\"mini5.jpg\" width=\"400\" height=\"266\" \/><\/p>\n<h2 style=\"text-align: center;\">Transport<\/h2>\n<p><strong>Do Casablanci dojedziemy z ka\u017cdego zak\u0105tka Maroka.<\/strong> Le\u017cy na trasie linii kolejowej (poci\u0105g do Marakeszu 36z\u0142\/os.) i doje\u017cd\u017caj\u0105 tu autobusy z ka\u017cdego zak\u0105tka kraju. Jest te\u017c lotnisko mi\u0119dzynarodowe (my st\u0105d zaczynali\u015bmy), do kt\u00f3rego mo\u017cna dosta\u0107 si\u0119 poci\u0105giem (16z\u0142\/os, kursuje raz na godzin\u0119). Lotnisko jest bardzo przyjemne (4 w kasiowej skali lotniskowej) &#8211; przy odrobinie pomys\u0142owo\u015bci mo\u017cna znale\u017a\u0107 sobie ca\u0142kiem niez\u0142e miejsce do spania!<br \/>\nW Casablance jest kilka dworc\u00f3w (stacji) kolejowych: najwa\u017cniejsze dwa to <strong>Casa Voyegers<\/strong> (w centrum &#8211; g\u0142\u00f3wny punkt przesiadkowy na kursy dalekie, zatrzymuje si\u0119 tu poci\u0105g na lotnisko) i <strong>Casa Port<\/strong> (po\u0142o\u017cony 10min. drogi od Medyny &#8211; aby dosta\u0107 si\u0119 tu z lotniska trzeba przesi\u0105\u015b\u0107 si\u0119 na stacji Ain Sebaa).<\/p>\n<h2 style=\"text-align: center;\">Gdzie spa\u0107 i zje\u015b\u0107<\/h2>\n<p><strong>Polecamy nocleg w Medynie <\/strong>&#8211; najta\u0144szy, wzgl\u0119dnie blisko do wszystkich atrakcji i mo\u017cna odczu\u0107 prawdziwy klimat zamieszka\u0142ej medyny. Nocleg znajdzie si\u0119 na ka\u017cd\u0105 kiesze\u0144 (tak\u017ce taki, kt\u00f3ry mo\u017cna zarezerwowa\u0107 przez internet &#8211; <a title=\"This is an external link\" href=\"http:\/\/www.qype.fr\/place\/159780-Auberge-de-jeunesse-Casablanca\">Auberge de jeunesse<\/a>&#8211; p\u0142acili\u015bmy 60z\u0142 za &#8220;dw\u00f3jk\u0119&#8221; bez \u0142azienki ze \u015bniadaniem). Najta\u0144sze pokoje mo\u017cna znale\u017a\u0107 w ma\u0142ych hotelikach przy skrzy\u017cowaniu Rue Anfa z Rue Centrale, np. Hotel Gibraltar lub Hotel Candide (&#8220;dw\u00f3jka&#8221; bez \u0142azienki 32z\u0142 &#8211; mo\u017cna taniej ale obskurniej).<\/p>\n<p><strong>Jedzenie<\/strong> &#8211; jak zwykle &#8211; uliczne. Bardzo polecamy tzw. Snacki czyli bary z kanapkami, w kt\u00f3rych mo\u017ce si\u0119 znale\u017a\u0107 par\u00f3wka, inna kie\u0142baska, jajko, tu\u0144czyk, kurczak. Do kanapki mo\u017cna za\u017cyczy\u0107 sobie sur\u00f3wk\u0119 i frytki (cz\u0119sto jest to ju\u017c w cenie) i pe\u0142ny obiad mamy gotowy! Na terenie Medyny znajduje si\u0119 te\u017c oczywi\u015bcie bardzo rozleg\u0142e targowisko ze \u015bwierzymi warzywami i owocami!<\/p>\n<p style=\"text-align: center;\"><img loading=\"lazy\" decoding=\"async\" class=\"aligncenter\" style=\"border: 1px solid black; margin-top: 1px; margin-bottom: 1px;\" src=\"http:\/\/photos.travellerspoint.com\/273822\/mini1.jpg\" alt=\"mini1.jpg\" width=\"400\" height=\"266\" \/><\/p>\n<h2 style=\"text-align: center;\">Atrakcje<\/h2>\n<p><strong> Atrakcji w Casablance jest wiele<\/strong> cho\u0107 mo\u017ce nie do ko\u0144ca takich, jak mo\u017cna by si\u0119 spodziewa\u0107<img loading=\"lazy\" decoding=\"async\" title=\"\" src=\"http:\/\/www.travellerspoint.com\/Emoticons\/icon_smile.gif\" alt=\":)\" width=\"15\" height=\"15\" \/> Jak napisa\u0142am na pocz\u0105tku Casablanca jest miastem, w kt\u00f3rym miks kulturowy maroka\u0144sko &#8211; europejski jest bardzo widoczny. I w\u0142a\u015bnie to stanowi jej g\u0142\u00f3wn\u0105 atrakcj\u0119.<\/p>\n<p><strong>Medyna<\/strong> &#8211; typowa medyna maroka\u0144ska, w\u0105skie, kr\u0119te uliczki (zgubienie si\u0119 w nich jest nieuniknione), wsz\u0119dziestoj\u0105ce stoiska ze wszystkim od warzyw po torebki od D&amp;G, du\u017co ludzi (turyst\u00f3w i mieszka\u0144c\u00f3w), gwar itd. Jednak wed\u0142ug przewodnik\u00f3w nie da si\u0119 jej por\u00f3wna\u0107 z medynami w Marakeszu czy Fezie (my si\u0119 z t\u0105 opini\u0105 ca\u0142kiem nie zgadzamy).<\/p>\n<p style=\"text-align: center;\"><img loading=\"lazy\" decoding=\"async\" class=\"aligncenter\" style=\"border: 1px solid black; margin-top: 1px; margin-bottom: 1px;\" src=\"http:\/\/photos.travellerspoint.com\/273822\/mini7.jpg\" alt=\"mini7.jpg\" width=\"400\" height=\"266\" \/><\/p>\n<p><strong>Meczet Hassana II<\/strong> &#8211; imponuj\u0105cy pod wzgl\u0119dem rozmiaru i przede wszystkim wyko\u0144czenia (prawdziwa pere\u0142ka maroka\u0144skiego rzemios\u0142a). Wybudowano go zaledwie kilkadziesi\u0105t lat temu. Zdecydowanie wyj\u0105tkowy poniewa\u017c niemuzu\u0142manie mog\u0105 go zwiedza\u0107 od \u015brodka (zwiedzanie wy\u0142\u0105cznie w grupach z przewodnikiem, mo\u017cliwe o wyznaczonych godzinach).<\/p>\n<p><strong>Pere\u0142ki architektury art deco<\/strong> &#8211; na pocz\u0105tku XX wieku w Casablance wybudowano wiele budunk\u00f3w w stylu art deco, kt\u00f3re przyczyni\u0142y jej s\u0142aw\u0119 najpi\u0119kniejszego miasta w tamtym czasie (jej \u00f3wczesna architektura ma si\u0119 nijak do tego, co zosta\u0142o zaprezentowane w filmie &#8220;Casablanca&#8221;). Dzi\u015b, mimo do\u015b\u0107 oszcz\u0119dnej renowacji, mo\u017cna dopatrze\u0107 si\u0119 dawnej \u015bwietno\u015bci. W przewodniku Lonely Planet przedstawiona jest trasa &#8220;pere\u0142ek architektury&#8221; &#8211; \u0142adny spacer! Na pewno warto odwiedzi\u0107 dawn\u0105 Katedr\u0119 \u015bw. Serca &#8211; dzisiejsz\u0105 galeri\u0119 sztuki (znajduje si\u0119 w tr\u00f3jk\u0105cie mi\u0119dzy ulicami: Bulwarem Rachidi, Rue d&#8217;Alger, Rue Curie) &#8211; wej\u015bcie gratis, op\u0142ata pobierana przy wej\u015bciu na wie\u017c\u0119.<\/p>\n<h2 style=\"text-align: center;\">Jak ruszy\u0107 dalej w podr\u00f3\u017c?<\/h2>\n<p><strong>Jak pisa\u0142am wcze\u015bniej &#8220;z&#8221; i &#8220;do&#8221; Casablanci mo\u017cna dosta\u0107 si\u0119 wsz\u0119dzie.<\/strong> My przylecieli\u015bmy i wylecieli\u015bmy z Casablanci do Polski. Poza tym dostali\u015bmy si\u0119 st\u0105d poci\u0105giem do Marakeszu i tak\u017ce poci\u0105giem przyjechali\u015bmy z Kenitry.<\/p>\n<h3>Nasz przewodnik po kraju: <a title=\"Przewodnik po Maroku\" href=\"https:\/\/nieczekaj.blog\/index.php\/nasze-przewodniki\/maroko\/\">MAROKO<\/a><br \/>\nwpis na bie\u017c\u0105co z podr\u00f3\u017cy: <a href=\"http:\/\/sebka.travellerspoint.com\/83\/\">Casablanca<\/a>.<\/h3>\n<h3>Uwagi i pytania kierujcie na maila: <span style=\"text-decoration: underline;\">NieCzekaj.eu(malpa)gmail.com<\/span><\/h3>\n<h3>Pozdrawiam,<br \/>\nKasia<\/h3>\n<p>PS. Na koniec polec<a title=\"Click for full size image\" href=\"http:\/\/sebka.travellerspoint.com\/image_enlarge.cfm?src=http:\/\/photos.travellerspoint.com\/273822\/The_Caliph_s_House.jpg\"><img loading=\"lazy\" decoding=\"async\" class=\"alignright\" src=\"http:\/\/photos.travellerspoint.com\/273822\/thumb_The_Caliph_s_House.jpg\" alt=\"The_Caliph_s_House.jpg\" width=\"129\" height=\"200\" \/><\/a>amy te\u017c ksi\u0105\u017ck\u0119 opisuj\u0105c\u0105 pierwszy rok \u017cycia w Casablance <strong>Tahira Shaha Khalif&#8217;s House (w Polsce wydana jako &#8220;Dom Kalifa &#8211; Rok w Casablance&#8221;)<\/strong> &#8211; bardzo interesuj\u0105ca!<\/p>\n<\/div>\n","protected":false},"excerpt":{"rendered":"<p>Casablanca &#8211; jedno z najbardziej znanych miast Maroka g\u0142\u00f3wnie za spraw\u0105 pewnego ameryka\u0144skiego filmu. Jest to te\u017c jedno z najbardziej &#8220;europejskich&#8221; miast w Maroku, co nie oznacza, \u017ce nie odczujemy [&hellip;]<\/p>\n","protected":false},"author":1,"featured_media":0,"parent":530,"menu_order":1,"comment_status":"open","ping_status":"open","template":"","meta":{"om_disable_all_campaigns":false,"_monsterinsights_skip_tracking":false,"_monsterinsights_sitenote_active":false,"_monsterinsights_sitenote_note":"","_monsterinsights_sitenote_category":0,"_s2mail":"yes","ngg_post_thumbnail":0,"footnotes":""},"class_list":["post-543","page","type-page","status-publish","hentry"],"_links":{"self":[{"href":"https:\/\/nieczekaj.blog\/index.php\/wp-json\/wp\/v2\/pages\/543","targetHints":{"allow":["GET"]}}],"collection":[{"href":"https:\/\/nieczekaj.blog\/index.php\/wp-json\/wp\/v2\/pages"}],"about":[{"href":"https:\/\/nieczekaj.blog\/index.php\/wp-json\/wp\/v2\/types\/page"}],"author":[{"embeddable":true,"href":"https:\/\/nieczekaj.blog\/index.php\/wp-json\/wp\/v2\/users\/1"}],"replies":[{"embeddable":true,"href":"https:\/\/nieczekaj.blog\/index.php\/wp-json\/wp\/v2\/comments?post=543"}],"version-history":[{"count":4,"href":"https:\/\/nieczekaj.blog\/index.php\/wp-json\/wp\/v2\/pages\/543\/revisions"}],"predecessor-version":[{"id":953,"href":"https:\/\/nieczekaj.blog\/index.php\/wp-json\/wp\/v2\/pages\/543\/revisions\/953"}],"up":[{"embeddable":true,"href":"https:\/\/nieczekaj.blog\/index.php\/wp-json\/wp\/v2\/pages\/530"}],"wp:attachment":[{"href":"https:\/\/nieczekaj.blog\/index.php\/wp-json\/wp\/v2\/media?parent=543"}],"curies":[{"name":"wp","href":"https:\/\/api.w.org\/{rel}","templated":true}]}}