{"id":558,"date":"2013-06-01T18:26:54","date_gmt":"2013-06-01T16:26:54","guid":{"rendered":"http:\/\/sebka.cba.pl\/?page_id=558"},"modified":"2014-10-20T12:16:53","modified_gmt":"2014-10-20T10:16:53","slug":"marrakesz","status":"publish","type":"page","link":"https:\/\/nieczekaj.blog\/index.php\/nasze-przewodniki\/afryka\/maroko\/marrakesz\/","title":{"rendered":"Marrakesz"},"content":{"rendered":"<p>&nbsp;<\/p>\n<div>\n<h3>Marrakesz &#8211; zdecydowanie serce Maroka. To miasto kipi\u0105ce energi\u0105, stanowi\u0105ce punkt obowi\u0105zkowy dla ka\u017cdego turysty, kt\u00f3ry odwiedza Maroko. Z\u0142o\u015bliwi mogliby doda\u0107, \u017ce jest to jeden wielki cyrk obliczony na potrzeby \u015bwiatowej publiczno\u015bci. Na pewno warto tu przyjecha\u0107 i wyrobi\u0107 sobie w\u0142asne zdanie!<\/h3>\n<p style=\"text-align: center;\"><img loading=\"lazy\" decoding=\"async\" class=\"aligncenter\" style=\"border: 1px solid black;\" src=\"http:\/\/photos.travellerspoint.com\/273822\/15B358C82219AC681799CA84997CBC32.jpg\" alt=\"15B358C82219AC681799CA84997CBC32.jpg\" width=\"400\" height=\"266\" \/><\/p>\n<h2 style=\"text-align: center;\">Transport &#8216;do i po&#8217; mie\u015bcie<\/h2>\n<p><strong>Do Marrakeszu, podobnie jak Casablanci, bardzo \u0142atwo dojecha\u0107 praktycznie z ka\u017cdego ko\u0144ca kraju.<\/strong> Le\u017cy na trasie linii kolejowej (bezpo\u015brenie po\u0142\u0105czenia z Casablanc\u0105, Rabatem, Kenitr\u0105). St\u0105d te\u017c rozchodz\u0105 si\u0119 trasy szybkiego ruchu (autostrady?) w stron\u0119 Atlantyku (do Agadiru) i w stron\u0119 pustyni (do Quarzazate). Jest tu te\u017c lotnisko mi\u0119dzynarodowe (nie korzystali\u015bmy wi\u0119c nie piszemy).<\/p>\n<p><strong>W Marrakeszu jest jeden dworzec kolejowy<\/strong> (zaraz obok znajduje si\u0119 dworzec autobusowy Supratour). Jest on oddalony o kilka kilometr\u00f3w od centrum miasta dlatego warto z\u0142apa\u0107 taks\u00f3wk\u0119 lub wsi\u0105\u015b\u0107 w autobus miejski nr 3 lub 8 (przystanek dok\u0142adnie naprzeciwko Supratuora) &#8211; bilety ok 1.5z\u0142.<\/p>\n<p><strong>Niestety taks\u00f3wki colective nie zatrzymuj\u0105 si\u0119 w jednym miejscu<\/strong> &#8211; jest kilka punkt\u00f3w postojowych, w zale\u017cno\u015bci od kierunku jazdy, rozrzuconych po ca\u0142ym mie\u015bcie.<\/p>\n<h2 style=\"text-align: center;\">Gdzie spa\u0107 i zje\u015b\u0107<\/h2>\n<p><strong>Najlepsz\u0105 opcj\u0105 noclegow\u0105 jest Medyna <\/strong>&#8211; mo\u017cna tu znale\u017a\u0107 zar\u00f3wno tanie spanie (na dachu), \u015brednio tanie spanie w riadzie (56z\u0142 za &#8220;dw\u00f3jk\u0119&#8221; z \u0142azienk\u0105 &#8211; nasz wyb\u00f3r) lub spanie bardzo kosztowne za to naprawd\u0119 luksusowe (riady). Poza Medyn\u0105 jest wiele hoteli r\u00f3\u017cnogwiazdkowych (cho\u0107 w wi\u0119kszo\u015bci 4+) ale atmosfera jest ju\u017c zdecydowanie inna. Ceny nocleg\u00f3w trzeba oczywi\u015bcie negocjowa\u0107 wytrwale!<\/p>\n<p><strong>Nasz wyb\u00f3r: <a title=\"http:\/\/www.riad-oulaya-marrakech.com\/\" href=\"http:\/\/www.riad-oulaya-marrakech.com\/\" target=\"_blank\">Riad Oulaya<\/a><\/strong><\/p>\n<p style=\"text-align: center;\"><img loading=\"lazy\" decoding=\"async\" class=\"aligncenter\" style=\"border: 1px solid black;\" src=\"http:\/\/photos.travellerspoint.com\/273822\/mini2.jpg\" alt=\"mini2.jpg\" width=\"400\" height=\"266\" \/><\/p>\n<p><strong>Jedzenie<\/strong> &#8211; jak zwykle &#8211; uliczne. Na placu Djemaa el-Fna wieczorem rozk\u0142adaj\u0105 si\u0119 liczne stragany z jedzeniem w przyst\u0119pnych cenach. Mo\u017cna tu zje\u015b\u0107 od miseczki \u015blimak\u00f3w po taijin. Przez ca\u0142y dzie\u0144 stoj\u0105 tam budki ze \u015bwierzo wyciskanym sokiem pomara\u0144czowym (1.6z\u0142 \/ szklanka). W uliczkach Medyny cz\u0119sto mo\u017cna te\u017c natrafi\u0107 na stoiska z kanapkami, bu\u0142eczkami, ciastkami itp.<\/p>\n<h2 style=\"text-align: center;\">Atrakcje<\/h2>\n<p><strong> G\u0142\u00f3wn\u0105 atrakcj\u0105 Marrakeszu jest jego specyficzna atomsfera.<\/strong> Oczywi\u015bcie przewodniki wymieniaj\u0105 wiele atrakcji do zwiedzenia ale moim zdaniem sam spacer po mie\u015bcie (nie tylko Medynie) daje du\u017co wi\u0119cej ni\u017c chodzenie od muzem do muzeum.<\/p>\n<p><strong>Medyna<\/strong> &#8211; przestawiana jako jedna z najbardziej imponuj\u0105cych typowo maroka\u0144skich, bardzo rozleg\u0142a, bardzo kiepsko oznaczona. Mn\u00f3stwo tu ludzi: turyst\u00f3w i &#8220;przewodnik\u00f3w&#8221;, kt\u00f3rzy bardzo ch\u0119tnie Ci\u0119 oprowadz\u0105, gdy tylko poczujesz si\u0119 zagubiony (niekt\u00f3rzy &#8220;przewodnicy&#8221; s\u0105 naprawd\u0119 nachalni). Jest tu te\u017c bardzo du\u017cy targ, na kt\u00f3rym mo\u017cna kupi\u0107 pami\u0105tki. W por\u00f3wnaniu z Medyn\u0105 z Casablanci mo\u017cna odnie\u015b\u0107 wra\u017cenie, \u017ce jest jednak troch\u0119 bardziej dla turyst\u00f3w ni\u017c dla w\u0142a\u015bciwych mieszka\u0144c\u00f3w.<\/p>\n<p style=\"text-align: center;\"><img loading=\"lazy\" decoding=\"async\" class=\"aligncenter\" style=\"border: 1px solid black;\" src=\"http:\/\/photos.travellerspoint.com\/273822\/mini3.jpg\" alt=\"mini3.jpg\" width=\"400\" height=\"266\" \/><\/p>\n<p><strong>Plac Djemaa el-Fna<\/strong> &#8211; g\u0142\u00f3wny plac w Medynie, tu koncentruje si\u0119 ca\u0142e energia miasta! Wieczorem ca\u0142y plac o\u017cywa &#8211; w jednym ko\u0144cu rozstawiaj\u0105 si\u0119 stragany restauracyjne, w drugim muzyczne &#8211; mi\u0119dzy tym wszystkim kr\u0105\u017c\u0105 ludzie zarzucaj\u0105cy ma\u0142py na ramiona, proponuj\u0105cy jaki\u015b dziwny nap\u00f3j do spr\u00f3bowania, wsz\u0119dzie siedz\u0105 panie od henny &#8211; jeden wielki bajzel. Nad ranem jest tu z kolei jak makiem zasia\u0142 &#8211; otwarte s\u0105 jedynie stoiska z sokami i biegaj\u0105 bezpa\u0144skie psy. Naprawd\u0119 warto zobaczy\u0107!<\/p>\n<p><strong>Zabytki<\/strong> &#8211; Przewodniki i mapki wyliczaj\u0105 ich sporo, my zwiedzili\u015bmy tylko Pa\u0142ac Bahia i nie bardzo nam si\u0119 podoba\u0142o.<\/p>\n<p style=\"text-align: center;\"><img loading=\"lazy\" decoding=\"async\" class=\"aligncenter\" style=\"border: 1px solid black;\" src=\"http:\/\/photos.travellerspoint.com\/273822\/15D74CF62219AC681792F08F8CD985F5.jpg\" alt=\"15D74CF62219AC681792F08F8CD985F5.jpg\" width=\"400\" height=\"266\" \/><\/p>\n<h3>Nasz przewodnik po kraju: <a title=\"Przewodnik po Maroku\" href=\"https:\/\/nieczekaj.blog\/index.php\/nasze-przewodniki\/maroko\/\">MAROKO<\/a><br \/>\nWpis na bie\u017c\u0105co z podr\u00f3\u017cy: <a href=\"http:\/\/sebka.travellerspoint.com\/84\/\">Marrakesh<\/a>.<\/h3>\n<h3>Uwagi i pytania kierujcie na maila: <span style=\"text-decoration: underline;\">sebka.pl(malpa)gmail.com<\/span> lub komentujcie stron\u0119. Mi\u0142o czyta\u0107, \u017ce komu\u015b nasze informacje si\u0119 przydaj\u0105 \ud83d\ude42<\/h3>\n<h3>Pozdrawiam,<br \/>\nKasia<\/h3>\n<\/div>\n","protected":false},"excerpt":{"rendered":"<p>&nbsp; Marrakesz &#8211; zdecydowanie serce Maroka. To miasto kipi\u0105ce energi\u0105, stanowi\u0105ce punkt obowi\u0105zkowy dla ka\u017cdego turysty, kt\u00f3ry odwiedza Maroko. Z\u0142o\u015bliwi mogliby doda\u0107, \u017ce jest to jeden wielki cyrk obliczony na [&hellip;]<\/p>\n","protected":false},"author":1,"featured_media":0,"parent":530,"menu_order":2,"comment_status":"open","ping_status":"open","template":"","meta":{"om_disable_all_campaigns":false,"_monsterinsights_skip_tracking":false,"_monsterinsights_sitenote_active":false,"_monsterinsights_sitenote_note":"","_monsterinsights_sitenote_category":0,"_s2mail":"yes","ngg_post_thumbnail":0,"footnotes":""},"class_list":["post-558","page","type-page","status-publish","hentry"],"_links":{"self":[{"href":"https:\/\/nieczekaj.blog\/index.php\/wp-json\/wp\/v2\/pages\/558","targetHints":{"allow":["GET"]}}],"collection":[{"href":"https:\/\/nieczekaj.blog\/index.php\/wp-json\/wp\/v2\/pages"}],"about":[{"href":"https:\/\/nieczekaj.blog\/index.php\/wp-json\/wp\/v2\/types\/page"}],"author":[{"embeddable":true,"href":"https:\/\/nieczekaj.blog\/index.php\/wp-json\/wp\/v2\/users\/1"}],"replies":[{"embeddable":true,"href":"https:\/\/nieczekaj.blog\/index.php\/wp-json\/wp\/v2\/comments?post=558"}],"version-history":[{"count":8,"href":"https:\/\/nieczekaj.blog\/index.php\/wp-json\/wp\/v2\/pages\/558\/revisions"}],"predecessor-version":[{"id":561,"href":"https:\/\/nieczekaj.blog\/index.php\/wp-json\/wp\/v2\/pages\/558\/revisions\/561"}],"up":[{"embeddable":true,"href":"https:\/\/nieczekaj.blog\/index.php\/wp-json\/wp\/v2\/pages\/530"}],"wp:attachment":[{"href":"https:\/\/nieczekaj.blog\/index.php\/wp-json\/wp\/v2\/media?parent=558"}],"curies":[{"name":"wp","href":"https:\/\/api.w.org\/{rel}","templated":true}]}}