{"id":564,"date":"2013-06-01T18:37:00","date_gmt":"2013-06-01T16:37:00","guid":{"rendered":"http:\/\/sebka.cba.pl\/?page_id=564"},"modified":"2013-06-20T13:41:57","modified_gmt":"2013-06-20T11:41:57","slug":"atlas-wysoki","status":"publish","type":"page","link":"https:\/\/nieczekaj.blog\/index.php\/nasze-przewodniki\/afryka\/maroko\/atlas-wysoki\/","title":{"rendered":"Atlas Wysoki"},"content":{"rendered":"<div>\n<h3>Maroko jest krajem bardzo g\u00f3rzystym. Co oznacza, \u017ce trekking mo\u017cna \u015bmia\u0142o uskutecznia\u0107 w r\u00f3\u017cnych regionach i praktycznie o ka\u017cdej porze roku. Mo\u017cna kupi\u0107 wycieczk\u0119 i podr\u00f3\u017cowa\u0107 z przewodnikiem, tragarzami i mu\u0142ami. Mo\u017cna te\u017c p\u00f3j\u015b\u0107 samemu i na w\u0142asn\u0105 r\u0119k\u0119 organizowa\u0107 sobie wszystko. My wybrali\u015bmy ten drugi spos\u00f3b i poni\u017cej przedstawimy jego plusy i minusy. Chodzili\u015bmy tylko po Atlasie Wysokim, wi\u0119c na temat innych g\u00f3r maroka\u0144skich nie b\u0119dziemy si\u0119 wypowiada\u0107.<\/h3>\n<p style=\"text-align: center;\"><img loading=\"lazy\" decoding=\"async\" class=\"aligncenter\" style=\"border: 1px solid black;\" src=\"http:\/\/photos.travellerspoint.com\/273822\/Atlas_Wysoki.jpg\" alt=\"Atlas_Wysoki.jpg\" width=\"400\" height=\"266\" \/><\/p>\n<h2 style=\"text-align: center;\">Szlaki i mapy<\/h2>\n<p><strong>Szlaki w Atlasie Wysokim s\u0105 ALE<\/strong> zdecydowanie r\u00f3\u017cni\u0105 si\u0119 od systemu przyj\u0119tego w polskich g\u00f3rach. W ni\u017cszych partiach s\u0105 to zazwyczaj trasy wiod\u0105ce mi\u0119dzy wioskami, wykorzystywane przez mu\u0142y &#8211; turystyczne i towarowe &#8211; dlatego g\u0142\u00f3wnym oznaczeniem szlaku s\u0105 po prostu odchody zwierz\u0105t. Drug\u0105 form\u0105 oznaczenia s\u0105 bia\u0142e kropki lub kreski (zmiana oznaczenia nie oznacza zmiany szlaku) namalowane na kamieniach. Nie ma oznacze\u0144 odleg\u0142o\u015bci ani czas\u00f3w przej\u015bcia, nigdzie nie jest napisane dok\u0105d dany szlak prowadzi. Mo\u017ce brzmi strasznie ale tak naprawd\u0119 zgubi\u0107 si\u0119 jest do\u015b\u0107 trudno<img loading=\"lazy\" decoding=\"async\" title=\"\" src=\"http:\/\/www.travellerspoint.com\/Emoticons\/icon_smile.gif\" alt=\":)\" width=\"15\" height=\"15\" \/><\/p>\n<p><strong>Mapy lepiej kupi\u0107 wcze\u015bniej<\/strong>, poniewa\u017c nie s\u0105 tak \u0142atwo dost\u0119pne w miejscowo\u015bciach g\u00f3rskich jak by si\u0119 mog\u0142o wydawa\u0107 (jedyn\u0105 map\u0119 widzieli\u015bmy w schronisku pod Toubkalem).<\/p>\n<p><strong>My pos\u0142u\u017cyli\u015bmy si\u0119 BARDZO schematycznymi mapkami zamieszczonymi w przewodniku <em>Lonely Planet<\/em><\/strong> i nie zgin\u0119li\u015bmy (cho\u0107 czasem zabawa w &#8220;gdzie i\u015b\u0107 dalej&#8221; trwa\u0142a d\u0142u\u017cej ni\u017c by\u015bmy chcieli). Nasza trasa stanowi\u0142a po\u0142\u0105czenie 2 tras zaproponowanych przez LP. UWAGA! Czasy przej\u015b\u0107 i odleg\u0142o\u015bci podane w przewodniku by\u0142y zdecydowanie zani\u017cone (nie tylko my tak uwa\u017camy!).<\/p>\n<p style=\"text-align: center;\"><img loading=\"lazy\" decoding=\"async\" class=\"aligncenter\" style=\"border: 1px solid black;\" src=\"http:\/\/photos.travellerspoint.com\/273822\/Wioska_w_Atlasie_Wysokim.jpg\" alt=\"Wioska_w_Atlasie_Wysokim.jpg\" width=\"400\" height=\"266\" \/><\/p>\n<h2 style=\"text-align: center;\">Bazy wypadowe<\/h2>\n<p><strong>G\u0142\u00f3wne bazy wypadowe s\u0105 dwie: Imlil i Setti Fatma<\/strong>. Do obydwu miejscowo\u015bci mo\u017cna \u0142atwo dojecha\u0107 taks\u00f3wkami z Marrakeshu. My startowali\u015bmy z <strong>Setti Fatmy<\/strong> i niestety nie zapisa\u0142a si\u0119 ona w naszej pami\u0119ci najlepiej. Najbardziej zaawansowanym sprz\u0119tem turystycznym, jaki mo\u017cna tam naby\u0107 jest puszka konserw i butelka wody. O mapach nie ma co wspomina\u0107. Generalnie jest to punkt wypad\u00f3w 1dniowych z Marakeszu &#8211; mn\u00f3stwo restauracji nad rzek\u0105 i przewodnik\u00f3w, kt\u00f3rzy zaprowadz\u0105 Ci\u0119 do pobliskich wodospad\u00f3w.<\/p>\n<p>Z kolei w <strong>Imlil<\/strong> ko\u0144czyli\u015bmy nasz\u0105 g\u00f3rsk\u0105 przygod\u0119, wi\u0119c za sprz\u0119tem turystycznym czy mapami szczeg\u00f3lnie si\u0119 nie rozgl\u0105dali\u015bmy. Odnie\u015bli\u015bmy jednak wra\u017cenie, \u017ce Imlil jest bardziej przygotowane na przyj\u0119cie turyst\u00f3w <em>g\u00f3rali<\/em>.<\/p>\n<p><strong>Nasza trasa<\/strong> prowadzi\u0142a przez: Setti Fatma &#8211; Timiche &#8211; Tachedirt &#8211; Azib Likemt &#8211; Amsouzert &#8211; Jezioro Ifni &#8211; Prze\u0142\u0119cz Ouanoums &#8211; Toubkal &#8211; Imlil.<\/p>\n<p style=\"text-align: center;\"><img loading=\"lazy\" decoding=\"async\" class=\"aligncenter\" style=\"border: 1px solid black;\" src=\"http:\/\/photos.travellerspoint.com\/273822\/Podej_cie_pod_prze__cz.jpg\" alt=\"Podej_cie_pod_prze__cz.jpg\" width=\"400\" height=\"267\" \/><\/p>\n<h2 style=\"text-align: center;\">Gdzie spa\u0107 i zje\u015b\u0107?<\/h2>\n<p>W <strong>Setti Fatmie i Imlil<\/strong> nie ma problem\u00f3w ani z noclegiem ani z jedzeniem &#8211; jest du\u017cy wyb\u00f3r. I w jednej i w drugiej miejscowo\u015bci uda\u0142o nam si\u0119 znale\u017a\u0107 knajpki naprawd\u0119 maroka\u0144skie (co potwierdza\u0142o wielkie zdziewienie na nasz widok obs\u0142ugi). W Imlil mo\u017cna znale\u017a\u0107 nawet prawdziw\u0105 w\u0142osk\u0105 pizz\u0119!<\/p>\n<p><strong>Je\u015bli chodzi o miejscowo\u015bci przystankowe to w ka\u017cdej mo\u017cna by\u0142o \u0142atwo znale\u017a\u0107 nocleg:<\/strong> w czyim\u015b domu, w hostelu, pod namiotem, pod namiotem na czyim\u015b dachu &#8211; mo\u017cliwo\u015bci jest wiele. Zazwyczaj z noclegiem mo\u017cna by\u0142o zam\u00f3wi\u0107 wy\u017cywienie (zastosowanie mia\u0142a zasada: im wi\u0119cej kupisz tym mniej p\u0142acisz). Miejscowo\u015b\u0107 <strong>Amsouzert<\/strong> by\u0142a chyba najwi\u0119ksza spo\u015br\u00f3d wszystkich przez nas mijanych &#8211; mo\u017cna tam uzupe\u0142ni\u0107 zapasy \u017cywieniowe. W wiosce <strong>Azib Likemt<\/strong> (je\u015bli dobrze zrozumia\u0142am jest to osada tymczasowa, dzia\u0142aj\u0105ca tylko przez kilka miesi\u0119cy w roku) jest pole do rozbicia namiot\u00f3w i sklepik, w kt\u00f3rym mo\u017cna kupi\u0107 s\u0142odycze i co\u015b do picia. <strong>U podn\u00f3\u017cy Toubkala<\/strong> znajduj\u0105 si\u0119 dwa schroniska, w kt\u00f3rych mo\u017cna spa\u0107, je\u015b\u0107 i kupi\u0107 co\u015b do pochrupania &#8211; zdecydowanie polecamy schronisko stare (za prawdziwy g\u00f3rski klimat i \u017cyczliwo\u015b\u0107) i zdecydowanie odradzamy nowe (bo chocia\u017c z wierzchu bardzo \u0142adne to ceny podw\u00f3jne a panowie oszukuj\u0105).<\/p>\n<p><strong>Timiche i Tachedirt<\/strong> to miejscowo\u015bci tak ma\u0142e, \u017ce nie ma tam chyba sklep\u00f3w (posi\u0142ki mo\u017cna kupi\u0107 w schronisku lub u gospodarza).<\/p>\n<p style=\"text-align: center;\"><img loading=\"lazy\" decoding=\"async\" class=\"aligncenter\" style=\"border: 1px solid black;\" src=\"http:\/\/photos.travellerspoint.com\/273822\/Nocleg_na_dachu_1.jpg\" alt=\"Nocleg_na_dachu_1.jpg\" width=\"400\" height=\"266\" \/><\/p>\n<p><strong>Spanie na dziko czyli pod chmurk\u0105<\/strong> &#8211; nam zdarzy\u0142o si\u0119 kilka razy na szlaku (gdzie\u015b na polu, w miejscu postoju dla pasterzy, pod jak\u0105\u015b wiat\u0105, pod schroniskiem u podn\u00f3\u017cy Toubkala). Nale\u017cy zawsze zwr\u00f3ci\u0107 uwag\u0119, czy nie rozbija si\u0119 namiotu na czyich\u015b uprawach<img loading=\"lazy\" decoding=\"async\" title=\"\" src=\"http:\/\/www.travellerspoint.com\/Emoticons\/icon_smile.gif\" alt=\":)\" width=\"15\" height=\"15\" \/> Polecamy szczeg\u00f3lnie jaskinio-groto-wiaty pasterzy &#8211; dobrze os\u0142oni\u0119te od wiatru!<\/p>\n<p><strong>\u0141azienki<\/strong> &#8211; wszystkich wra\u017cliwc\u00f3w higienicznych pragn\u0119 uspokoi\u0107! Praktycznie w ka\u017cdym naszej noclegowni by\u0142a mo\u017cliwo\u015b\u0107 skorzystania z prysznica czasem nawet gor\u0105cego!<\/p>\n<h2 style=\"text-align: center;\">Przyk\u0142adowe ceny<\/h2>\n<p><strong>Poni\u017cej przyk\u0142adowe ceny<\/strong> za us\u0142ugi, z kt\u00f3rych korzystali\u015bmy w g\u00f3rach:<\/p>\n<ul>\n<li>batonik (Snikers, Twix) &#8211; 4z\u0142<\/li>\n<li>Coca Cola &#8211; 4z\u0142<\/li>\n<li>omlet dla 2 os\u00f3b i herbata &#8211; 12z\u0142<\/li>\n<li>taijin dla 2 os\u00f3b &#8211; 24z\u0142<\/li>\n<li>\u015bniadanie dla 2 os\u00f3b &#8211; 8z\u0142<\/li>\n<li>konserwa rybna (mniam!) &#8211; 4z\u0142<\/li>\n<li>nocleg dla 2 os\u00f3b (nasz namiot) &#8211; 8z\u0142<\/li>\n<li>prysznic &#8211; 4z\u0142<\/li>\n<\/ul>\n<p style=\"text-align: center;\"><img loading=\"lazy\" decoding=\"async\" class=\"aligncenter\" style=\"border: 1px solid black;\" src=\"http:\/\/photos.travellerspoint.com\/273822\/45A48AF22219AC6817B2005CB9B798A0.jpg\" alt=\"45A48AF22219AC6817B2005CB9B798A0.jpg\" width=\"400\" height=\"266\" \/><\/p>\n<h3>Nasz przewodnik po kraju <a href=\"https:\/\/nieczekaj.blog\/index.php\/nasze-przewodniki\/maroko\/\">MAROKO<\/a><br \/>\nWpis na bie\u017c\u0105co z podr\u00f3\u017cy: <a href=\"http:\/\/sebka.travellerspoint.com\/85\/\">Trekking po Atlasie Wysokim<\/a>.<\/h3>\n<p><strong>Uwagi i pytania kierujcie na maila: <span style=\"text-decoration: underline;\">NieCzekaj.eu(malpa)gmail.com<\/span> lub komentujcie stron\u0119. Mi\u0142o czyta\u0107, \u017ce komu\u015b nasze informacje si\u0119 przydaj\u0105 <img decoding=\"async\" src=\"http:\/\/sebka.cba.pl\/wp-includes\/images\/smilies\/icon_smile.gif\" alt=\":)\" \/><\/strong><\/p>\n<p><strong>Pozdrawiam,<br \/>\nKasia<\/strong><\/p>\n<\/div>\n","protected":false},"excerpt":{"rendered":"<p>Maroko jest krajem bardzo g\u00f3rzystym. Co oznacza, \u017ce trekking mo\u017cna \u015bmia\u0142o uskutecznia\u0107 w r\u00f3\u017cnych regionach i praktycznie o ka\u017cdej porze roku. Mo\u017cna kupi\u0107 wycieczk\u0119 i podr\u00f3\u017cowa\u0107 z przewodnikiem, tragarzami i [&hellip;]<\/p>\n","protected":false},"author":1,"featured_media":0,"parent":530,"menu_order":0,"comment_status":"open","ping_status":"open","template":"","meta":{"om_disable_all_campaigns":false,"_monsterinsights_skip_tracking":false,"_monsterinsights_sitenote_active":false,"_monsterinsights_sitenote_note":"","_monsterinsights_sitenote_category":0,"_s2mail":"yes","ngg_post_thumbnail":0,"footnotes":""},"class_list":["post-564","page","type-page","status-publish","hentry"],"_links":{"self":[{"href":"https:\/\/nieczekaj.blog\/index.php\/wp-json\/wp\/v2\/pages\/564","targetHints":{"allow":["GET"]}}],"collection":[{"href":"https:\/\/nieczekaj.blog\/index.php\/wp-json\/wp\/v2\/pages"}],"about":[{"href":"https:\/\/nieczekaj.blog\/index.php\/wp-json\/wp\/v2\/types\/page"}],"author":[{"embeddable":true,"href":"https:\/\/nieczekaj.blog\/index.php\/wp-json\/wp\/v2\/users\/1"}],"replies":[{"embeddable":true,"href":"https:\/\/nieczekaj.blog\/index.php\/wp-json\/wp\/v2\/comments?post=564"}],"version-history":[{"count":6,"href":"https:\/\/nieczekaj.blog\/index.php\/wp-json\/wp\/v2\/pages\/564\/revisions"}],"predecessor-version":[{"id":946,"href":"https:\/\/nieczekaj.blog\/index.php\/wp-json\/wp\/v2\/pages\/564\/revisions\/946"}],"up":[{"embeddable":true,"href":"https:\/\/nieczekaj.blog\/index.php\/wp-json\/wp\/v2\/pages\/530"}],"wp:attachment":[{"href":"https:\/\/nieczekaj.blog\/index.php\/wp-json\/wp\/v2\/media?parent=564"}],"curies":[{"name":"wp","href":"https:\/\/api.w.org\/{rel}","templated":true}]}}