{"id":567,"date":"2013-06-01T18:43:49","date_gmt":"2013-06-01T16:43:49","guid":{"rendered":"http:\/\/sebka.cba.pl\/?page_id=567"},"modified":"2013-06-20T13:42:01","modified_gmt":"2013-06-20T11:42:01","slug":"tarudant","status":"publish","type":"page","link":"https:\/\/nieczekaj.blog\/index.php\/nasze-przewodniki\/afryka\/maroko\/tarudant\/","title":{"rendered":"Tarudant"},"content":{"rendered":"<h3>Tarudant nazywany jest <em>Marakeszem po\u0142udnia<\/em>. Nie do ko\u0144ca zgadzamy si\u0119 z t\u0105 opini\u0105 &#8211; nam podoba\u0142o si\u0119 tu du\u017co bardziej ni\u017c w Marakeszu. Trafili\u015bmy tu troch\u0119 przez przypadek, w drodze mi\u0119dzy g\u00f3rami a oceanem. Zostali\u015bmy kilka dni i do tej pory wspominamy jako jedno z najfajnieszych miejsc w Maroku!<\/h3>\n<p style=\"text-align: center;\"><img loading=\"lazy\" decoding=\"async\" class=\"aligncenter\" style=\"border: 1px solid black;\" src=\"http:\/\/photos.travellerspoint.com\/273822\/MARO4014.jpg\" alt=\"MARO4014.jpg\" width=\"400\" height=\"267\" \/><\/p>\n<div>\n<p style=\"text-align: center;\"><em>Mury wok\u00f3\u0142 Medyny<\/em><\/p>\n<\/div>\n<h2 style=\"text-align: center;\">Transport do i po mie\u015bcie<\/h2>\n<p><strong>Tarudant znajduje si\u0119 troch\u0119 na uboczu <\/strong>. Najbli\u017csz\u0105 i najlepsz\u0105 mo\u017cliwo\u015bci\u0105 przesiadki w drodze &#8220;do&#8221; i &#8220;z&#8221; Tarudant stanowi Agadir lub w\u0142a\u015bciwie <strong>Inezgane<\/strong> &#8211; niewielka miejscowo\u015b\u0107 s\u0105siaduj\u0105ca z Agadirem, lokalny w\u0119ze\u0142 komunikacji mi\u0119dzymiastowej. St\u0105d \u0142atwo jest z\u0142apa\u0107 autobus lub taxi na p\u00f3\u0142noc (do Marakeszu lub Essaouiry) lub na po\u0142udnie (w kierunku Sahary Zachodniej). Z kolei <strong>podr\u00f3\u017cuj\u0105c na wsch\u00f3d<\/strong> od Tarudant mo\u017cna wzgl\u0119dnie \u0142atwo, zaliczaj\u0105c przesiadk\u0119 lub dwie dotrze\u0107 do Quarzazate lub Agdz i dalej w kierunku pustyni. Miejscowo\u015bci przasiadkowe dla taks\u00f3wek na tej trasie to: Ouled Berhil, Taliouine, Tazenakht.<\/p>\n<p><strong>Wielkim plusem Tarudant jest to<\/strong>, \u017ce dworzec autobusowy i post\u00f3j taks\u00f3wek s\u0105 zlokalizowane w jednym miejscu: przy bramie Bab Zorgan, niemal w centrum miasta.<\/p>\n<p><strong>My sami przyjechali\u015bmy do Tarudant prosto z g\u00f3r<\/strong> &#8211; bardzo bardzo malownicz\u0105 i bardzo ma\u0142o ucz\u0119szczan\u0105 drog\u0105 prowadz\u0105c\u0105 z miejscowo\u015bci Asni (na p\u00f3\u0142noc od Imlil) przez pi\u0119kn\u0105 prze\u0142\u0119cz Tizi n&#8217;Test. Bardzo polecamy, bo naprawd\u0119 \u0142adne widoki!!!!<\/p>\n<p style=\"text-align: center;\"><img loading=\"lazy\" decoding=\"async\" class=\"aligncenter\" style=\"border: 1px solid black;\" src=\"http:\/\/photos.travellerspoint.com\/273822\/_MAR3986.jpg\" alt=\"_MAR3986.jpg\" width=\"400\" height=\"266\" \/><\/p>\n<div>\n<p style=\"text-align: center;\"><em>Widoki z prze\u0142\u0119czy Tizi n&#8217;Test<\/em><\/p>\n<\/div>\n<h2 style=\"text-align: center;\">Gdzie spa\u0107 i zje\u015b\u0107?<\/h2>\n<p><strong>Najlepsz\u0105 opcj\u0105 noclegow\u0105 jest Medyna <\/strong> &#8211; jak zawsze <img loading=\"lazy\" decoding=\"async\" title=\"\" src=\"http:\/\/www.travellerspoint.com\/Emoticons\/icon_smile.gif\" alt=\":)\" width=\"15\" height=\"15\" \/> Przewodnik LP nie k\u0142ama\u0142 i faktycznie w okolicach placu an Nasr, w Medynie, znale\u017ali\u015bmy kilka hotelik\u00f3w o standardach akceptowalnych i cenach bardzo przyjaznych (za nasz\u0105 &#8220;2&#8221; bez \u0142azienki p\u0142acili\u015bmy 24z\u0142). Niestety wybieraj\u0105c pokoje wychodz\u0105ce na ulic\u0119 trzeba liczy\u0107 si\u0119 z ha\u0142asem <img loading=\"lazy\" decoding=\"async\" title=\"\" src=\"http:\/\/www.travellerspoint.com\/Emoticons\/icon_sad.gif\" alt=\":(\" width=\"15\" height=\"15\" \/> Oczywi\u015bcie hotele o standardach wy\u017cszych (i cenach odpowiednio te\u017c) r\u00f3wnie\u017c w Medynie wyst\u0119puj\u0105.<\/p>\n<p style=\"text-align: center;\"><img loading=\"lazy\" decoding=\"async\" class=\"aligncenter\" style=\"border: 1px solid black;\" src=\"http:\/\/photos.travellerspoint.com\/273822\/_MAR4003.jpg\" alt=\"_MAR4003.jpg\" width=\"400\" height=\"266\" \/><\/p>\n<div>\n<p style=\"text-align: center;\"><em>Nasz hotelik<\/em><\/p>\n<\/div>\n<p><strong>Jedzenie<\/strong> &#8211; jak zwykle &#8211; uliczne. Na placach i w uliczkach medy\u0144skich jest mn\u00f3stwo stoisk i bar\u00f3w z kanapkami ze wszystkim (warto spr\u00f3bowa\u0107 : kto wcze\u015bniej jad\u0142 tu\u0144czyka z burakami???), sokami z pomara\u0144czy i bar\u00f3w z herbat\u0105, kaw\u0105 i roti! Poza tym w wielu miejscach (nie tylko na sukach) mo\u017cna kupi\u0107 warzywa i owoce. Polecamy daktyle ale z umiarem!<\/p>\n<p style=\"text-align: center;\"><img loading=\"lazy\" decoding=\"async\" class=\"aligncenter\" style=\"border: 1px solid black;\" src=\"http:\/\/photos.travellerspoint.com\/273822\/_MAR4031.jpg\" alt=\"_MAR4031.jpg\" width=\"400\" height=\"266\" \/><\/p>\n<div>\n<p style=\"text-align: center;\"><em>Kanapka ze wszystkim i z frytkami za 3z\u0142!<\/em><\/p>\n<\/div>\n<h2 style=\"text-align: center;\">Atrakcje<\/h2>\n<p><strong> G\u0142\u00f3wn\u0105 atrakcj\u0105 Tarudant jest, podobnie jak w przypadku Marakeszu, jego specyficzna atmosfera.<\/strong> Nie jest to jednak cyrk orientu nastawiony na przyjezdnych ale prawdziwe miasto, kt\u00f3re \u017cyje swoim \u017cyciem. Turyst\u00f3w jest tu wystarczaj\u0105co du\u017co, \u017ceby nie wzbudza\u0107 sensacji blond w\u0142osami a jednak na tyle niewielu, \u017ce mo\u017cna si\u0119 poczu\u0107 odkrywc\u0105 <img loading=\"lazy\" decoding=\"async\" title=\"\" src=\"http:\/\/www.travellerspoint.com\/Emoticons\/icon_smile.gif\" alt=\":)\" width=\"15\" height=\"15\" \/><\/p>\n<p><strong>Medyna i mur obronny<\/strong> &#8211; ta pierwsza troch\u0119 mniej osza\u0142amiaj\u0105ca ni\u017c marakesza\u0144ska lub feska &#8211; ulice tak samo popl\u0105tane i \u015brednio oznaczone, stragany na ka\u017cdym kroku i du\u017co ludzi a jednak troch\u0119 lu\u017aniej i mniej klaustrofobicznie. Oczywi\u015bcie najlepsze\/najta\u0144sze jedzenie i spanie mo\u017cna znale\u017a\u0107 w Medynie.<br \/>\nZ kolei mur dooko\u0142a Medyny jest naprawd\u0119 imponuj\u0105cy! Ca\u0142y (nie w kawa\u0142kach), oryginalny &#8211; naprawd\u0119 przywodzi na my\u015bl zamki na skraju pustyni! Pi\u0119knie odnowione bramy wjazdowe! Gor\u0105co polecamy!!!<\/p>\n<p><strong>Suki<\/strong> &#8211; czyli targowiska. Jest ich kilka w Medynie, niekt\u00f3re z towarami wyj\u0105tkowo nieturystycznymi (np. meble), inne z pami\u0105tkami. Warto pochodzi\u0107, popatrze\u0107 i oczywi\u015bcie targowa\u0107 si\u0119 do upad\u0142ego! Typowymi pami\u0105tkami dla tego regionu (co nie znaczy, \u017ce nie da si\u0119 ich kupi\u0107 w Casablance<img loading=\"lazy\" decoding=\"async\" title=\"\" src=\"http:\/\/www.travellerspoint.com\/Emoticons\/icon_smile.gif\" alt=\":)\" width=\"15\" height=\"15\" \/>) s\u0105: sk\u00f3rzane klapki, bi\u017cuteria berberska, ceramika.<br \/>\nPr\u00f3bowali\u015bmy i mo\u017cemy \u015bmia\u0142o poleci\u0107 pyszne oliwki i daktyle!<\/p>\n<p style=\"text-align: center;\"><img loading=\"lazy\" decoding=\"async\" class=\"aligncenter\" style=\"border: 1px solid black;\" src=\"http:\/\/photos.travellerspoint.com\/273822\/_MAR4011.jpg\" alt=\"_MAR4011.jpg\" width=\"400\" height=\"266\" \/><\/p>\n<div>\n<p style=\"text-align: center;\"><em>Stoisko owocowo-warzywne<\/em><\/p>\n<\/div>\n<p><strong>UWAGA!<\/strong> Na jednym z targowisk uda\u0142o nam si\u0119 znale\u017a\u0107 jedno stoisko antykwaryczne z angielskimi ksi\u0105\u017ckami! Rzadkie zjawisko w Maroku!<\/p>\n<p style=\"text-align: center;\"><img loading=\"lazy\" decoding=\"async\" class=\"aligncenter\" style=\"border: 1px solid black;\" src=\"http:\/\/photos.travellerspoint.com\/273822\/_MAR4017.jpg\" alt=\"_MAR4017.jpg\" width=\"400\" height=\"266\" \/><\/p>\n<div>\n<p style=\"text-align: center;\"><em>Fontanny w jednym z park\u00f3w<\/em><\/p>\n<h3>Nasz przewodnik po kraju: <a title=\"Przewodnik po Maroku\" href=\"https:\/\/nieczekaj.blog\/index.php\/nasze-przewodniki\/maroko\/\">MAROKO<\/a><br \/>\nWpis na bie\u017c\u0105co z podr\u00f3\u017cy: <a href=\"http:\/\/sebka.travellerspoint.com\/86\/\">Tarudant<\/a>.<\/h3>\n<\/div>\n<h3><strong>Aktualna lista wpis\u00f3w z cyklu &#8220;informacje praktyczne&#8221; dotycz\u0105ce miejsc w Maroku znajduj\u0105 si\u0119 w po\u015bcie <a href=\"http:\/\/sebka.travellerspoint.com\/95\/\">MAROKO &#8211; informacje og\u00f3lne<\/a><\/strong><\/h3>\n<h3><strong>Uwagi i pytania kierujcie na maila: <span style=\"text-decoration: underline;\">NieCzekaj.eu(malpa)gmail.com<\/span> lub komentujcie stron\u0119. Mi\u0142o czyta\u0107, \u017ce komu\u015b nasze informacje si\u0119 przydaj\u0105 <img decoding=\"async\" src=\"http:\/\/sebka.cba.pl\/wp-includes\/images\/smilies\/icon_smile.gif\" alt=\":)\" \/><\/strong><\/h3>\n<p><strong>Pozdrawiam,<br \/>\nKasia<\/strong><\/p>\n","protected":false},"excerpt":{"rendered":"<p>Tarudant nazywany jest Marakeszem po\u0142udnia. Nie do ko\u0144ca zgadzamy si\u0119 z t\u0105 opini\u0105 &#8211; nam podoba\u0142o si\u0119 tu du\u017co bardziej ni\u017c w Marakeszu. Trafili\u015bmy tu troch\u0119 przez przypadek, w drodze [&hellip;]<\/p>\n","protected":false},"author":1,"featured_media":0,"parent":530,"menu_order":0,"comment_status":"open","ping_status":"open","template":"","meta":{"om_disable_all_campaigns":false,"_monsterinsights_skip_tracking":false,"_monsterinsights_sitenote_active":false,"_monsterinsights_sitenote_note":"","_monsterinsights_sitenote_category":0,"_s2mail":"yes","ngg_post_thumbnail":0,"footnotes":""},"class_list":["post-567","page","type-page","status-publish","hentry"],"_links":{"self":[{"href":"https:\/\/nieczekaj.blog\/index.php\/wp-json\/wp\/v2\/pages\/567","targetHints":{"allow":["GET"]}}],"collection":[{"href":"https:\/\/nieczekaj.blog\/index.php\/wp-json\/wp\/v2\/pages"}],"about":[{"href":"https:\/\/nieczekaj.blog\/index.php\/wp-json\/wp\/v2\/types\/page"}],"author":[{"embeddable":true,"href":"https:\/\/nieczekaj.blog\/index.php\/wp-json\/wp\/v2\/users\/1"}],"replies":[{"embeddable":true,"href":"https:\/\/nieczekaj.blog\/index.php\/wp-json\/wp\/v2\/comments?post=567"}],"version-history":[{"count":4,"href":"https:\/\/nieczekaj.blog\/index.php\/wp-json\/wp\/v2\/pages\/567\/revisions"}],"predecessor-version":[{"id":856,"href":"https:\/\/nieczekaj.blog\/index.php\/wp-json\/wp\/v2\/pages\/567\/revisions\/856"}],"up":[{"embeddable":true,"href":"https:\/\/nieczekaj.blog\/index.php\/wp-json\/wp\/v2\/pages\/530"}],"wp:attachment":[{"href":"https:\/\/nieczekaj.blog\/index.php\/wp-json\/wp\/v2\/media?parent=567"}],"curies":[{"name":"wp","href":"https:\/\/api.w.org\/{rel}","templated":true}]}}