{"id":697,"date":"2013-06-07T22:33:28","date_gmt":"2013-06-07T20:33:28","guid":{"rendered":"http:\/\/sebka.pl\/?page_id=697"},"modified":"2013-06-20T13:41:59","modified_gmt":"2013-06-20T11:41:59","slug":"sidi-ifni","status":"publish","type":"page","link":"https:\/\/nieczekaj.blog\/index.php\/nasze-przewodniki\/afryka\/maroko\/sidi-ifni\/","title":{"rendered":"Sidi Ifni"},"content":{"rendered":"<h3>Sidi Ifni &#8211; jest to jedno z naszych ulubionych maroka\u0144skich miejsc! Na pierwszy rzut oka nie robi imponuj\u0105cego wra\u017cenia: czasy \u015bwietno\u015bci min\u0119\u0142y z odej\u015bciem hiszpa\u0144skiego protektoratu. Ale je\u015bli dacie temu miejscu szans\u0119, oczaruje Was zupe\u0142nie tak, jak oczarowa\u0142o nas.<\/h3>\n<p><a href=\"http:\/\/sebka.pl\/wp-content\/uploads\/2013\/06\/Sidi-Ifni.jpg\"><img loading=\"lazy\" decoding=\"async\" class=\"size-full wp-image-710 aligncenter\" style=\"border: 1px solid black; margin-top: 1px; margin-bottom: 1px;\" title=\"Sidi Ifni\" src=\"http:\/\/sebka.pl\/wp-content\/uploads\/2013\/06\/Sidi-Ifni.jpg\" alt=\"\" width=\"400\" height=\"266\" srcset=\"https:\/\/nieczekaj.blog\/wp-content\/uploads\/2013\/06\/Sidi-Ifni.jpg 400w, https:\/\/nieczekaj.blog\/wp-content\/uploads\/2013\/06\/Sidi-Ifni-300x199.jpg 300w\" sizes=\"auto, (max-width: 400px) 100vw, 400px\" \/><\/a><em><\/em><\/p>\n<h2 style=\"text-align: center;\">Og\u00f3lnie<\/h2>\n<p>Sidi Ifni jest niewielkim miasteczkiem nadatlantyckim, z pi\u0119kn\u0105 pla\u017c\u0105 i nie bardzo odrestaurowan\u0105 star\u00f3wk\u0105 z czas\u00f3w hiszpa\u0144skich. Charakterystyczny jest spos\u00f3b malowania budynk\u00f3w w centrum na bia\u0142o-niebiesko. Jest to miasto nastawione na turyst\u00f3w ale nie nachalnie,\u00a0 a przewaga turyst\u00f3w maroka\u0144skich nad zagranicznymi jest mi\u0142\u0105 odmian\u0105!<\/p>\n<h2 style=\"text-align: center;\">Transport do i po mie\u015bcie<\/h2>\n<p><strong>Sidi Ifni &#8211;<\/strong> jest na tyle ma\u0142e, \u017ce autobus\u00f3w i taks\u00f3wek wiele tu nie zagl\u0105da&#8230;.trzeba zatem czatowa\u0107 \ud83d\ude42<\/p>\n<p><strong>Autobus\u00f3w w Sidi Ifni nie widzieli\u015bmy<\/strong>, wi\u0119c nie wiemy, gdzie si\u0119 zatrzymuj\u0105. Za to post\u00f3j taks\u00f3wek jest po\u0142o\u017cony w centrum, przy jednej z g\u0142\u00f3wnych dr\u00f3g.<\/p>\n<p><strong>My przyjechali\u015bmy tu z Tarudant, z przesiadk\u0105 w Inezgane<\/strong> (w\u0119ze\u0142 komunikacyjny pod Agadirem). W Inezgane wskazano nam stanowisko, na kt\u00f3rym sta\u0142y colectivy do Sidi Ifni (koszt <em>22z\u0142\/os<\/em>). D\u0142ugo czeka\u0107 nie musieli\u015bmy. Podobno odje\u017cd\u017ca te\u017c st\u0105d (z pobliskiego dworca) 1 autobus do Sidi Ifni. Podr\u00f3\u017c powrotn\u0105 odbyli\u015bmy tym samym sposobem.<\/p>\n<h2 style=\"text-align: center;\">Gdzie spa\u0107 i zje\u015b\u0107?<\/h2>\n<p><strong>R\u00f3\u017cnorodno\u015b\u0107 opcji noclegowych jest!\u00a0<\/strong>My zdecydowali\u015bmy si\u0119 na kemping przy pla\u017cy i polecamy w szczeg\u00f3lno\u015bci za gor\u0105cy prysznic (<em>18z\u0142\/namiot 2-os<\/em>). Dla beznamiotowc\u00f3w znajd\u0105 si\u0119 hotele od naprawd\u0119 niepi\u0119knych ale tanich (<em>24z\u0142\/2os<\/em>), po polecane przez LP, z klimatem, atmosfer\u0105 i odpowiedni\u0105 cen\u0105 (<em>64z\u0142\/2os i wi\u0119cej<\/em>). Miasto jest na tyle niedu\u017ce, \u017ce godzina spaceru po centrum i na pewno znajdziecie co\u015b dla siebie.<\/p>\n<p><strong>Jedzenie<\/strong> &#8211; jak zwykle &#8211; polecamy lokalne kawiarnie i bary. W centrum i w okolicach targowiska jest mn\u00f3stwo kawiarni \/ herbaciarni, bar\u00f3w czy stoisk z jedzeniem. Szczeg\u00f3lnie polecamy ostatni bar przy ulicy wzd\u0142u\u017c targowiska &#8211; pyszna zupa z cieciorki (<em>4z\u0142 \/ wielki talerz<\/em>). Na &#8220;targu ze wszystkim&#8221; mo\u017cna zaopatrzy\u0107 si\u0119 w \u015bwie\u017ce owoce i warzywa a tak\u017ce zje\u015b\u0107 zup\u0119 (jarzynow\u0105?) i sma\u017cone rybki. <strong>Natomiast na &#8220;targu rybnym&#8221; (nie da si\u0119 pomyli\u0107 tych 2 targ\u00f3w &#8211; uwierzcie na s\u0142owo!) zjedli\u015bmy najlepszy taijin wyjazdu &#8211; taijin rybny<\/strong> (16z\u0142 &#8211; warty ka\u017cdego grosza!).<\/p>\n<p><strong>Osobom nie podzielaj\u0105cym naszego entuzjazmu do jedzenia ulicznego<\/strong>, polecamy \u015bwietn\u0105 pizzeri\u0119 w centrum miasta (<em>12z\u0142 \/ pyszna margherita<\/em>). W hotelach wy\u017cszych standard\u00f3w znajduj\u0105 si\u0119 najcz\u0119\u015bciej restauracje, w kt\u00f3rych mo\u017cna zam\u00f3wi\u0107 dania bardziej europejskie (i wypi\u0107 normaln\u0105 herbat\u0119) cho\u0107 koszt jest odpowiednio wysoki.<\/p>\n<p style=\"text-align: center;\">\u00a0<a href=\"http:\/\/sebka.pl\/wp-content\/uploads\/2013\/06\/Zupa-z-ciecierzycy.jpg\"><img loading=\"lazy\" decoding=\"async\" class=\"size-full wp-image-711 aligncenter\" style=\"border: 1px solid black; margin-top: 1px; margin-bottom: 1px;\" title=\"Zupa z ciecierzycy\" src=\"http:\/\/sebka.pl\/wp-content\/uploads\/2013\/06\/Zupa-z-ciecierzycy.jpg\" alt=\"\" width=\"400\" height=\"266\" srcset=\"https:\/\/nieczekaj.blog\/wp-content\/uploads\/2013\/06\/Zupa-z-ciecierzycy.jpg 400w, https:\/\/nieczekaj.blog\/wp-content\/uploads\/2013\/06\/Zupa-z-ciecierzycy-300x199.jpg 300w\" sizes=\"auto, (max-width: 400px) 100vw, 400px\" \/><\/a><em>Pyszna zupa z ciecierzycy<br \/>\n<\/em><\/p>\n<h2 style=\"text-align: center;\">Atrakcje<\/h2>\n<p><strong> Pi\u0119kna<\/strong> <strong>pla\u017ca<\/strong> &#8211; czysta, nie bardzo zat\u0142oczona. K\u0105pi\u0105cych strzeg\u0105 nadgorliwi ratownicy nadu\u017cywaj\u0105cy gwizd\u00f3w (og\u00f3lnie nie pozwalaj\u0105 wchodzi\u0107 do wody&#8230;). Golizna pla\u017cowa w\u015br\u00f3d pa\u0144 nie jest rozpowszechniona.<strong> <\/strong><\/p>\n<p><strong>Podupadaj\u0105ce pere\u0142ki architektury<\/strong> &#8211; nie s\u0105 to muzea, raczej rozpadaj\u0105ce si\u0119 (mniej lub bardziej) budynki przywodz\u0105ce wspomnienia z czas\u00f3w \u015bwietno\u015bci hiszpa\u0144skiego protektoratu. Na szczeg\u00f3ln\u0105 uwag\u0119 zas\u0142uguj\u0105: siedziba admiralicji (budynek w kszta\u0142cie statku), ko\u015bci\u00f3\u0142 &#8211; obecnie siedziba s\u0105du (do zobaczenia je\u015bli trafi si\u0119 na uprzejmego pracownika) i budynek latarni morskiej.<\/p>\n<p style=\"text-align: center;\">\u00a0<a href=\"http:\/\/sebka.pl\/wp-content\/uploads\/2013\/06\/Pla\u017ca-w-Sidi-Ifni.jpg\"><img loading=\"lazy\" decoding=\"async\" class=\"size-full wp-image-712 aligncenter\" style=\"border: 1px solid black; margin-top: 1px; margin-bottom: 1px;\" title=\"Pla\u017ca w Sidi Ifni\" src=\"http:\/\/sebka.pl\/wp-content\/uploads\/2013\/06\/Pla\u017ca-w-Sidi-Ifni.jpg\" alt=\"\" width=\"400\" height=\"266\" srcset=\"https:\/\/nieczekaj.blog\/wp-content\/uploads\/2013\/06\/Pla\u017ca-w-Sidi-Ifni.jpg 400w, https:\/\/nieczekaj.blog\/wp-content\/uploads\/2013\/06\/Pla\u017ca-w-Sidi-Ifni-300x199.jpg 300w\" sizes=\"auto, (max-width: 400px) 100vw, 400px\" \/><\/a><em>Pla\u017ca w Sidi Ifni<\/em><\/p>\n<h3>Nasz przewodnik po kraju: <a title=\"Przewodnik po Maroku\" href=\"https:\/\/nieczekaj.blog\/index.php\/nasze-przewodniki\/maroko\/\">MAROKO<\/a>.<br \/>\nWpis na bie\u017c\u0105co z podr\u00f3\u017cy: <a title=\"Sidi Ifni - blog\" href=\"http:\/\/sebka.travellerspoint.com\/87\/\">Sidi Ifni<\/a>.<\/h3>\n<h3 style=\"text-align: center;\">Sidi Ifni na mapie<\/h3>\n<p><iframe loading=\"lazy\" src=\"https:\/\/maps.google.com\/maps\/ms?msa=0&amp;msid=202631043285604182245.0004de9191b20697427bf&amp;hl=pl&amp;ie=UTF8&amp;t=p&amp;ll=29.697597,-9.942627&amp;spn=1.9086,3.647461&amp;z=8&amp;output=embed\" frameborder=\"0\" marginwidth=\"0\" marginheight=\"0\" scrolling=\"no\" width=\"665\" height=\"400\"><\/iframe><br \/>\n<small>Poka\u017c <a style=\"color: #0000ff; text-align: left;\" href=\"https:\/\/maps.google.com\/maps\/ms?msa=0&amp;msid=202631043285604182245.0004de9191b20697427bf&amp;hl=pl&amp;ie=UTF8&amp;t=p&amp;ll=29.697597,-9.942627&amp;spn=1.9086,3.647461&amp;z=8&amp;source=embed\">Maroko &#8211; 2012<\/a> na wi\u0119kszej mapie<\/small><\/p>\n<h3>Uwagi i pytania kierujcie na maila: NieCzekaj.eu(malpa)gmail.com lub komentujcie stron\u0119. Mi\u0142o czyta\u0107, \u017ce komu\u015b nasze informacje si\u0119 przydaj\u0105 <img decoding=\"async\" src=\"http:\/\/sebka.cba.pl\/wp-includes\/images\/smilies\/icon_smile.gif\" alt=\":)\" \/><\/h3>\n<h3>Pozdrawiam,<br \/>\nKasia<\/h3>\n","protected":false},"excerpt":{"rendered":"<p>Sidi Ifni &#8211; jest to jedno z naszych ulubionych maroka\u0144skich miejsc! Na pierwszy rzut oka nie robi imponuj\u0105cego wra\u017cenia: czasy \u015bwietno\u015bci min\u0119\u0142y z odej\u015bciem hiszpa\u0144skiego protektoratu. Ale je\u015bli dacie temu [&hellip;]<\/p>\n","protected":false},"author":1,"featured_media":0,"parent":530,"menu_order":0,"comment_status":"open","ping_status":"open","template":"","meta":{"om_disable_all_campaigns":false,"_monsterinsights_skip_tracking":false,"_monsterinsights_sitenote_active":false,"_monsterinsights_sitenote_note":"","_monsterinsights_sitenote_category":0,"_s2mail":"yes","ngg_post_thumbnail":0,"footnotes":""},"class_list":["post-697","page","type-page","status-publish","hentry"],"_links":{"self":[{"href":"https:\/\/nieczekaj.blog\/index.php\/wp-json\/wp\/v2\/pages\/697","targetHints":{"allow":["GET"]}}],"collection":[{"href":"https:\/\/nieczekaj.blog\/index.php\/wp-json\/wp\/v2\/pages"}],"about":[{"href":"https:\/\/nieczekaj.blog\/index.php\/wp-json\/wp\/v2\/types\/page"}],"author":[{"embeddable":true,"href":"https:\/\/nieczekaj.blog\/index.php\/wp-json\/wp\/v2\/users\/1"}],"replies":[{"embeddable":true,"href":"https:\/\/nieczekaj.blog\/index.php\/wp-json\/wp\/v2\/comments?post=697"}],"version-history":[{"count":12,"href":"https:\/\/nieczekaj.blog\/index.php\/wp-json\/wp\/v2\/pages\/697\/revisions"}],"predecessor-version":[{"id":716,"href":"https:\/\/nieczekaj.blog\/index.php\/wp-json\/wp\/v2\/pages\/697\/revisions\/716"}],"up":[{"embeddable":true,"href":"https:\/\/nieczekaj.blog\/index.php\/wp-json\/wp\/v2\/pages\/530"}],"wp:attachment":[{"href":"https:\/\/nieczekaj.blog\/index.php\/wp-json\/wp\/v2\/media?parent=697"}],"curies":[{"name":"wp","href":"https:\/\/api.w.org\/{rel}","templated":true}]}}