{"id":748,"date":"2013-06-10T13:18:42","date_gmt":"2013-06-10T11:18:42","guid":{"rendered":"http:\/\/sebka.pl\/?page_id=748"},"modified":"2013-06-20T13:42:00","modified_gmt":"2013-06-20T11:42:00","slug":"taliouine","status":"publish","type":"page","link":"https:\/\/nieczekaj.blog\/index.php\/nasze-przewodniki\/afryka\/maroko\/taliouine\/","title":{"rendered":"Taliouine"},"content":{"rendered":"<h3>Taliouine czyli centrum uprawy szafranu nas bardzo rozczarowa\u0142o. Spodziewali\u015bmy si\u0119 sp\u00f3\u0142dzielni pracy (tzw. <em>cooperativ\u00f3w<\/em>), plantacji lub czego\u015b w tym stylu a tak naprawd\u0119 by\u0142o wielkie nic. Dlatego poni\u017cej przedstawimy raczej ma\u0142o entuzjastyczny opis tego miejsca.<\/h3>\n<address style=\"text-align: center;\"><a href=\"http:\/\/sebka.pl\/wp-content\/uploads\/2013\/06\/Taliouine.jpg\"><img loading=\"lazy\" decoding=\"async\" class=\"size-full wp-image-751 aligncenter\" style=\"border: 1px solid black; margin-top: 1px; margin-bottom: 1px;\" title=\"Taliouine\" src=\"http:\/\/sebka.pl\/wp-content\/uploads\/2013\/06\/Taliouine.jpg\" alt=\"\" width=\"400\" height=\"266\" srcset=\"https:\/\/nieczekaj.blog\/wp-content\/uploads\/2013\/06\/Taliouine.jpg 400w, https:\/\/nieczekaj.blog\/wp-content\/uploads\/2013\/06\/Taliouine-300x199.jpg 300w\" sizes=\"auto, (max-width: 400px) 100vw, 400px\" \/><\/a>Fragment ruin Kasby<\/address>\n<h2 style=\"text-align: center;\">Og\u00f3lnie<\/h2>\n<p><strong>Taliouine<\/strong> jest bardzo ma\u0142\u0105 miejscowo\u015bci\u0105 po\u0142o\u017con\u0105 na trasie Tarudant a Tazenakht, s\u0142yn\u0105c\u0105 g\u0142\u00f3wnie z wytw\u00f3rstwa szafranu &#8211; najdro\u017cszej przyprawy na \u015bwiecie. Miasteczko samo w sobie jest nie\u0142adne, ma\u0142o urokliwe i raczej nieciekawe.<\/p>\n<h2 style=\"text-align: center;\">Transport do i po mie\u015bcie<\/h2>\n<p><strong>Du\u017c\u0105 zalet\u0105 Taliouine jest bardzo dobre po\u0142o\u017cenie<\/strong> &#8211; stosunkowo \u0142atwo dosta\u0107 si\u0119 tu zar\u00f3wno z Tarudant jak i Tazenakht. My dojechali\u015bmy tu taks\u00f3wk\u0105 colective z Tarudant (<em>15z\u0142 \/1 os<\/em>). Taks\u00f3wki zatrzymuj\u0105 si\u0119 w centrum miejscowo\u015bci, przy g\u0142\u00f3wnej drodze.<\/p>\n<p><strong>Transport po samym miasteczku raczej pieszy (bo ma\u0142e).<\/strong> Natomiast wycieczki do domniemanych wytw\u00f3rni szafranu (domniemanych &#8211; bo widzieli\u015bmy je tylko przez okna samochodu wi\u0119c nie wiemy, czy mo\u017cna je zwiedza\u0107) raczej samochodem.<\/p>\n<h2 style=\"text-align: center;\">Gdzie spa\u0107 i zje\u015b\u0107?<\/h2>\n<p><strong>Opcje noclegowe w samym mie\u015bcie s\u0105 bardzo ograniczone:<\/strong> w\u0142a\u015bciwie s\u0105 tylko hoteliki o standardzie okropnym za to cenie niezwykle przyst\u0119pnej (<em>16z\u0142 \/ dw\u00f3jk\u0119 bez \u0142azienki<\/em>). Z cz\u0119\u015bci Kasby (czyli kilka kilometr\u00f3w od centrum) zrobiono hotel \/ kawiarni\u0119 o standardach wy\u017cszych i fajnym klimacie (<strong>Kasbah Taliouine<\/strong>). Przy drodze z Taliouine w stron\u0119 Tazenakht znajduje si\u0119 te\u017c kemping i hotel ale zn\u00f3w jest to kilka kilometr\u00f3w od centrum miejscowo\u015bci.<\/p>\n<p><strong>Jedzenia ulicznego brak!<\/strong> S\u0105 kawiarnie &#8211; dok\u0142adnie na przeciwko postoju taks\u00f3wek &#8211; z dobr\u0105 kaw\u0105 i herbat\u0105 i bu\u0142eczk\u0105! Mleczne szejki nam nie podpasowa\u0142y ale to ju\u017c kwestia gustu. Sklepy zaopatrzone nie\u017ale, warzywa \u015bwie\u017ce naby\u0107 mo\u017cna wi\u0119c selfcatering jest opcj\u0105 polecan\u0105!<\/p>\n<h2 style=\"text-align: center;\">Atrakcje<\/h2>\n<p><strong> Szafran<\/strong><strong><\/strong> &#8211; wizyt\u00f3wka Taliouine&#8230;podobno gdzie\u015b tam s\u0105 wytw\u00f3rnie, kt\u00f3re mo\u017cna zwiedza\u0107. Nie ma ich w mie\u015bcie, je\u015bli s\u0105 to \u0142adnych kilka\/kilkana\u015bcie kilometr\u00f3w dalej. Do \u017cadnej niestety nie dotarli\u015bmy. Natomiast w samym mie\u015bcie mo\u017cna zobaczy\u0107 co\u015b a&#8217;la muzeum szafranu czyli w kilku salach jest przedstawiony proces produkcji szafranu. Niez\u0142e ale liczyli\u015bmy na co\u015b wi\u0119cej.<strong> <\/strong><\/p>\n<p><strong>Kasbah<\/strong> &#8211; kilka kilometr\u00f3w od centrum miasteczka, na wzg\u00f3rzu znajduj\u0105 si\u0119 ruiny dawnego zamku. Nie ma tam za bardzo czego zwiedza\u0107 ale same ruiny wygl\u0105daj\u0105 bardzo malowniczo, w jedn\u0105 cz\u0119\u015b\u0107 zamku przerobiono na hotel i restauracj\u0119.<\/p>\n<h3>Nasz przewodnik po kraju: <a title=\"Przewodnik po Maroku\" href=\"https:\/\/nieczekaj.blog\/index.php\/nasze-przewodniki\/maroko\/\">MAROKO<\/a>.<br \/>\nWpis na bie\u017c\u0105co z podr\u00f3\u017cy: <a title=\"Taliouine - blog\" href=\"http:\/\/sebka.travellerspoint.com\/88\/\">Taliouine<\/a>.<\/h3>\n<h3>Taliouine na mapie<\/h3>\n<p><iframe loading=\"lazy\" src=\"https:\/\/maps.google.com\/maps\/ms?msa=0&amp;msid=202631043285604182245.0004de9191b20697427bf&amp;hl=pl&amp;ie=UTF8&amp;t=p&amp;ll=30.526779,-7.952728&amp;spn=0.473176,0.911865&amp;z=10&amp;output=embed\" frameborder=\"0\" marginwidth=\"0\" marginheight=\"0\" scrolling=\"no\" width=\"665\" height=\"400\"><\/iframe><br \/>\n<small>Poka\u017c <a style=\"color: #0000ff; text-align: left;\" href=\"https:\/\/maps.google.com\/maps\/ms?msa=0&amp;msid=202631043285604182245.0004de9191b20697427bf&amp;hl=pl&amp;ie=UTF8&amp;t=p&amp;ll=30.526779,-7.952728&amp;spn=0.473176,0.911865&amp;z=10&amp;source=embed\">Maroko &#8211; 2012<\/a> na wi\u0119kszej mapie<\/small><\/p>\n<h3>Uwagi i pytania kierujcie na maila: NieCzekaj.eu(malpa)gmail.com lub komentujcie stron\u0119. Mi\u0142o czyta\u0107, \u017ce komu\u015b nasze informacje si\u0119 przydaj\u0105 <img decoding=\"async\" src=\"http:\/\/sebka.cba.pl\/wp-includes\/images\/smilies\/icon_smile.gif\" alt=\":)\" \/><\/h3>\n<h3>Pozdrawiam,<br \/>\nKasia<\/h3>\n","protected":false},"excerpt":{"rendered":"<p>Taliouine czyli centrum uprawy szafranu nas bardzo rozczarowa\u0142o. Spodziewali\u015bmy si\u0119 sp\u00f3\u0142dzielni pracy (tzw. cooperativ\u00f3w), plantacji lub czego\u015b w tym stylu a tak naprawd\u0119 by\u0142o wielkie nic. Dlatego poni\u017cej przedstawimy raczej [&hellip;]<\/p>\n","protected":false},"author":1,"featured_media":0,"parent":530,"menu_order":0,"comment_status":"open","ping_status":"closed","template":"","meta":{"om_disable_all_campaigns":false,"_monsterinsights_skip_tracking":false,"_monsterinsights_sitenote_active":false,"_monsterinsights_sitenote_note":"","_monsterinsights_sitenote_category":0,"_s2mail":"yes","ngg_post_thumbnail":0,"footnotes":""},"class_list":["post-748","page","type-page","status-publish","hentry"],"_links":{"self":[{"href":"https:\/\/nieczekaj.blog\/index.php\/wp-json\/wp\/v2\/pages\/748","targetHints":{"allow":["GET"]}}],"collection":[{"href":"https:\/\/nieczekaj.blog\/index.php\/wp-json\/wp\/v2\/pages"}],"about":[{"href":"https:\/\/nieczekaj.blog\/index.php\/wp-json\/wp\/v2\/types\/page"}],"author":[{"embeddable":true,"href":"https:\/\/nieczekaj.blog\/index.php\/wp-json\/wp\/v2\/users\/1"}],"replies":[{"embeddable":true,"href":"https:\/\/nieczekaj.blog\/index.php\/wp-json\/wp\/v2\/comments?post=748"}],"version-history":[{"count":7,"href":"https:\/\/nieczekaj.blog\/index.php\/wp-json\/wp\/v2\/pages\/748\/revisions"}],"predecessor-version":[{"id":950,"href":"https:\/\/nieczekaj.blog\/index.php\/wp-json\/wp\/v2\/pages\/748\/revisions\/950"}],"up":[{"embeddable":true,"href":"https:\/\/nieczekaj.blog\/index.php\/wp-json\/wp\/v2\/pages\/530"}],"wp:attachment":[{"href":"https:\/\/nieczekaj.blog\/index.php\/wp-json\/wp\/v2\/media?parent=748"}],"curies":[{"name":"wp","href":"https:\/\/api.w.org\/{rel}","templated":true}]}}